{"id":7956,"date":"2025-06-12T01:43:58","date_gmt":"2025-06-12T01:43:58","guid":{"rendered":"https:\/\/sinoextrud.com\/product\/aluminum-profile-for-clean-room-circle-shape\/"},"modified":"2025-06-24T06:14:18","modified_gmt":"2025-06-24T06:14:18","slug":"aluminiumsprofil-til-renrums-cirkelform","status":"publish","type":"product","link":"https:\/\/sinoextrud.com\/da\/product\/aluminum-profile-for-clean-room-circle-shape\/","title":{"rendered":"Aluminiumsprofil til renrums-cirkelform"},"content":{"rendered":"<h2>Detaljer om produkter<\/h2>\n<table class=\"custom-table\">\n<tr>\n<td class=\"label\">Titel<\/td>\n<td>Aluminiumsprofil til renrums-cirkelform<\/td>\n<\/tr>\n<\/table>\n<h2>Vores produktionsbase<\/h2>\n<h3>Panorama over fabrikken<\/h3>\n<p><img decoding=\"async\" src=\"\/wp-content\/uploads\/factory-01.webp\"\/><\/p>\n<h3>V\u00e6rksted til fremstilling af aluminiumst\u00e6nger<\/h3>\n<p><img decoding=\"async\" src=\"\/wp-content\/uploads\/factory-02.webp\"\/><\/p>\n<p><img decoding=\"async\" src=\"\/wp-content\/uploads\/factory-03.webp\"\/><\/p>\n<h3>Lager til opbevaring af skimmelsvampe<\/h3>\n<p><img decoding=\"async\" src=\"\/wp-content\/uploads\/factory-04.webp\"\/><\/p>\n<h3>43 ekstruderingslinjer for aluminium (500-5500 ton)<\/h3>\n<p><img decoding=\"async\" src=\"\/wp-content\/uploads\/factory-05.webp\"\/><\/p>\n<p><img decoding=\"async\" src=\"\/wp-content\/uploads\/factory-06.webp\"\/><\/p>\n<p><img decoding=\"async\" src=\"\/wp-content\/uploads\/factory-07.webp\"\/><\/p>\n<h3>V\u00e6rksted for pulverlakering<\/h3>\n<p><img decoding=\"async\" src=\"\/wp-content\/uploads\/factory-09.webp\"\/><\/p>\n<h3>Anodiseringsv\u00e6rksted<\/h3>\n<p><img decoding=\"async\" src=\"\/wp-content\/uploads\/factory-10.webp\"\/><\/p>\n<h3>Workshop om dyb behandling<\/h3>\n<p><img decoding=\"async\" src=\"\/wp-content\/uploads\/factory-11.webp\"\/><\/p>\n<h3>V\u00e6rksted for CNC-pr\u00e6cisionsbearbejdning<\/h3>\n<p><img decoding=\"async\" src=\"\/wp-content\/uploads\/factory-11.5.webp\"\/><\/p>\n<h3>F\u00e6rdigvare- og eksportlager<\/h3>\n<p><img decoding=\"async\" src=\"\/wp-content\/uploads\/factory-12.webp\"\/><\/p>\n<p><img decoding=\"async\" src=\"\/wp-content\/uploads\/factory-13.webp\"\/><\/p>\n<p><img decoding=\"async\" src=\"\/wp-content\/uploads\/factory-14.webp\"\/><\/p>\n<h2>OFTE STILLEDE SP\u00d8RGSM\u00c5L<\/h2>\n<p><p><b>1. Hvad er form\u00e5let med aluminiumsprofiler til renrum? <\/b><\/p>\n<p> Aluminiumsprofiler til renrum giver strukturelle rammer med glatte, ikke-por\u00f8se overflader, der forhindrer kontaminering og underst\u00f8tter hygiejnestandarder.<br \/>\n<\/p><br \/>\n<br \/>\n<p><b>2. Hvorfor bruge en cirkelform til aluminiumsprofiler til renrum? <\/b><\/p>\n<p> Den cirkul\u00e6re form reducerer hj\u00f8rner og kanter, hvor st\u00f8v kan samle sig, hvilket forbedrer luftgennemstr\u00f8mningen og renheden i sterile milj\u00f8er.<br \/>\n<\/p><br \/>\n<br \/>\n<p><b>3. Er disse aluminiumsprofiler egnede til h\u00f8jkvalitets renrum? <\/b><\/p>\n<p> Ja, vores profiler er fremstillet til at opfylde renrumskrav, herunder klasse 100 til klasse 10000-milj\u00f8er.<br \/>\n<\/p><br \/>\n<br \/>\n<p><b>4. Kan aluminiumsprofiler til renrum tilpasses? <\/b><\/p>\n<p> Absolut, vi tilbyder tilpassede former, l\u00e6ngder og anodiserede overflader for at opfylde specifikke behov for renrumslayout og -design.<br \/>\n<\/p><br \/>\n<br \/>\n<p><b>5. Hvilket materiale bruges i aluminiumsprofiler til renrum? <\/b><\/p>\n<p> Vores renrumsprofiler er fremstillet af korrosionsbestandigt aluminium med h\u00f8j styrke, s\u00e5 de kan fungere i lang tid under sterile forhold.<br \/>\n<\/p><br \/>\n<br \/>\n<p><b>6. Hvordan hj\u00e6lper aluminiumsfinishen i rene rum? <\/b><\/p>\n<p> Den anodiserede eller pulverlakerede finish giver en glat, holdbar overflade, der er nem at reng\u00f8re og modstandsdygtig over for kemikalier og fugt.<br \/>\n<\/p><br \/>\n<br \/>\n<p><b>7. Hvilke renrumssystemer er kompatible med disse profiler? <\/b><\/p>\n<p> Disse profiler kan nemt integreres med loftsgitre i renrum, skillev\u00e6gge, vinduesrammer og modulsystemer.<br \/>\n<\/p><br \/><\/p>","protected":false},"featured_media":7955,"template":"","categories":[54],"class_list":["post-7956","product","type-product","status-publish","has-post-thumbnail","hentry","category-industrial-aluminum-profiles"],"meta_box":{"hilight_text_group":{"product_hilight_text":"<li>Designed specifically for clean room environments with smooth, easy-to-clean surfaces.<\/li>\r\r\n<li>Circle shape profile minimizes dust accumulation and particle retention.<\/li>\r\r\n<li>Made from high-grade aluminum for strength and corrosion resistance.<\/li>\r\r\n<li>Lightweight and easy to install in clean room construction.<\/li>\r\r\n<li>Customizable dimensions and finishes to suit project specifications.<\/li>\r\r\n<li>Supports clean room standards for hygiene and air quality control.<\/li>\r\r\n<li>Compatible with clean room wall panels, ceilings, and fixtures.<\/li>","product_chanpin_blog":"<ul>\r\r\n<li><a href=\"https:\/\/sinoextrud.com\/t-slot-v-slot-differences\/\" target=\"_blank\">t slot vs v slot<\/a><\/li>\r\r\n<li><a href=\"https:\/\/sinoextrud.com\/what-is-4040-aluminium-extrud\/\" target=\"_blank\">4040 aluminium extrusion<\/a><\/li>\r\r\n<li><a href=\"https:\/\/sinoextrud.com\/what-is-4040-aluminium-extrud\/\" target=\"_blank\">aluminum extrusions for industrial racks<\/a><\/li>\r\r\n<li><a href=\"https:\/\/sinoextrud.com\/powder-coating-aluminium-process\/\" target=\"_blank\">powder coating aluminium<\/a><\/li>\r\r\n<li><a href=\"https:\/\/sinoextrud.com\/what-is-an-aluminium-strip-ceiling\/\" target=\"_blank\">aluminium strip ceiling<\/a><\/li>\r\r\n<li><a href=\"https:\/\/sinoextrud.com\/what-is-a-heat-sink\/\" target=\"_blank\">what is a heat sink<\/a><\/li>\r\r\n<\/ul>","product_chanpin_chanpin":"<li><a href=\"https:\/\/sinoextrud.com\/product\/aluminum-extrusion-rail\/\" target=\"_blank\">Aluminum Extrusion Rail<\/a><\/li>\r\n<li><a href=\"https:\/\/sinoextrud.com\/product\/aluminum-glass-channel\/\" target=\"_blank\">Aluminum Glass Channel<\/a><\/li>\r\n<li><a href=\"https:\/\/sinoextrud.com\/product\/aluminum-heat-sink-extrusion-profiles\/\" target=\"_blank\">Aluminum Heat Sink Extrusion Profiles<\/a><\/li>\r\n<li><a href=\"https:\/\/sinoextrud.com\/product\/aluminum-industrial-profile-6082-alloy-with-precision-cnc-cutting-length-during-1-m-to-3-meter\/\" target=\"_blank\">aluminum industrial profile 6082 alloy with precision cnc cutting length during 1 m to 3 meter<\/a><\/li>\r\n<li><a href=\"https:\/\/sinoextrud.com\/product\/aluminum-profile-for-clean-room-circle-shape\/\" target=\"_blank\">Aluminum Profile For Clean Room Circle Shape<\/a><\/li>\r\n<li><a href=\"https:\/\/sinoextrud.com\/product\/aluminum-profile-for-solar-panel\/\" target=\"_blank\">Aluminum Profile For Solar Panel<\/a><\/li>\r\n<li><a href=\"https:\/\/sinoextrud.com\/product\/aluminum-profile-for-workstation-desk\/\" target=\"_blank\">Aluminum Profile For Workstation Desk<\/a><\/li>\r\n<li><a href=\"https:\/\/sinoextrud.com\/product\/aluminum-profile-led-light-strip-bar\/\" target=\"_blank\">Aluminum Profile LED Light Strip Bar<\/a><\/li>\r\n<li><a href=\"https:\/\/sinoextrud.com\/product\/aluminum-profile-solar-panel-structure\/\" target=\"_blank\">Aluminum Profile Solar Panel Structure<\/a><\/li>\r\n<li><a href=\"https:\/\/sinoextrud.com\/product\/l-aluminum-profile-for-glass-railing\/\" target=\"_blank\">L Aluminum Profile For Glass Railing<\/a><\/li>\r\n<li><a href=\"https:\/\/sinoextrud.com\/product\/new-design-kitchen-handle-aluminum-profile\/\" target=\"_blank\">New Design Kitchen Handle Aluminum Profile<\/a><\/li>"},"feature_list":[]},"_links":{"self":[{"href":"https:\/\/sinoextrud.com\/da\/wp-json\/wp\/v2\/product\/7956","targetHints":{"allow":["GET"]}}],"collection":[{"href":"https:\/\/sinoextrud.com\/da\/wp-json\/wp\/v2\/product"}],"about":[{"href":"https:\/\/sinoextrud.com\/da\/wp-json\/wp\/v2\/types\/product"}],"wp:featuredmedia":[{"embeddable":true,"href":"https:\/\/sinoextrud.com\/da\/wp-json\/wp\/v2\/media\/7955"}],"wp:attachment":[{"href":"https:\/\/sinoextrud.com\/da\/wp-json\/wp\/v2\/media?parent=7956"}],"wp:term":[{"taxonomy":"category","embeddable":true,"href":"https:\/\/sinoextrud.com\/da\/wp-json\/wp\/v2\/categories?post=7956"}],"curies":[{"name":"wp","href":"https:\/\/api.w.org\/{rel}","templated":true}]}}