{"id":7940,"date":"2025-06-11T07:31:32","date_gmt":"2025-06-11T07:31:32","guid":{"rendered":"https:\/\/sinoextrud.com\/product\/aluminum-extrusion-housing\/"},"modified":"2025-06-24T06:14:11","modified_gmt":"2025-06-24T06:14:11","slug":"hus-af-ekstruderet-aluminium","status":"publish","type":"product","link":"https:\/\/sinoextrud.com\/da\/product\/aluminum-extrusion-housing\/","title":{"rendered":"Hus af ekstruderet aluminium"},"content":{"rendered":"<h2>Detaljer om produkter<\/h2>\n<table class=\"custom-table\">\n<tr>\n<td class=\"label\">Produktnavn:<\/td>\n<td>Hus af ekstruderet aluminium<\/td>\n<\/tr>\n<tr>\n<td class=\"label\">Virksomhedstype:<\/td>\n<td>Producent<\/td>\n<\/tr>\n<tr>\n<td class=\"label\">Ekstruderingslinje:<\/td>\n<td>43 ekstruderingslinjer og en m\u00e5nedlig produktion p\u00e5 op til 15.000 tons<\/td>\n<\/tr>\n<tr>\n<td class=\"label\">Legering:<\/td>\n<td>6063\/6061<\/td>\n<\/tr>\n<tr>\n<td class=\"label\">Temperament:<\/td>\n<td>T5\/T6\/T4<\/td>\n<\/tr>\n<tr>\n<td class=\"label\">Standard:<\/td>\n<td>Kina GB standard med h\u00f8j pr\u00e6cision<\/td>\n<\/tr>\n<tr>\n<td class=\"label\">Tykkelse:<\/td>\n<td>Baseret p\u00e5 dine krav<\/td>\n<\/tr>\n<tr>\n<td class=\"label\">L\u00e6ngde:<\/td>\n<td>1m til 9m, eller tilpasset<\/td>\n<\/tr>\n<tr>\n<td class=\"label\">MOQ:<\/td>\n<td>Normalt 1 ton. Normalt 10~12 tons for 1*20GP og 20~23 tons for 1*40HQ<\/td>\n<\/tr>\n<tr>\n<td class=\"label\">Overfladefinish:<\/td>\n<td>Fr\u00e6sning, anodisering, pulverlakering, tr\u00e6korn, polering, b\u00f8rstning, elektroforese<\/td>\n<\/tr>\n<tr>\n<td class=\"label\">Farve kan vi g\u00f8re:<\/td>\n<td>S\u00f8lv, sort, hvid, bronze, champagne, gr\u00f8n, gr\u00e5, gylden gul, nikkel eller tilpasset.<\/td>\n<\/tr>\n<tr>\n<td class=\"label\">Pulverlakering:<\/td>\n<td>Tilpasset. Normal tykkelse: 80-120 um<\/td>\n<\/tr>\n<tr>\n<td class=\"label\">Elektroforese-kompleksfilm:<\/td>\n<td>Normal tykkelse: 16 um<\/td>\n<\/tr>\n<tr>\n<td class=\"label\">Tr\u00e6korn:<\/td>\n<td>Tilpasset. Normal tykkelse: 60-120 um<\/td>\n<\/tr>\n<tr>\n<td class=\"label\">Kemisk sammens\u00e6tning og ydeevne:<\/td>\n<td>Udf\u00f8relse og opfyldelse af China GB's h\u00f8je pr\u00e6cisionsniveau<\/td>\n<\/tr>\n<tr>\n<td class=\"label\">Bearbejdning:<\/td>\n<td>Sk\u00e6ring, stansning, boring, bukning, svejsning, fr\u00e6sning, CNC osv.<\/td>\n<\/tr>\n<tr>\n<td class=\"label\">Pakning:<\/td>\n<td>Beskyttelsesfilm til hvert stykke profil er ogs\u00e5 ok, hvis det er n\u00f8dvendigt.<\/td>\n<\/tr>\n<tr>\n<td class=\"label\">Leveringshavn:<\/td>\n<td>Guangzhong, Foshan, Shenzhen<\/td>\n<\/tr>\n<tr>\n<td class=\"label\">OEM:<\/td>\n<td>Tilg\u00e6ngelig<\/td>\n<\/tr>\n<\/table>\n<h2>Vores produktionsbase<\/h2>\n<h3>Panorama over fabrikken<\/h3>\n<p><img decoding=\"async\" src=\"\/wp-content\/uploads\/factory-01.webp\"\/><\/p>\n<h3>V\u00e6rksted til fremstilling af aluminiumst\u00e6nger<\/h3>\n<p><img decoding=\"async\" src=\"\/wp-content\/uploads\/factory-02.webp\"\/><\/p>\n<\/p>\n<p><img decoding=\"async\" src=\"\/wp-content\/uploads\/factory-03.webp\"\/><\/p>\n<h3>Lager til opbevaring af skimmelsvampe<\/h3>\n<p><img decoding=\"async\" src=\"\/wp-content\/uploads\/factory-04.webp\"\/><\/p>\n<h3>43 ekstruderingslinjer for aluminium (500-5500 ton)<\/h3>\n<p><img decoding=\"async\" src=\"\/wp-content\/uploads\/factory-05.webp\"\/><\/p>\n<p><img decoding=\"async\" src=\"\/wp-content\/uploads\/factory-06.webp\"\/><\/p>\n<p><img decoding=\"async\" src=\"\/wp-content\/uploads\/factory-07.webp\"\/><\/p>\n<h3>V\u00e6rksted for pulverlakering<\/h3>\n<p><img decoding=\"async\" src=\"\/wp-content\/uploads\/factory-09.webp\"\/><\/p>\n<h3>Anodiseringsv\u00e6rksted<\/h3>\n<p><img decoding=\"async\" src=\"\/wp-content\/uploads\/factory-10.webp\"\/><\/p>\n<h3>Workshop om dyb behandling<\/h3>\n<p><img decoding=\"async\" src=\"\/wp-content\/uploads\/factory-11.webp\"\/><\/p>\n<h3>V\u00e6rksted for CNC-pr\u00e6cisionsbearbejdning<\/h3>\n<p><img decoding=\"async\" src=\"\/wp-content\/uploads\/factory-11.5.webp\"\/><\/p>\n<h3>F\u00e6rdigvare- og eksportlager<\/h3>\n<p><img decoding=\"async\" src=\"\/wp-content\/uploads\/factory-12.webp\"\/><\/p>\n<p><img decoding=\"async\" src=\"\/wp-content\/uploads\/factory-13.webp\"\/><\/p>\n<p><img decoding=\"async\" src=\"\/wp-content\/uploads\/factory-14.webp\"\/><\/p>\n<h2>OFTE STILLEDE SP\u00d8RGSM\u00c5L<\/h2>\n<p><b>1. Hvad g\u00f8r aluminiumsekstruderede huse velegnede til elektroniske komponenter? <\/b><\/p>\n<p> Aluminiumsekstruderingshuset giver holdbar beskyttelse, korrosionsbestandighed og effektiv varmestyring, hvilket g\u00f8r det ideelt til indkapsling af elektroniske komponenter.\n<\/p>\n<p><\/p>\n<p><b>2. kan aluminiumsekstruderingshus tilpasses? <\/b><\/p>\n<p> Ja, aluminiumsekstruderingshuset kan tilpasses i st\u00f8rrelse, form og design, s\u00e5 det opfylder specifikke funktionelle og \u00e6stetiske krav.\n<\/p>\n<p><\/p>\n<p><b>3. Hvor holdbart er et hus af aluminiumsekstrudering? <\/b><\/p>\n<p> Aluminiumsekstruderingshuset er meget holdbart p\u00e5 grund af dets korrosionsbestandige egenskaber, hvilket sikrer langvarig beskyttelse af f\u00f8lsomme komponenter i barske milj\u00f8er.\n<\/p>\n<p><\/p>\n<p><b>4. Hvad er fordelene ved at bruge aluminiumsekstruderede huse til industrielle anvendelser? <\/b><\/p>\n<p> Aluminiumsekstruderingshuset giver robust beskyttelse, letv\u00e6gtsdesign og mulighed for tilpasning, hvilket g\u00f8r det ideelt til industrielle anvendelser, der kr\u00e6ver holdbarhed og varmeafledning.\n<\/p>\n<p><\/p>\n<p><b>5. Er aluminiumsekstruderingshuse nemme at vedligeholde? <\/b><\/p>\n<p> Ja, huset kr\u00e6ver kun lidt vedligeholdelse, da aluminium er modstandsdygtigt over for korrosion og slid, hvilket reducerer behovet for hyppige udskiftninger eller reparationer.\n<\/p>\n<p><\/p>\n<p><b>6. Er aluminiumsekstruderingshuse milj\u00f8venlige? <\/b><\/p>\n<p> Ja, aluminium er et genanvendeligt materiale, hvilket g\u00f8r ekstruderingshuset til en milj\u00f8venlig l\u00f8sning til forskellige anvendelser.\n<\/p>\n<p><\/p>\n<p><b>7. Hvordan forbedrer aluminiumsekstruderede huse komponenternes ydeevne? <\/b><\/p>\n<p> Huset sikrer korrekt varmeafledning, beskyttelse mod st\u00f8v og fugt og generel stabilitet, hvilket forbedrer ydeevnen og levetiden for de indkapslede komponenter.\n<\/p>\n<p><\/p>","protected":false},"featured_media":7939,"template":"","categories":[54],"class_list":["post-7940","product","type-product","status-publish","has-post-thumbnail","hentry","category-industrial-aluminum-profiles"],"meta_box":{"hilight_text_group":{"product_hilight_text":"<ul>\r\r\n  <li>Durable aluminum extrusion housing for various electronic and industrial applications<\/li>\r\r\n  <li>Provides excellent protection for sensitive components from environmental factors<\/li>\r\r\n  <li>Corrosion-resistant, ensuring longevity even in harsh environments<\/li>\r\r\n  <li>Customizable designs to meet specific requirements for size, shape, and functionality<\/li>\r\r\n  <li>Lightweight and strong, offering a perfect balance between protection and weight<\/li>\r\r\n  <li>Efficient thermal management, keeping electronic components cool and functional<\/li>\r\r\n  <li>Environmentally friendly, made from recyclable aluminum material<\/li>\r\r\n<\/ul>","product_chanpin_blog":"<ul>\r\r\n<li><a href=\"https:\/\/sinoextrud.com\/t-slot-v-slot-differences\/\" target=\"_blank\">t slot vs v slot<\/a><\/li>\r\r\n<li><a href=\"https:\/\/sinoextrud.com\/what-is-4040-aluminium-extrud\/\" target=\"_blank\">4040 aluminium extrusion<\/a><\/li>\r\r\n<li><a href=\"https:\/\/sinoextrud.com\/what-is-4040-aluminium-extrud\/\" target=\"_blank\">aluminum extrusions for industrial racks<\/a><\/li>\r\r\n<li><a href=\"https:\/\/sinoextrud.com\/powder-coating-aluminium-process\/\" target=\"_blank\">powder coating aluminium<\/a><\/li>\r\r\n<li><a href=\"https:\/\/sinoextrud.com\/what-is-an-aluminium-strip-ceiling\/\" target=\"_blank\">aluminium strip ceiling<\/a><\/li>\r\r\n<li><a href=\"https:\/\/sinoextrud.com\/what-is-a-heat-sink\/\" target=\"_blank\">what is a heat sink<\/a><\/li>\r\r\n<\/ul>","product_chanpin_chanpin":"<li><a href=\"https:\/\/sinoextrud.com\/product\/aluminum-electronic-enclosure-heatsink\/\" target=\"_blank\">Aluminum Electronic Enclosure heatsink<\/a><\/li>\r\n<li><a href=\"https:\/\/sinoextrud.com\/product\/aluminum-extruded-profile-for-5g-communication-instrument\/\" target=\"_blank\">Aluminum Extruded Profile For 5G Communication Instrument<\/a><\/li>\r\n<li><a href=\"https:\/\/sinoextrud.com\/product\/aluminum-extrusion-framing-components\/\" target=\"_blank\">Aluminum Extrusion Framing Components<\/a><\/li>\r\n<li><a href=\"https:\/\/sinoextrud.com\/product\/aluminum-extrusion-heat-profiles-sink\/\" target=\"_blank\">Aluminum Extrusion Heat Profiles Sink<\/a><\/li>\r\n<li><a href=\"https:\/\/sinoextrud.com\/product\/aluminum-extrusion-housing\/\" target=\"_blank\">Aluminum Extrusion Housing<\/a><\/li>\r\n<li><a href=\"https:\/\/sinoextrud.com\/product\/aluminum-extrusion-profiles-products\/\" target=\"_blank\">Aluminum Extrusion Profiles Products<\/a><\/li>\r\n<li><a href=\"https:\/\/sinoextrud.com\/product\/aluminum-extrusion-rail\/\" target=\"_blank\">Aluminum Extrusion Rail<\/a><\/li>\r\n<li><a href=\"https:\/\/sinoextrud.com\/product\/aluminum-glass-channel\/\" target=\"_blank\">Aluminum Glass Channel<\/a><\/li>\r\n<li><a href=\"https:\/\/sinoextrud.com\/product\/aluminum-heat-sink-extrusion-profiles\/\" target=\"_blank\">Aluminum Heat Sink Extrusion Profiles<\/a><\/li>\r\n<li><a href=\"https:\/\/sinoextrud.com\/product\/anodised-aluminium-extrusions\/\" target=\"_blank\">Anodised Aluminium Extrusions<\/a><\/li>\r\n<li><a href=\"https:\/\/sinoextrud.com\/product\/short-run-custom-aluminum-extrusions\/\" target=\"_blank\">Short Run Custom Aluminum Extrusions<\/a><\/li>"},"feature_list":[]},"_links":{"self":[{"href":"https:\/\/sinoextrud.com\/da\/wp-json\/wp\/v2\/product\/7940","targetHints":{"allow":["GET"]}}],"collection":[{"href":"https:\/\/sinoextrud.com\/da\/wp-json\/wp\/v2\/product"}],"about":[{"href":"https:\/\/sinoextrud.com\/da\/wp-json\/wp\/v2\/types\/product"}],"wp:featuredmedia":[{"embeddable":true,"href":"https:\/\/sinoextrud.com\/da\/wp-json\/wp\/v2\/media\/7939"}],"wp:attachment":[{"href":"https:\/\/sinoextrud.com\/da\/wp-json\/wp\/v2\/media?parent=7940"}],"wp:term":[{"taxonomy":"category","embeddable":true,"href":"https:\/\/sinoextrud.com\/da\/wp-json\/wp\/v2\/categories?post=7940"}],"curies":[{"name":"wp","href":"https:\/\/api.w.org\/{rel}","templated":true}]}}