{"id":7932,"date":"2025-06-11T07:22:13","date_gmt":"2025-06-11T07:22:13","guid":{"rendered":"https:\/\/sinoextrud.com\/product\/aluminum-electronic-enclosure-heatsink\/"},"modified":"2025-06-24T06:14:09","modified_gmt":"2025-06-24T06:14:09","slug":"kolelegeme-til-elektronisk-kabinet-i-aluminium","status":"publish","type":"product","link":"https:\/\/sinoextrud.com\/da\/product\/aluminum-electronic-enclosure-heatsink\/","title":{"rendered":"Elektronisk kabinet af aluminiums-k\u00f8leplade"},"content":{"rendered":"<h2>Detaljer om produkter<\/h2>\n<table class=\"custom-table\">\n<tr>\n<td class=\"label\">Iterm<\/td>\n<td>k\u00f8leplade i aluminium med stor diameter, ekstruderede aluminiumskabinetter til fremstilling af industrielle k\u00f8lepladekabinetter i aluminium<\/td>\n<\/tr>\n<tr>\n<td class=\"label\">Materiale<\/td>\n<td>Aluminiumslegering 6063,6061,6005,6463,6005A,6060,6101,6082,6351<\/td>\n<\/tr>\n<tr>\n<td class=\"label\">Temperament<\/td>\n<td>T3-T8,T4,T5, T6,T66,T52<\/td>\n<\/tr>\n<tr>\n<td class=\"label\">Overflade tilpasset<\/td>\n<td>Anodisering, elektroforese, pulverlakering, PVDF-bel\u00e6gning,<br \/>\nMaling af tr\u00e6korn, b\u00f8rstet<\/td>\n<\/tr>\n<tr>\n<td class=\"label\">Farve<\/td>\n<td>S\u00f8lv, hvid, bronze, guld, sort, champagne, tilpasset<\/td>\n<\/tr>\n<tr>\n<td class=\"label\">V\u00e6ggens tykkelse<\/td>\n<td>&gt;0,8 mm, 1,0, 1,2, 2,0, 4,0 osv.<\/td>\n<\/tr>\n<tr>\n<td class=\"label\">Form<\/td>\n<td>Firkantet, rund, flad, oval, uregelm\u00e6ssig osv.<\/td>\n<\/tr>\n<tr>\n<td class=\"label\">L\u00e6ngde<\/td>\n<td>Normal=5,8m, 5,9m, 6m, 3m-7m er tilpasset st\u00f8rrelse<\/td>\n<\/tr>\n<tr>\n<td class=\"label\">Produktion af OEM-service<\/td>\n<td>Kundernes tegninger\/pr\u00f8ver eller tilbudt designservice<\/td>\n<\/tr>\n<tr>\n<td class=\"label\">Garanti<\/td>\n<td>Overfladefarven kan v\u00e6re stabil i 10-20 \u00e5r ved indend\u00f8rs brug<\/td>\n<\/tr>\n<tr>\n<td class=\"label\">Fordele Funktioner<\/td>\n<td>1. luftt\u00e6t, vandt\u00e6t, varmeisolering, varmeisolering, anti-aging, modstandsdygtig over for st\u00f8d<br \/>\n2. milj\u00f8venlig<br \/>\n3. korrosionsbestandig, skinnende<br \/>\n4. moderne udseende<\/td>\n<\/tr>\n<tr>\n<td class=\"label\">Test af standard<\/td>\n<td>GB,JIS,AAMA,BS,EN,AS\/NZS,AA<\/td>\n<\/tr>\n<\/table>\n<h2>Vores produktionsbase<\/h2>\n<h3>Panorama over fabrikken<\/h3>\n<p><img decoding=\"async\" src=\"\/wp-content\/uploads\/factory-01.webp\"\/><\/p>\n<h3>V\u00e6rksted til fremstilling af aluminiumst\u00e6nger<\/h3>\n<p><img decoding=\"async\" src=\"\/wp-content\/uploads\/factory-02.webp\"\/><\/p>\n<p><img decoding=\"async\" src=\"\/wp-content\/uploads\/factory-03.webp\"\/><\/p>\n<h3>Lager til opbevaring af skimmelsvampe<\/h3>\n<p><img decoding=\"async\" src=\"\/wp-content\/uploads\/factory-04.webp\"\/><\/p>\n<h3>43 ekstruderingslinjer for aluminium (500-5500 ton)<\/h3>\n<p><img decoding=\"async\" src=\"\/wp-content\/uploads\/factory-05.webp\"\/><\/p>\n<p><img decoding=\"async\" src=\"\/wp-content\/uploads\/factory-06.webp\"\/><\/p>\n<p><img decoding=\"async\" src=\"\/wp-content\/uploads\/factory-07.webp\"\/><\/p>\n<h3>V\u00e6rksted for pulverlakering<\/h3>\n<p><img decoding=\"async\" src=\"\/wp-content\/uploads\/factory-09.webp\"\/><\/p>\n<h3>Anodiseringsv\u00e6rksted<\/h3>\n<p><img decoding=\"async\" src=\"\/wp-content\/uploads\/factory-10.webp\"\/><\/p>\n<h3>Workshop om dyb behandling<\/h3>\n<p><img decoding=\"async\" src=\"\/wp-content\/uploads\/factory-11.webp\"\/><\/p>\n<h3>V\u00e6rksted for CNC-pr\u00e6cisionsbearbejdning<\/h3>\n<p><img decoding=\"async\" src=\"\/wp-content\/uploads\/factory-11.5.webp\"\/><\/p>\n<h3>F\u00e6rdigvare- og eksportlager<\/h3>\n<p><img decoding=\"async\" src=\"\/wp-content\/uploads\/factory-12.webp\"\/><\/p>\n<p><img decoding=\"async\" src=\"\/wp-content\/uploads\/factory-13.webp\"\/><\/p>\n<p><img decoding=\"async\" src=\"\/wp-content\/uploads\/factory-14.webp\"\/><\/p>\n<h2>OFTE STILLEDE SP\u00d8RGSM\u00c5L<\/h2>\n<p><p><b>1. Hvad er de vigtigste fordele ved heatsink til elektroniske aluminiumskabinetter?<\/b><\/p>\n<p>Aluminiums-k\u00f8lepladen til elektroniske kabinetter giver effektiv varmeafledning, holdbarhed, korrosionsbestandighed og tilpasningsmuligheder til beskyttelse af f\u00f8lsomme elektroniske komponenter.<br \/>\n<\/p><br \/>\n<br \/>\n<p><b>2. Hvordan forbedrer aluminiumsmaterialet k\u00f8lelegemets ydeevne?<\/b><\/p>\n<p>Aluminiums lette, holdbare og korrosionsbestandige egenskaber g\u00f8r det til et ideelt materiale til at give langvarig og effektiv varmeafledning.<br \/>\n<\/p><br \/>\n<br \/>\n<p><b>3. Kan k\u00f8lelegemet til elektroniske aluminiumskabinetter tilpasses til specifikke anvendelser?<\/b><\/p>\n<p>Ja, designet kan skr\u00e6ddersys til at opfylde specifikke krav til st\u00f8rrelse, form og k\u00f8ling til forskellige elektroniske applikationer.<br \/>\n<\/p><br \/>\n<br \/>\n<p><b>4. Hvordan sikrer k\u00f8lelegemet optimal k\u00f8ling af de elektroniske komponenter?<\/b><\/p>\n<p>Dets effektive design maksimerer overfladearealet og luftstr\u00f8mmen og afleder effektivt varmen for at bevare de elektroniske komponenters stabilitet og ydeevne.<br \/>\n<\/p><br \/>\n<br \/>\n<p><b>5. Er det elektroniske aluminiumskabinet modstandsdygtigt over for korrosion?<\/b><\/p>\n<p>Ja, den korrosionsbestandige aluminiumsoverflade sikrer, at k\u00f8lelegemet bevarer sin ydeevne og sit udseende selv i barske milj\u00f8er.<br \/>\n<\/p><br \/>\n<br \/>\n<p><b>6. Hvor omkostningseffektiv er k\u00f8lepladen til elektroniske aluminiumskabinetter?<\/b><\/p>\n<p>Den tilbyder en omkostningseffektiv l\u00f8sning ved at kombinere varmestyring og holdbart materiale til en overkommelig pris, hvilket reducerer behovet for yderligere k\u00f8lesystemer.<br \/>\n<\/p><br \/>\n<br \/>\n<p><b>7. Hvilke industrier bruger heatsink til elektroniske aluminiumskabinetter?<\/b><\/p>\n<p>Det bruges ofte i elektronik, telekommunikation, str\u00f8mforsyninger og andre industrier, der kr\u00e6ver effektiv varmestyring af f\u00f8lsomme komponenter.<br \/>\n<\/p><br \/><\/p>","protected":false},"featured_media":7931,"template":"","categories":[54],"class_list":["post-7932","product","type-product","status-publish","has-post-thumbnail","hentry","category-industrial-aluminum-profiles"],"meta_box":{"hilight_text_group":{"product_hilight_text":"<li>Efficient heat dissipation design, ensuring optimal cooling for electronic components.<\/li>\r\r\n<li>Durable aluminum construction, providing both strength and lightweight handling.<\/li>\r\r\n<li>Corrosion-resistant surface, ensuring long-term reliability in various environmental conditions.<\/li>\r\r\n<li>Compact and customizable design, ideal for protecting sensitive electronic circuits and components.<\/li>\r\r\n<li>Cost-effective solution for electronic enclosures with integrated heat management capabilities.<\/li>","product_chanpin_blog":"<ul>\r\r\n<li><a href=\"https:\/\/sinoextrud.com\/t-slot-v-slot-differences\/\" target=\"_blank\">t slot vs v slot<\/a><\/li>\r\r\n<li><a href=\"https:\/\/sinoextrud.com\/what-is-4040-aluminium-extrud\/\" target=\"_blank\">4040 aluminium extrusion<\/a><\/li>\r\r\n<li><a href=\"https:\/\/sinoextrud.com\/what-is-4040-aluminium-extrud\/\" target=\"_blank\">aluminum extrusions for industrial racks<\/a><\/li>\r\r\n<li><a href=\"https:\/\/sinoextrud.com\/powder-coating-aluminium-process\/\" target=\"_blank\">powder coating aluminium<\/a><\/li>\r\r\n<li><a href=\"https:\/\/sinoextrud.com\/what-is-an-aluminium-strip-ceiling\/\" target=\"_blank\">aluminium strip ceiling<\/a><\/li>\r\r\n<li><a href=\"https:\/\/sinoextrud.com\/what-is-a-heat-sink\/\" target=\"_blank\">what is a heat sink<\/a><\/li>\r\r\n<\/ul>","product_chanpin_chanpin":"<li><a href=\"https:\/\/sinoextrud.com\/product\/aluminium-solar-frame-profile\/\" target=\"_blank\">Aluminium Solar Frame Profile<\/a><\/li>\r\n<li><a href=\"https:\/\/sinoextrud.com\/product\/aluminium-solar-profile\/\" target=\"_blank\">Aluminium Solar Profile<\/a><\/li>\r\n<li><a href=\"https:\/\/sinoextrud.com\/product\/aluminium-t-extrusion\/\" target=\"_blank\">Aluminium T Extrusion<\/a><\/li>\r\n<li><a href=\"https:\/\/sinoextrud.com\/product\/aluminium-t-track-extrusions\/\" target=\"_blank\">Aluminium T Track Extrusions<\/a><\/li>\r\n<li><a href=\"https:\/\/sinoextrud.com\/product\/aluminum-electronic-enclosure-heatsink\/\" target=\"_blank\">Aluminum Electronic Enclosure heatsink<\/a><\/li>\r\n<li><a href=\"https:\/\/sinoextrud.com\/product\/aluminum-extruded-profile-for-5g-communication-instrument\/\" target=\"_blank\">Aluminum Extruded Profile For 5G Communication Instrument<\/a><\/li>\r\n<li><a href=\"https:\/\/sinoextrud.com\/product\/aluminum-extrusion-framing-components\/\" target=\"_blank\">Aluminum Extrusion Framing Components<\/a><\/li>\r\n<li><a href=\"https:\/\/sinoextrud.com\/product\/aluminum-extrusion-heat-profiles-sink\/\" target=\"_blank\">Aluminum Extrusion Heat Profiles Sink<\/a><\/li>\r\n<li><a href=\"https:\/\/sinoextrud.com\/product\/aluminum-extrusion-housing\/\" target=\"_blank\">Aluminum Extrusion Housing<\/a><\/li>\r\n<li><a href=\"https:\/\/sinoextrud.com\/product\/anodizing-housings-large-aluminum-extrusions\/\" target=\"_blank\">Anodizing Housings Large Aluminum Extrusions<\/a><\/li>\r\n<li><a href=\"https:\/\/sinoextrud.com\/product\/cnc-aluminium\/\" target=\"_blank\">Cnc Aluminium<\/a><\/li>"},"feature_list":[]},"_links":{"self":[{"href":"https:\/\/sinoextrud.com\/da\/wp-json\/wp\/v2\/product\/7932","targetHints":{"allow":["GET"]}}],"collection":[{"href":"https:\/\/sinoextrud.com\/da\/wp-json\/wp\/v2\/product"}],"about":[{"href":"https:\/\/sinoextrud.com\/da\/wp-json\/wp\/v2\/types\/product"}],"wp:featuredmedia":[{"embeddable":true,"href":"https:\/\/sinoextrud.com\/da\/wp-json\/wp\/v2\/media\/7931"}],"wp:attachment":[{"href":"https:\/\/sinoextrud.com\/da\/wp-json\/wp\/v2\/media?parent=7932"}],"wp:term":[{"taxonomy":"category","embeddable":true,"href":"https:\/\/sinoextrud.com\/da\/wp-json\/wp\/v2\/categories?post=7932"}],"curies":[{"name":"wp","href":"https:\/\/api.w.org\/{rel}","templated":true}]}}