{"id":7926,"date":"2025-06-11T07:15:01","date_gmt":"2025-06-11T07:15:01","guid":{"rendered":"https:\/\/sinoextrud.com\/product\/aluminium-solar-profile\/"},"modified":"2025-06-24T06:14:07","modified_gmt":"2025-06-24T06:14:07","slug":"solcelleprofil-i-aluminium-2","status":"publish","type":"product","link":"https:\/\/sinoextrud.com\/da\/product\/aluminium-solar-profile\/","title":{"rendered":"Solcelleprofil i aluminium"},"content":{"rendered":"<h2>Detaljer om produkter<\/h2>\n<table class=\"custom-table\">\n<tr>\n<td class=\"label\">Produktets navn<\/td>\n<td>Solcelleprofil i aluminium<\/td>\n<\/tr>\n<tr>\n<td class=\"label\">Legering<\/td>\n<td>6063, 6061<\/td>\n<\/tr>\n<tr>\n<td class=\"label\">Overfladefinish<\/td>\n<td>Fr\u00e6sning, anodisering, pulverlakering, tr\u00e6korn, sandbl\u00e6sning, elektroforese osv.<\/td>\n<\/tr>\n<tr>\n<td class=\"label\">Farve<\/td>\n<td>S\u00f8lv, bronze, champagne, titanium, nikkel, guldgul, sort, gr\u00f8n osv.<\/td>\n<\/tr>\n<tr>\n<td class=\"label\">Bearbejdning<\/td>\n<td>Sk\u00e6ring, stansning, boring, bukning, svejsning, fr\u00e6sning osv.<\/td>\n<\/tr>\n<tr>\n<td class=\"label\">Klassificering<\/td>\n<td>Anodisering af profiler<br \/>\nElektroforese-profiler<br \/>\nPulverlakering af profiler<br \/>\nProfiler med tr\u00e6finish<br \/>\nPolerede profiler<br \/>\nPVDF-bel\u00e6gningsprofiler<\/td>\n<\/tr>\n<tr>\n<td class=\"label\">Form\/Dyse<\/td>\n<td>Tilg\u00e6ngelige forme til dit valg<br \/>\nOmkostninger til st\u00f8beform\/forme er til forhandling baseret p\u00e5 m\u00e6ngde<br \/>\nTilpassede forme efter kundens tegning<\/td>\n<\/tr>\n<tr>\n<td class=\"label\">Kvalitet<\/td>\n<td>ISO9001&amp;ISO14001<\/td>\n<\/tr>\n<\/table>\n<h2>Vores produktionsbase<\/h2>\n<h3>Panorama over fabrikken<\/h3>\n<p><img decoding=\"async\" src=\"\/wp-content\/uploads\/factory-01.webp\"\/><\/p>\n<h3>V\u00e6rksted til fremstilling af aluminiumst\u00e6nger<\/h3>\n<p><img decoding=\"async\" src=\"\/wp-content\/uploads\/factory-02.webp\"\/><\/p>\n<p><img decoding=\"async\" src=\"\/wp-content\/uploads\/factory-03.webp\"\/><\/p>\n<h3>Lager til opbevaring af skimmelsvampe<\/h3>\n<p><img decoding=\"async\" src=\"\/wp-content\/uploads\/factory-04.webp\"\/><\/p>\n<h3>43 ekstruderingslinjer for aluminium (500-5500 ton)<\/h3>\n<p><img decoding=\"async\" src=\"\/wp-content\/uploads\/factory-05.webp\"\/><\/p>\n<p><img decoding=\"async\" src=\"\/wp-content\/uploads\/factory-06.webp\"\/><\/p>\n<p><img decoding=\"async\" src=\"\/wp-content\/uploads\/factory-07.webp\"\/><\/p>\n<h3>V\u00e6rksted for pulverlakering<\/h3>\n<p><img decoding=\"async\" src=\"\/wp-content\/uploads\/factory-09.webp\"\/><\/p>\n<h3>Anodiseringsv\u00e6rksted<\/h3>\n<p><img decoding=\"async\" src=\"\/wp-content\/uploads\/factory-10.webp\"\/><\/p>\n<h3>Workshop om dyb behandling<\/h3>\n<p><img decoding=\"async\" src=\"\/wp-content\/uploads\/factory-11.webp\"\/><\/p>\n<h3>V\u00e6rksted for CNC-pr\u00e6cisionsbearbejdning<\/h3>\n<p><img decoding=\"async\" src=\"\/wp-content\/uploads\/factory-11.5.webp\"\/><\/p>\n<h3>F\u00e6rdigvare- og eksportlager<\/h3>\n<p><img decoding=\"async\" src=\"\/wp-content\/uploads\/factory-12.webp\"\/><\/p>\n<p><img decoding=\"async\" src=\"\/wp-content\/uploads\/factory-13.webp\"\/><\/p>\n<p><img decoding=\"async\" src=\"\/wp-content\/uploads\/factory-14.webp\"\/><\/p>\n<h2>OFTE STILLEDE SP\u00d8RGSM\u00c5L<\/h2>\n<p><p><b>1. Hvad g\u00f8r Aluminium Solar Profile ideel til montering af solpaneler? <\/b><\/p>\n<p> Solcelleprofiler i aluminium er designet til at give st\u00e6rk, korrosionsbestandig st\u00f8tte til solcellepaneler, hvilket sikrer p\u00e5lidelige og langtidsholdbare installationer.<br \/>\n<\/p><br \/>\n<br \/>\n<p><b>2. Kan solcelleprofiler i aluminium tilpasses? <\/b><\/p>\n<p> Ja, solcelleprofiler i aluminium kan tilpasses med hensyn til st\u00f8rrelse, form og finish, s\u00e5 de opfylder specifikke behov for solcelleinstallationer.<br \/>\n<\/p><br \/>\n<br \/>\n<p><b>3. Hvor holdbar er solcelleprofilen i aluminium? <\/b><\/p>\n<p> Aluminiumsmaterialet er korrosionsbestandigt og sikrer langvarig holdbarhed selv under barske udend\u00f8rs forhold, hvilket g\u00f8r det perfekt til solenergianvendelser.<br \/>\n<\/p><br \/>\n<br \/>\n<p><b>4. Hvilke industrier har gavn af at bruge aluminiumsolprofiler? <\/b><\/p>\n<p> Solcelleprofiler i aluminium bruges i vid udstr\u00e6kning i industrien for vedvarende energi, is\u00e6r til solcelleanl\u00e6g i b\u00e5de bolig- og erhvervssektoren.<br \/>\n<\/p><br \/>\n<br \/>\n<p><b>5. Er solcelleprofiler i aluminium nemme at installere? <\/b><\/p>\n<p> Ja, disse profiler er designet til nem installation, hvilket reducerer ops\u00e6tningstiden og arbejdsomkostningerne ved installation af solcellepaneler.<br \/>\n<\/p><br \/>\n<br \/>\n<p><b>6. Hvordan forbedrer Aluminium Solar Profile solpanelernes ydeevne? <\/b><\/p>\n<p> Profilen giver st\u00e6rk st\u00f8tte, samtidig med at den hj\u00e6lper med varmeafledning og sikrer, at solpaneler holder sig inden for optimale driftstemperaturer for maksimal effektivitet.<br \/>\n<\/p><br \/>\n<br \/>\n<p><b>7. Er solcelleprofiler af aluminium milj\u00f8venlige? <\/b><\/p>\n<p> Ja, aluminium er et fuldt genanvendeligt materiale, hvilket g\u00f8r solcelleprofilen til en milj\u00f8venlig mulighed for b\u00e6redygtige solcelleinstallationer.<br \/>\n<\/p><br \/><\/p>","protected":false},"featured_media":7925,"template":"","categories":[54],"class_list":["post-7926","product","type-product","status-publish","has-post-thumbnail","hentry","category-industrial-aluminum-profiles"],"meta_box":{"hilight_text_group":{"product_hilight_text":"<li>Durable and corrosion-resistant aluminium solar profile designed for solar panel mounting systems<\/li>\r\r\n<li>Lightweight yet strong, providing stable support without adding unnecessary weight to the system<\/li>\r\r\n<li>Customizable sizes and designs to fit various solar panel installation requirements<\/li>\r\r\n<li>Efficient thermal management, ensuring optimal performance of solar panels by preventing overheating<\/li>\r\r\n<li>Easy to install and adjust, reducing labor costs and installation time<\/li>\r\r\n<li>Weather-resistant, ideal for both indoor and outdoor solar energy applications<\/li>\r\r\n<li>Eco-friendly, as aluminium is fully recyclable, promoting sustainable energy solutions<\/li>","product_chanpin_blog":"<ul>\r\r\n<li><a href=\"https:\/\/sinoextrud.com\/t-slot-v-slot-differences\/\" target=\"_blank\">t slot vs v slot<\/a><\/li>\r\r\n<li><a href=\"https:\/\/sinoextrud.com\/what-is-4040-aluminium-extrud\/\" target=\"_blank\">4040 aluminium extrusion<\/a><\/li>\r\r\n<li><a href=\"https:\/\/sinoextrud.com\/what-is-4040-aluminium-extrud\/\" target=\"_blank\">aluminum extrusions for industrial racks<\/a><\/li>\r\r\n<li><a href=\"https:\/\/sinoextrud.com\/powder-coating-aluminium-process\/\" target=\"_blank\">powder coating aluminium<\/a><\/li>\r\r\n<li><a href=\"https:\/\/sinoextrud.com\/what-is-an-aluminium-strip-ceiling\/\" target=\"_blank\">aluminium strip ceiling<\/a><\/li>\r\r\n<li><a href=\"https:\/\/sinoextrud.com\/what-is-a-heat-sink\/\" target=\"_blank\">what is a heat sink<\/a><\/li>\r\r\n<\/ul>","product_chanpin_chanpin":"<li><a href=\"https:\/\/sinoextrud.com\/product\/aluminium-industrial-profile\/\" target=\"_blank\">Aluminium Industrial Profile<\/a><\/li>\r\n<li><a href=\"https:\/\/sinoextrud.com\/product\/aluminium-round-tube-aluminium-profile-with-series-3003-3001\/\" target=\"_blank\">Aluminium Round Tube Aluminium Profile With Series 3003 3001<\/a><\/li>\r\n<li><a href=\"https:\/\/sinoextrud.com\/product\/aluminium-slot-profile\/\" target=\"_blank\">Aluminium Slot Profile<\/a><\/li>\r\n<li><a href=\"https:\/\/sinoextrud.com\/product\/aluminium-solar-frame-profile\/\" target=\"_blank\">Aluminium Solar Frame Profile<\/a><\/li>\r\n<li><a href=\"https:\/\/sinoextrud.com\/product\/aluminium-solar-profile\/\" target=\"_blank\">Aluminium Solar Profile<\/a><\/li>\r\n<li><a href=\"https:\/\/sinoextrud.com\/product\/aluminium-t-extrusion\/\" target=\"_blank\">Aluminium T Extrusion<\/a><\/li>\r\n<li><a href=\"https:\/\/sinoextrud.com\/product\/aluminium-t-track-extrusions\/\" target=\"_blank\">Aluminium T Track Extrusions<\/a><\/li>\r\n<li><a href=\"https:\/\/sinoextrud.com\/product\/aluminum-electronic-enclosure-heatsink\/\" target=\"_blank\">Aluminum Electronic Enclosure heatsink<\/a><\/li>\r\n<li><a href=\"https:\/\/sinoextrud.com\/product\/aluminum-extruded-profile-for-5g-communication-instrument\/\" target=\"_blank\">Aluminum Extruded Profile For 5G Communication Instrument<\/a><\/li>\r\n<li><a href=\"https:\/\/sinoextrud.com\/product\/aluminium-aerofoil-extrusion-oxidation-scrub-black\/\" target=\"_blank\">Aluminium Aerofoil Extrusion Oxidation Scrub Black<\/a><\/li>\r\n<li><a href=\"https:\/\/sinoextrud.com\/product\/o-shaped-pipe-baffle-ceiling-system\/\" target=\"_blank\">O-shaped pipe Baffle Ceiling System<\/a><\/li>"},"feature_list":[]},"_links":{"self":[{"href":"https:\/\/sinoextrud.com\/da\/wp-json\/wp\/v2\/product\/7926","targetHints":{"allow":["GET"]}}],"collection":[{"href":"https:\/\/sinoextrud.com\/da\/wp-json\/wp\/v2\/product"}],"about":[{"href":"https:\/\/sinoextrud.com\/da\/wp-json\/wp\/v2\/types\/product"}],"wp:featuredmedia":[{"embeddable":true,"href":"https:\/\/sinoextrud.com\/da\/wp-json\/wp\/v2\/media\/7925"}],"wp:attachment":[{"href":"https:\/\/sinoextrud.com\/da\/wp-json\/wp\/v2\/media?parent=7926"}],"wp:term":[{"taxonomy":"category","embeddable":true,"href":"https:\/\/sinoextrud.com\/da\/wp-json\/wp\/v2\/categories?post=7926"}],"curies":[{"name":"wp","href":"https:\/\/api.w.org\/{rel}","templated":true}]}}