{"id":7924,"date":"2025-06-11T07:11:44","date_gmt":"2025-06-11T07:11:44","guid":{"rendered":"https:\/\/sinoextrud.com\/product\/aluminium-solar-frame-profile\/"},"modified":"2025-06-24T06:14:07","modified_gmt":"2025-06-24T06:14:07","slug":"solcelleprofil-i-aluminium","status":"publish","type":"product","link":"https:\/\/sinoextrud.com\/da\/product\/aluminium-solar-frame-profile\/","title":{"rendered":"Solcelleprofil i aluminium"},"content":{"rendered":"<h2>Detaljer om produkter<\/h2>\n<table class=\"custom-table\">\n<tr>\n<td class=\"label\">Produktnavn:<\/td>\n<td>Solcelleprofil i aluminium<\/td>\n<\/tr>\n<tr>\n<td class=\"label\">Virksomhedstype:<\/td>\n<td>Producent<\/td>\n<\/tr>\n<tr>\n<td class=\"label\">Ekstruderingslinje:<\/td>\n<td>7 ekstruderingslinjer og en m\u00e5nedlig produktion p\u00e5 op til 15.000 tons.<\/td>\n<\/tr>\n<tr>\n<td class=\"label\">Produktionslinje:<\/td>\n<td>1 anodiseret linje, 1 pulverlakeringslinje, 1 tr\u00e6kornlinje.<\/td>\n<\/tr>\n<tr>\n<td class=\"label\">Produktets kapacitet:<\/td>\n<td>Anodiserende elektroforese har en m\u00e5nedlig produktion p\u00e5 15.000 tons.<\/td>\n<\/tr>\n<tr>\n<td class=\"label\">Legering:<\/td>\n<td>6063\/6061\/6005\/6060\/7005. (Speciel legering kan laves efter dine krav).<\/td>\n<\/tr>\n<tr>\n<td class=\"label\">Temperament:<\/td>\n<td>T5\/T6\/T4<\/td>\n<\/tr>\n<tr>\n<td class=\"label\">Standard:<\/td>\n<td>Kina GB standard med h\u00f8j pr\u00e6cision.<\/td>\n<\/tr>\n<tr>\n<td class=\"label\">Tykkelse:<\/td>\n<td>Baseret p\u00e5 dine krav.<\/td>\n<\/tr>\n<tr>\n<td class=\"label\">L\u00e6ngde:<\/td>\n<td>5,8 m er velegnet til l\u00e6sning og levering. Og vi kan producere enhver l\u00e6ngde, du \u00f8nsker.<\/td>\n<\/tr>\n<tr>\n<td class=\"label\">MOQ:<\/td>\n<td>Normalt 2 tons. Normalt 10~12 tons for 1*20GP og 20~23 tons for 1*40HQ.<\/td>\n<\/tr>\n<tr>\n<td class=\"label\">Overfladefinish:<\/td>\n<td>Fr\u00e6sning, anodisering, pulverlakering, tr\u00e6korn, polering, b\u00f8rstning, elektroforese.<\/td>\n<\/tr>\n<tr>\n<td class=\"label\">Farve kan vi g\u00f8re:<\/td>\n<td>S\u00f8lv, sort, hvid, bronze, champagne, gr\u00f8n, gr\u00e5, guldgul, nikkel eller tilpasset.<\/td>\n<\/tr>\n<tr>\n<td class=\"label\">Filmtykkelse:<\/td>\n<td>Anodiseret:<br \/>\nTilpasset. Normal tykkelse: \u22658 um.<\/td>\n<\/tr>\n<tr>\n<td class=\"label\">Pulverlakering:<\/td>\n<td>Tilpasset. Normal tykkelse: 40-120 um.<\/td>\n<\/tr>\n<tr>\n<td class=\"label\">Elektroforese-kompleksfilm:<\/td>\n<td>Normal tykkelse: 16 um.<\/td>\n<\/tr>\n<tr>\n<td class=\"label\">Tr\u00e6korn:<\/td>\n<td>Tilpasset. Normal tykkelse: 60-120 um.<\/td>\n<\/tr>\n<tr>\n<td class=\"label\">Tr\u00e6korn Materiale:<\/td>\n<td>a). Importeret italiensk MENPHIS-transferprintpapir.<br \/>\nb). H\u00f8j kvalitet Kina overf\u00f8rsel udskrivning papir m\u00e6rke.<br \/>\nc). Forskellige priser.<\/td>\n<\/tr>\n<tr>\n<td class=\"label\">Kemisk sammens\u00e6tning og ydeevne:<\/td>\n<td>Udf\u00f8relse og opfyldelse af China GB's h\u00f8je pr\u00e6cisionsniveau.<\/td>\n<\/tr>\n<tr>\n<td class=\"label\">Bearbejdning:<\/td>\n<td>Sk\u00e6ring, stansning, boring, bukning, svejsning, fr\u00e6sning, CNC osv.<\/td>\n<\/tr>\n<tr>\n<td class=\"label\">Pakning:<\/td>\n<td>Plastfilm og kraftpapir. Beskyttelsesfilm til hvert stykke profil er ogs\u00e5 ok, hvis det er n\u00f8dvendigt.<\/td>\n<\/tr>\n<tr>\n<td class=\"label\">Leveringshavn:<\/td>\n<td>Guangzhou, Foshan, Shenzhen<\/td>\n<\/tr>\n<tr>\n<td class=\"label\">OEM:<\/td>\n<td>Tilg\u00e6ngelig.<\/td>\n<\/tr>\n<\/table>\n<h2>Vores produktionsbase<\/h2>\n<h3>Panorama over fabrikken<\/h3>\n<p><img decoding=\"async\" src=\"\/wp-content\/uploads\/factory-01.webp\"\/><\/p>\n<h3>V\u00e6rksted til fremstilling af aluminiumst\u00e6nger<\/h3>\n<p><img decoding=\"async\" src=\"\/wp-content\/uploads\/factory-02.webp\"\/><\/p>\n<\/p>\n<p><img decoding=\"async\" src=\"\/wp-content\/uploads\/factory-03.webp\"\/><\/p>\n<h3>Lager til opbevaring af skimmelsvampe<\/h3>\n<p><img decoding=\"async\" src=\"\/wp-content\/uploads\/factory-04.webp\"\/><\/p>\n<h3>43 ekstruderingslinjer for aluminium (500-5500 ton)<\/h3>\n<p><img decoding=\"async\" src=\"\/wp-content\/uploads\/factory-05.webp\"\/><\/p>\n<p><img decoding=\"async\" src=\"\/wp-content\/uploads\/factory-06.webp\"\/><\/p>\n<p><img decoding=\"async\" src=\"\/wp-content\/uploads\/factory-07.webp\"\/><\/p>\n<h3>V\u00e6rksted for pulverlakering<\/h3>\n<p><img decoding=\"async\" src=\"\/wp-content\/uploads\/factory-09.webp\"\/><\/p>\n<h3>Anodiseringsv\u00e6rksted<\/h3>\n<p><img decoding=\"async\" src=\"\/wp-content\/uploads\/factory-10.webp\"\/><\/p>\n<h3>Workshop om dyb behandling<\/h3>\n<p><img decoding=\"async\" src=\"\/wp-content\/uploads\/factory-11.webp\"\/><\/p>\n<h3>V\u00e6rksted for CNC-pr\u00e6cisionsbearbejdning<\/h3>\n<p><img decoding=\"async\" src=\"\/wp-content\/uploads\/factory-11.5.webp\"\/><\/p>\n<h3>F\u00e6rdigvare- og eksportlager<\/h3>\n<p><img decoding=\"async\" src=\"\/wp-content\/uploads\/factory-12.webp\"\/><\/p>\n<p><img decoding=\"async\" src=\"\/wp-content\/uploads\/factory-13.webp\"\/><\/p>\n<p><img decoding=\"async\" src=\"\/wp-content\/uploads\/factory-14.webp\"\/><\/p>\n<h2>OFTE STILLEDE SP\u00d8RGSM\u00c5L<\/h2>\n<p><b>1. Hvad g\u00f8r Aluminium Solar Frame Profile ideel til montering af solpaneler? <\/b><\/p>\n<p> Solcelleprofiler i aluminium giver st\u00e6rk, korrosionsbestandig st\u00f8tte, hvilket g\u00f8r dem perfekte til sikker montering af solcellepaneler og samtidig sikrer langvarig holdbarhed.\n<\/p>\n<p><\/p>\n<p><b>2. Kan solcelleprofiler i aluminium tilpasses? <\/b><\/p>\n<p> Ja, disse profiler kan tilpasses i st\u00f8rrelse, form og design, s\u00e5 de opfylder de specifikke krav til solpanelinstallationsprojekter.\n<\/p>\n<p><\/p>\n<p><b>3. Hvor holdbar er solcelleprofilen i aluminium? <\/b><\/p>\n<p> Solcelleprofiler i aluminium er meget holdbare takket v\u00e6re deres korrosionsbestandige egenskaber, hvilket sikrer p\u00e5lidelig ydeevne i b\u00e5de indend\u00f8rs og udend\u00f8rs solenergianvendelser.\n<\/p>\n<p><\/p>\n<p><b>4. Hvilke industrier har gavn af at bruge aluminiumsrammeprofiler? <\/b><\/p>\n<p> Industrier i sektoren for vedvarende energi, herunder installat\u00f8rer af solpaneler, producenter og energileverand\u00f8rer, nyder godt af disse profilers styrke og effektivitet.\n<\/p>\n<p><\/p>\n<p><b>5. Er Aluminium Solar Frame Profile let at installere? <\/b><\/p>\n<p> Ja, disse profiler er designet til nem installation, hvilket reducerer ops\u00e6tningstiden og arbejdsomkostningerne i forbindelse med montering af solpaneler.\n<\/p>\n<p><\/p>\n<p><b>6. Hvordan forbedrer Aluminium Solar Frame Profile solpanelernes effektivitet? <\/b><\/p>\n<p> Rammeprofilen giver sikker st\u00f8tte og muligg\u00f8r bedre varmeafledning, hvilket sikrer, at solpanelerne arbejder ved optimale temperaturer for maksimal energiproduktion.\n<\/p>\n<p><\/p>\n<p><b>7. Er Aluminium Solar Frame Profile milj\u00f8venlig? <\/b><\/p>\n<p> Ja, aluminium er fuldt ud genanvendeligt, hvilket g\u00f8r det til et milj\u00f8venligt valg til b\u00e6redygtige monteringsl\u00f8sninger til solpaneler.\n<\/p>\n<p><\/p>","protected":false},"featured_media":7923,"template":"","categories":[54],"class_list":["post-7924","product","type-product","status-publish","has-post-thumbnail","hentry","category-industrial-aluminum-profiles"],"meta_box":{"hilight_text_group":{"product_hilight_text":"<li>Durable aluminium solar frame profile designed for mounting and securing solar panels<\/li>\r\r\n<li>Corrosion-resistant, ensuring longevity and reliability in all weather conditions<\/li>\r\r\n<li>Lightweight yet strong, offering a stable and secure foundation for solar panel installations<\/li>\r\r\n<li>Customizable sizes and designs to fit various solar panel mounting systems and configurations<\/li>\r\r\n<li>Efficient heat dissipation, improving the overall performance and lifespan of solar panels<\/li>\r\r\n<li>Easy to install and adjust, reducing setup time and labor costs during installation<\/li>\r\r\n<li>Environmentally friendly, as aluminium is fully recyclable and contributes to sustainable energy solutions<\/li>","product_chanpin_blog":"<ul>\r\r\n<li><a href=\"https:\/\/sinoextrud.com\/t-slot-v-slot-differences\/\" target=\"_blank\">t slot vs v slot<\/a><\/li>\r\r\n<li><a href=\"https:\/\/sinoextrud.com\/what-is-4040-aluminium-extrud\/\" target=\"_blank\">4040 aluminium extrusion<\/a><\/li>\r\r\n<li><a href=\"https:\/\/sinoextrud.com\/what-is-4040-aluminium-extrud\/\" target=\"_blank\">aluminum extrusions for industrial racks<\/a><\/li>\r\r\n<li><a href=\"https:\/\/sinoextrud.com\/powder-coating-aluminium-process\/\" target=\"_blank\">powder coating aluminium<\/a><\/li>\r\r\n<li><a href=\"https:\/\/sinoextrud.com\/what-is-an-aluminium-strip-ceiling\/\" target=\"_blank\">aluminium strip ceiling<\/a><\/li>\r\r\n<li><a href=\"https:\/\/sinoextrud.com\/what-is-a-heat-sink\/\" target=\"_blank\">what is a heat sink<\/a><\/li>\r\r\n<\/ul>","product_chanpin_chanpin":"<li><a href=\"https:\/\/sinoextrud.com\/product\/aluminium-extrusion-profile-for-led-light-strip-heat-sink\/\" target=\"_blank\">Aluminium Extrusion Profile For LED Light Strip Heat Sink<\/a><\/li>\r\n<li><a href=\"https:\/\/sinoextrud.com\/product\/aluminium-industrial-profile\/\" target=\"_blank\">Aluminium Industrial Profile<\/a><\/li>\r\n<li><a href=\"https:\/\/sinoextrud.com\/product\/aluminium-round-tube-aluminium-profile-with-series-3003-3001\/\" target=\"_blank\">Aluminium Round Tube Aluminium Profile With Series 3003 3001<\/a><\/li>\r\n<li><a href=\"https:\/\/sinoextrud.com\/product\/aluminium-slot-profile\/\" target=\"_blank\">Aluminium Slot Profile<\/a><\/li>\r\n<li><a href=\"https:\/\/sinoextrud.com\/product\/aluminium-solar-frame-profile\/\" target=\"_blank\">Aluminium Solar Frame Profile<\/a><\/li>\r\n<li><a href=\"https:\/\/sinoextrud.com\/product\/aluminium-solar-profile\/\" target=\"_blank\">Aluminium Solar Profile<\/a><\/li>\r\n<li><a href=\"https:\/\/sinoextrud.com\/product\/aluminium-t-extrusion\/\" target=\"_blank\">Aluminium T Extrusion<\/a><\/li>\r\n<li><a href=\"https:\/\/sinoextrud.com\/product\/aluminium-t-track-extrusions\/\" target=\"_blank\">Aluminium T Track Extrusions<\/a><\/li>\r\n<li><a href=\"https:\/\/sinoextrud.com\/product\/aluminum-electronic-enclosure-heatsink\/\" target=\"_blank\">Aluminum Electronic Enclosure heatsink<\/a><\/li>\r\n<li><a href=\"https:\/\/sinoextrud.com\/product\/aluminum-profile-for-kitchen-cabinet-accesory-manufacture-price\/\" target=\"_blank\">Aluminum Profile For Kitchen Cabinet Accesory Manufacture Price<\/a><\/li>\r\n<li><a href=\"https:\/\/sinoextrud.com\/product\/y-section-aluminium-extrusion\/\" target=\"_blank\">Y Section Aluminium Extrusion<\/a><\/li>"},"feature_list":[]},"_links":{"self":[{"href":"https:\/\/sinoextrud.com\/da\/wp-json\/wp\/v2\/product\/7924","targetHints":{"allow":["GET"]}}],"collection":[{"href":"https:\/\/sinoextrud.com\/da\/wp-json\/wp\/v2\/product"}],"about":[{"href":"https:\/\/sinoextrud.com\/da\/wp-json\/wp\/v2\/types\/product"}],"wp:featuredmedia":[{"embeddable":true,"href":"https:\/\/sinoextrud.com\/da\/wp-json\/wp\/v2\/media\/7923"}],"wp:attachment":[{"href":"https:\/\/sinoextrud.com\/da\/wp-json\/wp\/v2\/media?parent=7924"}],"wp:term":[{"taxonomy":"category","embeddable":true,"href":"https:\/\/sinoextrud.com\/da\/wp-json\/wp\/v2\/categories?post=7924"}],"curies":[{"name":"wp","href":"https:\/\/api.w.org\/{rel}","templated":true}]}}