{"id":7910,"date":"2025-06-11T06:51:59","date_gmt":"2025-06-11T06:51:59","guid":{"rendered":"https:\/\/sinoextrud.com\/product\/aluminium-extrusion-fittings-for-led\/"},"modified":"2025-06-24T06:14:04","modified_gmt":"2025-06-24T06:14:04","slug":"fittings-af-aluminiumsekstrudering-til-led","status":"publish","type":"product","link":"https:\/\/sinoextrud.com\/da\/product\/aluminium-extrusion-fittings-for-led\/","title":{"rendered":"Ekstruderede aluminiumsfittings til Led"},"content":{"rendered":"<h2>Detaljer om produkter<\/h2>\n<table class=\"custom-table\">\n<tbody>\n<tr>\n<td> Produktets navn<\/td>\n<td> <strong>Ekstruderede aluminiumsfittings til Led<\/strong><\/td>\n<\/tr>\n<tr>\n<td> Materiale<\/td>\n<td> 6063-T5<\/td>\n<\/tr>\n<tr>\n<td> Produktsortiment<\/td>\n<td> aluminiumsekstrudering til LED-ekstruderingsprofiler i aluminium, LED-kanalsystemer i aluminium, aluminiumsekstruderingsprofiler til LED-strips, diffusorekstruderingsprofiler til LED-strips, LED-k\u00f8lelegemer i aluminium, LED-hj\u00f8rneekstruderingsprofiler, line\u00e6re ekstruderingsprofiler til LED osv.<\/td>\n<\/tr>\n<tr>\n<td> Form<\/td>\n<td> U-kanal eller tilpasning<\/td>\n<\/tr>\n<tr>\n<td> Anvendelse<\/td>\n<td> Led-strip<\/td>\n<\/tr>\n<tr>\n<td> Standard<\/td>\n<td> GB5237-2008<\/td>\n<\/tr>\n<tr>\n<td> Overfladebehandling<\/td>\n<td> fr\u00e6set f\u00e6rdig, anodiseret, tr\u00e6korn, power coating, sandbl\u00e6sning, elektroforese, b\u00f8rstet, polering osv.<\/td>\n<\/tr>\n<tr>\n<td> CNC-dybbearbejdning<\/td>\n<td> sk\u00e6ring, boring, bearbejdning, stansning, bukning, gevindsk\u00e6ring osv.<\/td>\n<\/tr>\n<tr>\n<td> Certificeringer<\/td>\n<td> CE, ISO, SGS, TUV, ROHS<\/td>\n<\/tr>\n<tr>\n<td> Pr\u00f8ver<\/td>\n<td> Gratis pr\u00f8ve. 1-3 dage leveret til dig.<\/td>\n<\/tr>\n<tr>\n<td> MOQ<\/td>\n<td> 200 kg for hver profil<\/td>\n<\/tr>\n<tr>\n<td> Leveringstid<\/td>\n<td> Formudvikling og pr\u00f8vekonformitet er 12-15 dage, derefter er produktionsvarigheden 15-25 dage efter modtagelse af depositum fra k\u00f8ber.<\/td>\n<\/tr>\n<tr>\n<td> Betalingsbetingelser<\/td>\n<td> 30% depositum f\u00f8r produktion og balance f\u00f8r forsendelse.<\/td>\n<\/tr>\n<tr>\n<td> Havn<\/td>\n<td> Shenzhen, Guangzhou, Foshan<\/td>\n<\/tr>\n<\/tbody>\n<\/table>\n<h2>Vores produktionsbase<\/h2>\n<h3>Panorama over fabrikken<\/h3>\n<p><img decoding=\"async\" src=\"\/wp-content\/uploads\/factory-01.webp\"\/><\/p>\n<h3>V\u00e6rksted til fremstilling af aluminiumst\u00e6nger<\/h3>\n<p><img decoding=\"async\" src=\"\/wp-content\/uploads\/factory-02.webp\"\/><\/p>\n<p><img decoding=\"async\" src=\"\/wp-content\/uploads\/factory-03.webp\"\/><\/p>\n<h3>Lager til opbevaring af skimmelsvampe<\/h3>\n<p><img decoding=\"async\" src=\"\/wp-content\/uploads\/factory-04.webp\"\/><\/p>\n<h3>43 ekstruderingslinjer for aluminium (500-5500 ton)<\/h3>\n<p><img decoding=\"async\" src=\"\/wp-content\/uploads\/factory-05.webp\"\/><\/p>\n<p><img decoding=\"async\" src=\"\/wp-content\/uploads\/factory-06.webp\"\/><\/p>\n<p><img decoding=\"async\" src=\"\/wp-content\/uploads\/factory-07.webp\"\/><\/p>\n<h3>V\u00e6rksted for pulverlakering<\/h3>\n<p><img decoding=\"async\" src=\"\/wp-content\/uploads\/factory-09.webp\"\/><\/p>\n<h3>Anodiseringsv\u00e6rksted<\/h3>\n<p><img decoding=\"async\" src=\"\/wp-content\/uploads\/factory-10.webp\"\/><\/p>\n<h3>Workshop om dyb behandling<\/h3>\n<p><img decoding=\"async\" src=\"\/wp-content\/uploads\/factory-11.webp\"\/><\/p>\n<h3>V\u00e6rksted for CNC-pr\u00e6cisionsbearbejdning<\/h3>\n<p><img decoding=\"async\" src=\"\/wp-content\/uploads\/factory-11.5.webp\"\/><\/p>\n<h3>F\u00e6rdigvare- og eksportlager<\/h3>\n<p><img decoding=\"async\" src=\"\/wp-content\/uploads\/factory-12.webp\"\/><\/p>\n<p><img decoding=\"async\" src=\"\/wp-content\/uploads\/factory-13.webp\"\/><\/p>\n<p><img decoding=\"async\" src=\"\/wp-content\/uploads\/factory-14.webp\"\/><\/p>\n<h2>OFTE STILLEDE SP\u00d8RGSM\u00c5L<\/h2>\n<p><p><b>1. Hvad bruges ekstruderede aluminiumsfittings til LED til?<\/b><\/p>\n<p>Ekstruderede aluminiumsfittings til LED bruges til at montere og fastg\u00f8re LED-strips og -armaturer, hvilket giver korrekt varmeafledning og forbedrer LED'ernes ydeevne og levetid.<br \/>\n<\/p><br \/>\n<br \/>\n<p><b>2. Hvorfor bruges aluminium til LED-ekstruderingsbeslag?<\/b><\/p>\n<p>Aluminium er et godt materiale til LED-fittings p\u00e5 grund af dets fremragende varmeledningsevne, holdbarhed og korrosionsbestandighed, som er med til at forl\u00e6nge LED'ernes levetid.<br \/>\n<\/p><br \/>\n<br \/>\n<p><b>3. kan aluminiumsekstruderingsfittings til LED tilpasses?<\/b><\/p>\n<p>Ja, disse armaturer kan tilpasses med hensyn til form, st\u00f8rrelse og konfiguration, s\u00e5 de passer til specifikke LED-ops\u00e6tninger og installationskrav.<br \/>\n<\/p><br \/>\n<br \/>\n<p><b>4. Hvordan gavner varmeafledning LED'ernes ydeevne?<\/b><\/p>\n<p>Aluminiums h\u00f8je varmeledningsevne hj\u00e6lper med at sprede den varme, der genereres af LED'er, hvilket forhindrer overophedning og sikrer optimal ydeevne og l\u00e6ngere levetid.<br \/>\n<\/p><br \/>\n<br \/>\n<p><b>5. Er aluminiumsekstruderingsbeslag til LED nemme at installere?<\/b><\/p>\n<p>Ja, disse fittings er designet til nem installation og kr\u00e6ver minimalt med v\u00e6rkt\u00f8j og indsats, hvilket reducerer installationstiden og l\u00f8nomkostningerne.<br \/>\n<\/p><br \/>\n<br \/>\n<p><b>6. Hvilke industrier drager fordel af aluminiumsekstruderingsbeslag til LED?<\/b><\/p>\n<p>Brancher som belysning, arkitektur, detailhandel og boligindretning nyder godt af disse armaturer til deres LED-belysningsl\u00f8sninger i b\u00e5de kommercielle og private projekter.<br \/>\n<\/p><br \/>\n<br \/>\n<p><b>7. Hvordan forbedrer aluminiumsekstruderingsbeslag til LED LED'ernes levetid?<\/b><\/p>\n<p>Ved at s\u00f8rge for korrekt varmestyring hj\u00e6lper disse armaturer med at forhindre overophedning, hvilket kan \u00f8ge LED'ernes levetid og effektivitet betydeligt.<br \/>\n<\/p><br \/><\/p>","protected":false},"featured_media":7909,"template":"","categories":[54],"class_list":["post-7910","product","type-product","status-publish","has-post-thumbnail","hentry","category-industrial-aluminum-profiles"],"meta_box":{"hilight_text_group":{"product_hilight_text":"<li>Designed specifically for LED applications, providing optimal heat dissipation and performance.<\/li>\r\r\n<li>High-quality aluminum extrusions ensure durability, long-lasting use, and corrosion resistance.<\/li>\r\r\n<li>Customizable fittings to match specific LED configurations and installation requirements.<\/li>\r\r\n<li>Easy to install and integrate into existing systems, saving time and reducing labor costs.<\/li>\r\r\n<li>Ideal for creating sleek, professional-looking LED setups in commercial and residential spaces.<\/li>","product_chanpin_blog":"<ul>\r\r\n<li><a href=\"https:\/\/sinoextrud.com\/t-slot-v-slot-differences\/\" target=\"_blank\">t slot vs v slot<\/a><\/li>\r\r\n<li><a href=\"https:\/\/sinoextrud.com\/what-is-4040-aluminium-extrud\/\" target=\"_blank\">4040 aluminium extrusion<\/a><\/li>\r\r\n<li><a href=\"https:\/\/sinoextrud.com\/what-is-4040-aluminium-extrud\/\" target=\"_blank\">aluminum extrusions for industrial racks<\/a><\/li>\r\r\n<li><a href=\"https:\/\/sinoextrud.com\/powder-coating-aluminium-process\/\" target=\"_blank\">powder coating aluminium<\/a><\/li>\r\r\n<li><a href=\"https:\/\/sinoextrud.com\/what-is-an-aluminium-strip-ceiling\/\" target=\"_blank\">aluminium strip ceiling<\/a><\/li>\r\r\n<li><a href=\"https:\/\/sinoextrud.com\/what-is-a-heat-sink\/\" target=\"_blank\">what is a heat sink<\/a><\/li>\r\r\n<\/ul>","product_chanpin_chanpin":"<li><a href=\"https:\/\/sinoextrud.com\/product\/80-x-40-aluminium-extrusion-workshop-pipeline\/\" target=\"_blank\">80 x 40 Aluminium Extrusion Workshop Pipeline<\/a><\/li>\r\n<li><a href=\"https:\/\/sinoextrud.com\/product\/aluminium-6061\/\" target=\"_blank\">Aluminium 6061<\/a><\/li>\r\n<li><a href=\"https:\/\/sinoextrud.com\/product\/aluminium-c-profile\/\" target=\"_blank\">Aluminium C Profile<\/a><\/li>\r\n<li><a href=\"https:\/\/sinoextrud.com\/product\/aluminium-extrusion-caravan-profiles\/\" target=\"_blank\">Aluminium Extrusion Caravan Profiles<\/a><\/li>\r\n<li><a href=\"https:\/\/sinoextrud.com\/product\/aluminium-extrusion-fittings-for-led\/\" target=\"_blank\">Aluminium Extrusion Fittings For Led<\/a><\/li>\r\n<li><a href=\"https:\/\/sinoextrud.com\/product\/aluminium-extrusion-for-solar-panel-mounting-frame\/\" target=\"_blank\">Aluminium extrusion for solar panel mounting frame<\/a><\/li>\r\n<li><a href=\"https:\/\/sinoextrud.com\/product\/aluminium-extrusion-profile-for-led-light-strip-heat-sink\/\" target=\"_blank\">Aluminium Extrusion Profile For LED Light Strip Heat Sink<\/a><\/li>\r\n<li><a href=\"https:\/\/sinoextrud.com\/product\/aluminium-industrial-profile\/\" target=\"_blank\">Aluminium Industrial Profile<\/a><\/li>\r\n<li><a href=\"https:\/\/sinoextrud.com\/product\/aluminium-round-tube-aluminium-profile-with-series-3003-3001\/\" target=\"_blank\">Aluminium Round Tube Aluminium Profile With Series 3003 3001<\/a><\/li>\r\n<li><a href=\"https:\/\/sinoextrud.com\/product\/custom-aluminum-fluorocarbon-wood-grain-fence\/\" target=\"_blank\">Custom Aluminum Fluorocarbon Wood Grain Fence<\/a><\/li>\r\n<li><a href=\"https:\/\/sinoextrud.com\/product\/bullet-shaped-baffle-ceiling-system\/\" target=\"_blank\">Bullet-shaped Baffle Ceiling System<\/a><\/li>"},"feature_list":[]},"_links":{"self":[{"href":"https:\/\/sinoextrud.com\/da\/wp-json\/wp\/v2\/product\/7910","targetHints":{"allow":["GET"]}}],"collection":[{"href":"https:\/\/sinoextrud.com\/da\/wp-json\/wp\/v2\/product"}],"about":[{"href":"https:\/\/sinoextrud.com\/da\/wp-json\/wp\/v2\/types\/product"}],"wp:featuredmedia":[{"embeddable":true,"href":"https:\/\/sinoextrud.com\/da\/wp-json\/wp\/v2\/media\/7909"}],"wp:attachment":[{"href":"https:\/\/sinoextrud.com\/da\/wp-json\/wp\/v2\/media?parent=7910"}],"wp:term":[{"taxonomy":"category","embeddable":true,"href":"https:\/\/sinoextrud.com\/da\/wp-json\/wp\/v2\/categories?post=7910"}],"curies":[{"name":"wp","href":"https:\/\/api.w.org\/{rel}","templated":true}]}}