{"id":7890,"date":"2025-06-11T06:22:47","date_gmt":"2025-06-11T06:22:47","guid":{"rendered":"https:\/\/sinoextrud.com\/product\/6063-anodized-road-case-aluminum-extrusions\/"},"modified":"2025-06-24T06:14:01","modified_gmt":"2025-06-24T06:14:01","slug":"6063-anodiserede-aluminiumsprofiler-til-vejkasser","status":"publish","type":"product","link":"https:\/\/sinoextrud.com\/da\/product\/6063-anodized-road-case-aluminum-extrusions\/","title":{"rendered":"6063 anodiserede aluminiumsekstruderinger til vejkasser"},"content":{"rendered":"<h2>Detaljer om produkter<\/h2>\n<table class=\"custom-table\">\n<tbody>\n<tr>\n<td> Karakter:<\/td>\n<td> 6063 -t5<\/td>\n<\/tr>\n<tr>\n<td> Teknik:<\/td>\n<td> 6063 anodiserede aluminiumsekstruderinger til vejkasser<\/td>\n<\/tr>\n<tr>\n<td> Temperament:<\/td>\n<td> T3 - T8<\/td>\n<\/tr>\n<tr>\n<td> Bearbejdningstjenester:<\/td>\n<td> Boring, gevindsk\u00e6ring, nitning, montering osv.<\/td>\n<\/tr>\n<tr>\n<td> Varem\u00e6rke:<\/td>\n<td> Sinoextrud Sinoextrud <\/td>\n<\/tr>\n<tr>\n<td> Type:<\/td>\n<td> 6063 anodiserede aluminiumsekstruderinger til vejkasser<\/td>\n<\/tr>\n<tr>\n<td> Form:<\/td>\n<td> Lavet som kundernes design<\/td>\n<\/tr>\n<tr>\n<td> Overfladebehandling:<\/td>\n<td> Mill Finish Anodiseret B\u00f8rstet<\/td>\n<\/tr>\n<tr>\n<td> L\u00e6ngde:<\/td>\n<td> 1 m til 9 m pr. l\u00e6ngde<\/td>\n<\/tr>\n<tr>\n<td> Farver:<\/td>\n<td> S\u00f8lv Sort<\/td>\n<\/tr>\n<tr>\n<td> HS-kode:<\/td>\n<td> 76042990<\/td>\n<\/tr>\n<\/tbody>\n<\/table>\n<h2>Vores produktionsbase<\/h2>\n<h3>Panorama over fabrikken<\/h3>\n<p><img decoding=\"async\" src=\"\/wp-content\/uploads\/factory-01.webp\"\/><\/p>\n<h3>V\u00e6rksted til fremstilling af aluminiumst\u00e6nger<\/h3>\n<p><img decoding=\"async\" src=\"\/wp-content\/uploads\/factory-02.webp\"\/><\/p>\n<p><img decoding=\"async\" src=\"\/wp-content\/uploads\/factory-03.webp\"\/><\/p>\n<h3>Lager til opbevaring af skimmelsvampe<\/h3>\n<p><img decoding=\"async\" src=\"\/wp-content\/uploads\/factory-04.webp\"\/><\/p>\n<h3>43 ekstruderingslinjer for aluminium (500-5500 ton)<\/h3>\n<p><img decoding=\"async\" src=\"\/wp-content\/uploads\/factory-05.webp\"\/><\/p>\n<p><img decoding=\"async\" src=\"\/wp-content\/uploads\/factory-06.webp\"\/><\/p>\n<p><img decoding=\"async\" src=\"\/wp-content\/uploads\/factory-07.webp\"\/><\/p>\n<h3>V\u00e6rksted for pulverlakering<\/h3>\n<p><img decoding=\"async\" src=\"\/wp-content\/uploads\/factory-09.webp\"\/><\/p>\n<h3>Anodiseringsv\u00e6rksted<\/h3>\n<p><img decoding=\"async\" src=\"\/wp-content\/uploads\/factory-10.webp\"\/><\/p>\n<h3>Workshop om dyb behandling<\/h3>\n<p><img decoding=\"async\" src=\"\/wp-content\/uploads\/factory-11.webp\"\/><\/p>\n<h3>V\u00e6rksted for CNC-pr\u00e6cisionsbearbejdning<\/h3>\n<p><img decoding=\"async\" src=\"\/wp-content\/uploads\/factory-11.5.webp\"\/><\/p>\n<h3>F\u00e6rdigvare- og eksportlager<\/h3>\n<p><img decoding=\"async\" src=\"\/wp-content\/uploads\/factory-12.webp\"\/><\/p>\n<p><img decoding=\"async\" src=\"\/wp-content\/uploads\/factory-13.webp\"\/><\/p>\n<p><img decoding=\"async\" src=\"\/wp-content\/uploads\/factory-14.webp\"\/><\/p>\n<h2>OFTE STILLEDE SP\u00d8RGSM\u00c5L<\/h2>\n<p><p><b>1. Hvad bruges 6063 anodiserede aluminiumsekstruderinger til Road Case til?<\/b><\/p>\n<p>6063 anodiserede aluminiumsekstruderinger til vejkufferter bruges ofte til at bygge holdbare, lette og korrosionsbestandige vejkufferter til transport af f\u00f8lsomt udstyr.<br \/>\n<\/p><br \/>\n<br \/>\n<p><b>2. Hvorfor er anodisering vigtig for aluminiumsprofiler til vejkasser?<\/b><\/p>\n<p>Anodisering \u00f8ger aluminiumets korrosionsbestandighed og forbedrer dets \u00e6stetiske udseende, hvilket g\u00f8r det ideelt til vejkasser, der uds\u00e6ttes for barske milj\u00f8er.<br \/>\n<\/p><br \/>\n<br \/>\n<p><b>3. Hvad er fordelene ved at bruge 6063-aluminium til ekstrudering af vejkasser?<\/b><\/p>\n<p>6063-aluminium har et godt forhold mellem styrke og v\u00e6gt, hvilket g\u00f8r det let, men st\u00e6rkt nok til at beskytte f\u00f8lsomt udstyr under transport og h\u00e5ndtering.<br \/>\n<\/p><br \/>\n<br \/>\n<p><b>4. kan 6063 anodiserede aluminiumsekstruderinger til vejkasser tilpasses?<\/b><\/p>\n<p>Ja, disse profiler kan i h\u00f8j grad tilpasses, s\u00e5 de opfylder specifikke krav til st\u00f8rrelse, form og styrke til forskellige design af vejkasser.<br \/>\n<\/p><br \/>\n<br \/>\n<p><b>5. Hvordan forbedrer den anodiserede finish profilernes ydeevne?<\/b><\/p>\n<p>Den anodiserede finish giver et ekstra lag beskyttelse mod korrosion, ridser og slitage, hvilket er afg\u00f8rende for vejkasser, der uds\u00e6ttes for hyppig h\u00e5ndtering og barske forhold.<br \/>\n<\/p><br \/>\n<br \/>\n<p><b>6. Er 6063 anodiserede Road Case-aluminiumekstruderinger egnede til kraftig brug?<\/b><\/p>\n<p>Ja, de er designet til at modst\u00e5 strabadserne ved transport og kraftig brug, samtidig med at de bevarer deres strukturelle integritet og udseende.<br \/>\n<\/p><br \/>\n<br \/>\n<p><b>7. Hvilke industrier drager fordel af 6063 anodiserede aluminiumsekstruderinger til vejkasser?<\/b><\/p>\n<p>Brancher som underholdning, audiovisuelle medier, milit\u00e6ret og radio og tv er afh\u00e6ngige af 6063 anodiserede aluminiumsekstruderinger til sikker og p\u00e5lidelig transport og opbevaring af f\u00f8lsomt udstyr.<br \/>\n<\/p><br \/><\/p>","protected":false},"featured_media":7889,"template":"","categories":[54],"class_list":["post-7890","product","type-product","status-publish","has-post-thumbnail","hentry","category-industrial-aluminum-profiles"],"meta_box":{"hilight_text_group":{"product_hilight_text":"<li>6063 aluminum provides excellent strength-to-weight ratio, perfect for road case applications.<\/li>\r\r\n<li>Anodized finish offers enhanced corrosion resistance, ensuring long-lasting durability.<\/li>\r\r\n<li>Customizable extrusion profiles to meet specific design and structural requirements.<\/li>\r\r\n<li>Lightweight and robust construction, ideal for transport and handling of sensitive equipment.<\/li>\r\r\n<li>Precision engineering for high-quality, reliable performance in demanding environments.<\/li>","product_chanpin_blog":"<ul>\r\r\n<li><a href=\"https:\/\/sinoextrud.com\/t-slot-v-slot-differences\/\" target=\"_blank\">t slot vs v slot<\/a><\/li>\r\r\n<li><a href=\"https:\/\/sinoextrud.com\/what-is-4040-aluminium-extrud\/\" target=\"_blank\">4040 aluminium extrusion<\/a><\/li>\r\r\n<li><a href=\"https:\/\/sinoextrud.com\/what-is-4040-aluminium-extrud\/\" target=\"_blank\">aluminum extrusions for industrial racks<\/a><\/li>\r\r\n<li><a href=\"https:\/\/sinoextrud.com\/powder-coating-aluminium-process\/\" target=\"_blank\">powder coating aluminium<\/a><\/li>\r\r\n<li><a href=\"https:\/\/sinoextrud.com\/what-is-an-aluminium-strip-ceiling\/\" target=\"_blank\">aluminium strip ceiling<\/a><\/li>\r\r\n<li><a href=\"https:\/\/sinoextrud.com\/what-is-a-heat-sink\/\" target=\"_blank\">what is a heat sink<\/a><\/li>\r\r\n<\/ul>","product_chanpin_chanpin":"<li><a href=\"https:\/\/sinoextrud.com\/product\/aluminium-shelf-extrusion\/\" target=\"_blank\">Aluminium Shelf Extrusion<\/a><\/li>\r\n<li><a href=\"https:\/\/sinoextrud.com\/product\/metal-extrusion-products\/\" target=\"_blank\">Metal Extrusion Products<\/a><\/li>\r\n<li><a href=\"https:\/\/sinoextrud.com\/product\/t-slot-aluminum-extursion\/\" target=\"_blank\">T-slot Aluminum Extursion<\/a><\/li>\r\n<li><a href=\"https:\/\/sinoextrud.com\/product\/2020-aluminum-extrusion-t-slot-aluminum-extrusion\/\" target=\"_blank\">2020 Aluminum Extrusion T Slot Aluminum Extrusion<\/a><\/li>\r\n<li><a href=\"https:\/\/sinoextrud.com\/product\/6063-anodized-road-case-aluminum-extrusions\/\" target=\"_blank\">6063 Anodized Road Case Aluminum Extrusions<\/a><\/li>\r\n<li><a href=\"https:\/\/sinoextrud.com\/product\/6063-t5-aluminum-profile-tslot-for-production-line\/\" target=\"_blank\">6063 t5 aluminum profile Tslot for production line<\/a><\/li>\r\n<li><a href=\"https:\/\/sinoextrud.com\/product\/6083-aluminum-profile-aluminum-plate-profile-customization-marine-corrosion-resistant-aluminum-alloy-plate\/\" target=\"_blank\">6083 Aluminum Profile Aluminum Plate Profile Customization Marine Corrosion-resistant Aluminum Alloy Plate<\/a><\/li>\r\n<li><a href=\"https:\/\/sinoextrud.com\/product\/60x60-aluminium-t-slot-frame-profile-extrusion-open-mold-industrial-track-coated-white-matte-v-slot\/\" target=\"_blank\">60\u00c3\u201460 aluminium t-slot frame profile extrusion open mold industrial track coated white matte v slot<\/a><\/li>\r\n<li><a href=\"https:\/\/sinoextrud.com\/product\/7-series-and-1-series-aluminum-beam-profile\/\" target=\"_blank\">7 Series And 1 Series Aluminum Beam Profile<\/a><\/li>\r\n<li><a href=\"https:\/\/sinoextrud.com\/product\/6063-cnc-machining-aluminum-extrusion-hinge\/\" target=\"_blank\">6063 CNC Machining Aluminum Extrusion Hinge<\/a><\/li>\r\n<li><a href=\"https:\/\/sinoextrud.com\/product\/l-shape-aluminum-angle-profile\/\" target=\"_blank\">L Shape Aluminum Angle Profile<\/a><\/li>"},"feature_list":[]},"_links":{"self":[{"href":"https:\/\/sinoextrud.com\/da\/wp-json\/wp\/v2\/product\/7890","targetHints":{"allow":["GET"]}}],"collection":[{"href":"https:\/\/sinoextrud.com\/da\/wp-json\/wp\/v2\/product"}],"about":[{"href":"https:\/\/sinoextrud.com\/da\/wp-json\/wp\/v2\/types\/product"}],"wp:featuredmedia":[{"embeddable":true,"href":"https:\/\/sinoextrud.com\/da\/wp-json\/wp\/v2\/media\/7889"}],"wp:attachment":[{"href":"https:\/\/sinoextrud.com\/da\/wp-json\/wp\/v2\/media?parent=7890"}],"wp:term":[{"taxonomy":"category","embeddable":true,"href":"https:\/\/sinoextrud.com\/da\/wp-json\/wp\/v2\/categories?post=7890"}],"curies":[{"name":"wp","href":"https:\/\/api.w.org\/{rel}","templated":true}]}}