{"id":7876,"date":"2025-06-11T03:17:43","date_gmt":"2025-06-11T03:17:43","guid":{"rendered":"https:\/\/sinoextrud.com\/product\/aluminium-exrtrusion-slot\/"},"modified":"2025-06-24T06:13:54","modified_gmt":"2025-06-24T06:13:54","slug":"aluminium-ekstrusion-slot","status":"publish","type":"product","link":"https:\/\/sinoextrud.com\/da\/product\/aluminium-exrtrusion-slot\/","title":{"rendered":"Spalte til ekstrudering af aluminium"},"content":{"rendered":"<h2>Detaljer om produkter<\/h2>\n<table class=\"custom-table\">\n<tr>\n<td class=\"label\">Titel<\/td>\n<td>Spalte til ekstrudering af aluminium<\/td>\n<\/tr>\n<\/table>\n<h2>Vores produktionsbase<\/h2>\n<h3>Panorama over fabrikken<\/h3>\n<p><img decoding=\"async\" src=\"\/wp-content\/uploads\/factory-01.webp\"\/><\/p>\n<h3>V\u00e6rksted til fremstilling af aluminiumst\u00e6nger<\/h3>\n<p><img decoding=\"async\" src=\"\/wp-content\/uploads\/factory-02.webp\"\/><\/p>\n<p><img decoding=\"async\" src=\"\/wp-content\/uploads\/factory-03.webp\"\/><\/p>\n<h3>Lager til opbevaring af skimmelsvampe<\/h3>\n<p><img decoding=\"async\" src=\"\/wp-content\/uploads\/factory-04.webp\"\/><\/p>\n<h3>43 ekstruderingslinjer for aluminium (500-5500 ton)<\/h3>\n<p><img decoding=\"async\" src=\"\/wp-content\/uploads\/factory-05.webp\"\/><\/p>\n<p><img decoding=\"async\" src=\"\/wp-content\/uploads\/factory-06.webp\"\/><\/p>\n<p><img decoding=\"async\" src=\"\/wp-content\/uploads\/factory-07.webp\"\/><\/p>\n<h3>V\u00e6rksted for pulverlakering<\/h3>\n<p><img decoding=\"async\" src=\"\/wp-content\/uploads\/factory-09.webp\"\/><\/p>\n<h3>Anodiseringsv\u00e6rksted<\/h3>\n<p><img decoding=\"async\" src=\"\/wp-content\/uploads\/factory-10.webp\"\/><\/p>\n<h3>Workshop om dyb behandling<\/h3>\n<p><img decoding=\"async\" src=\"\/wp-content\/uploads\/factory-11.webp\"\/><\/p>\n<h3>V\u00e6rksted for CNC-pr\u00e6cisionsbearbejdning<\/h3>\n<p><img decoding=\"async\" src=\"\/wp-content\/uploads\/factory-11.5.webp\"\/><\/p>\n<h3>F\u00e6rdigvare- og eksportlager<\/h3>\n<p><img decoding=\"async\" src=\"\/wp-content\/uploads\/factory-12.webp\"\/><\/p>\n<p><img decoding=\"async\" src=\"\/wp-content\/uploads\/factory-13.webp\"\/><\/p>\n<p><img decoding=\"async\" src=\"\/wp-content\/uploads\/factory-14.webp\"\/><\/p>\n<h2>OFTE STILLEDE SP\u00d8RGSM\u00c5L<\/h2>\n<p><p><b>1. Hvad bruges aluminiumsekstrudering til?<\/b><\/p>\n<p>Aluminiumsekstruderingsspor bruges prim\u00e6rt til at skabe tilpassede rammer, st\u00f8tter og strukturer til industrielle anvendelser, der giver b\u00e5de fleksibilitet og styrke.<br \/>\n<\/p><br \/>\n<br \/>\n<p><b>2. Hvorfor er T-sporets design vigtigt i aluminiumsekstruderingssporet?<\/b><\/p>\n<p>T-notdesignet giver mulighed for nem, v\u00e6rkt\u00f8jsfri montering og sikre forbindelser, hvilket g\u00f8r det ideelt til at konstruere modul\u00e6re og tilpassede strukturer.<br \/>\n<\/p><br \/>\n<br \/>\n<p><b>3. Kan Aluminium Extrusion Slot modst\u00e5 tunge belastninger?<\/b><\/p>\n<p>Ja, Aluminium Extrusion Slot er designet til at v\u00e6re st\u00e6rkt og holdbart, s\u00e5 det kan klare store belastninger i industrielle milj\u00f8er uden at g\u00e5 p\u00e5 kompromis med ydeevnen.<br \/>\n<\/p><br \/>\n<br \/>\n<p><b>4. Er Aluminium Extrusion Slot egnet til udend\u00f8rs brug?<\/b><\/p>\n<p>Ja, Aluminium Extrusion Slot har en korrosionsbestandig overflade, der g\u00f8r den perfekt til b\u00e5de indend\u00f8rs og udend\u00f8rs brug under barske forhold.<br \/>\n<\/p><br \/>\n<br \/>\n<p><b>5. Kan Aluminium Extrusion Slot tilpasses til specifikke projektbehov?<\/b><\/p>\n<p>Ja, Aluminium Extrusion Slot f\u00e5s i forskellige l\u00e6ngder og profiler, hvilket giver mulighed for tilpasning til specifikke projektkrav og -specifikationer.<br \/>\n<\/p><br \/>\n<br \/>\n<p><b>6. Hvilke fordele er der ved at bruge Aluminium Extrusion Slot frem for traditionelle indrammingsmetoder?<\/b><\/p>\n<p>Aluminium Extrusion Slot giver hurtigere montering, modularitet og lettere rekonfigurering, hvilket reducerer arbejdsomkostningerne betydeligt og \u00f8ger designfleksibiliteten.<br \/>\n<\/p><br \/>\n<br \/>\n<p><b>7. Hvor l\u00e6nge holder aluminiumsekstruderingssporet?<\/b><\/p>\n<p>Med sit holdbare og korrosionsbestandige materiale er Aluminium Extrusion Slot designet til at give langvarig ydeevne, selv i h\u00e5rde milj\u00f8er.<br \/>\n<\/p><br \/><\/p>","protected":false},"featured_media":7875,"template":"","categories":[54],"class_list":["post-7876","product","type-product","status-publish","has-post-thumbnail","hentry","category-industrial-aluminum-profiles"],"meta_box":{"hilight_text_group":{"product_hilight_text":"<li>Precise T-slot design for easy assembly and secure connections in industrial structures.<\/li>\r\r\n<li>Strong and durable aluminum construction for long-lasting performance under heavy loads.<\/li>\r\r\n<li>Corrosion-resistant surface suitable for both indoor and outdoor applications.<\/li>\r\r\n<li>Customizable lengths and profiles to meet specific project requirements.<\/li>\r\r\n<li>Compatible with a wide range of accessories for enhanced functionality and flexibility.<\/li>","product_chanpin_blog":"<ul>\r\r\n<li><a href=\"https:\/\/sinoextrud.com\/t-slot-v-slot-differences\/\" target=\"_blank\">t slot vs v slot<\/a><\/li>\r\r\n<li><a href=\"https:\/\/sinoextrud.com\/what-is-4040-aluminium-extrud\/\" target=\"_blank\">4040 aluminium extrusion<\/a><\/li>\r\r\n<li><a href=\"https:\/\/sinoextrud.com\/what-is-4040-aluminium-extrud\/\" target=\"_blank\">aluminum extrusions for industrial racks<\/a><\/li>\r\r\n<li><a href=\"https:\/\/sinoextrud.com\/powder-coating-aluminium-process\/\" target=\"_blank\">powder coating aluminium<\/a><\/li>\r\r\n<li><a href=\"https:\/\/sinoextrud.com\/what-is-an-aluminium-strip-ceiling\/\" target=\"_blank\">aluminium strip ceiling<\/a><\/li>\r\r\n<li><a href=\"https:\/\/sinoextrud.com\/what-is-a-heat-sink\/\" target=\"_blank\">what is a heat sink<\/a><\/li>\r\r\n<\/ul>","product_chanpin_chanpin":"<li><a href=\"https:\/\/sinoextrud.com\/product\/decoration-aluminium\/\" target=\"_blank\">Decoration aluminium<\/a><\/li>\r\n<li><a href=\"https:\/\/sinoextrud.com\/product\/extruded-aluminum-heatsink-enclosure\/\" target=\"_blank\">Extruded Aluminum Heatsink Enclosure<\/a><\/li>\r\n<li><a href=\"https:\/\/sinoextrud.com\/product\/aluminum-solar-panel-frame\/\" target=\"_blank\">Aluminum Solar Panel Frame<\/a><\/li>\r\n<li><a href=\"https:\/\/sinoextrud.com\/product\/aluminum-extrusion-framing\/\" target=\"_blank\">Aluminum Extrusion Framing<\/a><\/li>\r\n<li><a href=\"https:\/\/sinoextrud.com\/product\/aluminium-exrtrusion-slot\/\" target=\"_blank\">Aluminium Exrtrusion Slot<\/a><\/li>\r\n<li><a href=\"https:\/\/sinoextrud.com\/product\/round-t-slot-extrusion\/\" target=\"_blank\">Round T Slot Extrusion<\/a><\/li>\r\n<li><a href=\"https:\/\/sinoextrud.com\/product\/custom-aluminum-extrusion\/\" target=\"_blank\">Custom Aluminum Extrusion<\/a><\/li>\r\n<li><a href=\"https:\/\/sinoextrud.com\/product\/aluminium-shelf-extrusion\/\" target=\"_blank\">Aluminium Shelf Extrusion<\/a><\/li>\r\n<li><a href=\"https:\/\/sinoextrud.com\/product\/metal-extrusion-products\/\" target=\"_blank\">Metal Extrusion Products<\/a><\/li>\r\n<li><a href=\"https:\/\/sinoextrud.com\/product\/aluminium-alloy-profile-for-cleaning-room-with-good-quality-manufacturer-china\/\" target=\"_blank\">Aluminium Alloy Profile For Cleaning Room With Good Quality Manufacturer China<\/a><\/li>\r\n<li><a href=\"https:\/\/sinoextrud.com\/product\/square-aluminum-tubing-with-anodized-mill-finish-polishing-treatment\/\" target=\"_blank\">Square Aluminum Tubing With Anodized Mill Finish Polishing Treatment<\/a><\/li>"},"feature_list":[]},"_links":{"self":[{"href":"https:\/\/sinoextrud.com\/da\/wp-json\/wp\/v2\/product\/7876","targetHints":{"allow":["GET"]}}],"collection":[{"href":"https:\/\/sinoextrud.com\/da\/wp-json\/wp\/v2\/product"}],"about":[{"href":"https:\/\/sinoextrud.com\/da\/wp-json\/wp\/v2\/types\/product"}],"wp:featuredmedia":[{"embeddable":true,"href":"https:\/\/sinoextrud.com\/da\/wp-json\/wp\/v2\/media\/7875"}],"wp:attachment":[{"href":"https:\/\/sinoextrud.com\/da\/wp-json\/wp\/v2\/media?parent=7876"}],"wp:term":[{"taxonomy":"category","embeddable":true,"href":"https:\/\/sinoextrud.com\/da\/wp-json\/wp\/v2\/categories?post=7876"}],"curies":[{"name":"wp","href":"https:\/\/api.w.org\/{rel}","templated":true}]}}