{"id":7866,"date":"2025-06-11T03:06:57","date_gmt":"2025-06-11T03:06:57","guid":{"rendered":"https:\/\/sinoextrud.com\/product\/aluminum-extrusion-box\/"},"modified":"2025-06-24T06:13:53","modified_gmt":"2025-06-24T06:13:53","slug":"kasse-til-ekstrudering-af-aluminium","status":"publish","type":"product","link":"https:\/\/sinoextrud.com\/da\/product\/aluminum-extrusion-box\/","title":{"rendered":"kasse til ekstrudering af aluminium"},"content":{"rendered":"<h2>Detaljer om produkter<\/h2>\n<table class=\"custom-table\">\n<tr>\n<td class=\"label\">Type:<\/td>\n<td>Aluminiumsprofiler<\/td>\n<\/tr>\n<tr>\n<td class=\"label\">Anvendelse:<\/td>\n<td>Dekorationer, k\u00f8leplade, transportv\u00e6rkt\u00f8j, d\u00f8r og vindue, glasv\u00e6g, gardinv\u00e6g<\/td>\n<\/tr>\n<tr>\n<td class=\"label\">Form:<\/td>\n<td>Uregelm\u00e6ssig<\/td>\n<\/tr>\n<tr>\n<td class=\"label\">Karakter:<\/td>\n<td>6000-serien<\/td>\n<\/tr>\n<tr>\n<td class=\"label\">Overfladebehandling:<\/td>\n<td>Pulverlakering<\/td>\n<\/tr>\n<tr>\n<td class=\"label\">Teknik:<\/td>\n<td>Ekstruderet<\/td>\n<\/tr>\n<tr>\n<td class=\"label\">Legering:<\/td>\n<td>Legering<\/td>\n<\/tr>\n<tr>\n<td class=\"label\">Temperament:<\/td>\n<td>T3 - T8<\/td>\n<\/tr>\n<tr>\n<td class=\"label\">Overflade:<\/td>\n<td>Anodisering<\/td>\n<\/tr>\n<tr>\n<td class=\"label\">Overfladefarve:<\/td>\n<td>Pulverlakering, anodiseret<\/td>\n<\/tr>\n<\/table>\n<h2>Vores produktionsbase<\/h2>\n<h3>Panorama over fabrikken<\/h3>\n<p><img decoding=\"async\" src=\"\/wp-content\/uploads\/factory-01.webp\"\/><\/p>\n<h3>V\u00e6rksted til fremstilling af aluminiumst\u00e6nger<\/h3>\n<p><img decoding=\"async\" src=\"\/wp-content\/uploads\/factory-02.webp\"\/><\/p>\n<p><img decoding=\"async\" src=\"\/wp-content\/uploads\/factory-03.webp\"\/><\/p>\n<h3>Lager til opbevaring af skimmelsvampe<\/h3>\n<p><img decoding=\"async\" src=\"\/wp-content\/uploads\/factory-04.webp\"\/><\/p>\n<h3>43 ekstruderingslinjer for aluminium (500-5500 ton)<\/h3>\n<p><img decoding=\"async\" src=\"\/wp-content\/uploads\/factory-05.webp\"\/><\/p>\n<p><img decoding=\"async\" src=\"\/wp-content\/uploads\/factory-06.webp\"\/><\/p>\n<p><img decoding=\"async\" src=\"\/wp-content\/uploads\/factory-07.webp\"\/><\/p>\n<h3>V\u00e6rksted for pulverlakering<\/h3>\n<p><img decoding=\"async\" src=\"\/wp-content\/uploads\/factory-09.webp\"\/><\/p>\n<h3>Anodiseringsv\u00e6rksted<\/h3>\n<p><img decoding=\"async\" src=\"\/wp-content\/uploads\/factory-10.webp\"\/><\/p>\n<h3>Workshop om dyb behandling<\/h3>\n<p><img decoding=\"async\" src=\"\/wp-content\/uploads\/factory-11.webp\"\/><\/p>\n<h3>V\u00e6rksted for CNC-pr\u00e6cisionsbearbejdning<\/h3>\n<p><img decoding=\"async\" src=\"\/wp-content\/uploads\/factory-11.5.webp\"\/><\/p>\n<h3>F\u00e6rdigvare- og eksportlager<\/h3>\n<p><img decoding=\"async\" src=\"\/wp-content\/uploads\/factory-12.webp\"\/><\/p>\n<p><img decoding=\"async\" src=\"\/wp-content\/uploads\/factory-13.webp\"\/><\/p>\n<p><img decoding=\"async\" src=\"\/wp-content\/uploads\/factory-14.webp\"\/><\/p>\n<h2>OFTE STILLEDE SP\u00d8RGSM\u00c5L<\/h2>\n<p><p><b>1. Hvad g\u00f8r aluminiumsekstruderingskasser velegnede til at huse f\u00f8lsomme komponenter? <\/b><\/p>\n<p> Ekstruderede aluminiumskasser er holdbare, korrosionsbestandige og giver fremragende beskyttelse af f\u00f8lsomme komponenter, hvilket g\u00f8r dem ideelle til industriel brug.<br \/>\n<\/p><br \/>\n<br \/>\n<p><b>2. Kan aluminiumsekstruderingskasser tilpasses? <\/b><\/p>\n<p> Ja, de kan tilpasses i st\u00f8rrelse, form og design, s\u00e5 de passer til specifikke anvendelseskrav, hvilket sikrer, at de passer perfekt til forskellige projekter.<br \/>\n<\/p><br \/>\n<br \/>\n<p><b>3. Hvor holdbare er aluminiumsekstruderingskasser? <\/b><\/p>\n<p> Ekstruderede aluminiumskasser er meget holdbare med korrosionsbestandige egenskaber, der sikrer lang levetid og beskyttelse i kr\u00e6vende milj\u00f8er.<br \/>\n<\/p><br \/>\n<br \/>\n<p><b>4. Hvilke industrier har gavn af at bruge aluminiumsekstruderingskasser? <\/b><\/p>\n<p> Aluminiumsekstruderingskasser bruges i vid udstr\u00e6kning i industrier som elektronik, bilindustri, telekommunikation og produktion, hvor der er behov for p\u00e5lidelig indkapsling.<br \/>\n<\/p><br \/>\n<br \/>\n<p><b>5. Er aluminiumsprofiler nemme at installere? <\/b><\/p>\n<p> Ja, disse kasser er designet til at v\u00e6re nemme at samle, hvilket reducerer produktionstiden og arbejdsomkostningerne under installationen.<br \/>\n<\/p><br \/>\n<br \/>\n<p><b>6. Hvordan forbedrer aluminiumsekstruderingsboksen beskyttelsen af komponenterne? <\/b><\/p>\n<p> Den robuste, korrosionsbestandige aluminiumskonstruktion sikrer p\u00e5lidelig beskyttelse af komponenterne, selv under barske forhold.<br \/>\n<\/p><br \/>\n<br \/>\n<p><b>7. Er aluminiumsekstruderingsboksen milj\u00f8venlig? <\/b><\/p>\n<p> Ja, aluminium er et fuldt genanvendeligt materiale, hvilket g\u00f8r ekstruderingsboksen til et milj\u00f8venligt valg til forskellige anvendelser.<br \/>\n<\/p><br \/><\/p>","protected":false},"featured_media":7865,"template":"","categories":[54],"class_list":["post-7866","product","type-product","status-publish","has-post-thumbnail","hentry","category-industrial-aluminum-profiles"],"meta_box":{"hilight_text_group":{"product_hilight_text":"<ul>\r\r\n  <li>Durable aluminum extrusion box ideal for housing sensitive components in various industries<\/li>\r\r\n  <li>Corrosion-resistant, ensuring long-term reliability in harsh environments<\/li>\r\r\n  <li>Lightweight yet strong, offering superior protection without adding excessive weight<\/li>\r\r\n  <li>Customizable sizes and designs to meet specific project requirements<\/li>\r\r\n  <li>Efficient thermal management, helping to dissipate heat and maintain optimal temperatures<\/li>\r\r\n  <li>Easy to assemble, reducing manufacturing time and labor costs<\/li>\r\r\n  <li>Environmentally friendly, as aluminum is 100% recyclable<\/li>\r\r\n<\/ul>","product_chanpin_blog":"<ul>\r\r\n<li><a href=\"https:\/\/sinoextrud.com\/t-slot-v-slot-differences\/\" target=\"_blank\">t slot vs v slot<\/a><\/li>\r\r\n<li><a href=\"https:\/\/sinoextrud.com\/what-is-4040-aluminium-extrud\/\" target=\"_blank\">4040 aluminium extrusion<\/a><\/li>\r\r\n<li><a href=\"https:\/\/sinoextrud.com\/what-is-4040-aluminium-extrud\/\" target=\"_blank\">aluminum extrusions for industrial racks<\/a><\/li>\r\r\n<li><a href=\"https:\/\/sinoextrud.com\/powder-coating-aluminium-process\/\" target=\"_blank\">powder coating aluminium<\/a><\/li>\r\r\n<li><a href=\"https:\/\/sinoextrud.com\/what-is-an-aluminium-strip-ceiling\/\" target=\"_blank\">aluminium strip ceiling<\/a><\/li>\r\r\n<li><a href=\"https:\/\/sinoextrud.com\/what-is-a-heat-sink\/\" target=\"_blank\">what is a heat sink<\/a><\/li>\r\r\n<\/ul>","product_chanpin_chanpin":"<li><a href=\"https:\/\/sinoextrud.com\/product\/industrial-aluminium-extrusions-hollow-pipe-big-dimensions\/\" target=\"_blank\">Industrial Aluminium Extrusions Hollow Pipe Big Dimensions<\/a><\/li>\r\n<li><a href=\"https:\/\/sinoextrud.com\/product\/aluminium-profile-extrusion\/\" target=\"_blank\">Aluminium Profile Extrusion<\/a><\/li>\r\n<li><a href=\"https:\/\/sinoextrud.com\/product\/aluminium-decorative-furniture-metal-wall-trim\/\" target=\"_blank\">Aluminium Decorative Furniture Metal Wall Trim<\/a><\/li>\r\n<li><a href=\"https:\/\/sinoextrud.com\/product\/aluminium-profile-channel-factory\/\" target=\"_blank\">Aluminium Profile Channel Factory<\/a><\/li>\r\n<li><a href=\"https:\/\/sinoextrud.com\/product\/aluminum-extrusion-box\/\" target=\"_blank\">aluminum extrusion box<\/a><\/li>\r\n<li><a href=\"https:\/\/sinoextrud.com\/product\/decoration-aluminium\/\" target=\"_blank\">Decoration aluminium<\/a><\/li>\r\n<li><a href=\"https:\/\/sinoextrud.com\/product\/extruded-aluminum-heatsink-enclosure\/\" target=\"_blank\">Extruded Aluminum Heatsink Enclosure<\/a><\/li>\r\n<li><a href=\"https:\/\/sinoextrud.com\/product\/aluminum-solar-panel-frame\/\" target=\"_blank\">Aluminum Solar Panel Frame<\/a><\/li>\r\n<li><a href=\"https:\/\/sinoextrud.com\/product\/aluminum-extrusion-framing\/\" target=\"_blank\">Aluminum Extrusion Framing<\/a><\/li>\r\n<li><a href=\"https:\/\/sinoextrud.com\/product\/u-shaped-with-open-linear-ceiling-system\/\" target=\"_blank\">U-Shaped With Open Linear Ceiling System<\/a><\/li>\r\n<li><a href=\"https:\/\/sinoextrud.com\/product\/aluminium-enclosure\/\" target=\"_blank\">Aluminium Enclosure<\/a><\/li>"},"feature_list":[]},"_links":{"self":[{"href":"https:\/\/sinoextrud.com\/da\/wp-json\/wp\/v2\/product\/7866","targetHints":{"allow":["GET"]}}],"collection":[{"href":"https:\/\/sinoextrud.com\/da\/wp-json\/wp\/v2\/product"}],"about":[{"href":"https:\/\/sinoextrud.com\/da\/wp-json\/wp\/v2\/types\/product"}],"wp:featuredmedia":[{"embeddable":true,"href":"https:\/\/sinoextrud.com\/da\/wp-json\/wp\/v2\/media\/7865"}],"wp:attachment":[{"href":"https:\/\/sinoextrud.com\/da\/wp-json\/wp\/v2\/media?parent=7866"}],"wp:term":[{"taxonomy":"category","embeddable":true,"href":"https:\/\/sinoextrud.com\/da\/wp-json\/wp\/v2\/categories?post=7866"}],"curies":[{"name":"wp","href":"https:\/\/api.w.org\/{rel}","templated":true}]}}