{"id":7856,"date":"2025-06-11T02:58:18","date_gmt":"2025-06-11T02:58:18","guid":{"rendered":"https:\/\/sinoextrud.com\/product\/t-slot-aluminium-profile-extrusion-bulk-selling-98-pure-aluminum-price\/"},"modified":"2025-06-24T06:13:51","modified_gmt":"2025-06-24T06:13:51","slug":"t-slot-aluminiumsprofil-ekstrudering-bulk-salg-98-ren-aluminium-pris","status":"publish","type":"product","link":"https:\/\/sinoextrud.com\/da\/product\/t-slot-aluminium-profile-extrusion-bulk-selling-98-pure-aluminum-price\/","title":{"rendered":"t-slot aluminiumsprofil ekstrudering bulk salg 98% ren aluminium pris"},"content":{"rendered":"<h2>Detaljer om produkter<\/h2>\n<table class=\"custom-table\">\n<tr>\n<td class=\"label\">Vare:<\/td>\n<td> t-slot aluminiumsprofil ekstrudering bulk salg 98% ren aluminium pris<\/td>\n<\/tr>\n<tr>\n<td class=\"label\">Materila:<\/td>\n<td> 6063 aluminiumslegering<\/td>\n<\/tr>\n<tr>\n<td class=\"label\">Temperament:<\/td>\n<td> T5<\/td>\n<\/tr>\n<tr>\n<td class=\"label\">Form:<\/td>\n<td> Det samme som p\u00e5 billederne. Tilpasset tilg\u00e6ngelig.<\/td>\n<\/tr>\n<tr>\n<td class=\"label\">Profilen bliver tykkere:<\/td>\n<td> 0,8 mm over.<\/td>\n<\/tr>\n<tr>\n<td class=\"label\">Overfladebehandling:<\/td>\n<td> anodiseret<\/td>\n<\/tr>\n<tr>\n<td class=\"label\">Farve:<\/td>\n<td> Brun, tilpasset farve tilg\u00e6ngelig.<\/td>\n<\/tr>\n<tr>\n<td class=\"label\">Bel\u00e6gningsfirma:<\/td>\n<td> 10-13um.<\/td>\n<\/tr>\n<tr>\n<td class=\"label\">Anvendelse:<\/td>\n<td> industri, transport osv.<\/td>\n<\/tr>\n<tr>\n<td class=\"label\">MOQ:<\/td>\n<td> 200 kg for hver vare, ren aluminiumspris<\/td>\n<\/tr>\n<tr>\n<td class=\"label\">Certifikat og standard:<\/td>\n<td> ISO 9008-2001. CQM, SGS<\/td>\n<\/tr>\n<tr>\n<td class=\"label\">Garanti:<\/td>\n<td> Overfladefarven kan v\u00e6re stabil i 10 \u00e5r ved indend\u00f8rs brug.<br \/>\nDybdeg\u00e5ende bearbejdning som boring, fr\u00e6sning, sk\u00e6ring, svejsning og bukning er mulig.<\/td>\n<\/tr>\n<tr>\n<td class=\"label\">Oprindelse:<\/td>\n<td> Foshan, Guangdong.<\/td>\n<\/tr>\n<tr>\n<td class=\"label\">HS-kode:<\/td>\n<td> 761699000<\/td>\n<\/tr>\n<\/table>\n<h2>Vores produktionsbase<\/h2>\n<h3>Panorama over fabrikken<\/h3>\n<p><img decoding=\"async\" src=\"\/wp-content\/uploads\/factory-01.webp\"\/><\/p>\n<h3>V\u00e6rksted til fremstilling af aluminiumst\u00e6nger<\/h3>\n<p><img decoding=\"async\" src=\"\/wp-content\/uploads\/factory-02.webp\"\/><\/p>\n<p><img decoding=\"async\" src=\"\/wp-content\/uploads\/factory-03.webp\"\/><\/p>\n<h3>Lager til opbevaring af skimmelsvampe<\/h3>\n<p><img decoding=\"async\" src=\"\/wp-content\/uploads\/factory-04.webp\"\/><\/p>\n<h3>43 ekstruderingslinjer for aluminium (500-5500 ton)<\/h3>\n<p><img decoding=\"async\" src=\"\/wp-content\/uploads\/factory-05.webp\"\/><\/p>\n<p><img decoding=\"async\" src=\"\/wp-content\/uploads\/factory-06.webp\"\/><\/p>\n<p><img decoding=\"async\" src=\"\/wp-content\/uploads\/factory-07.webp\"\/><\/p>\n<h3>V\u00e6rksted for pulverlakering<\/h3>\n<p><img decoding=\"async\" src=\"\/wp-content\/uploads\/factory-09.webp\"\/><\/p>\n<h3>Anodiseringsv\u00e6rksted<\/h3>\n<p><img decoding=\"async\" src=\"\/wp-content\/uploads\/factory-10.webp\"\/><\/p>\n<h3>Workshop om dyb behandling<\/h3>\n<p><img decoding=\"async\" src=\"\/wp-content\/uploads\/factory-11.webp\"\/><\/p>\n<h3>V\u00e6rksted for CNC-pr\u00e6cisionsbearbejdning<\/h3>\n<p><img decoding=\"async\" src=\"\/wp-content\/uploads\/factory-11.5.webp\"\/><\/p>\n<h3>F\u00e6rdigvare- og eksportlager<\/h3>\n<p><img decoding=\"async\" src=\"\/wp-content\/uploads\/factory-12.webp\"\/><\/p>\n<p><img decoding=\"async\" src=\"\/wp-content\/uploads\/factory-13.webp\"\/><\/p>\n<p><img decoding=\"async\" src=\"\/wp-content\/uploads\/factory-14.webp\"\/><\/p>\n<h2>OFTE STILLEDE SP\u00d8RGSM\u00c5L<\/h2>\n<p><p><b>1. Hvad er fordelen ved at bruge 98% ren aluminium i T-not-profiler? <\/b><\/p>\n<p> Brug af 98% ren aluminium sikrer fremragende korrosionsbestandighed, elektrisk ledningsevne og overfladefinish, ideelt til industrielle indramningssystemer.<br \/>\n<\/p><br \/>\n<br \/>\n<p><b>2. Hvorfor er aluminium med T-not popul\u00e6rt i modulbyggeri? <\/b><\/p>\n<p> Aluminium med T-not muligg\u00f8r v\u00e6rkt\u00f8jsfri montering, nemme justeringer og genanvendelighed, hvilket g\u00f8r det perfekt til modul\u00e6re rammer og automatiseringssystemer.<br \/>\n<\/p><br \/>\n<br \/>\n<p><b>3. Kan jeg k\u00f8be aluminiumsprofiler med T-not i l\u00f8s v\u00e6gt? <\/b><\/p>\n<p> Ja, vi tilbyder bulksalg til konkurrencedygtige priser, hvilket er ideelt for distribut\u00f8rer, OEM'er og projekter i industriel skala.<br \/>\n<\/p><br \/>\n<br \/>\n<p><b>4. Hvordan p\u00e5virker aluminiums renhed ydeevnen? <\/b><\/p>\n<p> Aluminium med h\u00f8jere renhed forbedrer korrosionsbestandigheden og den elektriske ledningsevne og giver en mere ensartet overflade til efterbehandling.<br \/>\n<\/p><br \/>\n<br \/>\n<p><b>5. Er dine T-not-profiler kompatible med standardtilbeh\u00f8r? <\/b><\/p>\n<p> Absolut, vores aluminiumsprofiler med T-not er designet til at fungere med de fleste industristandardforbindelser, beslag og fastg\u00f8relseselementer.<br \/>\n<\/p><br \/>\n<br \/>\n<p><b>6. Er der mulighed for tilpasning af aluminiumsprofiler med T-not? <\/b><\/p>\n<p> Ja, vi leverer tilpassede l\u00e6ngder, hulm\u00f8nstre og overflader for at opfylde unikke strukturelle eller \u00e6stetiske krav.<br \/>\n<\/p><br \/>\n<br \/>\n<p><b>7. Hvilke industrier bruger ofte aluminiumsprofiler med T-not? <\/b><\/p>\n<p> Aluminiumsprofiler med T-not bruges i vid udstr\u00e6kning til produktion, automatisering, robotteknologi, arbejdsstationer og displaysystemer p\u00e5 grund af deres fleksibilitet og holdbarhed.<br \/>\n<\/p><br \/><\/p>","protected":false},"featured_media":7855,"template":"","categories":[54],"class_list":["post-7856","product","type-product","status-publish","has-post-thumbnail","hentry","category-industrial-aluminum-profiles"],"meta_box":{"hilight_text_group":{"product_hilight_text":"<li>Manufactured from 98% pure aluminum for superior conductivity and corrosion resistance.<\/li>\r\r\n<li>Bulk selling ensures competitive pricing for large-scale industrial use.<\/li>\r\r\n<li>T-slot design enables easy modular assembly without welding.<\/li>\r\r\n<li>High strength-to-weight ratio ideal for structural applications.<\/li>\r\r\n<li>Compatible with a wide range of standard connectors and fasteners.<\/li>\r\r\n<li>Precision extruded for consistent dimensions and high assembly accuracy.<\/li>\r\r\n<li>Customizable lengths and profiles available for different project needs.<\/li>","product_chanpin_blog":"<ul>\r\r\n<li><a href=\"https:\/\/sinoextrud.com\/t-slot-v-slot-differences\/\" target=\"_blank\">t slot vs v slot<\/a><\/li>\r\r\n<li><a href=\"https:\/\/sinoextrud.com\/what-is-4040-aluminium-extrud\/\" target=\"_blank\">4040 aluminium extrusion<\/a><\/li>\r\r\n<li><a href=\"https:\/\/sinoextrud.com\/what-is-4040-aluminium-extrud\/\" target=\"_blank\">aluminum extrusions for industrial racks<\/a><\/li>\r\r\n<li><a href=\"https:\/\/sinoextrud.com\/powder-coating-aluminium-process\/\" target=\"_blank\">powder coating aluminium<\/a><\/li>\r\r\n<li><a href=\"https:\/\/sinoextrud.com\/what-is-an-aluminium-strip-ceiling\/\" target=\"_blank\">aluminium strip ceiling<\/a><\/li>\r\r\n<li><a href=\"https:\/\/sinoextrud.com\/what-is-a-heat-sink\/\" target=\"_blank\">what is a heat sink<\/a><\/li>\r\r\n<\/ul>","product_chanpin_chanpin":"<li><a href=\"https:\/\/sinoextrud.com\/product\/aluminum-structural-framing-system\/\" target=\"_blank\">Aluminum Structural Framing System<\/a><\/li>\r\n<li><a href=\"https:\/\/sinoextrud.com\/product\/standard-aluminum-shapes\/\" target=\"_blank\">Standard Aluminum Shapes<\/a><\/li>\r\n<li><a href=\"https:\/\/sinoextrud.com\/product\/aluminium-profiles-doors-windows-wood-imitation\/\" target=\"_blank\">Aluminium Profiles Doors Windows Wood Imitation<\/a><\/li>\r\n<li><a href=\"https:\/\/sinoextrud.com\/product\/extrusion-aluminum-handrails-profile-powder-coated-white\/\" target=\"_blank\">Extrusion Aluminum Handrails Profile Powder Coated White<\/a><\/li>\r\n<li><a href=\"https:\/\/sinoextrud.com\/product\/t-slot-aluminium-profile-extrusion-bulk-selling-98-pure-aluminum-price\/\" target=\"_blank\">t-slot aluminium profile extrusion bulk selling 98% pure aluminum price<\/a><\/li>\r\n<li><a href=\"https:\/\/sinoextrud.com\/product\/industrial-aluminium-extrusions-hollow-pipe-big-dimensions\/\" target=\"_blank\">Industrial Aluminium Extrusions Hollow Pipe Big Dimensions<\/a><\/li>\r\n<li><a href=\"https:\/\/sinoextrud.com\/product\/aluminium-profile-extrusion\/\" target=\"_blank\">Aluminium Profile Extrusion<\/a><\/li>\r\n<li><a href=\"https:\/\/sinoextrud.com\/product\/aluminium-decorative-furniture-metal-wall-trim\/\" target=\"_blank\">Aluminium Decorative Furniture Metal Wall Trim<\/a><\/li>\r\n<li><a href=\"https:\/\/sinoextrud.com\/product\/aluminium-profile-channel-factory\/\" target=\"_blank\">Aluminium Profile Channel Factory<\/a><\/li>\r\n<li><a href=\"https:\/\/sinoextrud.com\/product\/aluminum-railing\/\" target=\"_blank\">Aluminum Railing<\/a><\/li>\r\n<li><a href=\"https:\/\/sinoextrud.com\/product\/aluminium-profile-bed-frame\/\" target=\"_blank\">Aluminium Profile Bed Frame<\/a><\/li>"},"feature_list":[]},"_links":{"self":[{"href":"https:\/\/sinoextrud.com\/da\/wp-json\/wp\/v2\/product\/7856","targetHints":{"allow":["GET"]}}],"collection":[{"href":"https:\/\/sinoextrud.com\/da\/wp-json\/wp\/v2\/product"}],"about":[{"href":"https:\/\/sinoextrud.com\/da\/wp-json\/wp\/v2\/types\/product"}],"wp:featuredmedia":[{"embeddable":true,"href":"https:\/\/sinoextrud.com\/da\/wp-json\/wp\/v2\/media\/7855"}],"wp:attachment":[{"href":"https:\/\/sinoextrud.com\/da\/wp-json\/wp\/v2\/media?parent=7856"}],"wp:term":[{"taxonomy":"category","embeddable":true,"href":"https:\/\/sinoextrud.com\/da\/wp-json\/wp\/v2\/categories?post=7856"}],"curies":[{"name":"wp","href":"https:\/\/api.w.org\/{rel}","templated":true}]}}