{"id":7854,"date":"2025-06-11T02:55:39","date_gmt":"2025-06-11T02:55:39","guid":{"rendered":"https:\/\/sinoextrud.com\/product\/extrusion-aluminum-handrails-profile-powder-coated-white\/"},"modified":"2025-06-24T06:13:50","modified_gmt":"2025-06-24T06:13:50","slug":"ekstruderet-aluminiumsgelaender-profil-pulverlakeret-hvid","status":"publish","type":"product","link":"https:\/\/sinoextrud.com\/da\/product\/extrusion-aluminum-handrails-profile-powder-coated-white\/","title":{"rendered":"Ekstruderet aluminiumsgel\u00e6nder Profil Pulverlakeret hvid"},"content":{"rendered":"<h2>Detaljer om produkter<\/h2>\n<table class=\"custom-table\">\n<tr>\n<td class=\"label\">1. Produktets navn:<\/td>\n<td> Ekstruderet aluminiumsgel\u00e6nder Profil Pulverlakeret hvid<\/td>\n<\/tr>\n<tr>\n<td class=\"label\">2. Materiale :<\/td>\n<td> Aluminiumslegering 6063-T5<\/td>\n<\/tr>\n<tr>\n<td class=\"label\">3. F\u00e6rdig:<\/td>\n<td> National pulverlakeret hvid<\/td>\n<\/tr>\n<tr>\n<td class=\"label\">4. Ud\u00f8vende standard:<\/td>\n<td> GB5237-2008<\/td>\n<\/tr>\n<tr>\n<td class=\"label\">5. Certifikater:<\/td>\n<td> ISO9001<\/td>\n<\/tr>\n<tr>\n<td class=\"label\">6. Model:<\/td>\n<td> Fri form<\/td>\n<\/tr>\n<\/table>\n<h2>Vores produktionsbase<\/h2>\n<h3>Panorama over fabrikken<\/h3>\n<p><img decoding=\"async\" src=\"\/wp-content\/uploads\/factory-01.webp\"\/><\/p>\n<h3>V\u00e6rksted til fremstilling af aluminiumst\u00e6nger<\/h3>\n<p><img decoding=\"async\" src=\"\/wp-content\/uploads\/factory-02.webp\"\/><\/p>\n<\/p>\n<p><img decoding=\"async\" src=\"\/wp-content\/uploads\/factory-03.webp\"\/><\/p>\n<h3>Lager til opbevaring af skimmelsvampe<\/h3>\n<p><img decoding=\"async\" src=\"\/wp-content\/uploads\/factory-04.webp\"\/><\/p>\n<h3>43 ekstruderingslinjer for aluminium (500-5500 ton)<\/h3>\n<p><img decoding=\"async\" src=\"\/wp-content\/uploads\/factory-05.webp\"\/><\/p>\n<p><img decoding=\"async\" src=\"\/wp-content\/uploads\/factory-06.webp\"\/><\/p>\n<p><img decoding=\"async\" src=\"\/wp-content\/uploads\/factory-07.webp\"\/><\/p>\n<h3>V\u00e6rksted for pulverlakering<\/h3>\n<p><img decoding=\"async\" src=\"\/wp-content\/uploads\/factory-09.webp\"\/><\/p>\n<h3>Anodiseringsv\u00e6rksted<\/h3>\n<p><img decoding=\"async\" src=\"\/wp-content\/uploads\/factory-10.webp\"\/><\/p>\n<h3>Workshop om dyb behandling<\/h3>\n<p><img decoding=\"async\" src=\"\/wp-content\/uploads\/factory-11.webp\"\/><\/p>\n<h3>V\u00e6rksted for CNC-pr\u00e6cisionsbearbejdning<\/h3>\n<p><img decoding=\"async\" src=\"\/wp-content\/uploads\/factory-11.5.webp\"\/><\/p>\n<h3>F\u00e6rdigvare- og eksportlager<\/h3>\n<p><img decoding=\"async\" src=\"\/wp-content\/uploads\/factory-12.webp\"\/><\/p>\n<p><img decoding=\"async\" src=\"\/wp-content\/uploads\/factory-13.webp\"\/><\/p>\n<p><img decoding=\"async\" src=\"\/wp-content\/uploads\/factory-14.webp\"\/><\/p>\n<h2>OFTE STILLEDE SP\u00d8RGSM\u00c5L<\/h2>\n<p><b>1. Hvad er fordelene ved at bruge gel\u00e6ndere af ekstruderet aluminium? <\/b><\/p>\n<p> Gel\u00e6ndere af ekstruderet aluminium giver st\u00e6rk, let st\u00f8tte og er ideelle til moderne r\u00e6kv\u00e6rkssystemer p\u00e5 grund af deres holdbarhed og alsidighed.\n<\/p>\n<p><\/p>\n<p><b>2. Hvorfor v\u00e6lge pulverlakerede hvide aluminiumsgel\u00e6ndere? <\/b><\/p>\n<p> Pulverlakerede hvide aluminiumsgel\u00e6ndere giver et slankt, rent udseende og fremragende modstandsdygtighed over for vejr og korrosion.\n<\/p>\n<p><\/p>\n<p><b>3. Er gel\u00e6nderprofilerne i aluminium egnede til udend\u00f8rs brug? <\/b><\/p>\n<p> Ja, den pulverlakerede overflade og de korrosionsbestandige egenskaber g\u00f8r disse gel\u00e6ndere perfekte til b\u00e5de indend\u00f8rs og udend\u00f8rs milj\u00f8er.\n<\/p>\n<p><\/p>\n<p><b>4. Kan aluminiumsgel\u00e6nderne tilpasses? <\/b><\/p>\n<p> Ja, vi tilbyder tilpassede l\u00e6ngder, profiler og hulm\u00f8nstre, der passer til dine arkitektoniske eller konstruktionsm\u00e6ssige behov.\n<\/p>\n<p><\/p>\n<p><b>5. Hvordan er aluminium sammenlignet med st\u00e5l til gel\u00e6ndersystemer? <\/b><\/p>\n<p> Aluminium er lettere, korrosionsbestandigt og kr\u00e6ver mindre vedligeholdelse end st\u00e5l, hvilket g\u00f8r det til et omkostningseffektivt valg til gel\u00e6ndere.\n<\/p>\n<p><\/p>\n<p><b>6. Er den hvide pulverlakering holdbar? <\/b><\/p>\n<p> Ja, den hvide pulverlakering p\u00e5f\u00f8res med h\u00f8j vedh\u00e6ftning og h\u00e6rdes for holdbarhed, hvilket giver langvarig beskyttelse mod slitage og falmning.\n<\/p>\n<p><\/p>\n<p><b>7. Hvilke anvendelser er ideelle til gel\u00e6ndere af ekstruderet aluminium? <\/b><\/p>\n<p> Disse gel\u00e6ndere er ideelle til altaner i boliger, kommercielle bygninger, trapper og offentlige gangbroer.\n<\/p>\n<p><\/p>","protected":false},"featured_media":7853,"template":"","categories":[54],"class_list":["post-7854","product","type-product","status-publish","has-post-thumbnail","hentry","category-industrial-aluminum-profiles"],"meta_box":{"hilight_text_group":{"product_hilight_text":"<li>Durable aluminum extrusion ensures long-lasting structural support.<\/li>\r\r\n<li>Powder coated white finish offers a clean, modern appearance.<\/li>\r\r\n<li>Corrosion-resistant surface ideal for indoor and outdoor applications.<\/li>\r\r\n<li>Lightweight material allows for easy handling and installation.<\/li>\r\r\n<li>Customizable lengths and profiles to meet specific project needs.<\/li>\r\r\n<li>Low maintenance compared to traditional steel handrails.<\/li>\r\r\n<li>Compatible with various railing systems and fittings.<\/li>","product_chanpin_blog":"<ul>\r\r\n<li><a href=\"https:\/\/sinoextrud.com\/t-slot-v-slot-differences\/\" target=\"_blank\">t slot vs v slot<\/a><\/li>\r\r\n<li><a href=\"https:\/\/sinoextrud.com\/what-is-4040-aluminium-extrud\/\" target=\"_blank\">4040 aluminium extrusion<\/a><\/li>\r\r\n<li><a href=\"https:\/\/sinoextrud.com\/what-is-4040-aluminium-extrud\/\" target=\"_blank\">aluminum extrusions for industrial racks<\/a><\/li>\r\r\n<li><a href=\"https:\/\/sinoextrud.com\/powder-coating-aluminium-process\/\" target=\"_blank\">powder coating aluminium<\/a><\/li>\r\r\n<li><a href=\"https:\/\/sinoextrud.com\/what-is-an-aluminium-strip-ceiling\/\" target=\"_blank\">aluminium strip ceiling<\/a><\/li>\r\r\n<li><a href=\"https:\/\/sinoextrud.com\/what-is-a-heat-sink\/\" target=\"_blank\">what is a heat sink<\/a><\/li>\r\r\n<\/ul>","product_chanpin_chanpin":"<li><a href=\"https:\/\/sinoextrud.com\/product\/aluminum-cabinet-door-extrusion\/\" target=\"_blank\">Aluminum Cabinet Door Extrusion<\/a><\/li>\r\n<li><a href=\"https:\/\/sinoextrud.com\/product\/aluminum-structural-framing-system\/\" target=\"_blank\">Aluminum Structural Framing System<\/a><\/li>\r\n<li><a href=\"https:\/\/sinoextrud.com\/product\/standard-aluminum-shapes\/\" target=\"_blank\">Standard Aluminum Shapes<\/a><\/li>\r\n<li><a href=\"https:\/\/sinoextrud.com\/product\/aluminium-profiles-doors-windows-wood-imitation\/\" target=\"_blank\">Aluminium Profiles Doors Windows Wood Imitation<\/a><\/li>\r\n<li><a href=\"https:\/\/sinoextrud.com\/product\/extrusion-aluminum-handrails-profile-powder-coated-white\/\" target=\"_blank\">Extrusion Aluminum Handrails Profile Powder Coated White<\/a><\/li>\r\n<li><a href=\"https:\/\/sinoextrud.com\/product\/t-slot-aluminium-profile-extrusion-bulk-selling-98-pure-aluminum-price\/\" target=\"_blank\">t-slot aluminium profile extrusion bulk selling 98% pure aluminum price<\/a><\/li>\r\n<li><a href=\"https:\/\/sinoextrud.com\/product\/industrial-aluminium-extrusions-hollow-pipe-big-dimensions\/\" target=\"_blank\">Industrial Aluminium Extrusions Hollow Pipe Big Dimensions<\/a><\/li>\r\n<li><a href=\"https:\/\/sinoextrud.com\/product\/aluminium-profile-extrusion\/\" target=\"_blank\">Aluminium Profile Extrusion<\/a><\/li>\r\n<li><a href=\"https:\/\/sinoextrud.com\/product\/aluminium-decorative-furniture-metal-wall-trim\/\" target=\"_blank\">Aluminium Decorative Furniture Metal Wall Trim<\/a><\/li>\r\n<li><a href=\"https:\/\/sinoextrud.com\/product\/modular-aluminum-profiles-machine-hand-robot-hand-manipulator\/\" target=\"_blank\">Modular Aluminum Profiles Machine Hand Robot Hand Manipulator<\/a><\/li>\r\n<li><a href=\"https:\/\/sinoextrud.com\/product\/the-world-most-popular-6000-series-aluminum-extrusion-profile-louver-shutter-for-adjustable-waterproof-louver-windows\/\" target=\"_blank\">The World Most Popular 6000 Series aluminum extrusion Profile louver shutter For Adjustable Waterproof Louver Windows<\/a><\/li>"},"feature_list":[]},"_links":{"self":[{"href":"https:\/\/sinoextrud.com\/da\/wp-json\/wp\/v2\/product\/7854","targetHints":{"allow":["GET"]}}],"collection":[{"href":"https:\/\/sinoextrud.com\/da\/wp-json\/wp\/v2\/product"}],"about":[{"href":"https:\/\/sinoextrud.com\/da\/wp-json\/wp\/v2\/types\/product"}],"wp:featuredmedia":[{"embeddable":true,"href":"https:\/\/sinoextrud.com\/da\/wp-json\/wp\/v2\/media\/7853"}],"wp:attachment":[{"href":"https:\/\/sinoextrud.com\/da\/wp-json\/wp\/v2\/media?parent=7854"}],"wp:term":[{"taxonomy":"category","embeddable":true,"href":"https:\/\/sinoextrud.com\/da\/wp-json\/wp\/v2\/categories?post=7854"}],"curies":[{"name":"wp","href":"https:\/\/api.w.org\/{rel}","templated":true}]}}