{"id":7847,"date":"2025-06-11T02:43:58","date_gmt":"2025-06-11T02:43:58","guid":{"rendered":"https:\/\/sinoextrud.com\/product\/aluminum-structural-framing-system\/"},"modified":"2025-06-24T06:13:48","modified_gmt":"2025-06-24T06:13:48","slug":"strukturelt-rammesystem-i-aluminium","status":"publish","type":"product","link":"https:\/\/sinoextrud.com\/da\/product\/aluminum-structural-framing-system\/","title":{"rendered":"Strukturelt rammesystem af aluminium"},"content":{"rendered":"<h2>Detaljer om produkter<\/h2>\n<table class=\"custom-table\">\n<tbody>\n<tr>\n<td> Materiale:<\/td>\n<td> aluminiumslegering<\/td>\n<\/tr>\n<tr>\n<td> Specifikationer:<\/td>\n<td> 90 mm brede rammer til aluminiumsvinduer og -d\u00f8re<\/td>\n<\/tr>\n<tr>\n<td> Tykkelse:<\/td>\n<td> 1,4 mm, 1,6 mm, 2,0 mm<\/td>\n<\/tr>\n<tr>\n<td> L\u00e6ngde:<\/td>\n<td> generelt ikke mere end 6 m lang, kan tilpasses i henhold til kundens krav<\/td>\n<\/tr>\n<tr>\n<td> Proces:<\/td>\n<td> Ekstrudering<\/td>\n<\/tr>\n<tr>\n<td> Bel\u00e6gning:<\/td>\n<td> Pulverlakering. (Anodiseret, elektroforese, tr\u00e6korn tilg\u00e6ngelig)<\/td>\n<\/tr>\n<tr>\n<td> Farve:<\/td>\n<td> gr\u00e5, tilpasset til r\u00e5dighed.<\/td>\n<\/tr>\n<tr>\n<td> Brandsikring:<\/td>\n<td> Ingen forbr\u00e6nding, velegnet til milj\u00f8er med h\u00f8je temperaturer<\/td>\n<\/tr>\n<tr>\n<td> Bem\u00e6rkninger:<\/td>\n<td> Skr\u00e6ddersyet vindues- og d\u00f8rdesign muligt.<\/td>\n<\/tr>\n<\/tbody>\n<\/table>\n<h2>Vores produktionsbase<\/h2>\n<h3>Panorama over fabrikken<\/h3>\n<p><img decoding=\"async\" src=\"\/wp-content\/uploads\/factory-01.webp\"\/><\/p>\n<h3>V\u00e6rksted til fremstilling af aluminiumst\u00e6nger<\/h3>\n<p><img decoding=\"async\" src=\"\/wp-content\/uploads\/factory-02.webp\"\/><\/p>\n<p><img decoding=\"async\" src=\"\/wp-content\/uploads\/factory-03.webp\"\/><\/p>\n<h3>Lager til opbevaring af skimmelsvampe<\/h3>\n<p><img decoding=\"async\" src=\"\/wp-content\/uploads\/factory-04.webp\"\/><\/p>\n<h3>43 ekstruderingslinjer for aluminium (500-5500 ton)<\/h3>\n<p><img decoding=\"async\" src=\"\/wp-content\/uploads\/factory-05.webp\"\/><\/p>\n<p><img decoding=\"async\" src=\"\/wp-content\/uploads\/factory-06.webp\"\/><\/p>\n<p><img decoding=\"async\" src=\"\/wp-content\/uploads\/factory-07.webp\"\/><\/p>\n<h3>V\u00e6rksted for pulverlakering<\/h3>\n<p><img decoding=\"async\" src=\"\/wp-content\/uploads\/factory-09.webp\"\/><\/p>\n<h3>Anodiseringsv\u00e6rksted<\/h3>\n<p><img decoding=\"async\" src=\"\/wp-content\/uploads\/factory-10.webp\"\/><\/p>\n<h3>Workshop om dyb behandling<\/h3>\n<p><img decoding=\"async\" src=\"\/wp-content\/uploads\/factory-11.webp\"\/><\/p>\n<h3>V\u00e6rksted for CNC-pr\u00e6cisionsbearbejdning<\/h3>\n<p><img decoding=\"async\" src=\"\/wp-content\/uploads\/factory-11.5.webp\"\/><\/p>\n<h3>F\u00e6rdigvare- og eksportlager<\/h3>\n<p><img decoding=\"async\" src=\"\/wp-content\/uploads\/factory-12.webp\"\/><\/p>\n<p><img decoding=\"async\" src=\"\/wp-content\/uploads\/factory-13.webp\"\/><\/p>\n<p><img decoding=\"async\" src=\"\/wp-content\/uploads\/factory-14.webp\"\/><\/p>\n<h2>OFTE STILLEDE SP\u00d8RGSM\u00c5L<\/h2>\n<p><p><b>1. Hvad er et strukturelt rammesystem af aluminium? <\/b><\/p>\n<p> Et strukturelt rammesystem af aluminium er en modul\u00e6r ramme, der er bygget af ekstruderede aluminiumsprofiler til anvendelse i industrielle og kommercielle strukturer.<br \/>\n<\/p><br \/>\n<br \/>\n<p><b>2. Hvorfor bruge aluminium til strukturelle rammer? <\/b><\/p>\n<p> Aluminium har et fremragende forhold mellem styrke og v\u00e6gt, er korrosionsbestandigt og let at samle, hvilket g\u00f8r det ideelt til modul\u00e6re konstruktionssystemer.<br \/>\n<\/p><br \/>\n<br \/>\n<p><b>3. Er svejsning p\u00e5kr\u00e6vet for aluminiumssystemer? <\/b><\/p>\n<p> Nej, aluminiumsrammesystemer bruger stik og beslag, hvilket giver mulighed for v\u00e6rkt\u00f8jsbaseret samling uden svejsning.<br \/>\n<\/p><br \/>\n<br \/>\n<p><b>4. Kan rammesystemet tilpasses? <\/b><\/p>\n<p> Ja, strukturelle rammesystemer i aluminium kan konfigureres i forskellige st\u00f8rrelser, former og overflader, s\u00e5 de passer til specifikke projektkrav.<br \/>\n<\/p><br \/>\n<br \/>\n<p><b>5. Hvilke brancher bruger ofte disse systemer? <\/b><\/p>\n<p> Almindelige anvendelser omfatter automatiseringsudstyr, produktionslinjer, indkapslinger, displaysystemer og renrumsstrukturer.<br \/>\n<\/p><br \/>\n<br \/>\n<p><b>6. Kan systemet med aluminiumsrammer genbruges? <\/b><\/p>\n<p> Absolut, det modul\u00e6re design g\u00f8r det muligt at skille det ad og genbruge det, hvilket g\u00f8r det til en b\u00e6redygtig og omkostningseffektiv l\u00f8sning.<br \/>\n<\/p><br \/>\n<br \/>\n<p><b>7. Er disse rammer egnede til udend\u00f8rs brug? <\/b><\/p>\n<p> Ja, med den rette anodisering eller pulverlakering modst\u00e5r aluminiumsrammer korrosion og er velegnede til udend\u00f8rs milj\u00f8er.<br \/>\n<\/p><br \/>\n<br \/>\n<p><b>8. Hvordan reducerer dette system installationstiden? <\/b><\/p>\n<p> De pr\u00e6fabrikerede modul\u00e6re komponenter og standardiserede \u00e5bninger forenkler justering og montering og fremskynder hele installationsprocessen.<br \/>\n<\/p><br \/><\/p>","protected":false},"featured_media":7846,"template":"","categories":[67],"class_list":["post-7847","product","type-product","status-publish","has-post-thumbnail","hentry","category-architectural-aluminium-profile"],"meta_box":{"hilight_text_group":{"product_hilight_text":"<li>Modular design enables quick assembly and reconfiguration without welding.<\/li>\r\r\n<li>High-strength aluminum ensures lightweight yet durable structural performance.<\/li>\r\r\n<li>Corrosion-resistant surface suitable for indoor and outdoor environments.<\/li>\r\r\n<li>Compatible with a wide range of accessories and connectors for versatile use.<\/li>\r\r\n<li>Reduces labor costs and project timelines with simplified installation.<\/li>\r\r\n<li>Ideal for industrial automation, machine enclosures, workstations, and cleanrooms.<\/li>","product_chanpin_blog":"<ul>\r\r\n<li><a href=\"https:\/\/sinoextrud.com\/t-slot-v-slot-differences\/\" target=\"_blank\">t slot vs v slot<\/a><\/li>\r\r\n<li><a href=\"https:\/\/sinoextrud.com\/what-is-4040-aluminium-extrud\/\" target=\"_blank\">4040 aluminium extrusion<\/a><\/li>\r\r\n<li><a href=\"https:\/\/sinoextrud.com\/what-is-4040-aluminium-extrud\/\" target=\"_blank\">aluminum extrusions for industrial racks<\/a><\/li>\r\r\n<li><a href=\"https:\/\/sinoextrud.com\/powder-coating-aluminium-process\/\" target=\"_blank\">powder coating aluminium<\/a><\/li>\r\r\n<li><a href=\"https:\/\/sinoextrud.com\/what-is-an-aluminium-strip-ceiling\/\" target=\"_blank\">aluminium strip ceiling<\/a><\/li>\r\r\n<li><a href=\"https:\/\/sinoextrud.com\/what-is-a-heat-sink\/\" target=\"_blank\">what is a heat sink<\/a><\/li>\r\r\n<\/ul>","product_chanpin_chanpin":"<li><a href=\"https:\/\/sinoextrud.com\/product\/curtain-aluminum-profile-extrusion-for-window\/\" target=\"_blank\">Curtain Aluminum Profile Extrusion For Window<\/a><\/li>\r\n<li><a href=\"https:\/\/sinoextrud.com\/product\/extrusion-of-aluminium-alloys-celing-aluminum-tube-wood-grain\/\" target=\"_blank\">Extrusion Of Aluminium Alloys Celing Aluminum Tube Wood Grain<\/a><\/li>\r\n<li><a href=\"https:\/\/sinoextrud.com\/product\/wardrobe-cabinet-sliding-aluminum-profile\/\" target=\"_blank\">Wardrobe Cabinet Sliding Aluminum Profile<\/a><\/li>\r\n<li><a href=\"https:\/\/sinoextrud.com\/product\/aluminum-cabinet-door-extrusion\/\" target=\"_blank\">Aluminum Cabinet Door Extrusion<\/a><\/li>\r\n<li><a href=\"https:\/\/sinoextrud.com\/product\/aluminum-structural-framing-system\/\" target=\"_blank\">Aluminum Structural Framing System<\/a><\/li>\r\n<li><a href=\"https:\/\/sinoextrud.com\/product\/standard-aluminum-shapes\/\" target=\"_blank\">Standard Aluminum Shapes<\/a><\/li>\r\n<li><a href=\"https:\/\/sinoextrud.com\/product\/aluminium-profiles-doors-windows-wood-imitation\/\" target=\"_blank\">Aluminium Profiles Doors Windows Wood Imitation<\/a><\/li>\r\n<li><a href=\"https:\/\/sinoextrud.com\/product\/extrusion-aluminum-handrails-profile-powder-coated-white\/\" target=\"_blank\">Extrusion Aluminum Handrails Profile Powder Coated White<\/a><\/li>\r\n<li><a href=\"https:\/\/sinoextrud.com\/product\/t-slot-aluminium-profile-extrusion-bulk-selling-98-pure-aluminum-price\/\" target=\"_blank\">t-slot aluminium profile extrusion bulk selling 98% pure aluminum price<\/a><\/li>\r\n<li><a href=\"https:\/\/sinoextrud.com\/product\/made-extrusion-square-tube-aluminium-profiles-in-stock\/\" target=\"_blank\">Made Extrusion Square Tube Aluminium Profiles in Stock<\/a><\/li>\r\n<li><a href=\"https:\/\/sinoextrud.com\/product\/aluminum-extrud-7003-aluminum-pipe\/\" target=\"_blank\">Aluminum Extrusion 7003 Aluminum Pipe<\/a><\/li>"},"feature_list":[]},"_links":{"self":[{"href":"https:\/\/sinoextrud.com\/da\/wp-json\/wp\/v2\/product\/7847","targetHints":{"allow":["GET"]}}],"collection":[{"href":"https:\/\/sinoextrud.com\/da\/wp-json\/wp\/v2\/product"}],"about":[{"href":"https:\/\/sinoextrud.com\/da\/wp-json\/wp\/v2\/types\/product"}],"wp:featuredmedia":[{"embeddable":true,"href":"https:\/\/sinoextrud.com\/da\/wp-json\/wp\/v2\/media\/7846"}],"wp:attachment":[{"href":"https:\/\/sinoextrud.com\/da\/wp-json\/wp\/v2\/media?parent=7847"}],"wp:term":[{"taxonomy":"category","embeddable":true,"href":"https:\/\/sinoextrud.com\/da\/wp-json\/wp\/v2\/categories?post=7847"}],"curies":[{"name":"wp","href":"https:\/\/api.w.org\/{rel}","templated":true}]}}