{"id":7843,"date":"2025-06-11T02:39:58","date_gmt":"2025-06-11T02:39:58","guid":{"rendered":"https:\/\/sinoextrud.com\/product\/wardrobe-cabinet-sliding-aluminum-profile\/"},"modified":"2025-06-24T06:13:48","modified_gmt":"2025-06-24T06:13:48","slug":"garderobeskab-med-glidende-aluminiumsprofil","status":"publish","type":"product","link":"https:\/\/sinoextrud.com\/da\/product\/wardrobe-cabinet-sliding-aluminum-profile\/","title":{"rendered":"Garderobeskab med glidende aluminiumsprofil"},"content":{"rendered":"<h2>Detaljer om produkter<\/h2>\n<table class=\"custom-table\">\n<tr>\n<td class=\"label\">Materiale<\/td>\n<td>Aluminiumslegering 6063 T5<br \/>\nGarderobeskab med glidende aluminiumsprofil<\/td>\n<\/tr>\n<tr>\n<td class=\"label\">Overfladebehandling<\/td>\n<td>Pulverlakering: Hvid, sort, ect.<br \/>\nAnodisering: S\u00f8lv, bronze, champagne, sort, gylden, titanium osv.<br \/>\nElektroforese: S\u00f8lv, champagne, sort, gylden, titanium osv.<\/td>\n<\/tr>\n<tr>\n<td class=\"label\">Dyb forarbejdningsevne<\/td>\n<td>Boring, b\u00f8jning, fremstilling af aluminiumsprofiler, pr\u00e6cis sk\u00e6ring osv.<\/td>\n<\/tr>\n<tr>\n<td class=\"label\">MOQ<\/td>\n<td>15.000 meter<\/td>\n<\/tr>\n<tr>\n<td class=\"label\">Pakning<\/td>\n<td>Hver aluminiumsprofil er klistret ind i beskyttende plastfilm, derefter pakkes 20 stk. i et bundt, et bundt indpakket i v\u00e6vede poser.<\/td>\n<\/tr>\n<tr>\n<td class=\"label\">Logo<\/td>\n<td>Vores logo er tilg\u00e6ngeligt, vi kan ogs\u00e5 markere dit logo p\u00e5 emballagen.<\/td>\n<\/tr>\n<tr>\n<td class=\"label\">Betalingsbetingelser<\/td>\n<td>T \/ T: 30% af den samlede v\u00e6rdi som depositum skal betales med T \/ T inden for 3 dage efter bekr\u00e6ftelse af ordren, og det resterende bel\u00f8b skal betales med T \/ T f\u00f8r forsendelse.<\/td>\n<\/tr>\n<\/table>\n<h2>Vores produktionsbase<\/h2>\n<h3>Panorama over fabrikken<\/h3>\n<p><img decoding=\"async\" src=\"\/wp-content\/uploads\/factory-01.webp\"\/><\/p>\n<h3>V\u00e6rksted til fremstilling af aluminiumst\u00e6nger<\/h3>\n<p><img decoding=\"async\" src=\"\/wp-content\/uploads\/factory-02.webp\"\/><\/p>\n<p><img decoding=\"async\" src=\"\/wp-content\/uploads\/factory-03.webp\"\/><\/p>\n<h3>Lager til opbevaring af skimmelsvampe<\/h3>\n<p><img decoding=\"async\" src=\"\/wp-content\/uploads\/factory-04.webp\"\/><\/p>\n<h3>43 ekstruderingslinjer for aluminium (500-5500 ton)<\/h3>\n<p><img decoding=\"async\" src=\"\/wp-content\/uploads\/factory-05.webp\"\/><\/p>\n<p><img decoding=\"async\" src=\"\/wp-content\/uploads\/factory-06.webp\"\/><\/p>\n<p><img decoding=\"async\" src=\"\/wp-content\/uploads\/factory-07.webp\"\/><\/p>\n<h3>V\u00e6rksted for pulverlakering<\/h3>\n<p><img decoding=\"async\" src=\"\/wp-content\/uploads\/factory-09.webp\"\/><\/p>\n<h3>Anodiseringsv\u00e6rksted<\/h3>\n<p><img decoding=\"async\" src=\"\/wp-content\/uploads\/factory-10.webp\"\/><\/p>\n<h3>Workshop om dyb behandling<\/h3>\n<p><img decoding=\"async\" src=\"\/wp-content\/uploads\/factory-11.webp\"\/><\/p>\n<h3>V\u00e6rksted for CNC-pr\u00e6cisionsbearbejdning<\/h3>\n<p><img decoding=\"async\" src=\"\/wp-content\/uploads\/factory-11.5.webp\"\/><\/p>\n<h3>F\u00e6rdigvare- og eksportlager<\/h3>\n<p><img decoding=\"async\" src=\"\/wp-content\/uploads\/factory-12.webp\"\/><\/p>\n<p><img decoding=\"async\" src=\"\/wp-content\/uploads\/factory-13.webp\"\/><\/p>\n<p><img decoding=\"async\" src=\"\/wp-content\/uploads\/factory-14.webp\"\/><\/p>\n<h2>OFTE STILLEDE SP\u00d8RGSM\u00c5L<\/h2>\n<p><p><b>1. Hvad er et garderobeskab med glidende aluminiumsprofil? <\/b><\/p>\n<p> En Wardrobe Cabinet Sliding Aluminum Profile er en specialiseret aluminiumsskinne, der bruges til at underst\u00f8tte skyded\u00f8re i garderobe- og skabssystemer, hvilket giver en j\u00e6vn og p\u00e5lidelig drift.<br \/>\n<\/p><br \/>\n<br \/>\n<p><b>2. Hvorfor v\u00e6lge aluminium til skydegarderobeprofiler? <\/b><\/p>\n<p> Aluminium er st\u00e6rkt, korrosionsbestandigt og let, hvilket g\u00f8r det til et ideelt materiale til langtidsholdbare og effektive skyded\u00f8rssystemer.<br \/>\n<\/p><br \/>\n<br \/>\n<p><b>3. Kan profilerne tilpasses til forskellige garderobest\u00f8rrelser? <\/b><\/p>\n<p> Ja, disse profiler kan i h\u00f8j grad tilpasses med hensyn til st\u00f8rrelse, tykkelse, finish og design, s\u00e5 de passer til specifikke garderobe- og skabsbehov.<br \/>\n<\/p><br \/>\n<br \/>\n<p><b>4. Er aluminiumsprofiler egnede til fugtige milj\u00f8er? <\/b><\/p>\n<p> Absolut, aluminium er naturligt korrosionsbestandigt og fungerer fremragende i omr\u00e5der med h\u00f8j luftfugtighed, som f.eks. badev\u00e6relser og k\u00f8kkener.<br \/>\n<\/p><br \/>\n<br \/>\n<p><b>5. Hvilke overflader er tilg\u00e6ngelige for glidende aluminiumsprofiler? <\/b><\/p>\n<p> Almindelige overflader omfatter anodiserede, pulverlakerede og b\u00f8rstede overflader, som giver b\u00e5de holdbarhed og \u00e6stetisk fleksibilitet.<br \/>\n<\/p><br \/>\n<br \/>\n<p><b>6. Er det nemt at montere den glidende aluminiumsprofil? <\/b><\/p>\n<p> Ja, profilerne er designet til nem installation med pr\u00e6fabrikerede komponenter, hvilket reducerer behovet for komplekse v\u00e6rkt\u00f8jer og arbejdskraft.<br \/>\n<\/p><br \/>\n<br \/>\n<p><b>7. Er disse profiler egnede til kommerciel brug? <\/b><\/p>\n<p> Ja, disse profiler er ideelle til garderobe- og skabssystemer til b\u00e5de boliger og erhverv, da de er holdbare og har en j\u00e6vn ydeevne ved h\u00f8j trafik.<br \/>\n<\/p><br \/>\n<br \/>\n<p><b>8. Kr\u00e6ver disse aluminiumsprofiler vedligeholdelse? <\/b><\/p>\n<p> Nej, aluminiumsprofiler kr\u00e6ver kun lidt vedligeholdelse og kun lejlighedsvis reng\u00f8ring for at bevare deres ydeevne og udseende.<br \/>\n<\/p><br \/><\/p>","protected":false},"featured_media":7842,"template":"","categories":[67],"class_list":["post-7843","product","type-product","status-publish","has-post-thumbnail","hentry","category-architectural-aluminium-profile"],"meta_box":{"hilight_text_group":{"product_hilight_text":"<li>Durable aluminum profiles ensure smooth, long-lasting sliding door operation for wardrobes and cabinets.<\/li>\r\r\n<li>Corrosion-resistant surface guarantees high performance in high-humidity environments.<\/li>\r\r\n<li>Lightweight yet strong, providing structural stability without adding excess weight.<\/li>\r\r\n<li>Customizable profiles in various sizes, finishes, and designs to suit any wardrobe system.<\/li>\r\r\n<li>Easy to install with pre-engineered components and minimal tools required.<\/li>\r\r\n<li>Ideal for residential and commercial applications, enhancing both functionality and aesthetics.<\/li>","product_chanpin_blog":"<ul>\r\r\n<li><a href=\"https:\/\/sinoextrud.com\/t-slot-v-slot-differences\/\" target=\"_blank\">t slot vs v slot<\/a><\/li>\r\r\n<li><a href=\"https:\/\/sinoextrud.com\/what-is-4040-aluminium-extrud\/\" target=\"_blank\">4040 aluminium extrusion<\/a><\/li>\r\r\n<li><a href=\"https:\/\/sinoextrud.com\/what-is-4040-aluminium-extrud\/\" target=\"_blank\">aluminum extrusions for industrial racks<\/a><\/li>\r\r\n<li><a href=\"https:\/\/sinoextrud.com\/powder-coating-aluminium-process\/\" target=\"_blank\">powder coating aluminium<\/a><\/li>\r\r\n<li><a href=\"https:\/\/sinoextrud.com\/what-is-an-aluminium-strip-ceiling\/\" target=\"_blank\">aluminium strip ceiling<\/a><\/li>\r\r\n<li><a href=\"https:\/\/sinoextrud.com\/what-is-a-heat-sink\/\" target=\"_blank\">what is a heat sink<\/a><\/li>\r\r\n<\/ul>","product_chanpin_chanpin":"<li><a href=\"https:\/\/sinoextrud.com\/product\/sandblasted-aluminum-finish-profile\/\" target=\"_blank\">Sandblasted Aluminum Finish Profile<\/a><\/li>\r\n<li><a href=\"https:\/\/sinoextrud.com\/product\/aluminum-handrail-systems\/\" target=\"_blank\">Aluminum Handrail Systems<\/a><\/li>\r\n<li><a href=\"https:\/\/sinoextrud.com\/product\/curtain-aluminum-profile-extrusion-for-window\/\" target=\"_blank\">Curtain Aluminum Profile Extrusion For Window<\/a><\/li>\r\n<li><a href=\"https:\/\/sinoextrud.com\/product\/extrusion-of-aluminium-alloys-celing-aluminum-tube-wood-grain\/\" target=\"_blank\">Extrusion Of Aluminium Alloys Celing Aluminum Tube Wood Grain<\/a><\/li>\r\n<li><a href=\"https:\/\/sinoextrud.com\/product\/wardrobe-cabinet-sliding-aluminum-profile\/\" target=\"_blank\">Wardrobe Cabinet Sliding Aluminum Profile<\/a><\/li>\r\n<li><a href=\"https:\/\/sinoextrud.com\/product\/aluminum-cabinet-door-extrusion\/\" target=\"_blank\">Aluminum Cabinet Door Extrusion<\/a><\/li>\r\n<li><a href=\"https:\/\/sinoextrud.com\/product\/aluminum-structural-framing-system\/\" target=\"_blank\">Aluminum Structural Framing System<\/a><\/li>\r\n<li><a href=\"https:\/\/sinoextrud.com\/product\/standard-aluminum-shapes\/\" target=\"_blank\">Standard Aluminum Shapes<\/a><\/li>\r\n<li><a href=\"https:\/\/sinoextrud.com\/product\/aluminium-profiles-doors-windows-wood-imitation\/\" target=\"_blank\">Aluminium Profiles Doors Windows Wood Imitation<\/a><\/li>\r\n<li><a href=\"https:\/\/sinoextrud.com\/product\/aluminium-profile-for-glass-railing\/\" target=\"_blank\">Aluminium Profile For Glass Railing<\/a><\/li>\r\n<li><a href=\"https:\/\/sinoextrud.com\/product\/modular-aluminium-frame\/\" target=\"_blank\">Modular Aluminium Frame<\/a><\/li>"},"feature_list":[]},"_links":{"self":[{"href":"https:\/\/sinoextrud.com\/da\/wp-json\/wp\/v2\/product\/7843","targetHints":{"allow":["GET"]}}],"collection":[{"href":"https:\/\/sinoextrud.com\/da\/wp-json\/wp\/v2\/product"}],"about":[{"href":"https:\/\/sinoextrud.com\/da\/wp-json\/wp\/v2\/types\/product"}],"wp:featuredmedia":[{"embeddable":true,"href":"https:\/\/sinoextrud.com\/da\/wp-json\/wp\/v2\/media\/7842"}],"wp:attachment":[{"href":"https:\/\/sinoextrud.com\/da\/wp-json\/wp\/v2\/media?parent=7843"}],"wp:term":[{"taxonomy":"category","embeddable":true,"href":"https:\/\/sinoextrud.com\/da\/wp-json\/wp\/v2\/categories?post=7843"}],"curies":[{"name":"wp","href":"https:\/\/api.w.org\/{rel}","templated":true}]}}