{"id":7841,"date":"2025-06-11T02:37:54","date_gmt":"2025-06-11T02:37:54","guid":{"rendered":"https:\/\/sinoextrud.com\/product\/extrusion-of-aluminium-alloys-celing-aluminum-tube-wood-grain\/"},"modified":"2025-06-24T06:13:47","modified_gmt":"2025-06-24T06:13:47","slug":"ekstrudering-af-aluminiumslegeringer-med-aluminiumsror-med-traestruktur","status":"publish","type":"product","link":"https:\/\/sinoextrud.com\/da\/product\/extrusion-of-aluminium-alloys-celing-aluminum-tube-wood-grain\/","title":{"rendered":"Ekstrudering af aluminiumslegeringer Celing Aluminum Tube Wood Grain"},"content":{"rendered":"<h2>Detaljer om produkter<\/h2>\n<table class=\"custom-table\">\n<tbody>\n<tr>\n<td> Produktets navn<\/td>\n<td> Ekstrudering af aluminiumslegeringer med aluminiumsr\u00f8r med tr\u00e6struktur<\/td>\n<\/tr>\n<tr>\n<td> Aluminiumslegering<\/td>\n<td> 6063-T5, eller tilpasning<\/td>\n<\/tr>\n<tr>\n<td> Overfladebehandling<\/td>\n<td> Tr\u00e6korn eller tilpasning<\/td>\n<\/tr>\n<tr>\n<td> Farve<\/td>\n<td> Pulverlakering eller tilpasning<\/td>\n<\/tr>\n<tr>\n<td> St\u00f8rrelse<\/td>\n<td> 1-9 m, eller tilpasning<\/td>\n<\/tr>\n<tr>\n<td> Anvendelse<\/td>\n<td> Ekstruderet aluminium til dekoration, loft, nedh\u00e6ngt loft, arkitektur, fabrikation osv.<\/td>\n<\/tr>\n<tr>\n<td> Brand<\/td>\n<td> Sinoextrud \/ Sinoextrud \/ Sinoextrud Aluminium<\/td>\n<\/tr>\n<tr>\n<td> Oprindelse<\/td>\n<td> Foshan, Kina<\/td>\n<\/tr>\n<\/tbody>\n<\/table>\n<h2>Vores produktionsbase<\/h2>\n<h3>Panorama over fabrikken<\/h3>\n<p><img decoding=\"async\" src=\"\/wp-content\/uploads\/factory-01.webp\"\/><\/p>\n<h3>V\u00e6rksted til fremstilling af aluminiumst\u00e6nger<\/h3>\n<p><img decoding=\"async\" src=\"\/wp-content\/uploads\/factory-02.webp\"\/><\/p>\n<p><img decoding=\"async\" src=\"\/wp-content\/uploads\/factory-03.webp\"\/><\/p>\n<h3>Lager til opbevaring af skimmelsvampe<\/h3>\n<p><img decoding=\"async\" src=\"\/wp-content\/uploads\/factory-04.webp\"\/><\/p>\n<h3>43 ekstruderingslinjer for aluminium (500-5500 ton)<\/h3>\n<p><img decoding=\"async\" src=\"\/wp-content\/uploads\/factory-05.webp\"\/><\/p>\n<p><img decoding=\"async\" src=\"\/wp-content\/uploads\/factory-06.webp\"\/><\/p>\n<p><img decoding=\"async\" src=\"\/wp-content\/uploads\/factory-07.webp\"\/><\/p>\n<h3>V\u00e6rksted for pulverlakering<\/h3>\n<p><img decoding=\"async\" src=\"\/wp-content\/uploads\/factory-09.webp\"\/><\/p>\n<h3>Anodiseringsv\u00e6rksted<\/h3>\n<p><img decoding=\"async\" src=\"\/wp-content\/uploads\/factory-10.webp\"\/><\/p>\n<h3>Workshop om dyb behandling<\/h3>\n<p><img decoding=\"async\" src=\"\/wp-content\/uploads\/factory-11.webp\"\/><\/p>\n<h3>V\u00e6rksted for CNC-pr\u00e6cisionsbearbejdning<\/h3>\n<p><img decoding=\"async\" src=\"\/wp-content\/uploads\/factory-11.5.webp\"\/><\/p>\n<h3>F\u00e6rdigvare- og eksportlager<\/h3>\n<p><img decoding=\"async\" src=\"\/wp-content\/uploads\/factory-12.webp\"\/><\/p>\n<p><img decoding=\"async\" src=\"\/wp-content\/uploads\/factory-13.webp\"\/><\/p>\n<p><img decoding=\"async\" src=\"\/wp-content\/uploads\/factory-14.webp\"\/><\/p>\n<h2>OFTE STILLEDE SP\u00d8RGSM\u00c5L<\/h2>\n<p><p><b>1. Hvad er ekstrudering af aluminiumslegeringer med loft af aluminiumsr\u00f8r med tr\u00e6korn? <\/b><\/p>\n<p> Det er et dekorativt loftsr\u00f8r lavet af ekstruderet aluminiumslegering med en tr\u00e6kornsfinish, der efterligner naturligt tr\u00e6 og samtidig giver metal holdbarhed.<br \/>\n<\/p><br \/>\n<br \/>\n<p><b>2. Hvorfor bruge aluminiumsr\u00f8r med tr\u00e6korn til lofter? <\/b><\/p>\n<p> De giver den visuelle varme fra tr\u00e6 med aluminiums brandsikkerhed, holdbarhed og lave vedligeholdelse.<br \/>\n<\/p><br \/>\n<br \/>\n<p><b>3. Er tr\u00e6ets kornfinish holdbar? <\/b><\/p>\n<p> Ja, overfladen er behandlet med avancerede sublimerings- eller pulverlakeringsteknologier for at sikre modstandsdygtighed over for falmning og langvarig \u00e6stetik.<br \/>\n<\/p><br \/>\n<br \/>\n<p><b>4. Kan dette aluminiumsr\u00f8r bruges i fugtige milj\u00f8er? <\/b><\/p>\n<p> Det korrosionsbestandige aluminium og den beskyttende bel\u00e6gning g\u00f8r den velegnet til k\u00f8kkener, badev\u00e6relser og overd\u00e6kkede udend\u00f8rsarealer.<br \/>\n<\/p><br \/>\n<br \/>\n<p><b>5. Er den nem at installere? <\/b><\/p>\n<p> Ja, det lette design og den hule struktur forenkler h\u00e5ndtering og loftsinstallation med standardmonteringssystemer.<br \/>\n<\/p><br \/>\n<br \/>\n<p><b>6. Findes der forskellige tr\u00e6m\u00f8nstre? <\/b><\/p>\n<p> Ja, en r\u00e6kke forskellige tr\u00e6toner og teksturer kan tilpasses, s\u00e5 de passer til arkitektoniske og indretningsm\u00e6ssige temaer.<br \/>\n<\/p><br \/>\n<br \/>\n<p><b>7. Er dette produkt milj\u00f8venligt? <\/b><\/p>\n<p> Ja, aluminium er 100% genanvendeligt, og tr\u00e6finishen eliminerer behovet for skovrydning, hvilket g\u00f8r det til et b\u00e6redygtigt valg.<br \/>\n<\/p><br \/>\n<br \/>\n<p><b>8. Opfylder det brandsikkerhedsstandarder? <\/b><\/p>\n<p> Ja, aluminium er naturligt brandh\u00e6mmende, hvilket g\u00f8r det til en sikker l\u00f8sning til bolig-, erhvervs- og offentlige lofter.<br \/>\n<\/p><br \/><\/p>","protected":false},"featured_media":7840,"template":"","categories":[67],"class_list":["post-7841","product","type-product","status-publish","has-post-thumbnail","hentry","category-architectural-aluminium-profile"],"meta_box":{"hilight_text_group":{"product_hilight_text":"<li>Combines the durability of aluminum with the aesthetic appeal of wood grain finish.<\/li>\r\r\n<li>Lightweight aluminum tube structure reduces ceiling load and simplifies installation.<\/li>\r\r\n<li>Corrosion-resistant surface ideal for humid or high-traffic environments.<\/li>\r\r\n<li>Customizable lengths, diameters, and wood grain patterns to suit design needs.<\/li>\r\r\n<li>Low maintenance and fade-resistant surface finish ensures long-term appearance.<\/li>\r\r\n<li>Environmentally friendly material that is 100% recyclable and fire-resistant.<\/li>","product_chanpin_blog":"<ul>\r\r\n<li><a href=\"https:\/\/sinoextrud.com\/t-slot-v-slot-differences\/\" target=\"_blank\">t slot vs v slot<\/a><\/li>\r\r\n<li><a href=\"https:\/\/sinoextrud.com\/what-is-4040-aluminium-extrud\/\" target=\"_blank\">4040 aluminium extrusion<\/a><\/li>\r\r\n<li><a href=\"https:\/\/sinoextrud.com\/what-is-4040-aluminium-extrud\/\" target=\"_blank\">aluminum extrusions for industrial racks<\/a><\/li>\r\r\n<li><a href=\"https:\/\/sinoextrud.com\/powder-coating-aluminium-process\/\" target=\"_blank\">powder coating aluminium<\/a><\/li>\r\r\n<li><a href=\"https:\/\/sinoextrud.com\/what-is-an-aluminium-strip-ceiling\/\" target=\"_blank\">aluminium strip ceiling<\/a><\/li>\r\r\n<li><a href=\"https:\/\/sinoextrud.com\/what-is-a-heat-sink\/\" target=\"_blank\">what is a heat sink<\/a><\/li>\r\r\n<\/ul>","product_chanpin_chanpin":"<li><a href=\"https:\/\/sinoextrud.com\/product\/aluminum-door-jamb-extrusion\/\" target=\"_blank\">Aluminum Door Jamb Extrusion<\/a><\/li>\r\n<li><a href=\"https:\/\/sinoextrud.com\/product\/sandblasted-aluminum-finish-profile\/\" target=\"_blank\">Sandblasted Aluminum Finish Profile<\/a><\/li>\r\n<li><a href=\"https:\/\/sinoextrud.com\/product\/aluminum-handrail-systems\/\" target=\"_blank\">Aluminum Handrail Systems<\/a><\/li>\r\n<li><a href=\"https:\/\/sinoextrud.com\/product\/curtain-aluminum-profile-extrusion-for-window\/\" target=\"_blank\">Curtain Aluminum Profile Extrusion For Window<\/a><\/li>\r\n<li><a href=\"https:\/\/sinoextrud.com\/product\/extrusion-of-aluminium-alloys-celing-aluminum-tube-wood-grain\/\" target=\"_blank\">Extrusion Of Aluminium Alloys Celing Aluminum Tube Wood Grain<\/a><\/li>\r\n<li><a href=\"https:\/\/sinoextrud.com\/product\/wardrobe-cabinet-sliding-aluminum-profile\/\" target=\"_blank\">Wardrobe Cabinet Sliding Aluminum Profile<\/a><\/li>\r\n<li><a href=\"https:\/\/sinoextrud.com\/product\/aluminum-cabinet-door-extrusion\/\" target=\"_blank\">Aluminum Cabinet Door Extrusion<\/a><\/li>\r\n<li><a href=\"https:\/\/sinoextrud.com\/product\/aluminum-structural-framing-system\/\" target=\"_blank\">Aluminum Structural Framing System<\/a><\/li>\r\n<li><a href=\"https:\/\/sinoextrud.com\/product\/standard-aluminum-shapes\/\" target=\"_blank\">Standard Aluminum Shapes<\/a><\/li>\r\n<li><a href=\"https:\/\/sinoextrud.com\/product\/customized-powder-coated-tube-decorative-anodized-aluminum-louver-fence-panel-for-modern-garden\/\" target=\"_blank\">Customized Powder Coated Tube Decorative Anodized Aluminum Louver Fence Panel For Modern Garden<\/a><\/li>\r\n<li><a href=\"https:\/\/sinoextrud.com\/product\/aluminum-cladding-system\/\" target=\"_blank\">Aluminum Cladding System<\/a><\/li>"},"feature_list":[]},"_links":{"self":[{"href":"https:\/\/sinoextrud.com\/da\/wp-json\/wp\/v2\/product\/7841","targetHints":{"allow":["GET"]}}],"collection":[{"href":"https:\/\/sinoextrud.com\/da\/wp-json\/wp\/v2\/product"}],"about":[{"href":"https:\/\/sinoextrud.com\/da\/wp-json\/wp\/v2\/types\/product"}],"wp:featuredmedia":[{"embeddable":true,"href":"https:\/\/sinoextrud.com\/da\/wp-json\/wp\/v2\/media\/7840"}],"wp:attachment":[{"href":"https:\/\/sinoextrud.com\/da\/wp-json\/wp\/v2\/media?parent=7841"}],"wp:term":[{"taxonomy":"category","embeddable":true,"href":"https:\/\/sinoextrud.com\/da\/wp-json\/wp\/v2\/categories?post=7841"}],"curies":[{"name":"wp","href":"https:\/\/api.w.org\/{rel}","templated":true}]}}