{"id":7835,"date":"2025-06-11T02:32:57","date_gmt":"2025-06-11T02:32:57","guid":{"rendered":"https:\/\/sinoextrud.com\/product\/sandblasted-aluminum-finish-profile\/"},"modified":"2025-06-24T06:13:46","modified_gmt":"2025-06-24T06:13:46","slug":"profil-med-sandblaest-aluminiumsfinish","status":"publish","type":"product","link":"https:\/\/sinoextrud.com\/da\/product\/sandblasted-aluminum-finish-profile\/","title":{"rendered":"Sandbl\u00e6st aluminiumsfinish Profil"},"content":{"rendered":"<h2>Detaljer om produkter<\/h2>\n<table class=\"custom-table\">\n<tbody>\n<tr>\n<td> Vare:<\/td>\n<td> Sandbl\u00e6st aluminiumsfinish Profil<\/td>\n<\/tr>\n<tr>\n<td> Form:<\/td>\n<td> Vi kan ekstrudere i henhold til dine designs<\/td>\n<\/tr>\n<tr>\n<td> Temperament:<\/td>\n<td> T3-T8<\/td>\n<\/tr>\n<tr>\n<td> Legering:<\/td>\n<td> Legering<\/td>\n<\/tr>\n<tr>\n<td> Legeringsingrediens:<\/td>\n<td> 6063<\/td>\n<\/tr>\n<tr>\n<td> Overfladebehandling:<\/td>\n<td> Fr\u00e6sning, anodisering, pulverlakering, elektroforese, sandbl\u00e6sning osv.<\/td>\n<\/tr>\n<tr>\n<td> Materiale:<\/td>\n<td> Aluminiumslegering i 6000-serien<\/td>\n<\/tr>\n<tr>\n<td> L\u00e6ngde:<\/td>\n<td> 1m-9m<\/td>\n<\/tr>\n<tr>\n<td> Leveringstid:<\/td>\n<td> 20-25 dage<\/td>\n<\/tr>\n<tr>\n<td> Farve:<\/td>\n<td> Sliver,Hvid,Sort,Champange,Brun<\/td>\n<\/tr>\n<tr>\n<td> Transportpakke:<\/td>\n<td> Fabrikkens standard eksportemballage<\/td>\n<\/tr>\n<tr>\n<td> Oprindelse:<\/td>\n<td> Kina<\/td>\n<\/tr>\n<tr>\n<td> Type:<\/td>\n<td> Aluminiumsprofil til vinduer og d\u00f8re, aluminiumsprofil til dekoration, aluminiumsprofil til k\u00f8leplade, aluminiumsprofil til glasv\u00e6g, aluminiumsprofil til transport, m\u00f8bler<\/td>\n<\/tr>\n<tr>\n<td> Karakter:<\/td>\n<td> 6000-serien<\/td>\n<\/tr>\n<tr>\n<td> St\u00f8rrelse:<\/td>\n<td> Tilpasset<\/td>\n<\/tr>\n<tr>\n<td> Overflade:<\/td>\n<td> Tilpasset<\/td>\n<\/tr>\n<tr>\n<td> Pr\u00f8veordre:<\/td>\n<td> Accepteret<\/td>\n<\/tr>\n<tr>\n<td> Varem\u00e6rke:<\/td>\n<td> OEM<\/td>\n<\/tr>\n<tr>\n<td> Specifikation:<\/td>\n<td> SGS<\/td>\n<\/tr>\n<tr>\n<td> Farven er tilg\u00e6ngelig:<\/td>\n<td> S\u00f8lv, champagne og s\u00e5 videre, afh\u00e6nger af din eftersp\u00f8rgsel<\/td>\n<\/tr>\n<tr>\n<td> Pakningsdetaljer:<\/td>\n<td> Krympefilm, som du \u00f8nsker det<\/td>\n<\/tr>\n<tr>\n<td> Pr\u00f8ver:<\/td>\n<td> 10-15 dage efter modtagelse af formgebyret8. Levering: 25 dage efter indbetaling<\/td>\n<\/tr>\n<tr>\n<td> Produktionskapacitet:<\/td>\n<td> 15.000MT\/m\u00e5ned<\/td>\n<\/tr>\n<tr>\n<td> MOQ:<\/td>\n<td> 200 kg<\/td>\n<\/tr>\n<tr>\n<td> Betalingsbetingelser:<\/td>\n<td> T\/T<\/td>\n<\/tr>\n<tr>\n<td> Havn:<\/td>\n<td> Foshan, Guangzhou, Shenzhen<\/td>\n<\/tr>\n<\/tbody>\n<\/table>\n<h2>Vores produktionsbase<\/h2>\n<h3>Panorama over fabrikken<\/h3>\n<p><img decoding=\"async\" src=\"\/wp-content\/uploads\/factory-01.webp\"\/><\/p>\n<h3>V\u00e6rksted til fremstilling af aluminiumst\u00e6nger<\/h3>\n<p><img decoding=\"async\" src=\"\/wp-content\/uploads\/factory-02.webp\"\/><\/p>\n<\/p>\n<p><img decoding=\"async\" src=\"\/wp-content\/uploads\/factory-03.webp\"\/><\/p>\n<h3>Lager til opbevaring af skimmelsvampe<\/h3>\n<p><img decoding=\"async\" src=\"\/wp-content\/uploads\/factory-04.webp\"\/><\/p>\n<h3>43 ekstruderingslinjer for aluminium (500-5500 ton)<\/h3>\n<p><img decoding=\"async\" src=\"\/wp-content\/uploads\/factory-05.webp\"\/><\/p>\n<p><img decoding=\"async\" src=\"\/wp-content\/uploads\/factory-06.webp\"\/><\/p>\n<p><img decoding=\"async\" src=\"\/wp-content\/uploads\/factory-07.webp\"\/><\/p>\n<h3>V\u00e6rksted for pulverlakering<\/h3>\n<p><img decoding=\"async\" src=\"\/wp-content\/uploads\/factory-09.webp\"\/><\/p>\n<h3>Anodiseringsv\u00e6rksted<\/h3>\n<p><img decoding=\"async\" src=\"\/wp-content\/uploads\/factory-10.webp\"\/><\/p>\n<h3>Workshop om dyb behandling<\/h3>\n<p><img decoding=\"async\" src=\"\/wp-content\/uploads\/factory-11.webp\"\/><\/p>\n<h3>V\u00e6rksted for CNC-pr\u00e6cisionsbearbejdning<\/h3>\n<p><img decoding=\"async\" src=\"\/wp-content\/uploads\/factory-11.5.webp\"\/><\/p>\n<h3>F\u00e6rdigvare- og eksportlager<\/h3>\n<p><img decoding=\"async\" src=\"\/wp-content\/uploads\/factory-12.webp\"\/><\/p>\n<p><img decoding=\"async\" src=\"\/wp-content\/uploads\/factory-13.webp\"\/><\/p>\n<p><img decoding=\"async\" src=\"\/wp-content\/uploads\/factory-14.webp\"\/><\/p>\n<h2>OFTE STILLEDE SP\u00d8RGSM\u00c5L<\/h2>\n<p><b>1. Hvad er en sandbl\u00e6st aluminiumsprofil?<\/b><\/p>\n<p>Det er en aluminiumprofil, der er blevet sandbl\u00e6st for at skabe en mat, struktureret overflade, som giver en bedre \u00e6stetik og ydeevne.\n<\/p>\n<p><\/p>\n<p><b>2. Hvorfor v\u00e6lge sandbl\u00e6ste aluminiumsprofiler?<\/b><\/p>\n<p>Sandbl\u00e6st aluminium giver et slankt, moderne look med ekstra greb, ridsefasthed og reduceret bl\u00e6nding eller synlighed af fingeraftryk.\n<\/p>\n<p><\/p>\n<p><b>3. Kan sandbl\u00e6ste aluminiumsprofiler tilpasses?<\/b><\/p>\n<p>Ja, de kan skr\u00e6ddersys i dimensioner, tv\u00e6rsnitsform og legeringstype, hvor sandbl\u00e6sningsprocessen anvendes f\u00f8r eller efter yderligere efterbehandling.\n<\/p>\n<p><\/p>\n<p><b>4. Hvad er de mest almindelige anvendelsesomr\u00e5der for sandbl\u00e6ste aluminiumsprofiler?<\/b><\/p>\n<p>De bruges i arkitektur, m\u00f8bler, elektronik, pyntelister, skiltning og avancerede produktkabinetter.\n<\/p>\n<p><\/p>\n<p><b>5. Er den sandbl\u00e6ste overflade kompatibel med anodisering?<\/b><\/p>\n<p>Absolut, sandbl\u00e6sning bruges ofte f\u00f8r anodisering for at forbedre farveoptagelsen og skabe et ensartet mat udseende.\n<\/p>\n<p><\/p>\n<p><b>6. P\u00e5virker sandbl\u00e6sning korrosionsbestandigheden?<\/b><\/p>\n<p>Nej, n\u00e5r det kombineres med anodisering eller pulverlakering, har sandbl\u00e6st aluminium en fremragende korrosionsbestandighed i udend\u00f8rs og fugtige milj\u00f8er.\n<\/p>\n<p><\/p>\n<p><b>7. Er sandbl\u00e6ste aluminiumsprofiler velegnede til avancerede designprojekter?<\/b><\/p>\n<p>Ja, den glatte, matte tekstur og den tilpassede finish g\u00f8r dem perfekte til f\u00f8rsteklasses arkitektur, forbrugerelektronik og indretningsdesign.\n<\/p>\n<p><\/p>","protected":false},"featured_media":7834,"template":"","categories":[67],"class_list":["post-7835","product","type-product","status-publish","has-post-thumbnail","hentry","category-architectural-aluminium-profile"],"meta_box":{"hilight_text_group":{"product_hilight_text":"<li>Sandblasted finish creates a refined, matte texture with anti-fingerprint properties<\/li>\r\r\n<li>High-strength aluminum ensures long-term structural reliability<\/li>\r\r\n<li>Corrosion-resistant surface ideal for indoor and outdoor applications<\/li>\r\r\n<li>Customizable in size, shape, and alloy to suit specific design needs<\/li>\r\r\n<li>Enhances visual appeal for decorative, architectural, and industrial use<\/li>\r\r\n<li>Compatible with anodizing and other post-processing treatments<\/li>","product_chanpin_blog":"<ul>\r\r\n<li><a href=\"https:\/\/sinoextrud.com\/t-slot-v-slot-differences\/\" target=\"_blank\">t slot vs v slot<\/a><\/li>\r\r\n<li><a href=\"https:\/\/sinoextrud.com\/what-is-4040-aluminium-extrud\/\" target=\"_blank\">4040 aluminium extrusion<\/a><\/li>\r\r\n<li><a href=\"https:\/\/sinoextrud.com\/what-is-4040-aluminium-extrud\/\" target=\"_blank\">aluminum extrusions for industrial racks<\/a><\/li>\r\r\n<li><a href=\"https:\/\/sinoextrud.com\/powder-coating-aluminium-process\/\" target=\"_blank\">powder coating aluminium<\/a><\/li>\r\r\n<li><a href=\"https:\/\/sinoextrud.com\/what-is-an-aluminium-strip-ceiling\/\" target=\"_blank\">aluminium strip ceiling<\/a><\/li>\r\r\n<li><a href=\"https:\/\/sinoextrud.com\/what-is-a-heat-sink\/\" target=\"_blank\">what is a heat sink<\/a><\/li>\r\r\n<\/ul>","product_chanpin_chanpin":"<li><a href=\"https:\/\/sinoextrud.com\/product\/80-x-80-aluminum-extrusion\/\" target=\"_blank\">80 X 80 Aluminum Extrusion<\/a><\/li>\r\n<li><a href=\"https:\/\/sinoextrud.com\/product\/aluminum-profile-price-of-aluminium-partition-wall-studs-aluminum-manufacturer\/\" target=\"_blank\">aluminum profile price of aluminium partition wall studs aluminum manufacturer<\/a><\/li>\r\n<li><a href=\"https:\/\/sinoextrud.com\/product\/extrusions-aluminum-structural-framing-kitchen-cabinet-doors-oem-anodized-champagne-selling-in-pakistan\/\" target=\"_blank\">extrusions aluminum structural framing kitchen cabinet doors OEM Anodized champagne selling in pakistan<\/a><\/li>\r\n<li><a href=\"https:\/\/sinoextrud.com\/product\/aluminum-door-jamb-extrusion\/\" target=\"_blank\">Aluminum Door Jamb Extrusion<\/a><\/li>\r\n<li><a href=\"https:\/\/sinoextrud.com\/product\/sandblasted-aluminum-finish-profile\/\" target=\"_blank\">Sandblasted Aluminum Finish Profile<\/a><\/li>\r\n<li><a href=\"https:\/\/sinoextrud.com\/product\/aluminum-handrail-systems\/\" target=\"_blank\">Aluminum Handrail Systems<\/a><\/li>\r\n<li><a href=\"https:\/\/sinoextrud.com\/product\/curtain-aluminum-profile-extrusion-for-window\/\" target=\"_blank\">Curtain Aluminum Profile Extrusion For Window<\/a><\/li>\r\n<li><a href=\"https:\/\/sinoextrud.com\/product\/extrusion-of-aluminium-alloys-celing-aluminum-tube-wood-grain\/\" target=\"_blank\">Extrusion Of Aluminium Alloys Celing Aluminum Tube Wood Grain<\/a><\/li>\r\n<li><a href=\"https:\/\/sinoextrud.com\/product\/wardrobe-cabinet-sliding-aluminum-profile\/\" target=\"_blank\">Wardrobe Cabinet Sliding Aluminum Profile<\/a><\/li>\r\n<li><a href=\"https:\/\/sinoextrud.com\/product\/aluminum-sliding-door-frames-extrusion-profile-with-custom-shape-alloy-6063-for-furnitures-decoration\/\" target=\"_blank\">Aluminum Sliding Door Frames Extrusion Profile With Custom Shape Alloy 6063 For Furnitures Decoration<\/a><\/li>\r\n<li><a href=\"https:\/\/sinoextrud.com\/product\/aluminium-t-track-extrusions\/\" target=\"_blank\">Aluminium T Track Extrusions<\/a><\/li>"},"feature_list":[]},"_links":{"self":[{"href":"https:\/\/sinoextrud.com\/da\/wp-json\/wp\/v2\/product\/7835","targetHints":{"allow":["GET"]}}],"collection":[{"href":"https:\/\/sinoextrud.com\/da\/wp-json\/wp\/v2\/product"}],"about":[{"href":"https:\/\/sinoextrud.com\/da\/wp-json\/wp\/v2\/types\/product"}],"wp:featuredmedia":[{"embeddable":true,"href":"https:\/\/sinoextrud.com\/da\/wp-json\/wp\/v2\/media\/7834"}],"wp:attachment":[{"href":"https:\/\/sinoextrud.com\/da\/wp-json\/wp\/v2\/media?parent=7835"}],"wp:term":[{"taxonomy":"category","embeddable":true,"href":"https:\/\/sinoextrud.com\/da\/wp-json\/wp\/v2\/categories?post=7835"}],"curies":[{"name":"wp","href":"https:\/\/api.w.org\/{rel}","templated":true}]}}