{"id":7833,"date":"2025-06-11T02:30:53","date_gmt":"2025-06-11T02:30:53","guid":{"rendered":"https:\/\/sinoextrud.com\/product\/aluminum-door-jamb-extrusion\/"},"modified":"2025-06-24T06:13:46","modified_gmt":"2025-06-24T06:13:46","slug":"ekstrudering-af-dorkarm-i-aluminium","status":"publish","type":"product","link":"https:\/\/sinoextrud.com\/da\/product\/aluminum-door-jamb-extrusion\/","title":{"rendered":"Ekstrudering af d\u00f8rkarm i aluminium"},"content":{"rendered":"<h2>Detaljer om produkter<\/h2>\n<table class=\"custom-table\">\n<tbody>\n<tr>\n<td> Produktets navn<\/td>\n<td> Ekstrudering af d\u00f8rkarm i aluminium<\/td>\n<\/tr>\n<tr>\n<td> Materiale<\/td>\n<td> Aluminiumslegering 6063 eller 6061.<\/td>\n<\/tr>\n<tr>\n<td> Temperament<\/td>\n<td> T3-T8<\/td>\n<\/tr>\n<tr>\n<td> Farve<\/td>\n<td> Anodiseret, tr\u00e6korn eller anden tilpasset farve<\/td>\n<\/tr>\n<tr>\n<td> Ans\u00f8gning<\/td>\n<td> Vindue og d\u00f8r<\/td>\n<\/tr>\n<tr>\n<td> Brand<\/td>\n<td> Sinoextrud eller OEM<\/td>\n<\/tr>\n<tr>\n<td> CNC-proces<\/td>\n<td> CNC-fr\u00e6sning, stansning, boring, gevindsk\u00e6ring, bukning<\/td>\n<\/tr>\n<tr>\n<td> MOQ<\/td>\n<td> 200 kg til tr\u00e6kornsprofiler, 200 kg til andre overflader<\/td>\n<\/tr>\n<tr>\n<td> Overfladebehandling<\/td>\n<td> Tr\u00e6korn, anodiseret, pulverlakering, elektroforese, PVDF-bel\u00e6gning, b\u00f8rstet osv.<\/td>\n<\/tr>\n<tr>\n<td> Certificeringer<\/td>\n<td> ISO9001,ISO4001,CQM,SGS,CE,BV etc.<\/td>\n<\/tr>\n<tr>\n<td> Genneml\u00f8bstid<\/td>\n<td> 1. Die-open og pr\u00f8vetest 12-15 dage.<br \/>\n2. masseproduktion 25-30 dage.<\/td>\n<\/tr>\n<tr>\n<td> Leveringsperiode<\/td>\n<td> EXW eller FOB Foshan\/Guangzhou\/Shenzhen<\/td>\n<\/tr>\n<tr>\n<td> Betalingsperiode<\/td>\n<td> Alipay, LC eller TT 30% depositum, balance f\u00f8r forsendelse<\/td>\n<\/tr>\n<tr>\n<td> Oprindelsessted<\/td>\n<td> Guangdong, Kina<\/td>\n<\/tr>\n<\/tbody>\n<\/table>\n<h2>Vores produktionsbase<\/h2>\n<h3>Panorama over fabrikken<\/h3>\n<p><img decoding=\"async\" src=\"\/wp-content\/uploads\/factory-01.webp\"\/><\/p>\n<h3>V\u00e6rksted til fremstilling af aluminiumst\u00e6nger<\/h3>\n<p><img decoding=\"async\" src=\"\/wp-content\/uploads\/factory-02.webp\"\/><\/p>\n<\/p>\n<p><img decoding=\"async\" src=\"\/wp-content\/uploads\/factory-03.webp\"\/><\/p>\n<h3>Lager til opbevaring af skimmelsvampe<\/h3>\n<p><img decoding=\"async\" src=\"\/wp-content\/uploads\/factory-04.webp\"\/><\/p>\n<h3>43 ekstruderingslinjer for aluminium (500-5500 ton)<\/h3>\n<p><img decoding=\"async\" src=\"\/wp-content\/uploads\/factory-05.webp\"\/><\/p>\n<p><img decoding=\"async\" src=\"\/wp-content\/uploads\/factory-06.webp\"\/><\/p>\n<p><img decoding=\"async\" src=\"\/wp-content\/uploads\/factory-07.webp\"\/><\/p>\n<h3>V\u00e6rksted for pulverlakering<\/h3>\n<p><img decoding=\"async\" src=\"\/wp-content\/uploads\/factory-09.webp\"\/><\/p>\n<h3>Anodiseringsv\u00e6rksted<\/h3>\n<p><img decoding=\"async\" src=\"\/wp-content\/uploads\/factory-10.webp\"\/><\/p>\n<h3>Workshop om dyb behandling<\/h3>\n<p><img decoding=\"async\" src=\"\/wp-content\/uploads\/factory-11.webp\"\/><\/p>\n<h3>V\u00e6rksted for CNC-pr\u00e6cisionsbearbejdning<\/h3>\n<p><img decoding=\"async\" src=\"\/wp-content\/uploads\/factory-11.5.webp\"\/><\/p>\n<h3>F\u00e6rdigvare- og eksportlager<\/h3>\n<p><img decoding=\"async\" src=\"\/wp-content\/uploads\/factory-12.webp\"\/><\/p>\n<p><img decoding=\"async\" src=\"\/wp-content\/uploads\/factory-13.webp\"\/><\/p>\n<p><img decoding=\"async\" src=\"\/wp-content\/uploads\/factory-14.webp\"\/><\/p>\n<h2>OFTE STILLEDE SP\u00d8RGSM\u00c5L<\/h2>\n<p><b>1. Hvad er et d\u00f8rkarmekstrudering i aluminium? <\/b><\/p>\n<p> En d\u00f8rkarm i aluminium er en ekstruderet aluminiumsprofil, der er designet til at danne rammen eller kanten rundt om en d\u00f8r, hvilket giver styrke og beskyttelse.\n<\/p>\n<p><\/p>\n<p><b>2. Hvorfor v\u00e6lge aluminium til d\u00f8rkarm-profiler? <\/b><\/p>\n<p> Aluminium er holdbart, let, korrosionsbestandigt og giver et elegant udseende, hvilket g\u00f8r det ideelt til d\u00f8rkarme b\u00e5de indvendigt og udvendigt.\n<\/p>\n<p><\/p>\n<p><b>3. Kan disse profiler tilpasses? <\/b><\/p>\n<p> Ja, d\u00f8rkarmekstruderinger i aluminium kan skr\u00e6ddersys i st\u00f8rrelse, tykkelse, form og finish, s\u00e5 de opfylder de specifikke krav til dit d\u00f8rsystem.\n<\/p>\n<p><\/p>\n<p><b>4. Er disse profiler egnede til udend\u00f8rs brug? <\/b><\/p>\n<p> Ja, med den rette anodisering eller pulverlakering er d\u00f8rkarme af aluminium meget modstandsdygtige over for vejrliget og ideelle til udend\u00f8rs d\u00f8re.\n<\/p>\n<p><\/p>\n<p><b>5. Hvilke overflader er tilg\u00e6ngelige for d\u00f8rkarme i aluminium? <\/b><\/p>\n<p> Almindelige overflader omfatter anodiseret, pulverlakeret og b\u00f8rstet, hvilket giver b\u00e5de funktionel beskyttelse og \u00e6stetisk appel.\n<\/p>\n<p><\/p>\n<p><b>6. Hvor nemt er det at installere d\u00f8rkarm-profiler i aluminium? <\/b><\/p>\n<p> D\u00f8rkarmsprofiler i aluminium er designet til nem montering med standard monteringsbeslag og kr\u00e6ver minimalt med v\u00e6rkt\u00f8j.\n<\/p>\n<p><\/p>\n<p><b>7. Er disse profiler holdbare i milj\u00f8er med meget trafik? <\/b><\/p>\n<p> Ja, det st\u00e6rke aluminiumsmateriale er holdbart nok til at modst\u00e5 den slitage, der er almindelig i omr\u00e5der med meget trafik, f.eks. erhvervsbygninger og industrianl\u00e6g.\n<\/p>\n<p><\/p>\n<p><b>8. Kan profilerne passe til forskellige d\u00f8rtyper? <\/b><\/p>\n<p> Ja, disse profiler er designet til at fungere med en bred vifte af d\u00f8rmaterialer, herunder tr\u00e6, metal og glas, for alsidige installationsmuligheder.\n<\/p>\n<p><\/p>","protected":false},"featured_media":7832,"template":"","categories":[67],"class_list":["post-7833","product","type-product","status-publish","has-post-thumbnail","hentry","category-architectural-aluminium-profile"],"meta_box":{"hilight_text_group":{"product_hilight_text":"<li>High-strength aluminum construction provides long-lasting durability for door jambs.<\/li>\r\r\n<li>Corrosion-resistant finish ensures reliable performance in both interior and exterior environments.<\/li>\r\r\n<li>Lightweight yet strong, reducing the overall door frame weight while maintaining structural integrity.<\/li>\r\r\n<li>Customizable sizes, finishes, and designs to meet specific project needs.<\/li>\r\r\n<li>Easy to install with precise extruded dimensions for seamless integration with door systems.<\/li>\r\r\n<li>Perfect for commercial, residential, and industrial applications requiring durable and low-maintenance door frames.<\/li>","product_chanpin_blog":"<ul>\r\r\n<li><a href=\"https:\/\/sinoextrud.com\/t-slot-v-slot-differences\/\" target=\"_blank\">t slot vs v slot<\/a><\/li>\r\r\n<li><a href=\"https:\/\/sinoextrud.com\/what-is-4040-aluminium-extrud\/\" target=\"_blank\">4040 aluminium extrusion<\/a><\/li>\r\r\n<li><a href=\"https:\/\/sinoextrud.com\/what-is-4040-aluminium-extrud\/\" target=\"_blank\">aluminum extrusions for industrial racks<\/a><\/li>\r\r\n<li><a href=\"https:\/\/sinoextrud.com\/powder-coating-aluminium-process\/\" target=\"_blank\">powder coating aluminium<\/a><\/li>\r\r\n<li><a href=\"https:\/\/sinoextrud.com\/what-is-an-aluminium-strip-ceiling\/\" target=\"_blank\">aluminium strip ceiling<\/a><\/li>\r\r\n<li><a href=\"https:\/\/sinoextrud.com\/what-is-a-heat-sink\/\" target=\"_blank\">what is a heat sink<\/a><\/li>\r\r\n<\/ul>","product_chanpin_chanpin":"<li><a href=\"https:\/\/sinoextrud.com\/product\/l-shaped-aluminium-profile\/\" target=\"_blank\">L Shaped Aluminium Profile<\/a><\/li>\r\n<li><a href=\"https:\/\/sinoextrud.com\/product\/80-x-80-aluminum-extrusion\/\" target=\"_blank\">80 X 80 Aluminum Extrusion<\/a><\/li>\r\n<li><a href=\"https:\/\/sinoextrud.com\/product\/aluminum-profile-price-of-aluminium-partition-wall-studs-aluminum-manufacturer\/\" target=\"_blank\">aluminum profile price of aluminium partition wall studs aluminum manufacturer<\/a><\/li>\r\n<li><a href=\"https:\/\/sinoextrud.com\/product\/extrusions-aluminum-structural-framing-kitchen-cabinet-doors-oem-anodized-champagne-selling-in-pakistan\/\" target=\"_blank\">extrusions aluminum structural framing kitchen cabinet doors OEM Anodized champagne selling in pakistan<\/a><\/li>\r\n<li><a href=\"https:\/\/sinoextrud.com\/product\/aluminum-door-jamb-extrusion\/\" target=\"_blank\">Aluminum Door Jamb Extrusion<\/a><\/li>\r\n<li><a href=\"https:\/\/sinoextrud.com\/product\/sandblasted-aluminum-finish-profile\/\" target=\"_blank\">Sandblasted Aluminum Finish Profile<\/a><\/li>\r\n<li><a href=\"https:\/\/sinoextrud.com\/product\/aluminum-handrail-systems\/\" target=\"_blank\">Aluminum Handrail Systems<\/a><\/li>\r\n<li><a href=\"https:\/\/sinoextrud.com\/product\/curtain-aluminum-profile-extrusion-for-window\/\" target=\"_blank\">Curtain Aluminum Profile Extrusion For Window<\/a><\/li>\r\n<li><a href=\"https:\/\/sinoextrud.com\/product\/extrusion-of-aluminium-alloys-celing-aluminum-tube-wood-grain\/\" target=\"_blank\">Extrusion Of Aluminium Alloys Celing Aluminum Tube Wood Grain<\/a><\/li>\r\n<li><a href=\"https:\/\/sinoextrud.com\/product\/extrude-6000-series-aluminium-bar\/\" target=\"_blank\">Extrude 6000 Series Aluminium bar<\/a><\/li>\r\n<li><a href=\"https:\/\/sinoextrud.com\/product\/aluminum-extrusion-polished-square-tupe\/\" target=\"_blank\">Aluminum Extrusion Polished Square Tupe<\/a><\/li>"},"feature_list":[]},"_links":{"self":[{"href":"https:\/\/sinoextrud.com\/da\/wp-json\/wp\/v2\/product\/7833","targetHints":{"allow":["GET"]}}],"collection":[{"href":"https:\/\/sinoextrud.com\/da\/wp-json\/wp\/v2\/product"}],"about":[{"href":"https:\/\/sinoextrud.com\/da\/wp-json\/wp\/v2\/types\/product"}],"wp:featuredmedia":[{"embeddable":true,"href":"https:\/\/sinoextrud.com\/da\/wp-json\/wp\/v2\/media\/7832"}],"wp:attachment":[{"href":"https:\/\/sinoextrud.com\/da\/wp-json\/wp\/v2\/media?parent=7833"}],"wp:term":[{"taxonomy":"category","embeddable":true,"href":"https:\/\/sinoextrud.com\/da\/wp-json\/wp\/v2\/categories?post=7833"}],"curies":[{"name":"wp","href":"https:\/\/api.w.org\/{rel}","templated":true}]}}