{"id":7831,"date":"2025-06-11T02:29:08","date_gmt":"2025-06-11T02:29:08","guid":{"rendered":"https:\/\/sinoextrud.com\/product\/extrusions-aluminum-structural-framing-kitchen-cabinet-doors-oem-anodized-champagne-selling-in-pakistan\/"},"modified":"2025-06-24T06:13:45","modified_gmt":"2025-06-24T06:13:45","slug":"ekstruderet-aluminium-strukturel-indramning-kokkenskabsdore-oem-anodiseret-champagne-saelger-i-pakistan","status":"publish","type":"product","link":"https:\/\/sinoextrud.com\/da\/product\/extrusions-aluminum-structural-framing-kitchen-cabinet-doors-oem-anodized-champagne-selling-in-pakistan\/","title":{"rendered":"Ekstruderede aluminiumsstrukturer k\u00f8kkenskabsd\u00f8re OEM Anodiseret champagne, der s\u00e6lges i Pakistan"},"content":{"rendered":"<h2>Detaljer om produkter<\/h2>\n<table class=\"custom-table\">\n<tr>\n<td class=\"label\">Model nr:<\/td>\n<td> 6063 ekstruderet aluminium strukturel indramning k\u00f8kkenskabsd\u00f8re OEM Anodiseret champagne s\u00e6lger i pakistan<\/td>\n<\/tr>\n<tr>\n<td class=\"label\">Form:<\/td>\n<td> Ekstruderet aluminium tilpasset (en bred vifte af former er tilg\u00e6ngelige)<\/td>\n<\/tr>\n<tr>\n<td class=\"label\">Temperament:<\/td>\n<td> T3-T8<\/td>\n<\/tr>\n<tr>\n<td class=\"label\">Legering:<\/td>\n<td> Legering<\/td>\n<\/tr>\n<tr>\n<td class=\"label\">Legeringsingrediens:<\/td>\n<td> Strukturelle rammer af aluminium<\/td>\n<\/tr>\n<tr>\n<td class=\"label\">Poleret aluminiumsprofil:<\/td>\n<td> Mekanisk polering<\/td>\n<\/tr>\n<tr>\n<td class=\"label\">Materiale:<\/td>\n<td> 6063-T5, 6061-T6, 6463-T5, 7075-T6, 6082<\/td>\n<\/tr>\n<tr>\n<td class=\"label\">Dyb proces:<\/td>\n<td> Boring, gevindsk\u00e6ring, stansning, sk\u00e6ring, bukning<\/td>\n<\/tr>\n<tr>\n<td class=\"label\">Standard\/certifikat:<\/td>\n<td> Cqm, SGS, Ce, BV, Soncap \/ GB, ISO, JIS, as, Nzs<\/td>\n<\/tr>\n<tr>\n<td class=\"label\">Betaling:<\/td>\n<td> T \/ T 30% for depositum, balance f\u00f8r levering<\/td>\n<\/tr>\n<tr>\n<td class=\"label\">Leveringstid:<\/td>\n<td> 25-30 dage efter k\u00f8bers bekr\u00e6ftelse af pr\u00f8ve<\/td>\n<\/tr>\n<tr>\n<td class=\"label\">Transportpakke:<\/td>\n<td> Beskyttelsesfilm af plast og vandfast hobbypapir<\/td>\n<\/tr>\n<tr>\n<td class=\"label\">Oprindelse:<\/td>\n<td> Kina<\/td>\n<\/tr>\n<tr>\n<td class=\"label\">Produkt:<\/td>\n<td> K\u00f8kkenl\u00e5ger i aluminium<\/td>\n<\/tr>\n<tr>\n<td class=\"label\">Overfladebehandling:<\/td>\n<td> Anodiseret, elektroforese, pulverlakeret, Wood Gra<\/td>\n<\/tr>\n<tr>\n<td class=\"label\">Farve:<\/td>\n<td> Tilpasset (et bredt udvalg af farver er tilg\u00e6ngelige)<\/td>\n<\/tr>\n<tr>\n<td class=\"label\">Indskibningshavn:<\/td>\n<td> Shenzhen\/ Guangzhou\/ Foshan<\/td>\n<\/tr>\n<tr>\n<td class=\"label\">Garanti:<\/td>\n<td> Overfladefarven kan v\u00e6re stabil i 10-20 \u00e5r indend\u00f8rs<\/td>\n<\/tr>\n<tr>\n<td class=\"label\">Varem\u00e6rke:<\/td>\n<td> Sinoextrud (Sinoextrud) \/ OEM<\/td>\n<\/tr>\n<tr>\n<td class=\"label\">Specifikation:<\/td>\n<td> tilpasset<\/td>\n<\/tr>\n<tr>\n<td class=\"label\">HS-kode:<\/td>\n<td> 7604210000<\/td>\n<\/tr>\n<\/table>\n<h2>Vores produktionsbase<\/h2>\n<h3>Panorama over fabrikken<\/h3>\n<p><img decoding=\"async\" src=\"\/wp-content\/uploads\/factory-01.webp\"\/><\/p>\n<h3>V\u00e6rksted til fremstilling af aluminiumst\u00e6nger<\/h3>\n<p><img decoding=\"async\" src=\"\/wp-content\/uploads\/factory-02.webp\"\/><\/p>\n<p><img decoding=\"async\" src=\"\/wp-content\/uploads\/factory-03.webp\"\/><\/p>\n<h3>Lager til opbevaring af skimmelsvampe<\/h3>\n<p><img decoding=\"async\" src=\"\/wp-content\/uploads\/factory-04.webp\"\/><\/p>\n<h3>43 ekstruderingslinjer for aluminium (500-5500 ton)<\/h3>\n<p><img decoding=\"async\" src=\"\/wp-content\/uploads\/factory-05.webp\"\/><\/p>\n<p><img decoding=\"async\" src=\"\/wp-content\/uploads\/factory-06.webp\"\/><\/p>\n<p><img decoding=\"async\" src=\"\/wp-content\/uploads\/factory-07.webp\"\/><\/p>\n<h3>V\u00e6rksted for pulverlakering<\/h3>\n<p><img decoding=\"async\" src=\"\/wp-content\/uploads\/factory-09.webp\"\/><\/p>\n<h3>Anodiseringsv\u00e6rksted<\/h3>\n<p><img decoding=\"async\" src=\"\/wp-content\/uploads\/factory-10.webp\"\/><\/p>\n<h3>Workshop om dyb behandling<\/h3>\n<p><img decoding=\"async\" src=\"\/wp-content\/uploads\/factory-11.webp\"\/><\/p>\n<h3>V\u00e6rksted for CNC-pr\u00e6cisionsbearbejdning<\/h3>\n<p><img decoding=\"async\" src=\"\/wp-content\/uploads\/factory-11.5.webp\"\/><\/p>\n<h3>F\u00e6rdigvare- og eksportlager<\/h3>\n<p><img decoding=\"async\" src=\"\/wp-content\/uploads\/factory-12.webp\"\/><\/p>\n<p><img decoding=\"async\" src=\"\/wp-content\/uploads\/factory-13.webp\"\/><\/p>\n<p><img decoding=\"async\" src=\"\/wp-content\/uploads\/factory-14.webp\"\/><\/p>\n<h2>OFTE STILLEDE SP\u00d8RGSM\u00c5L<\/h2>\n<p><p><b>1. Hvad er strukturelle rammeprofiler af aluminium til k\u00f8kkenskabsd\u00f8re?<\/b><\/p>\n<p>Det er pr\u00e6cise aluminiumsprofiler, der bruges til at konstruere og indramme skabsl\u00e5ger, og som giver styrke, holdbarhed og en stilfuld finish.<br \/>\n<\/p><br \/>\n<br \/>\n<p><b>2. Hvorfor v\u00e6lge anodiserede champagnealuminiumprofiler til k\u00f8kkenskabe?<\/b><\/p>\n<p>Den anodiserede champagnefinish giver et luksuri\u00f8st udseende og beskytter samtidig mod korrosion, ridser og fugt i k\u00f8kkenet.<br \/>\n<\/p><br \/>\n<br \/>\n<p><b>3. Er disse aluminiumsprofiler egnede til k\u00f8kkenbrug i Pakistan?<\/b><\/p>\n<p>Ja, de er velegnede til det pakistanske marked p\u00e5 grund af deres varmebestandighed, lave vedligeholdelse og \u00e6stetiske kompatibilitet med moderne k\u00f8kkendesign.<br \/>\n<\/p><br \/>\n<br \/>\n<p><b>4. kan OEM aluminiumsprofiler tilpasses til k\u00f8kkenskabsd\u00f8re?<\/b><\/p>\n<p>Absolut, OEM-muligheder giver mulighed for tilpassede l\u00e6ngder, finish, profilformer og boringer baseret p\u00e5 m\u00f8belsnedkerens specifikationer.<br \/>\n<\/p><br \/>\n<br \/>\n<p><b>5. Hvad g\u00f8r aluminium bedre end tr\u00e6 til d\u00f8rkarme i skabe?<\/b><\/p>\n<p>Aluminium er let, korrosionsbestandigt og mere formstabilt end tr\u00e6, is\u00e6r under fugtige k\u00f8kkenforhold.<br \/>\n<\/p><br \/>\n<br \/>\n<p><b>6. Er den anodiserede finish p\u00e5 aluminium holdbar?<\/b><\/p>\n<p>Ja, anodisering skaber en h\u00e5rd, ikke-afskalende overflade, der modst\u00e5r falmning, korrosion og pletter, hvilket er ideelt til langvarig brug i k\u00f8kkenet.<br \/>\n<\/p><br \/>\n<br \/>\n<p><b>7. F\u00e5s disse aluminiumsprofiler med matchende tilbeh\u00f8r?<\/b><\/p>\n<p>Ja, matchende h\u00e5ndtag, h\u00e6ngsler, forbindelser og hj\u00f8rnesamlinger er tilg\u00e6ngelige for at sikre en problemfri skabskonstruktion.<br \/>\n<\/p><br \/><\/p>","protected":false},"featured_media":7830,"template":"","categories":[67],"class_list":["post-7831","product","type-product","status-publish","has-post-thumbnail","hentry","category-architectural-aluminium-profile"],"meta_box":{"hilight_text_group":{"product_hilight_text":"<li>High-quality aluminum extrusions provide strong structural support for kitchen cabinet doors<\/li>\r\r\n<li>Elegant anodized champagne finish adds a premium and modern look<\/li>\r\r\n<li>OEM customization available for sizes, designs, and hardware compatibility<\/li>\r\r\n<li>Corrosion-resistant and easy-to-clean surface, ideal for kitchen environments<\/li>\r\r\n<li>Lightweight yet durable for long-term daily use<\/li>\r\r\n<li>Popular in the Pakistani market with competitive direct factory pricing<\/li>","product_chanpin_blog":"<ul>\r\r\n<li><a href=\"https:\/\/sinoextrud.com\/t-slot-v-slot-differences\/\" target=\"_blank\">t slot vs v slot<\/a><\/li>\r\r\n<li><a href=\"https:\/\/sinoextrud.com\/what-is-4040-aluminium-extrud\/\" target=\"_blank\">4040 aluminium extrusion<\/a><\/li>\r\r\n<li><a href=\"https:\/\/sinoextrud.com\/what-is-4040-aluminium-extrud\/\" target=\"_blank\">aluminum extrusions for industrial racks<\/a><\/li>\r\r\n<li><a href=\"https:\/\/sinoextrud.com\/powder-coating-aluminium-process\/\" target=\"_blank\">powder coating aluminium<\/a><\/li>\r\r\n<li><a href=\"https:\/\/sinoextrud.com\/what-is-an-aluminium-strip-ceiling\/\" target=\"_blank\">aluminium strip ceiling<\/a><\/li>\r\r\n<li><a href=\"https:\/\/sinoextrud.com\/what-is-a-heat-sink\/\" target=\"_blank\">what is a heat sink<\/a><\/li>\r\r\n<\/ul>","product_chanpin_chanpin":"<li><a href=\"https:\/\/sinoextrud.com\/product\/sructrual-aluminum-extrusion-profiles-ceiling-drop-ceiling\/\" target=\"_blank\">Sructrual Aluminum Extrusion Profiles Ceiling Drop Ceiling<\/a><\/li>\r\n<li><a href=\"https:\/\/sinoextrud.com\/product\/l-shaped-aluminium-profile\/\" target=\"_blank\">L Shaped Aluminium Profile<\/a><\/li>\r\n<li><a href=\"https:\/\/sinoextrud.com\/product\/80-x-80-aluminum-extrusion\/\" target=\"_blank\">80 X 80 Aluminum Extrusion<\/a><\/li>\r\n<li><a href=\"https:\/\/sinoextrud.com\/product\/aluminum-profile-price-of-aluminium-partition-wall-studs-aluminum-manufacturer\/\" target=\"_blank\">aluminum profile price of aluminium partition wall studs aluminum manufacturer<\/a><\/li>\r\n<li><a href=\"https:\/\/sinoextrud.com\/product\/extrusions-aluminum-structural-framing-kitchen-cabinet-doors-oem-anodized-champagne-selling-in-pakistan\/\" target=\"_blank\">extrusions aluminum structural framing kitchen cabinet doors OEM Anodized champagne selling in pakistan<\/a><\/li>\r\n<li><a href=\"https:\/\/sinoextrud.com\/product\/aluminum-door-jamb-extrusion\/\" target=\"_blank\">Aluminum Door Jamb Extrusion<\/a><\/li>\r\n<li><a href=\"https:\/\/sinoextrud.com\/product\/sandblasted-aluminum-finish-profile\/\" target=\"_blank\">Sandblasted Aluminum Finish Profile<\/a><\/li>\r\n<li><a href=\"https:\/\/sinoextrud.com\/product\/aluminum-handrail-systems\/\" target=\"_blank\">Aluminum Handrail Systems<\/a><\/li>\r\n<li><a href=\"https:\/\/sinoextrud.com\/product\/curtain-aluminum-profile-extrusion-for-window\/\" target=\"_blank\">Curtain Aluminum Profile Extrusion For Window<\/a><\/li>\r\n<li><a href=\"https:\/\/sinoextrud.com\/product\/aluminum-decorative-timber-batten-3d-aluminum-profiles-timber-ceilings-u-shaped-baffle-ceiling\/\" target=\"_blank\">Aluminum Decorative Timber Batten 3D Aluminum Profiles Timber Ceilings U-shaped Baffle Ceiling<\/a><\/li>\r\n<li><a href=\"https:\/\/sinoextrud.com\/product\/anodized-extruded-u-shaped-aluminium-profile\/\" target=\"_blank\">Anodized Extruded U Shaped Aluminium Profile<\/a><\/li>"},"feature_list":[]},"_links":{"self":[{"href":"https:\/\/sinoextrud.com\/da\/wp-json\/wp\/v2\/product\/7831","targetHints":{"allow":["GET"]}}],"collection":[{"href":"https:\/\/sinoextrud.com\/da\/wp-json\/wp\/v2\/product"}],"about":[{"href":"https:\/\/sinoextrud.com\/da\/wp-json\/wp\/v2\/types\/product"}],"wp:featuredmedia":[{"embeddable":true,"href":"https:\/\/sinoextrud.com\/da\/wp-json\/wp\/v2\/media\/7830"}],"wp:attachment":[{"href":"https:\/\/sinoextrud.com\/da\/wp-json\/wp\/v2\/media?parent=7831"}],"wp:term":[{"taxonomy":"category","embeddable":true,"href":"https:\/\/sinoextrud.com\/da\/wp-json\/wp\/v2\/categories?post=7831"}],"curies":[{"name":"wp","href":"https:\/\/api.w.org\/{rel}","templated":true}]}}