{"id":7796,"date":"2025-06-10T07:48:15","date_gmt":"2025-06-10T07:48:15","guid":{"rendered":"https:\/\/sinoextrud.com\/product\/double-angle-aluminum-extrusion\/"},"modified":"2025-06-24T06:13:42","modified_gmt":"2025-06-24T06:13:42","slug":"dobbeltvinklet-aluminiumsekstrudering","status":"publish","type":"product","link":"https:\/\/sinoextrud.com\/da\/product\/double-angle-aluminum-extrusion\/","title":{"rendered":"Ekstruderet aluminium med dobbelt vinkel"},"content":{"rendered":"<h2>Detaljer om produkter<\/h2>\n<table class=\"custom-table\">\n<tr>\n<td class=\"label\">Navn<\/td>\n<td>Dobbeltvinklet aluminiumsekstrudering<\/td>\n<\/tr>\n<tr>\n<td class=\"label\">Brand<\/td>\n<td>Sinoextrud\/Sinoextrud<\/td>\n<\/tr>\n<tr>\n<td class=\"label\">Kategori<\/td>\n<td>Ekstrudering af aluminium<\/td>\n<\/tr>\n<tr>\n<td class=\"label\">Materiale<\/td>\n<td>6061\/6063 er meget udbredt. 6463, 6005, 6082 er ogs\u00e5 tilg\u00e6ngelige.<\/td>\n<\/tr>\n<tr>\n<td class=\"label\">Temperament<\/td>\n<td>T5-T8<\/td>\n<\/tr>\n<tr>\n<td class=\"label\">L\u00e6ngde<\/td>\n<td>1-9m\/tilpasning\/l\u00e6ngde passer til 20GP &amp; 40GP.<\/td>\n<\/tr>\n<tr>\n<td class=\"label\">St\u00f8rrelse (mm)<\/td>\n<td>Forskellige st\u00f8rrelser er tilg\u00e6ngelige, kundetegning er tilg\u00e6ngelig<\/td>\n<\/tr>\n<tr>\n<td class=\"label\">Form<\/td>\n<td>Som p\u00e5 tegningen<\/td>\n<\/tr>\n<tr>\n<td class=\"label\">Overfladebehandling<\/td>\n<td>Power coating; fr\u00e6set f\u00e6rdig, anodiseret, sandbl\u00e6sning, elektroforese er ogs\u00e5 tilg\u00e6ngelig<\/td>\n<\/tr>\n<tr>\n<td class=\"label\">Farve<\/td>\n<td>Vi kan tilpasse farverne baseret p\u00e5 kundernes pr\u00f8ver<\/td>\n<\/tr>\n<tr>\n<td class=\"label\">Garanti<\/td>\n<td>1. ISO9001-2008\/ISO 9001:2008<br \/>\n2. GB\/T24001-2004\/ISO 14001:2004\/ GB\/T28001-2001<br \/>\n3. GMC \/ TUV \/ SGS<\/td>\n<\/tr>\n<tr>\n<td class=\"label\">Standard<\/td>\n<td>Middel og h\u00f8j kvalitet<\/td>\n<\/tr>\n<tr>\n<td class=\"label\">MOQ<\/td>\n<td>200 kg for hver genstand<\/td>\n<\/tr>\n<tr>\n<td class=\"label\">Fra<\/td>\n<td>Guangdong, Kina<\/td>\n<\/tr>\n<tr>\n<td class=\"label\">Anvendelse<\/td>\n<td>Industri, bygning, dekoration<\/td>\n<\/tr>\n<\/table>\n<h2>Vores produktionsbase<\/h2>\n<h3>Panorama over fabrikken<\/h3>\n<p><img decoding=\"async\" src=\"\/wp-content\/uploads\/factory-01.webp\"\/><\/p>\n<h3>V\u00e6rksted til fremstilling af aluminiumst\u00e6nger<\/h3>\n<p><img decoding=\"async\" src=\"\/wp-content\/uploads\/factory-02.webp\"\/><\/p>\n<p><img decoding=\"async\" src=\"\/wp-content\/uploads\/factory-03.webp\"\/><\/p>\n<h3>Lager til opbevaring af skimmelsvampe<\/h3>\n<p><img decoding=\"async\" src=\"\/wp-content\/uploads\/factory-04.webp\"\/><\/p>\n<h3>43 ekstruderingslinjer for aluminium (500-5500 ton)<\/h3>\n<p><img decoding=\"async\" src=\"\/wp-content\/uploads\/factory-05.webp\"\/><\/p>\n<p><img decoding=\"async\" src=\"\/wp-content\/uploads\/factory-06.webp\"\/><\/p>\n<p><img decoding=\"async\" src=\"\/wp-content\/uploads\/factory-07.webp\"\/><\/p>\n<h3>V\u00e6rksted for pulverlakering<\/h3>\n<p><img decoding=\"async\" src=\"\/wp-content\/uploads\/factory-09.webp\"\/><\/p>\n<h3>Anodiseringsv\u00e6rksted<\/h3>\n<p><img decoding=\"async\" src=\"\/wp-content\/uploads\/factory-10.webp\"\/><\/p>\n<h3>Workshop om dyb behandling<\/h3>\n<p><img decoding=\"async\" src=\"\/wp-content\/uploads\/factory-11.webp\"\/><\/p>\n<h3>V\u00e6rksted for CNC-pr\u00e6cisionsbearbejdning<\/h3>\n<p><img decoding=\"async\" src=\"\/wp-content\/uploads\/factory-11.5.webp\"\/><\/p>\n<h3>F\u00e6rdigvare- og eksportlager<\/h3>\n<p><img decoding=\"async\" src=\"\/wp-content\/uploads\/factory-12.webp\"\/><\/p>\n<p><img decoding=\"async\" src=\"\/wp-content\/uploads\/factory-13.webp\"\/><\/p>\n<p><img decoding=\"async\" src=\"\/wp-content\/uploads\/factory-14.webp\"\/><\/p>\n<h2>OFTE STILLEDE SP\u00d8RGSM\u00c5L<\/h2>\n<p><p><b>1. Hvad er dobbeltvinklet aluminiumsekstrudering?<\/b><\/p>\n<p>Double Angle Aluminum Extrusion er en specielt formet aluminiumsprofil med to vinklede flanger, der er designet til forbedret strukturel st\u00f8tte i indramning og hj\u00f8rneanvendelser.<br \/>\n<\/p><br \/>\n<br \/>\n<p><b>2. Hvad er fordelene ved at bruge dobbeltvinklet aluminiumsekstrudering?<\/b><\/p>\n<p>Dens dobbeltvinklede design giver overlegen forst\u00e6rkning, nem installation, korrosionsbestandighed og letv\u00e6gtsh\u00e5ndtering.<br \/>\n<\/p><br \/>\n<br \/>\n<p><b>3. Hvor bruges dobbeltvinklet aluminiumsekstrudering ofte?<\/b><\/p>\n<p>Det bruges til modul\u00e6re rammer, konstruktionsst\u00f8tter, m\u00f8bler, skabe og industrielt udstyr, der kr\u00e6ver st\u00e6rke hj\u00f8rnesamlinger.<br \/>\n<\/p><br \/>\n<br \/>\n<p><b>4. Er dobbeltvinklet aluminiumsekstrudering korrosionsbestandig?<\/b><\/p>\n<p>Ja, den er lavet af korrosionsbestandigt aluminium, hvilket g\u00f8r den velegnet til b\u00e5de indend\u00f8rs og udend\u00f8rs milj\u00f8er.<br \/>\n<\/p><br \/>\n<br \/>\n<p><b>5. kan jeg f\u00e5 tilpassede st\u00f8rrelser eller finish til dobbeltvinklet aluminiumsekstrudering?<\/b><\/p>\n<p>Ja, vi tilbyder skr\u00e6ddersyede udsk\u00e6ringer, anodiseret eller pulverlakeret finish og forskellige tykkelser for at opfylde projektets krav.<br \/>\n<\/p><br \/>\n<br \/>\n<p><b>6. Er dobbeltvinklet aluminiumsekstrudering kompatibel med standardstik?<\/b><\/p>\n<p>Ja, den passer godt sammen med det meste tilbeh\u00f8r, beslag og fastg\u00f8relseselementer til aluminiumsprofiler for en str\u00f8mlinet montering.<br \/>\n<\/p><br \/>\n<br \/>\n<p><b>7. Giver dobbeltvinklet aluminiumsekstrudering bedre belastningsst\u00f8tte?<\/b><\/p>\n<p>Ja, den dobbelte vinkelkonfiguration \u00f8ger b\u00e6reevnen, is\u00e6r i konstruktions- og hj\u00f8rneforst\u00e6rkninger.<br \/>\n<\/p><br \/>\n<br \/>\n<p><b>8. Er denne profil nem at fremstille og installere?<\/b><\/p>\n<p>Det lette design og de ensartede dimensioner g\u00f8r det nemt at sk\u00e6re, bore og samle.<br \/>\n<\/p><br \/><\/p>","protected":false},"featured_media":7795,"template":"","categories":[67],"class_list":["post-7796","product","type-product","status-publish","has-post-thumbnail","hentry","category-architectural-aluminium-profile"],"meta_box":{"hilight_text_group":{"product_hilight_text":"<li>Unique double-angle design offers enhanced structural reinforcement<\/li>\r\r\n<li>Made from lightweight, high-strength aluminum for easy handling<\/li>\r\r\n<li>Corrosion-resistant surface suitable for indoor and outdoor use<\/li>\r\r\n<li>Ideal for corner connections and complex framing applications<\/li>\r\r\n<li>Custom lengths, cuts, and finishes available for specific project needs<\/li>\r\r\n<li>Compatible with standard aluminum extrusion systems and connectors<\/li>\r\r\n<li>Precision-extruded for consistent dimensions and stability<\/li>","product_chanpin_blog":"<ul>\r\r\n<li><a href=\"https:\/\/sinoextrud.com\/t-slot-v-slot-differences\/\" target=\"_blank\">t slot vs v slot<\/a><\/li>\r\r\n<li><a href=\"https:\/\/sinoextrud.com\/what-is-4040-aluminium-extrud\/\" target=\"_blank\">4040 aluminium extrusion<\/a><\/li>\r\r\n<li><a href=\"https:\/\/sinoextrud.com\/what-is-4040-aluminium-extrud\/\" target=\"_blank\">aluminum extrusions for industrial racks<\/a><\/li>\r\r\n<li><a href=\"https:\/\/sinoextrud.com\/powder-coating-aluminium-process\/\" target=\"_blank\">powder coating aluminium<\/a><\/li>\r\r\n<li><a href=\"https:\/\/sinoextrud.com\/what-is-an-aluminium-strip-ceiling\/\" target=\"_blank\">aluminium strip ceiling<\/a><\/li>\r\r\n<li><a href=\"https:\/\/sinoextrud.com\/what-is-a-heat-sink\/\" target=\"_blank\">what is a heat sink<\/a><\/li>\r\r\n<\/ul>","product_chanpin_chanpin":"<li><a href=\"https:\/\/sinoextrud.com\/product\/aluminium-extrusion-profile\/\" target=\"_blank\">Aluminium Extrusion Profile<\/a><\/li>\r\n<li><a href=\"https:\/\/sinoextrud.com\/product\/extruded-aluminium-electronics-enclosures\/\" target=\"_blank\">Extruded aluminium electronics enclosures<\/a><\/li>\r\n<li><a href=\"https:\/\/sinoextrud.com\/product\/aluminum-curtain-wall-powder-coating-properties-prices-competitive-extrusion-uses-in-construction\/\" target=\"_blank\">aluminum curtain wall Powder Coating properties prices competitive Extrusion uses in construction<\/a><\/li>\r\n<li><a href=\"https:\/\/sinoextrud.com\/product\/large-custom-aluminum-extrusions\/\" target=\"_blank\">Large Custom Aluminum Extrusions<\/a><\/li>\r\n<li><a href=\"https:\/\/sinoextrud.com\/product\/double-angle-aluminum-extrusion\/\" target=\"_blank\">Double Angle Aluminum Extrusion<\/a><\/li>\r\n<li><a href=\"https:\/\/sinoextrud.com\/product\/sructrual-aluminum-extrusion-profiles-ceiling-drop-ceiling\/\" target=\"_blank\">Sructrual Aluminum Extrusion Profiles Ceiling Drop Ceiling<\/a><\/li>\r\n<li><a href=\"https:\/\/sinoextrud.com\/product\/l-shaped-aluminium-profile\/\" target=\"_blank\">L Shaped Aluminium Profile<\/a><\/li>\r\n<li><a href=\"https:\/\/sinoextrud.com\/product\/80-x-80-aluminum-extrusion\/\" target=\"_blank\">80 X 80 Aluminum Extrusion<\/a><\/li>\r\n<li><a href=\"https:\/\/sinoextrud.com\/product\/aluminum-profile-price-of-aluminium-partition-wall-studs-aluminum-manufacturer\/\" target=\"_blank\">aluminum profile price of aluminium partition wall studs aluminum manufacturer<\/a><\/li>\r\n<li><a href=\"https:\/\/sinoextrud.com\/product\/anodise-aluminum-curtain-wall-profile-with-custom-shape-alloy-6063\/\" target=\"_blank\">Anodise Aluminum Curtain Wall Profile With Custom Shape Alloy 6063<\/a><\/li>\r\n<li><a href=\"https:\/\/sinoextrud.com\/product\/aluminium-frame-extrusion-profile-picture-frame-profile-for-interior-decoration\/\" target=\"_blank\">Aluminium Frame Extrusion Profile Picture Frame Profile For Interior Decoration<\/a><\/li>"},"feature_list":[]},"_links":{"self":[{"href":"https:\/\/sinoextrud.com\/da\/wp-json\/wp\/v2\/product\/7796","targetHints":{"allow":["GET"]}}],"collection":[{"href":"https:\/\/sinoextrud.com\/da\/wp-json\/wp\/v2\/product"}],"about":[{"href":"https:\/\/sinoextrud.com\/da\/wp-json\/wp\/v2\/types\/product"}],"wp:featuredmedia":[{"embeddable":true,"href":"https:\/\/sinoextrud.com\/da\/wp-json\/wp\/v2\/media\/7795"}],"wp:attachment":[{"href":"https:\/\/sinoextrud.com\/da\/wp-json\/wp\/v2\/media?parent=7796"}],"wp:term":[{"taxonomy":"category","embeddable":true,"href":"https:\/\/sinoextrud.com\/da\/wp-json\/wp\/v2\/categories?post=7796"}],"curies":[{"name":"wp","href":"https:\/\/api.w.org\/{rel}","templated":true}]}}