{"id":7781,"date":"2025-06-10T07:17:40","date_gmt":"2025-06-10T07:17:40","guid":{"rendered":"https:\/\/sinoextrud.com\/product\/anodizing-aluminium-alloy-wire-slot\/"},"modified":"2025-06-24T06:13:40","modified_gmt":"2025-06-24T06:13:40","slug":"anodisering-af-tradspor-i-aluminiumslegering","status":"publish","type":"product","link":"https:\/\/sinoextrud.com\/da\/product\/anodizing-aluminium-alloy-wire-slot\/","title":{"rendered":"Anodisering af aluminiumslegering Wire Slot"},"content":{"rendered":"<h2>Detaljer om produkter<\/h2>\n<table class=\"custom-table\">\n<tr>\n<td class=\"label\">Vare<\/td>\n<td>Anodisering af aluminiumslegering Wire Slot<\/td>\n<\/tr>\n<tr>\n<td class=\"label\">Materiale<\/td>\n<td>6000-serien, 6063<\/td>\n<\/tr>\n<tr>\n<td class=\"label\">Temperament<\/td>\n<td>T4, T5, T6<\/td>\n<\/tr>\n<tr>\n<td class=\"label\">Oprindelsessted:<\/td>\n<td>Foshan, Guangdong<\/td>\n<\/tr>\n<tr>\n<td class=\"label\">Form<\/td>\n<td>30*20 eller tilpasset<\/td>\n<\/tr>\n<tr>\n<td class=\"label\">Anvendelse<\/td>\n<td>Ledninger til hospitaler, fabrikker, skoler, kontorer, undergrundsbaner, tunneler, kommunikation, elektricitet osv.<\/td>\n<\/tr>\n<tr>\n<td class=\"label\">Overfladebehandling<\/td>\n<td>anodiseretelektroforese, tr\u00e6korn, polering, b\u00f8rstet, pulverlakering<\/td>\n<\/tr>\n<tr>\n<td class=\"label\">Farver<\/td>\n<td>Anodiseret s\u00f8lv, anodiseret sort, anodiseret gr\u00e5 eller tilpasset<\/td>\n<\/tr>\n<tr>\n<td class=\"label\">Dyb proces<\/td>\n<td>SavningBoring,Fr\u00e6sning,Sk\u00e6ring,Svejsning,B\u00f8jning,Samling<\/td>\n<\/tr>\n<tr>\n<td class=\"label\">Certifikat<\/td>\n<td>CQM, SGS, CE, BV, SONCAP \/ GB, ISO, JIS, AS, NZS, QUALICOAT, QUOLANOD<\/td>\n<\/tr>\n<\/table>\n<h2>Vores produktionsbase<\/h2>\n<h3>Panorama over fabrikken<\/h3>\n<p><img decoding=\"async\" src=\"\/wp-content\/uploads\/factory-01.webp\"\/><\/p>\n<h3>V\u00e6rksted til fremstilling af aluminiumst\u00e6nger<\/h3>\n<p><img decoding=\"async\" src=\"\/wp-content\/uploads\/factory-02.webp\"\/><\/p>\n<p><img decoding=\"async\" src=\"\/wp-content\/uploads\/factory-03.webp\"\/><\/p>\n<h3>Lager til opbevaring af skimmelsvampe<\/h3>\n<p><img decoding=\"async\" src=\"\/wp-content\/uploads\/factory-04.webp\"\/><\/p>\n<h3>43 ekstruderingslinjer for aluminium (500-5500 ton)<\/h3>\n<p><img decoding=\"async\" src=\"\/wp-content\/uploads\/factory-05.webp\"\/><\/p>\n<p><img decoding=\"async\" src=\"\/wp-content\/uploads\/factory-06.webp\"\/><\/p>\n<p><img decoding=\"async\" src=\"\/wp-content\/uploads\/factory-07.webp\"\/><\/p>\n<h3>V\u00e6rksted for pulverlakering<\/h3>\n<p><img decoding=\"async\" src=\"\/wp-content\/uploads\/factory-09.webp\"\/><\/p>\n<h3>Anodiseringsv\u00e6rksted<\/h3>\n<p><img decoding=\"async\" src=\"\/wp-content\/uploads\/factory-10.webp\"\/><\/p>\n<h3>Workshop om dyb behandling<\/h3>\n<p><img decoding=\"async\" src=\"\/wp-content\/uploads\/factory-11.webp\"\/><\/p>\n<h3>V\u00e6rksted for CNC-pr\u00e6cisionsbearbejdning<\/h3>\n<p><img decoding=\"async\" src=\"\/wp-content\/uploads\/factory-11.5.webp\"\/><\/p>\n<h3>F\u00e6rdigvare- og eksportlager<\/h3>\n<p><img decoding=\"async\" src=\"\/wp-content\/uploads\/factory-12.webp\"\/><\/p>\n<p><img decoding=\"async\" src=\"\/wp-content\/uploads\/factory-13.webp\"\/><\/p>\n<p><img decoding=\"async\" src=\"\/wp-content\/uploads\/factory-14.webp\"\/><\/p>\n<h2>OFTE STILLEDE SP\u00d8RGSM\u00c5L<\/h2>\n<p><p><b>1. Hvad er en anodiseringstr\u00e5d af aluminiumslegering? <\/b><\/p>\n<p> An Anodizing Aluminium Alloy Wire Slot er en kabelstyringskanal lavet af anodiseret aluminiumslegering, designet til at beskytte og organisere ledninger effektivt.<br \/>\n<\/p><br \/>\n<br \/>\n<p><b>2. Hvorfor er anodisering vigtig for slots i aluminiumstr\u00e5d? <\/b><\/p>\n<p> Anodisering \u00f8ger korrosionsbestandigheden, den elektriske isolering og overfladens holdbarhed, hvilket g\u00f8r tr\u00e5dsporet velegnet til kr\u00e6vende milj\u00f8er.<br \/>\n<\/p><br \/>\n<br \/>\n<p><b>3. Hvad er fordelene ved at bruge en aluminiumslegering til tr\u00e5dspor? <\/b><\/p>\n<p> Aluminiumslegering giver letv\u00e6gtsstyrke, korrosionsbestandighed og fremragende termisk ydeevne, ideelt til industrielle ledningssystemer.<br \/>\n<\/p><br \/>\n<br \/>\n<p><b>4. Kan ledningssporet tilpasses? <\/b><\/p>\n<p> Ja, den anodiserede aluminiumslegering kan tilpasses i st\u00f8rrelse, spalteafstand og finish, s\u00e5 den opfylder specifikke installationsbehov.<br \/>\n<\/p><br \/>\n<br \/>\n<p><b>5. Er dette produkt egnet til elektriske kontrolpaneler? <\/b><\/p>\n<p> Den ikke-ledende anodiserede bel\u00e6gning og det pr\u00e6cise slidsdesign g\u00f8r den perfekt til kontrolskabe og automatiseringssystemer.<br \/>\n<\/p><br \/>\n<br \/>\n<p><b>6. Hvordan forbedrer det anodiserede tr\u00e5dspor kabelsikkerheden? <\/b><\/p>\n<p> Den anodiserede overflade reducerer skarpe kanter og tilf\u00f8jer isolering, hvilket hj\u00e6lper med at forhindre ledningsskader og kortslutninger.<br \/>\n<\/p><br \/>\n<br \/>\n<p><b>7. Er den nem at installere og vedligeholde? <\/b><\/p>\n<p> Ja, letv\u00e6gtsstrukturen og det modul\u00e6re design af aluminiumstr\u00e5dsporet g\u00f8r installationen hurtig og vedligeholdelsen minimal.<br \/>\n<\/p><br \/>\n<br \/>\n<p><b>8. Hvilke industrier bruger anodiserede aluminiumstr\u00e5dspor? <\/b><\/p>\n<p> Almindelige brancher omfatter elektroteknik, automatisering, telekommunikation og fremstilling af industrimaskiner.<br \/>\n<\/p><br \/><\/p>","protected":false},"featured_media":7780,"template":"","categories":[67],"class_list":["post-7781","product","type-product","status-publish","has-post-thumbnail","hentry","category-architectural-aluminium-profile"],"meta_box":{"hilight_text_group":{"product_hilight_text":"<li>High-strength aluminum alloy ensures long-lasting structural integrity.<\/li>\r\r\n<li>Anodized surface enhances corrosion resistance and electrical insulation.<\/li>\r\r\n<li>Precision slots designed for efficient cable organization and protection.<\/li>\r\r\n<li>Lightweight yet rigid material simplifies installation and handling.<\/li>\r\r\n<li>Customizable dimensions and slot configurations for diverse applications.<\/li>\r\r\n<li>Ideal for industrial automation, control panels, and cable routing systems.<\/li>","product_chanpin_blog":"<ul>\r\r\n<li><a href=\"https:\/\/sinoextrud.com\/t-slot-v-slot-differences\/\" target=\"_blank\">t slot vs v slot<\/a><\/li>\r\r\n<li><a href=\"https:\/\/sinoextrud.com\/what-is-4040-aluminium-extrud\/\" target=\"_blank\">4040 aluminium extrusion<\/a><\/li>\r\r\n<li><a href=\"https:\/\/sinoextrud.com\/what-is-4040-aluminium-extrud\/\" target=\"_blank\">aluminum extrusions for industrial racks<\/a><\/li>\r\r\n<li><a href=\"https:\/\/sinoextrud.com\/powder-coating-aluminium-process\/\" target=\"_blank\">powder coating aluminium<\/a><\/li>\r\r\n<li><a href=\"https:\/\/sinoextrud.com\/what-is-an-aluminium-strip-ceiling\/\" target=\"_blank\">aluminium strip ceiling<\/a><\/li>\r\r\n<li><a href=\"https:\/\/sinoextrud.com\/what-is-a-heat-sink\/\" target=\"_blank\">what is a heat sink<\/a><\/li>\r\r\n<\/ul>","product_chanpin_chanpin":"<li><a href=\"https:\/\/sinoextrud.com\/product\/aluminum-profile-for-advertising-photo-frame\/\" target=\"_blank\">Aluminum Profile For Advertising Photo Frame<\/a><\/li>\r\n<li><a href=\"https:\/\/sinoextrud.com\/product\/aluminum-profile-for-curtain\/\" target=\"_blank\">Aluminum Profile for Curtain<\/a><\/li>\r\n<li><a href=\"https:\/\/sinoextrud.com\/product\/aluminum-profile-slider-for-window-curtain\/\" target=\"_blank\">Aluminum Profile Slider For Window Curtain<\/a><\/li>\r\n<li><a href=\"https:\/\/sinoextrud.com\/product\/aluminum-profile-wardrobe-hanging-rail\/\" target=\"_blank\">Aluminum Profile Wardrobe Hanging Rail<\/a><\/li>\r\n<li><a href=\"https:\/\/sinoextrud.com\/product\/anodizing-aluminium-alloy-wire-slot\/\" target=\"_blank\">Anodizing Aluminium Alloy Wire Slot<\/a><\/li>\r\n<li><a href=\"https:\/\/sinoextrud.com\/product\/window-extrusion-profiles\/\" target=\"_blank\">Window Extrusion Profiles<\/a><\/li>\r\n<li><a href=\"https:\/\/sinoextrud.com\/product\/aluminum-outdoor-louver\/\" target=\"_blank\">Aluminum Outdoor Louver<\/a><\/li>\r\n<li><a href=\"https:\/\/sinoextrud.com\/product\/aluminium-extrusion-profile\/\" target=\"_blank\">Aluminium Extrusion Profile<\/a><\/li>\r\n<li><a href=\"https:\/\/sinoextrud.com\/product\/extruded-aluminium-electronics-enclosures\/\" target=\"_blank\">Extruded aluminium electronics enclosures<\/a><\/li>\r\n<li><a href=\"https:\/\/sinoextrud.com\/product\/aluminum-profile-windows-extrusion-companies-in-china\/\" target=\"_blank\">aluminum profile windows extrusion companies in china<\/a><\/li>\r\n<li><a href=\"https:\/\/sinoextrud.com\/product\/custom-industrial-extruded-aluminum-alloy\/\" target=\"_blank\">Custom Industrial Extruded Aluminum Alloy<\/a><\/li>"},"feature_list":[]},"_links":{"self":[{"href":"https:\/\/sinoextrud.com\/da\/wp-json\/wp\/v2\/product\/7781","targetHints":{"allow":["GET"]}}],"collection":[{"href":"https:\/\/sinoextrud.com\/da\/wp-json\/wp\/v2\/product"}],"about":[{"href":"https:\/\/sinoextrud.com\/da\/wp-json\/wp\/v2\/types\/product"}],"wp:featuredmedia":[{"embeddable":true,"href":"https:\/\/sinoextrud.com\/da\/wp-json\/wp\/v2\/media\/7780"}],"wp:attachment":[{"href":"https:\/\/sinoextrud.com\/da\/wp-json\/wp\/v2\/media?parent=7781"}],"wp:term":[{"taxonomy":"category","embeddable":true,"href":"https:\/\/sinoextrud.com\/da\/wp-json\/wp\/v2\/categories?post=7781"}],"curies":[{"name":"wp","href":"https:\/\/api.w.org\/{rel}","templated":true}]}}