{"id":7777,"date":"2025-06-10T07:10:47","date_gmt":"2025-06-10T07:10:47","guid":{"rendered":"https:\/\/sinoextrud.com\/product\/aluminum-profile-slider-for-window-curtain\/"},"modified":"2025-06-24T06:13:40","modified_gmt":"2025-06-24T06:13:40","slug":"aluminiumsprofil-skyder-til-vinduesgardin","status":"publish","type":"product","link":"https:\/\/sinoextrud.com\/da\/product\/aluminum-profile-slider-for-window-curtain\/","title":{"rendered":"Aluminiumsprofil skyder til vinduesgardin"},"content":{"rendered":"<h2>Detaljer om produkter<\/h2>\n<table class=\"custom-table\">\n<tbody>\n<tr>\n<td> Produktets navn<\/td>\n<td> Aluminiumsprofil skyder til vinduesgardin<\/td>\n<\/tr>\n<tr>\n<td> Materiale legering<\/td>\n<td> 6063-T5, 6061-T5 eller tilpasning<\/td>\n<\/tr>\n<tr>\n<td> St\u00f8rrelse<\/td>\n<td> 1-9 m, eller tilpasning<\/td>\n<\/tr>\n<tr>\n<td> Overfladebehandling<\/td>\n<td> Pulverlakering eller tilpasning<\/td>\n<\/tr>\n<tr>\n<td> Farve<\/td>\n<td> hvid, eller tilpasning<\/td>\n<\/tr>\n<tr>\n<td> Anvendelse<\/td>\n<td> Skyded\u00f8r og -vindue, vinduesgardin, vinduesskinne, skyded\u00f8r til bruser osv.<\/td>\n<\/tr>\n<tr>\n<td> Brand<\/td>\n<td> Sinoextrud \/ Sinoextrud \/ Sinoextrud Aluminium<\/td>\n<\/tr>\n<tr>\n<td> Virksomhedstype<\/td>\n<td> Fabrik<\/td>\n<\/tr>\n<tr>\n<td> Produkt<\/td>\n<td> Aluminiumsprofil skyder til vinduesgardin<\/td>\n<\/tr>\n<tr>\n<td> Materialekvalitet<\/td>\n<td> 6061, 6063, 6005A, 6005, 6082, 6463<\/td>\n<\/tr>\n<tr>\n<td> Standard<\/td>\n<td> GB 5237-2008, ASTM B221, EN755-9, EN12020, JIS osv.<\/td>\n<\/tr>\n<tr>\n<td> Overfladebehandling<\/td>\n<td> Mill finish, anodisering, tr\u00e6kornbel\u00e6gning, pulverlakering, eletroforese, PVDF, sandbl\u00e6sning, polering osv.<\/td>\n<\/tr>\n<tr>\n<td> Yderligere proces<\/td>\n<td> Boring, bukning, svejsning, pr\u00e6cisionssk\u00e6ring, stansning, fremstilling af f\u00e6rdige produkter osv.<\/td>\n<\/tr>\n<tr>\n<td> St\u00f8beforme \/ matricer<\/td>\n<td> Producerer forme i henhold til kundernes designede tegning. Formgebyret betales tilbage, n\u00e5r m\u00e6ngden af leverede varer n\u00e5r kravet inden for 1 \u00e5r.<\/td>\n<\/tr>\n<tr>\n<td> MOQ<\/td>\n<td> 200 kg for hver vare\/farve<\/td>\n<\/tr>\n<tr>\n<td> Pakning<\/td>\n<td> Indvendigt med beskyttelsesfilm eller krympeplast eller perleuld, udvendigt med fl\u00e5depapir eller kasse eller tr\u00e6ramme osv. eller tilpasning.<\/td>\n<\/tr>\n<tr>\n<td> Leveringstid<\/td>\n<td> Produktion af ny form: 10-15 dage. Masseproduktion: 25-30 dage.<\/td>\n<\/tr>\n<\/tbody>\n<\/table>\n<h2>Vores produktionsbase<\/h2>\n<h3>Panorama over fabrikken<\/h3>\n<p><img decoding=\"async\" src=\"\/wp-content\/uploads\/factory-01.webp\"\/><\/p>\n<h3>V\u00e6rksted til fremstilling af aluminiumst\u00e6nger<\/h3>\n<p><img decoding=\"async\" src=\"\/wp-content\/uploads\/factory-02.webp\"\/><\/p>\n<p><img decoding=\"async\" src=\"\/wp-content\/uploads\/factory-03.webp\"\/><\/p>\n<h3>Lager til opbevaring af skimmelsvampe<\/h3>\n<p><img decoding=\"async\" src=\"\/wp-content\/uploads\/factory-04.webp\"\/><\/p>\n<h3>43 ekstruderingslinjer for aluminium (500-5500 ton)<\/h3>\n<p><img decoding=\"async\" src=\"\/wp-content\/uploads\/factory-05.webp\"\/><\/p>\n<p><img decoding=\"async\" src=\"\/wp-content\/uploads\/factory-06.webp\"\/><\/p>\n<p><img decoding=\"async\" src=\"\/wp-content\/uploads\/factory-07.webp\"\/><\/p>\n<h3>V\u00e6rksted for pulverlakering<\/h3>\n<p><img decoding=\"async\" src=\"\/wp-content\/uploads\/factory-09.webp\"\/><\/p>\n<h3>Anodiseringsv\u00e6rksted<\/h3>\n<p><img decoding=\"async\" src=\"\/wp-content\/uploads\/factory-10.webp\"\/><\/p>\n<h3>Workshop om dyb behandling<\/h3>\n<p><img decoding=\"async\" src=\"\/wp-content\/uploads\/factory-11.webp\"\/><\/p>\n<h3>V\u00e6rksted for CNC-pr\u00e6cisionsbearbejdning<\/h3>\n<p><img decoding=\"async\" src=\"\/wp-content\/uploads\/factory-11.5.webp\"\/><\/p>\n<h3>F\u00e6rdigvare- og eksportlager<\/h3>\n<p><img decoding=\"async\" src=\"\/wp-content\/uploads\/factory-12.webp\"\/><\/p>\n<p><img decoding=\"async\" src=\"\/wp-content\/uploads\/factory-13.webp\"\/><\/p>\n<p><img decoding=\"async\" src=\"\/wp-content\/uploads\/factory-14.webp\"\/><\/p>\n<h2>OFTE STILLEDE SP\u00d8RGSM\u00c5L<\/h2>\n<p><p><b>1. Hvad er en aluminiumsprofilskyder til vinduesgardin? <\/b><\/p>\n<p> Det er et skinnesystem i ekstruderet aluminium, der er designet til at f\u00e5 gardiner til at glide j\u00e6vnt i bolig- og erhvervsvinduer.<br \/>\n<\/p><br \/>\n<br \/>\n<p><b>2. Hvorfor v\u00e6lge aluminium til gardinskydere? <\/b><\/p>\n<p> Aluminium er let, korrosionsbestandigt og st\u00e6rkt, hvilket sikrer p\u00e5lidelig ydeevne og minimal vedligeholdelse over tid.<br \/>\n<\/p><br \/>\n<br \/>\n<p><b>3. Kan aluminiumsprofilen tilpasses? <\/b><\/p>\n<p> Ja, den kan tilpasses i l\u00e6ngde, farve, slidser og monteringsmuligheder, s\u00e5 den passer til specifikke gardin- og rumops\u00e6tninger.<br \/>\n<\/p><br \/>\n<br \/>\n<p><b>4. Er denne gardinskyder nem at installere? <\/b><\/p>\n<p> Absolut, den lette aluminiumsprofil er nem at sk\u00e6re til, justere og montere p\u00e5 lofter eller v\u00e6gge med standardbeslag.<br \/>\n<\/p><br \/>\n<br \/>\n<p><b>5. Hvilke overflader er tilg\u00e6ngelige for aluminiumsskyderen? <\/b><\/p>\n<p> Valgmulighederne omfatter anodiseret, mat sort, hvid pulverlakering og b\u00f8rstet aluminium for at matche forskellige indretningsstile.<br \/>\n<\/p><br \/>\n<br \/>\n<p><b>6. Er den kompatibel med alle gardintyper? <\/b><\/p>\n<p> Ja, profilen er kompatibel med de fleste gardinl\u00f8bere, glideskinner og kroge til stof-, m\u00f8rkl\u00e6gnings- eller foldegardiner.<br \/>\n<\/p><br \/>\n<br \/>\n<p><b>7. Underst\u00f8tter den j\u00e6vn og st\u00f8jsvag drift? <\/b><\/p>\n<p> Ja, den pr\u00e6cisionsekstruderede skinne kombineret med kvalitetsskinner sikrer en j\u00e6vn, stille og stabil gardinbev\u00e6gelse.<br \/>\n<\/p><br \/>\n<br \/>\n<p><b>8. Hvor bruges dette produkt ofte? <\/b><\/p>\n<p> Det er ideelt til stuer, kontorer, hoteller, hospitaler og kommercielle rum, der kr\u00e6ver p\u00e5lidelige og stilfulde gardinsystemer.<br \/>\n<\/p><br \/><\/p>","protected":false},"featured_media":7776,"template":"","categories":[67],"class_list":["post-7777","product","type-product","status-publish","has-post-thumbnail","hentry","category-architectural-aluminium-profile"],"meta_box":{"hilight_text_group":{"product_hilight_text":"<li>High-strength aluminum profile ensures smooth and stable curtain sliding.<\/li>\r\r\n<li>Lightweight design allows for easy installation and ceiling or wall mounting.<\/li>\r\r\n<li>Corrosion-resistant finish ideal for long-term indoor use.<\/li>\r\r\n<li>Compatible with various curtain hook and runner systems.<\/li>\r\r\n<li>Customizable lengths, finishes, and slot designs to fit different interiors.<\/li>\r\r\n<li>Modern, minimalist appearance suits residential and commercial environments.<\/li>","product_chanpin_blog":"<ul>\r\r\n<li><a href=\"https:\/\/sinoextrud.com\/t-slot-v-slot-differences\/\" target=\"_blank\">t slot vs v slot<\/a><\/li>\r\r\n<li><a href=\"https:\/\/sinoextrud.com\/what-is-4040-aluminium-extrud\/\" target=\"_blank\">4040 aluminium extrusion<\/a><\/li>\r\r\n<li><a href=\"https:\/\/sinoextrud.com\/what-is-4040-aluminium-extrud\/\" target=\"_blank\">aluminum extrusions for industrial racks<\/a><\/li>\r\r\n<li><a href=\"https:\/\/sinoextrud.com\/powder-coating-aluminium-process\/\" target=\"_blank\">powder coating aluminium<\/a><\/li>\r\r\n<li><a href=\"https:\/\/sinoextrud.com\/what-is-an-aluminium-strip-ceiling\/\" target=\"_blank\">aluminium strip ceiling<\/a><\/li>\r\r\n<li><a href=\"https:\/\/sinoextrud.com\/what-is-a-heat-sink\/\" target=\"_blank\">what is a heat sink<\/a><\/li>\r\r\n<\/ul>","product_chanpin_chanpin":"<li><a href=\"https:\/\/sinoextrud.com\/product\/aluminum-profile-for-glass-railings\/\" target=\"_blank\">Aluminum Profile For Glass Railings<\/a><\/li>\r\n<li><a href=\"https:\/\/sinoextrud.com\/product\/extruded-aluminum-slide\/\" target=\"_blank\">Extruded Aluminum Slide<\/a><\/li>\r\n<li><a href=\"https:\/\/sinoextrud.com\/product\/aluminum-profile-for-advertising-photo-frame\/\" target=\"_blank\">Aluminum Profile For Advertising Photo Frame<\/a><\/li>\r\n<li><a href=\"https:\/\/sinoextrud.com\/product\/aluminum-profile-for-curtain\/\" target=\"_blank\">Aluminum Profile for Curtain<\/a><\/li>\r\n<li><a href=\"https:\/\/sinoextrud.com\/product\/aluminum-profile-slider-for-window-curtain\/\" target=\"_blank\">Aluminum Profile Slider For Window Curtain<\/a><\/li>\r\n<li><a href=\"https:\/\/sinoextrud.com\/product\/aluminum-profile-wardrobe-hanging-rail\/\" target=\"_blank\">Aluminum Profile Wardrobe Hanging Rail<\/a><\/li>\r\n<li><a href=\"https:\/\/sinoextrud.com\/product\/anodizing-aluminium-alloy-wire-slot\/\" target=\"_blank\">Anodizing Aluminium Alloy Wire Slot<\/a><\/li>\r\n<li><a href=\"https:\/\/sinoextrud.com\/product\/window-extrusion-profiles\/\" target=\"_blank\">Window Extrusion Profiles<\/a><\/li>\r\n<li><a href=\"https:\/\/sinoextrud.com\/product\/aluminum-outdoor-louver\/\" target=\"_blank\">Aluminum Outdoor Louver<\/a><\/li>\r\n<li><a href=\"https:\/\/sinoextrud.com\/product\/china-industrial-extruded-aluminium-heatsink-profile\/\" target=\"_blank\">China Industrial Extruded Aluminium Heatsink Profile<\/a><\/li>\r\n<li><a href=\"https:\/\/sinoextrud.com\/product\/aluminum-light-box-extrusion\/\" target=\"_blank\">Aluminum Light Box Extrusion<\/a><\/li>"},"feature_list":[]},"_links":{"self":[{"href":"https:\/\/sinoextrud.com\/da\/wp-json\/wp\/v2\/product\/7777","targetHints":{"allow":["GET"]}}],"collection":[{"href":"https:\/\/sinoextrud.com\/da\/wp-json\/wp\/v2\/product"}],"about":[{"href":"https:\/\/sinoextrud.com\/da\/wp-json\/wp\/v2\/types\/product"}],"wp:featuredmedia":[{"embeddable":true,"href":"https:\/\/sinoextrud.com\/da\/wp-json\/wp\/v2\/media\/7776"}],"wp:attachment":[{"href":"https:\/\/sinoextrud.com\/da\/wp-json\/wp\/v2\/media?parent=7777"}],"wp:term":[{"taxonomy":"category","embeddable":true,"href":"https:\/\/sinoextrud.com\/da\/wp-json\/wp\/v2\/categories?post=7777"}],"curies":[{"name":"wp","href":"https:\/\/api.w.org\/{rel}","templated":true}]}}