{"id":7771,"date":"2025-06-10T07:06:10","date_gmt":"2025-06-10T07:06:10","guid":{"rendered":"https:\/\/sinoextrud.com\/product\/extruded-aluminum-slide\/"},"modified":"2025-06-24T06:13:39","modified_gmt":"2025-06-24T06:13:39","slug":"slaede-i-ekstruderet-aluminium","status":"publish","type":"product","link":"https:\/\/sinoextrud.com\/da\/product\/extruded-aluminum-slide\/","title":{"rendered":"Sl\u00e6de af ekstruderet aluminium"},"content":{"rendered":"<h2>Detaljer om produkter<\/h2>\n<table class=\"custom-table\">\n<tbody>\n<tr>\n<td> Navn<\/td>\n<td> Sl\u00e6de i ekstruderet aluminium<\/td>\n<\/tr>\n<tr>\n<td> Brand<\/td>\n<td> Sinoextrud\/<\/td>\n<\/tr>\n<tr>\n<td> Kategori<\/td>\n<td> Ekstrudering af aluminium<\/td>\n<\/tr>\n<tr>\n<td> Materiale<\/td>\n<td> Aluminiumslegering (6063, 6061,6463,6005,6082)<\/td>\n<\/tr>\n<tr>\n<td> Temperament<\/td>\n<td> T5-T8<\/td>\n<\/tr>\n<tr>\n<td> L\u00e6ngde<\/td>\n<td> I henhold til tegningen<\/td>\n<\/tr>\n<tr>\n<td> St\u00f8rrelse (mm)<\/td>\n<td> Tilpasset<\/td>\n<\/tr>\n<tr>\n<td> Form<\/td>\n<td> I henhold til din anmodning<\/td>\n<\/tr>\n<tr>\n<td> Overfladebehandling<\/td>\n<td> Power coating; fr\u00e6set f\u00e6rdig, anodiseret, sandbl\u00e6sning, elektroforese er ogs\u00e5 tilg\u00e6ngelig<\/td>\n<\/tr>\n<tr>\n<td> Farve<\/td>\n<td> S\u00f8lv, sort, guld, champange, bronze, r\u00f8d, bl\u00e5, og vi kan tilpasse farverne baseret p\u00e5 kundernes pr\u00f8ver.<\/td>\n<\/tr>\n<tr>\n<td> Garanti<\/td>\n<td> BV, TUV, ISO<\/td>\n<\/tr>\n<tr>\n<td> Standard<\/td>\n<td> Middel og h\u00f8j kvalitet<\/td>\n<\/tr>\n<tr>\n<td> MOQ<\/td>\n<td> 200 kg for hver genstand<\/td>\n<\/tr>\n<tr>\n<td> Fra<\/td>\n<td> Guangdong, Kina<\/td>\n<\/tr>\n<tr>\n<td> Anvendelse<\/td>\n<td> Industri, byggeri, dekoration<\/td>\n<\/tr>\n<tr>\n<td> Dyb bearbejdning<\/td>\n<td> Sk\u00e6ring, boring, bearbejdning, stansning, bukning, gevindsk\u00e6ring og s\u00e5 videre<\/td>\n<\/tr>\n<tr>\n<td> Pakke<\/td>\n<td> Indvendigt med beskyttelsesfilm, krympeplast eller PE-skum. Udenp\u00e5 med \u00e6ske, karton eller tr\u00e6ramme eller tilpasset.<\/td>\n<\/tr>\n<tr>\n<td> Leveringstid<\/td>\n<td> Skimmeludvikling og pr\u00f8vekonformation er 12-18 dage, derefter er produktionsvarigheden 25-30 dage efter modtagelse af depositum fra k\u00f8ber.<\/td>\n<\/tr>\n<tr>\n<td> Produktets kapacitet<\/td>\n<td> 15.000+ toner \/ m\u00e5ned<\/td>\n<\/tr>\n<\/tbody>\n<\/table>\n<h2>Vores produktionsbase<\/h2>\n<h3>Panorama over fabrikken<\/h3>\n<p><img decoding=\"async\" src=\"\/wp-content\/uploads\/factory-01.webp\"\/><\/p>\n<h3>V\u00e6rksted til fremstilling af aluminiumst\u00e6nger<\/h3>\n<p><img decoding=\"async\" src=\"\/wp-content\/uploads\/factory-02.webp\"\/><\/p>\n<p><img decoding=\"async\" src=\"\/wp-content\/uploads\/factory-03.webp\"\/><\/p>\n<h3>Lager til opbevaring af skimmelsvampe<\/h3>\n<p><img decoding=\"async\" src=\"\/wp-content\/uploads\/factory-04.webp\"\/><\/p>\n<h3>43 ekstruderingslinjer for aluminium (500-5500 ton)<\/h3>\n<p><img decoding=\"async\" src=\"\/wp-content\/uploads\/factory-05.webp\"\/><\/p>\n<p><img decoding=\"async\" src=\"\/wp-content\/uploads\/factory-06.webp\"\/><\/p>\n<p><img decoding=\"async\" src=\"\/wp-content\/uploads\/factory-07.webp\"\/><\/p>\n<h3>V\u00e6rksted for pulverlakering<\/h3>\n<p><img decoding=\"async\" src=\"\/wp-content\/uploads\/factory-09.webp\"\/><\/p>\n<h3>Anodiseringsv\u00e6rksted<\/h3>\n<p><img decoding=\"async\" src=\"\/wp-content\/uploads\/factory-10.webp\"\/><\/p>\n<h3>Workshop om dyb behandling<\/h3>\n<p><img decoding=\"async\" src=\"\/wp-content\/uploads\/factory-11.webp\"\/><\/p>\n<h3>V\u00e6rksted for CNC-pr\u00e6cisionsbearbejdning<\/h3>\n<p><img decoding=\"async\" src=\"\/wp-content\/uploads\/factory-11.5.webp\"\/><\/p>\n<h3>F\u00e6rdigvare- og eksportlager<\/h3>\n<p><img decoding=\"async\" src=\"\/wp-content\/uploads\/factory-12.webp\"\/><\/p>\n<p><img decoding=\"async\" src=\"\/wp-content\/uploads\/factory-13.webp\"\/><\/p>\n<p><img decoding=\"async\" src=\"\/wp-content\/uploads\/factory-14.webp\"\/><\/p>\n<h2>OFTE STILLEDE SP\u00d8RGSM\u00c5L<\/h2>\n<p><p><b>1. Hvad er en rutsjebane af ekstruderet aluminium?<\/b><\/p>\n<p>En glider af ekstruderet aluminium er en pr\u00e6cisionsbearbejdet aluminiumskomponent, der er designet til at muligg\u00f8re en j\u00e6vn glidebev\u00e6gelse i forskellige mekaniske eller strukturelle systemer.<br \/>\n<\/p><br \/>\n<br \/>\n<p><b>2. Hvad er fordelene ved at bruge ekstruderede aluminiumsglidere?<\/b><\/p>\n<p>De tilbyder letv\u00e6gtsstyrke, j\u00e6vn drift, korrosionsbestandighed og er velegnede til tunge opgaver eller hyppig brug.<br \/>\n<\/p><br \/>\n<br \/>\n<p><b>3. Hvor bruges ekstruderede aluminiumsrutsjebaner ofte?<\/b><\/p>\n<p>De bruges i skydeskuffer, d\u00f8re, maskinkabinetter, automatiseringssystemer og industrielt udstyr.<br \/>\n<\/p><br \/>\n<br \/>\n<p><b>4. kan ekstruderede aluminiumsskinner tilpasses?<\/b><\/p>\n<p>Ja, vi leverer tilpassede profiler, l\u00e6ngder, finish og monteringskonfigurationer for at opfylde specifikke anvendelseskrav.<br \/>\n<\/p><br \/>\n<br \/>\n<p><b>5. Er disse rutsjebaner egnede til udend\u00f8rs milj\u00f8er?<\/b><\/p>\n<p>Ja, det korrosionsbestandige aluminium giver mulighed for p\u00e5lidelig brug under b\u00e5de indend\u00f8rs og udend\u00f8rs forhold.<br \/>\n<\/p><br \/>\n<br \/>\n<p><b>6. Underst\u00f8tter ekstruderede aluminiumsskinner h\u00f8j belastningskapacitet?<\/b><\/p>\n<p>Ja, de er konstrueret til at h\u00e5ndtere en betydelig v\u00e6gt og samtidig opretholde en ensartet glideevne.<br \/>\n<\/p><br \/>\n<br \/>\n<p><b>7. Er disse slides kompatible med standard hardware?<\/b><\/p>\n<p>Ja, de er designet til nem installation med almindeligt tilg\u00e6ngeligt monteringstilbeh\u00f8r og skinnesystemer.<br \/>\n<\/p><br \/>\n<br \/>\n<p><b>8. Hvilke overflader er tilg\u00e6ngelige for ekstruderede aluminiumsskinner?<\/b><\/p>\n<p>Almindelige overflader omfatter anodiserede, pulverlakerede og b\u00f8rstede overflader for \u00f8get holdbarhed og visuel tiltr\u00e6kningskraft.<br \/>\n<\/p><br \/><\/p>","protected":false},"featured_media":7770,"template":"","categories":[67],"class_list":["post-7771","product","type-product","status-publish","has-post-thumbnail","hentry","category-architectural-aluminium-profile"],"meta_box":{"hilight_text_group":{"product_hilight_text":"<li>Precision-extruded aluminum ensures smooth and reliable sliding motion<\/li>\r\r\n<li>Lightweight yet strong construction for long-lasting performance<\/li>\r\r\n<li>Corrosion-resistant surface suitable for indoor and outdoor applications<\/li>\r\r\n<li>Available in custom lengths, profiles, and finishes<\/li>\r\r\n<li>Ideal for drawers, sliding doors, machine components, and enclosures<\/li>\r\r\n<li>Supports high load capacity while maintaining low friction<\/li>\r\r\n<li>Easy integration with standard mounting hardware and tracks<\/li>","product_chanpin_blog":"<ul>\r\r\n<li><a href=\"https:\/\/sinoextrud.com\/t-slot-v-slot-differences\/\" target=\"_blank\">t slot vs v slot<\/a><\/li>\r\r\n<li><a href=\"https:\/\/sinoextrud.com\/what-is-4040-aluminium-extrud\/\" target=\"_blank\">4040 aluminium extrusion<\/a><\/li>\r\r\n<li><a href=\"https:\/\/sinoextrud.com\/what-is-4040-aluminium-extrud\/\" target=\"_blank\">aluminum extrusions for industrial racks<\/a><\/li>\r\r\n<li><a href=\"https:\/\/sinoextrud.com\/powder-coating-aluminium-process\/\" target=\"_blank\">powder coating aluminium<\/a><\/li>\r\r\n<li><a href=\"https:\/\/sinoextrud.com\/what-is-an-aluminium-strip-ceiling\/\" target=\"_blank\">aluminium strip ceiling<\/a><\/li>\r\r\n<li><a href=\"https:\/\/sinoextrud.com\/what-is-a-heat-sink\/\" target=\"_blank\">what is a heat sink<\/a><\/li>\r\r\n<\/ul>","product_chanpin_chanpin":"<li><a href=\"https:\/\/sinoextrud.com\/product\/aluminum-picture-frame-extrusions\/\" target=\"_blank\">Aluminum Picture Frame Extrusions<\/a><\/li>\r\n<li><a href=\"https:\/\/sinoextrud.com\/product\/triangular-extruded-aluminum-tube\/\" target=\"_blank\">Triangular Extruded Aluminum Tube<\/a><\/li>\r\n<li><a href=\"https:\/\/sinoextrud.com\/product\/aluminum-picture-photo-artware-frame-mirror-polished-gold\/\" target=\"_blank\">Aluminum Picture Photo Artware Frame Mirror Polished Gold<\/a><\/li>\r\n<li><a href=\"https:\/\/sinoextrud.com\/product\/aluminum-profile-for-glass-railings\/\" target=\"_blank\">Aluminum Profile For Glass Railings<\/a><\/li>\r\n<li><a href=\"https:\/\/sinoextrud.com\/product\/extruded-aluminum-slide\/\" target=\"_blank\">Extruded Aluminum Slide<\/a><\/li>\r\n<li><a href=\"https:\/\/sinoextrud.com\/product\/aluminum-profile-for-advertising-photo-frame\/\" target=\"_blank\">Aluminum Profile For Advertising Photo Frame<\/a><\/li>\r\n<li><a href=\"https:\/\/sinoextrud.com\/product\/aluminum-profile-for-curtain\/\" target=\"_blank\">Aluminum Profile for Curtain<\/a><\/li>\r\n<li><a href=\"https:\/\/sinoextrud.com\/product\/aluminum-profile-slider-for-window-curtain\/\" target=\"_blank\">Aluminum Profile Slider For Window Curtain<\/a><\/li>\r\n<li><a href=\"https:\/\/sinoextrud.com\/product\/aluminum-profile-wardrobe-hanging-rail\/\" target=\"_blank\">Aluminum Profile Wardrobe Hanging Rail<\/a><\/li>\r\n<li><a href=\"https:\/\/sinoextrud.com\/product\/square-aluminum-extrusion\/\" target=\"_blank\">Square Aluminum Extrusion<\/a><\/li>\r\n<li><a href=\"https:\/\/sinoextrud.com\/product\/aluminum-corner-extrusion-profiles\/\" target=\"_blank\">Aluminum Corner Extrusion Profiles<\/a><\/li>"},"feature_list":[]},"_links":{"self":[{"href":"https:\/\/sinoextrud.com\/da\/wp-json\/wp\/v2\/product\/7771","targetHints":{"allow":["GET"]}}],"collection":[{"href":"https:\/\/sinoextrud.com\/da\/wp-json\/wp\/v2\/product"}],"about":[{"href":"https:\/\/sinoextrud.com\/da\/wp-json\/wp\/v2\/types\/product"}],"wp:featuredmedia":[{"embeddable":true,"href":"https:\/\/sinoextrud.com\/da\/wp-json\/wp\/v2\/media\/7770"}],"wp:attachment":[{"href":"https:\/\/sinoextrud.com\/da\/wp-json\/wp\/v2\/media?parent=7771"}],"wp:term":[{"taxonomy":"category","embeddable":true,"href":"https:\/\/sinoextrud.com\/da\/wp-json\/wp\/v2\/categories?post=7771"}],"curies":[{"name":"wp","href":"https:\/\/api.w.org\/{rel}","templated":true}]}}