{"id":7739,"date":"2025-06-10T02:54:39","date_gmt":"2025-06-10T02:54:39","guid":{"rendered":"https:\/\/sinoextrud.com\/product\/double-angle-aluminium-extrusion\/"},"modified":"2025-06-24T06:13:33","modified_gmt":"2025-06-24T06:13:33","slug":"dobbeltvinklet-aluminiumprofil","status":"publish","type":"product","link":"https:\/\/sinoextrud.com\/da\/product\/double-angle-aluminium-extrusion\/","title":{"rendered":"Ekstruderet aluminium med dobbelt vinkel"},"content":{"rendered":"<h2>Detaljer om produkter<\/h2>\n<table class=\"custom-table\">\n<tr>\n<td class=\"label\">Vare<\/td>\n<td>Dobbeltvinklet aluminiumprofil<\/td>\n<\/tr>\n<tr>\n<td class=\"label\">Materiale<\/td>\n<td>Aluminiumslegering<\/td>\n<\/tr>\n<tr>\n<td class=\"label\">Karakter<\/td>\n<td>6000-serien: 6005, 6005A, 6060, 6063, 6061<\/td>\n<\/tr>\n<tr>\n<td class=\"label\">St\u00f8rrelse<\/td>\n<td>V\u00e6gtykkelse: 0,5 mm-10 mm<br \/>\nL\u00e6ngde: tilpasset<\/td>\n<\/tr>\n<tr>\n<td class=\"label\">Overfladebehandling<\/td>\n<td>Anodiseret<br \/>\nElektroforese<br \/>\nTr\u00e6korn<br \/>\nSpr\u00f8jtning<\/td>\n<\/tr>\n<tr>\n<td class=\"label\">Overfladefarver<\/td>\n<td>Natur, s\u00f8lv, bronze, champagne, sort, gloden osv.<br \/>\nSom tilpasset<\/td>\n<\/tr>\n<tr>\n<td class=\"label\">Temperament<\/td>\n<td>T3-T8<\/td>\n<\/tr>\n<tr>\n<td class=\"label\">Anvendelse<\/td>\n<td>1. Belysning, solreflektorplade.<br \/>\n2. arkitektonisk udseende, indretning: loft, metop, m\u00f8bler, skabe og s\u00e5 videre.<br \/>\n3. elevator, navneskilt, tasker.<br \/>\n4. Indvendig og udvendig udsmykning af biler.<br \/>\n5. Indretning: f.eks. fotoramme.<br \/>\n6. husholdningsapparater, k\u00f8leskab, mikrob\u00f8lgeovn, lydudstyr.<br \/>\n7. Luft- og rumfart og milit\u00e6re aspekter.<br \/>\n8, forarbejdning af maskindele, fremstilling af st\u00f8beforme .<br \/>\n9. kemisk\/isolerende r\u00f8rledningsbel\u00e6gning.<\/td>\n<\/tr>\n<\/table>\n<h2>Vores produktionsbase<\/h2>\n<h3>Panorama over fabrikken<\/h3>\n<p><img decoding=\"async\" src=\"\/wp-content\/uploads\/factory-01.webp\"\/><\/p>\n<h3>V\u00e6rksted til fremstilling af aluminiumst\u00e6nger<\/h3>\n<p><img decoding=\"async\" src=\"\/wp-content\/uploads\/factory-02.webp\"\/><\/p>\n<p><img decoding=\"async\" src=\"\/wp-content\/uploads\/factory-03.webp\"\/><\/p>\n<h3>Lager til opbevaring af skimmelsvampe<\/h3>\n<p><img decoding=\"async\" src=\"\/wp-content\/uploads\/factory-04.webp\"\/><\/p>\n<h3>43 ekstruderingslinjer for aluminium (500-5500 ton)<\/h3>\n<p><img decoding=\"async\" src=\"\/wp-content\/uploads\/factory-05.webp\"\/><\/p>\n<p><img decoding=\"async\" src=\"\/wp-content\/uploads\/factory-06.webp\"\/><\/p>\n<p><img decoding=\"async\" src=\"\/wp-content\/uploads\/factory-07.webp\"\/><\/p>\n<h3>V\u00e6rksted for pulverlakering<\/h3>\n<p><img decoding=\"async\" src=\"\/wp-content\/uploads\/factory-09.webp\"\/><\/p>\n<h3>Anodiseringsv\u00e6rksted<\/h3>\n<p><img decoding=\"async\" src=\"\/wp-content\/uploads\/factory-10.webp\"\/><\/p>\n<h3>Workshop om dyb behandling<\/h3>\n<p><img decoding=\"async\" src=\"\/wp-content\/uploads\/factory-11.webp\"\/><\/p>\n<h3>V\u00e6rksted for CNC-pr\u00e6cisionsbearbejdning<\/h3>\n<p><img decoding=\"async\" src=\"\/wp-content\/uploads\/factory-11.5.webp\"\/><\/p>\n<h3>F\u00e6rdigvare- og eksportlager<\/h3>\n<p><img decoding=\"async\" src=\"\/wp-content\/uploads\/factory-12.webp\"\/><\/p>\n<p><img decoding=\"async\" src=\"\/wp-content\/uploads\/factory-13.webp\"\/><\/p>\n<p><img decoding=\"async\" src=\"\/wp-content\/uploads\/factory-14.webp\"\/><\/p>\n<h2>OFTE STILLEDE SP\u00d8RGSM\u00c5L<\/h2>\n<p><p><b>1. Hvad bruges dobbeltvinklet aluminiumsekstrudering til?<\/b><\/p>\n<p>Dobbeltvinklet aluminiumsekstrudering bruges ofte til strukturelle rammer, maskinafsk\u00e6rmninger og specialindkapslinger p\u00e5 grund af den st\u00e6rke og stive 90-graders profil.<br \/>\n<\/p><br \/>\n<br \/>\n<p><b>2. Er dobbeltvinklet aluminiumsekstrudering korrosionsbestandig?<\/b><\/p>\n<p>Ja, aluminiumsekstruderingen er typisk anodiseret eller behandlet for at modst\u00e5 korrosion, hvilket g\u00f8r den velegnet til b\u00e5de indend\u00f8rs og udend\u00f8rs milj\u00f8er.<br \/>\n<\/p><br \/>\n<br \/>\n<p><b>3. Hvad er fordelene ved at bruge dobbeltvinklet aluminiumsekstrudering?<\/b><\/p>\n<p>Det giver h\u00f8j holdbarhed, letv\u00e6gtskonstruktion, korrosionsbestandighed og kompatibilitet med modul\u00e6re T-slot-systemer.<br \/>\n<\/p><br \/>\n<br \/>\n<p><b>4. Kan jeg nemt sk\u00e6re og bore i dobbeltvinklede aluminiumsekstruderinger?<\/b><\/p>\n<p>Ja, aluminium er let at bearbejde, s\u00e5 brugerne kan sk\u00e6re, bore og samle komponenter med standardv\u00e6rkt\u00f8j.<br \/>\n<\/p><br \/>\n<br \/>\n<p><b>5. Er dobbeltvinklede aluminiumekstruderinger kompatible med T-not-systemer?<\/b><\/p>\n<p>Absolut, den er designet til at kunne integreres problemfrit med de fleste standard T-not-rammesystemer i aluminium.<br \/>\n<\/p><br \/>\n<br \/>\n<p><b>6. Bevarer dobbeltvinklet aluminiumekstrudering sin pr\u00e6cision over tid?<\/b><\/p>\n<p>Ja, dens konstruerede profil og anodiserede overflade sikrer dimensionsstabilitet og langvarig ydeevne.<br \/>\n<\/p><br \/>\n<br \/>\n<p><b>7. Hvilke materialer bruges til ekstrudering af dobbeltvinklet aluminium?<\/b><\/p>\n<p>Ekstruderingen er lavet af en aluminiumslegering af h\u00f8j kvalitet, typisk 6061 eller 6063, som er kendt for sin styrke og bearbejdelighed.<br \/>\n<\/p><br \/>\n<br \/>\n<p><b>8. Hvordan underst\u00f8tter dobbeltvinklede aluminiumsekstruderinger tunge belastninger?<\/b><\/p>\n<p>Det kantede design fordeler v\u00e6gten effektivt og giver en st\u00e6rk b\u00e6reevne i industrielle rammer.<br \/>\n<\/p><br \/><\/p>","protected":false},"featured_media":7738,"template":"","categories":[67],"class_list":["post-7739","product","type-product","status-publish","has-post-thumbnail","hentry","category-architectural-aluminium-profile"],"meta_box":{"hilight_text_group":{"product_hilight_text":"<li>High strength-to-weight ratio ensures structural integrity in demanding applications<\/li>\r\r\n<li>Corrosion-resistant anodized finish suitable for indoor and outdoor use<\/li>\r\r\n<li>Precision-engineered 90-degree angle design for consistent alignment<\/li>\r\r\n<li>Compatible with most T-slot aluminium framing systems<\/li>\r\r\n<li>Lightweight yet durable, ideal for modular construction and assembly<\/li>","product_chanpin_blog":"<ul>\r\r\n<li><a href=\"https:\/\/sinoextrud.com\/t-slot-v-slot-differences\/\" target=\"_blank\">t slot vs v slot<\/a><\/li>\r\r\n<li><a href=\"https:\/\/sinoextrud.com\/what-is-4040-aluminium-extrud\/\" target=\"_blank\">4040 aluminium extrusion<\/a><\/li>\r\r\n<li><a href=\"https:\/\/sinoextrud.com\/what-is-4040-aluminium-extrud\/\" target=\"_blank\">aluminum extrusions for industrial racks<\/a><\/li>\r\r\n<li><a href=\"https:\/\/sinoextrud.com\/powder-coating-aluminium-process\/\" target=\"_blank\">powder coating aluminium<\/a><\/li>\r\r\n<li><a href=\"https:\/\/sinoextrud.com\/what-is-an-aluminium-strip-ceiling\/\" target=\"_blank\">aluminium strip ceiling<\/a><\/li>\r\r\n<li><a href=\"https:\/\/sinoextrud.com\/what-is-a-heat-sink\/\" target=\"_blank\">what is a heat sink<\/a><\/li>\r\r\n<\/ul>","product_chanpin_chanpin":"<li><a href=\"https:\/\/sinoextrud.com\/product\/aluminium-profile-to-make-doors-and-windows\/\" target=\"_blank\">Aluminium Profile to Make Doors And Windows<\/a><\/li>\r\n<li><a href=\"https:\/\/sinoextrud.com\/product\/structural-aluminium-profiles\/\" target=\"_blank\">Structural Aluminium Profiles<\/a><\/li>\r\n<li><a href=\"https:\/\/sinoextrud.com\/product\/aluminium-sliding-casement-window-profile\/\" target=\"_blank\">Aluminium Sliding Casement Window Profile<\/a><\/li>\r\n<li><a href=\"https:\/\/sinoextrud.com\/product\/industrial-aluminium-doors\/\" target=\"_blank\">Industrial Aluminium Doors<\/a><\/li>\r\n<li><a href=\"https:\/\/sinoextrud.com\/product\/double-angle-aluminium-extrusion\/\" target=\"_blank\">Double Angle Aluminium Extrusion<\/a><\/li>\r\n<li><a href=\"https:\/\/sinoextrud.com\/product\/aluminium-sections-for-doors-and-windows\/\" target=\"_blank\">Aluminium Sections For Doors And Windows<\/a><\/li>\r\n<li><a href=\"https:\/\/sinoextrud.com\/product\/extruded-aluminium-curtain-rails-profile-prices\/\" target=\"_blank\">Extruded Aluminium Curtain Rails Profile Prices<\/a><\/li>\r\n<li><a href=\"https:\/\/sinoextrud.com\/product\/h-section-aluminium-extrusion\/\" target=\"_blank\">H Section Aluminium Extrusion<\/a><\/li>\r\n<li><a href=\"https:\/\/sinoextrud.com\/product\/aluminum-cabinet-extrusions\/\" target=\"_blank\">Aluminum Cabinet Extrusions<\/a><\/li>\r\n<li><a href=\"https:\/\/sinoextrud.com\/product\/aluminium-louver-extrusions\/\" target=\"_blank\">Aluminium Louver Extrusions<\/a><\/li>\r\n<li><a href=\"https:\/\/sinoextrud.com\/product\/aluminum-extrusion-2024-aluminum-profile\/\" target=\"_blank\">Aluminum Extrusion 2024 Aluminum Profile<\/a><\/li>"},"feature_list":[]},"_links":{"self":[{"href":"https:\/\/sinoextrud.com\/da\/wp-json\/wp\/v2\/product\/7739","targetHints":{"allow":["GET"]}}],"collection":[{"href":"https:\/\/sinoextrud.com\/da\/wp-json\/wp\/v2\/product"}],"about":[{"href":"https:\/\/sinoextrud.com\/da\/wp-json\/wp\/v2\/types\/product"}],"wp:featuredmedia":[{"embeddable":true,"href":"https:\/\/sinoextrud.com\/da\/wp-json\/wp\/v2\/media\/7738"}],"wp:attachment":[{"href":"https:\/\/sinoextrud.com\/da\/wp-json\/wp\/v2\/media?parent=7739"}],"wp:term":[{"taxonomy":"category","embeddable":true,"href":"https:\/\/sinoextrud.com\/da\/wp-json\/wp\/v2\/categories?post=7739"}],"curies":[{"name":"wp","href":"https:\/\/api.w.org\/{rel}","templated":true}]}}