{"id":7725,"date":"2025-06-10T02:40:14","date_gmt":"2025-06-10T02:40:14","guid":{"rendered":"https:\/\/sinoextrud.com\/product\/aluminium-frame\/"},"modified":"2025-06-24T06:13:31","modified_gmt":"2025-06-24T06:13:31","slug":"aluminiumsramme-2","status":"publish","type":"product","link":"https:\/\/sinoextrud.com\/da\/product\/aluminium-frame\/","title":{"rendered":"Ramme af aluminium"},"content":{"rendered":"<h2>Detaljer om produkter<\/h2>\n<table class=\"custom-table\">\n<tr>\n<td class=\"label\">Navn<\/td>\n<td>Ramme af aluminium<\/td>\n<\/tr>\n<\/table>\n<h2>Vores produktionsbase<\/h2>\n<h3>Panorama over fabrikken<\/h3>\n<p><img decoding=\"async\" src=\"\/wp-content\/uploads\/factory-01.webp\"\/><\/p>\n<h3>V\u00e6rksted til fremstilling af aluminiumst\u00e6nger<\/h3>\n<p><img decoding=\"async\" src=\"\/wp-content\/uploads\/factory-02.webp\"\/><\/p>\n<p><img decoding=\"async\" src=\"\/wp-content\/uploads\/factory-03.webp\"\/><\/p>\n<h3>Lager til opbevaring af skimmelsvampe<\/h3>\n<p><img decoding=\"async\" src=\"\/wp-content\/uploads\/factory-04.webp\"\/><\/p>\n<h3>43 ekstruderingslinjer for aluminium (500-5500 ton)<\/h3>\n<p><img decoding=\"async\" src=\"\/wp-content\/uploads\/factory-05.webp\"\/><\/p>\n<p><img decoding=\"async\" src=\"\/wp-content\/uploads\/factory-06.webp\"\/><\/p>\n<p><img decoding=\"async\" src=\"\/wp-content\/uploads\/factory-07.webp\"\/><\/p>\n<h3>V\u00e6rksted for pulverlakering<\/h3>\n<p><img decoding=\"async\" src=\"\/wp-content\/uploads\/factory-09.webp\"\/><\/p>\n<h3>Anodiseringsv\u00e6rksted<\/h3>\n<p><img decoding=\"async\" src=\"\/wp-content\/uploads\/factory-10.webp\"\/><\/p>\n<h3>Workshop om dyb behandling<\/h3>\n<p><img decoding=\"async\" src=\"\/wp-content\/uploads\/factory-11.webp\"\/><\/p>\n<h3>V\u00e6rksted for CNC-pr\u00e6cisionsbearbejdning<\/h3>\n<p><img decoding=\"async\" src=\"\/wp-content\/uploads\/factory-11.5.webp\"\/><\/p>\n<h3>F\u00e6rdigvare- og eksportlager<\/h3>\n<p><img decoding=\"async\" src=\"\/wp-content\/uploads\/factory-12.webp\"\/><\/p>\n<p><img decoding=\"async\" src=\"\/wp-content\/uploads\/factory-13.webp\"\/><\/p>\n<p><img decoding=\"async\" src=\"\/wp-content\/uploads\/factory-14.webp\"\/><\/p>\n<h2>OFTE STILLEDE SP\u00d8RGSM\u00c5L<\/h2>\n<p><p><b>1. Hvad er en aluminiumsramme?<\/b><\/p>\n<p>En aluminiumsramme er en strukturel komponent lavet af ekstruderet aluminium, der bruges i vinduer, d\u00f8re, indhegninger og st\u00f8ttestrukturer.<br \/>\n<\/p><br \/>\n<br \/>\n<p><b>2. Hvorfor v\u00e6lge en aluminiumsramme?<\/b><\/p>\n<p>Aluminiumsrammer er lette, holdbare og korrosionsbestandige, hvilket g\u00f8r dem ideelle til b\u00e5de indend\u00f8rs og udend\u00f8rs brug.<br \/>\n<\/p><br \/>\n<br \/>\n<p><b>3. Er aluminiumsrammen egnet til udend\u00f8rs brug?<\/b><\/p>\n<p>Ja, med anodiseret eller pulverlakeret finish er aluminiumsstel meget modstandsdygtige over for vejr og korrosion.<br \/>\n<\/p><br \/>\n<br \/>\n<p><b>4. Kan aluminiumsrammer tilpasses?<\/b><\/p>\n<p>Absolut, aluminiumsrammer kan skr\u00e6ddersys i st\u00f8rrelse, form, farve og finish, s\u00e5 de opfylder specifikke design- og konstruktionsbehov.<br \/>\n<\/p><br \/>\n<br \/>\n<p><b>5. Hvad er almindelige anvendelser af aluminiumsrammer?<\/b><\/p>\n<p>De bruges i arkitektoniske ruder, m\u00f8bler, solcellepaneler, maskinkabinetter og meget mere.<br \/>\n<\/p><br \/>\n<br \/>\n<p><b>6. Kr\u00e6ver aluminiumsrammer vedligeholdelse?<\/b><\/p>\n<p>Der kr\u00e6ves minimal vedligeholdelse - kun lejlighedsvis reng\u00f8ring for at bevare deres udseende og ydeevne.<br \/>\n<\/p><br \/>\n<br \/>\n<p><b>7. Hvilke overflader kan man f\u00e5 til aluminiumsrammer?<\/b><\/p>\n<p>Finishen omfatter anodisering, pulverlakering, b\u00f8rstning, polering og naturlig fr\u00e6sning.<br \/>\n<\/p><br \/>\n<br \/>\n<p><b>8. Er aluminium et milj\u00f8venligt valg til rammer?<\/b><\/p>\n<p>Ja, aluminium er 100% genanvendeligt og underst\u00f8tter b\u00e6redygtige konstruktions- og produktionsmetoder.<br \/>\n<\/p><br \/><\/p>","protected":false},"featured_media":7724,"template":"","categories":[67],"class_list":["post-7725","product","type-product","status-publish","has-post-thumbnail","hentry","category-architectural-aluminium-profile"],"meta_box":{"hilight_text_group":{"product_hilight_text":"<li>Lightweight yet strong structure suitable for various applications<\/li>\r\r\n<li>Corrosion-resistant aluminum ideal for long-term indoor and outdoor use<\/li>\r\r\n<li>Modern and clean appearance enhances product aesthetics<\/li>\r\r\n<li>Available in multiple finishes such as anodized and powder-coated<\/li>\r\r\n<li>Customizable dimensions and profiles for OEM and architectural needs<\/li>\r\r\n<li>Low maintenance and long service life<\/li>\r\r\n<li>Eco-friendly material with 100% recyclability<\/li>","product_chanpin_blog":"<ul>\r\r\n<li><a href=\"https:\/\/sinoextrud.com\/t-slot-v-slot-differences\/\" target=\"_blank\">t slot vs v slot<\/a><\/li>\r\r\n<li><a href=\"https:\/\/sinoextrud.com\/what-is-4040-aluminium-extrud\/\" target=\"_blank\">4040 aluminium extrusion<\/a><\/li>\r\r\n<li><a href=\"https:\/\/sinoextrud.com\/what-is-4040-aluminium-extrud\/\" target=\"_blank\">aluminum extrusions for industrial racks<\/a><\/li>\r\r\n<li><a href=\"https:\/\/sinoextrud.com\/powder-coating-aluminium-process\/\" target=\"_blank\">powder coating aluminium<\/a><\/li>\r\r\n<li><a href=\"https:\/\/sinoextrud.com\/what-is-an-aluminium-strip-ceiling\/\" target=\"_blank\">aluminium strip ceiling<\/a><\/li>\r\r\n<li><a href=\"https:\/\/sinoextrud.com\/what-is-a-heat-sink\/\" target=\"_blank\">what is a heat sink<\/a><\/li>\r\r\n<\/ul>","product_chanpin_chanpin":"<li><a href=\"https:\/\/sinoextrud.com\/product\/aluminium-door-window-fittings\/\" target=\"_blank\">Aluminium Door Window Fittings<\/a><\/li>\r\n<li><a href=\"https:\/\/sinoextrud.com\/product\/aluminium-extruded-products\/\" target=\"_blank\">Aluminium Extruded Products<\/a><\/li>\r\n<li><a href=\"https:\/\/sinoextrud.com\/product\/aluminum-profile-glass-curtain-wall-system\/\" target=\"_blank\">Aluminum Profile Glass Curtain Wall System<\/a><\/li>\r\n<li><a href=\"https:\/\/sinoextrud.com\/product\/profiles-aluminum\/\" target=\"_blank\">Profiles aluminum<\/a><\/li>\r\n<li><a href=\"https:\/\/sinoextrud.com\/product\/aluminium-frame\/\" target=\"_blank\">Aluminium Frame<\/a><\/li>\r\n<li><a href=\"https:\/\/sinoextrud.com\/product\/bending-aluminium-tube\/\" target=\"_blank\">Bending Aluminium Tube<\/a><\/li>\r\n<li><a href=\"https:\/\/sinoextrud.com\/product\/anodised-aluminium\/\" target=\"_blank\">Anodised Aluminium<\/a><\/li>\r\n<li><a href=\"https:\/\/sinoextrud.com\/product\/aluminium-profile-to-make-doors-and-windows\/\" target=\"_blank\">Aluminium Profile to Make Doors And Windows<\/a><\/li>\r\n<li><a href=\"https:\/\/sinoextrud.com\/product\/structural-aluminium-profiles\/\" target=\"_blank\">Structural Aluminium Profiles<\/a><\/li>\r\n<li><a href=\"https:\/\/sinoextrud.com\/product\/linear-sliding-modules-aluminum-profiles\/\" target=\"_blank\">Linear Sliding Modules Aluminum Profiles<\/a><\/li>\r\n<li><a href=\"https:\/\/sinoextrud.com\/product\/aluminum-profile-led-light-strip-bar\/\" target=\"_blank\">Aluminum Profile LED Light Strip Bar<\/a><\/li>"},"feature_list":[]},"_links":{"self":[{"href":"https:\/\/sinoextrud.com\/da\/wp-json\/wp\/v2\/product\/7725","targetHints":{"allow":["GET"]}}],"collection":[{"href":"https:\/\/sinoextrud.com\/da\/wp-json\/wp\/v2\/product"}],"about":[{"href":"https:\/\/sinoextrud.com\/da\/wp-json\/wp\/v2\/types\/product"}],"wp:featuredmedia":[{"embeddable":true,"href":"https:\/\/sinoextrud.com\/da\/wp-json\/wp\/v2\/media\/7724"}],"wp:attachment":[{"href":"https:\/\/sinoextrud.com\/da\/wp-json\/wp\/v2\/media?parent=7725"}],"wp:term":[{"taxonomy":"category","embeddable":true,"href":"https:\/\/sinoextrud.com\/da\/wp-json\/wp\/v2\/categories?post=7725"}],"curies":[{"name":"wp","href":"https:\/\/api.w.org\/{rel}","templated":true}]}}