{"id":7715,"date":"2025-06-10T02:18:29","date_gmt":"2025-06-10T02:18:29","guid":{"rendered":"https:\/\/sinoextrud.com\/product\/aluminium-rail-extrusions\/"},"modified":"2025-06-24T06:13:29","modified_gmt":"2025-06-24T06:13:29","slug":"ekstruderede-aluminiumsskinner","status":"publish","type":"product","link":"https:\/\/sinoextrud.com\/da\/product\/aluminium-rail-extrusions\/","title":{"rendered":"Ekstruderede aluminiumsskinner"},"content":{"rendered":"<h2>Detaljer om produkter<\/h2>\n<table class=\"custom-table\">\n<tr>\n<td class=\"label\">Form:<\/td>\n<td> runde<\/td>\n<\/tr>\n<tr>\n<td class=\"label\">Temperament:<\/td>\n<td> T3-T8-legering<\/td>\n<\/tr>\n<tr>\n<td class=\"label\">Legeringsingrediens:<\/td>\n<td> 6063<\/td>\n<\/tr>\n<tr>\n<td class=\"label\">Poleret aluminiumsprofil:<\/td>\n<td> Kemisk polering<\/td>\n<\/tr>\n<tr>\n<td class=\"label\">Materiale:<\/td>\n<td> 99,7% rent aluminiumsmateriale<\/td>\n<\/tr>\n<tr>\n<td class=\"label\">Anodiseret Tykkelse:<\/td>\n<td> Over 10um<\/td>\n<\/tr>\n<tr>\n<td class=\"label\">Type:<\/td>\n<td> Ekstruderede aluminiumsskinner til dekoration<\/td>\n<\/tr>\n<tr>\n<td class=\"label\">Certificering:<\/td>\n<td> CE, SONCAP, ISO, CIQ, RoHS, TUV<\/td>\n<\/tr>\n<tr>\n<td class=\"label\">Oprindelse:<\/td>\n<td> Guangdong, Kina<\/td>\n<\/tr>\n<\/table>\n<h2>Vores produktionsbase<\/h2>\n<h3>Panorama over fabrikken<\/h3>\n<p><img decoding=\"async\" src=\"\/wp-content\/uploads\/factory-01.webp\"\/><\/p>\n<h3>V\u00e6rksted til fremstilling af aluminiumst\u00e6nger<\/h3>\n<p><img decoding=\"async\" src=\"\/wp-content\/uploads\/factory-02.webp\"\/><\/p>\n<\/p>\n<p><img decoding=\"async\" src=\"\/wp-content\/uploads\/factory-03.webp\"\/><\/p>\n<h3>Lager til opbevaring af skimmelsvampe<\/h3>\n<p><img decoding=\"async\" src=\"\/wp-content\/uploads\/factory-04.webp\"\/><\/p>\n<h3>43 ekstruderingslinjer for aluminium (500-5500 ton)<\/h3>\n<p><img decoding=\"async\" src=\"\/wp-content\/uploads\/factory-05.webp\"\/><\/p>\n<p><img decoding=\"async\" src=\"\/wp-content\/uploads\/factory-06.webp\"\/><\/p>\n<p><img decoding=\"async\" src=\"\/wp-content\/uploads\/factory-07.webp\"\/><\/p>\n<h3>V\u00e6rksted for pulverlakering<\/h3>\n<p><img decoding=\"async\" src=\"\/wp-content\/uploads\/factory-09.webp\"\/><\/p>\n<h3>Anodiseringsv\u00e6rksted<\/h3>\n<p><img decoding=\"async\" src=\"\/wp-content\/uploads\/factory-10.webp\"\/><\/p>\n<h3>Workshop om dyb behandling<\/h3>\n<p><img decoding=\"async\" src=\"\/wp-content\/uploads\/factory-11.webp\"\/><\/p>\n<h3>V\u00e6rksted for CNC-pr\u00e6cisionsbearbejdning<\/h3>\n<p><img decoding=\"async\" src=\"\/wp-content\/uploads\/factory-11.5.webp\"\/><\/p>\n<h3>F\u00e6rdigvare- og eksportlager<\/h3>\n<p><img decoding=\"async\" src=\"\/wp-content\/uploads\/factory-12.webp\"\/><\/p>\n<p><img decoding=\"async\" src=\"\/wp-content\/uploads\/factory-13.webp\"\/><\/p>\n<p><img decoding=\"async\" src=\"\/wp-content\/uploads\/factory-14.webp\"\/><\/p>\n<h2>OFTE STILLEDE SP\u00d8RGSM\u00c5L<\/h2>\n<p><b>1. Hvad er aluminiumsskinneekstruderinger?<\/b><\/p>\n<p>Aluminium Rail Extrusions er pr\u00e6cisionsformede aluminiumsprofiler, der bruges i skinnesystemer til styring, st\u00f8tte eller glidning.\n<\/p>\n<p><\/p>\n<p><b>2. Hvorfor v\u00e6lge aluminiumsskinneekstruderinger?<\/b><\/p>\n<p>De tilbyder letv\u00e6gtsstyrke, korrosionsbestandighed og pr\u00e6cise dimensioner, hvilket g\u00f8r dem ideelle til industrielle og kommercielle skinnesystemer.\n<\/p>\n<p><\/p>\n<p><b>3. Er aluminiumsskinneekstruderinger korrosionsbestandige?<\/b><\/p>\n<p>Ja, aluminium modst\u00e5r naturligt korrosion, hvilket g\u00f8r disse profiler perfekte til b\u00e5de indend\u00f8rs og udend\u00f8rs skinner.\n<\/p>\n<p><\/p>\n<p><b>4. Hvad er almindelige anvendelser af aluminiumsskinneekstruderinger?<\/b><\/p>\n<p>De bruges i glidesystemer, transportb\u00e5nd, maskinskinner og arkitektoniske spor.\n<\/p>\n<p><\/p>\n<p><b>5. Kan aluminiumsskinneekstruderinger tilpasses?<\/b><\/p>\n<p>Ja, de kan fremstilles i forskellige former, st\u00f8rrelser og overfladebehandlinger for at opfylde specifikke designkrav.\n<\/p>\n<p><\/p>\n<p><b>6. Kr\u00e6ver skinneekstruderinger af aluminium vedligeholdelse?<\/b><\/p>\n<p>De kr\u00e6ver minimal vedligeholdelse p\u00e5 grund af deres glatte overflade og rustbestandige egenskaber.\n<\/p>\n<p><\/p>\n<p><b>7. Er aluminiumsskinneekstruderinger egnede til tunge belastninger?<\/b><\/p>\n<p>Ja, afh\u00e6ngigt af profil og legering kan de klare moderate til tunge belastninger med p\u00e5lidelig ydeevne.\n<\/p>\n<p><\/p>\n<p><b>8. Er aluminium et milj\u00f8venligt materiale til skinneprofiler?<\/b><\/p>\n<p>Absolut, aluminium er genanvendeligt og energieffektivt, hvilket g\u00f8r det til et b\u00e6redygtigt valg til jernbanesystemer.\n<\/p>\n<p><\/p>","protected":false},"featured_media":7714,"template":"","categories":[67],"class_list":["post-7715","product","type-product","status-publish","has-post-thumbnail","hentry","category-architectural-aluminium-profile"],"meta_box":{"hilight_text_group":{"product_hilight_text":"<li>Durable aluminum construction ensures long service life<\/li>\r\r\n<li>Lightweight for easy installation and reduced structural load<\/li>\r\r\n<li>High corrosion resistance suitable for indoor and outdoor use<\/li>\r\r\n<li>Available in various profiles to meet different rail system requirements<\/li>\r\r\n<li>Excellent dimensional accuracy for smooth and stable operation<\/li>\r\r\n<li>Low maintenance and easy to clean surface<\/li>\r\r\n<li>Supports modular rail systems for flexible integration<\/li>","product_chanpin_blog":"<ul>\r\r\n<li><a href=\"https:\/\/sinoextrud.com\/t-slot-v-slot-differences\/\" target=\"_blank\">t slot vs v slot<\/a><\/li>\r\r\n<li><a href=\"https:\/\/sinoextrud.com\/what-is-4040-aluminium-extrud\/\" target=\"_blank\">4040 aluminium extrusion<\/a><\/li>\r\r\n<li><a href=\"https:\/\/sinoextrud.com\/what-is-4040-aluminium-extrud\/\" target=\"_blank\">aluminum extrusions for industrial racks<\/a><\/li>\r\r\n<li><a href=\"https:\/\/sinoextrud.com\/powder-coating-aluminium-process\/\" target=\"_blank\">powder coating aluminium<\/a><\/li>\r\r\n<li><a href=\"https:\/\/sinoextrud.com\/what-is-an-aluminium-strip-ceiling\/\" target=\"_blank\">aluminium strip ceiling<\/a><\/li>\r\r\n<li><a href=\"https:\/\/sinoextrud.com\/what-is-a-heat-sink\/\" target=\"_blank\">what is a heat sink<\/a><\/li>\r\r\n<\/ul>","product_chanpin_chanpin":"<li><a href=\"https:\/\/sinoextrud.com\/product\/greenhouse-aluminium-extrusions-aluminium-sunroom-profile\/\" target=\"_blank\">Greenhouse Aluminium Extrusions Aluminium Sunroom Profile<\/a><\/li>\r\n<li><a href=\"https:\/\/sinoextrud.com\/product\/aluminum-curtain-wall-extrusions\/\" target=\"_blank\">Aluminum Curtain Wall Extrusions<\/a><\/li>\r\n<li><a href=\"https:\/\/sinoextrud.com\/product\/30-x-30-aluminum-extrusion-for-decoration\/\" target=\"_blank\">30 X 30 Aluminum Extrusion For Decoration<\/a><\/li>\r\n<li><a href=\"https:\/\/sinoextrud.com\/product\/30mm-aluminum-extrusion\/\" target=\"_blank\">30mm Aluminum Extrusion<\/a><\/li>\r\n<li><a href=\"https:\/\/sinoextrud.com\/product\/aluminium-rail-extrusions\/\" target=\"_blank\">Aluminium Rail Extrusions<\/a><\/li>\r\n<li><a href=\"https:\/\/sinoextrud.com\/product\/aluminium-door-window-fittings\/\" target=\"_blank\">Aluminium Door Window Fittings<\/a><\/li>\r\n<li><a href=\"https:\/\/sinoextrud.com\/product\/aluminium-extruded-products\/\" target=\"_blank\">Aluminium Extruded Products<\/a><\/li>\r\n<li><a href=\"https:\/\/sinoextrud.com\/product\/aluminum-profile-glass-curtain-wall-system\/\" target=\"_blank\">Aluminum Profile Glass Curtain Wall System<\/a><\/li>\r\n<li><a href=\"https:\/\/sinoextrud.com\/product\/profiles-aluminum\/\" target=\"_blank\">Profiles aluminum<\/a><\/li>\r\n<li><a href=\"https:\/\/sinoextrud.com\/product\/extruded-aluminum-electronic-enclosures\/\" target=\"_blank\">Extruded Aluminum Electronic Enclosures<\/a><\/li>\r\n<li><a href=\"https:\/\/sinoextrud.com\/product\/aluminium-extrusion-channel-profiles\/\" target=\"_blank\">Aluminium Extrusion Channel Profiles<\/a><\/li>"},"feature_list":[]},"_links":{"self":[{"href":"https:\/\/sinoextrud.com\/da\/wp-json\/wp\/v2\/product\/7715","targetHints":{"allow":["GET"]}}],"collection":[{"href":"https:\/\/sinoextrud.com\/da\/wp-json\/wp\/v2\/product"}],"about":[{"href":"https:\/\/sinoextrud.com\/da\/wp-json\/wp\/v2\/types\/product"}],"wp:featuredmedia":[{"embeddable":true,"href":"https:\/\/sinoextrud.com\/da\/wp-json\/wp\/v2\/media\/7714"}],"wp:attachment":[{"href":"https:\/\/sinoextrud.com\/da\/wp-json\/wp\/v2\/media?parent=7715"}],"wp:term":[{"taxonomy":"category","embeddable":true,"href":"https:\/\/sinoextrud.com\/da\/wp-json\/wp\/v2\/categories?post=7715"}],"curies":[{"name":"wp","href":"https:\/\/api.w.org\/{rel}","templated":true}]}}