{"id":7689,"date":"2025-06-10T01:43:12","date_gmt":"2025-06-10T01:43:12","guid":{"rendered":"https:\/\/sinoextrud.com\/product\/y-section-aluminium-extrusion\/"},"modified":"2025-06-24T06:13:24","modified_gmt":"2025-06-24T06:13:24","slug":"y-profil-i-aluminium","status":"publish","type":"product","link":"https:\/\/sinoextrud.com\/da\/product\/y-section-aluminium-extrusion\/","title":{"rendered":"Y-sektion af aluminiumsekstrudering"},"content":{"rendered":"<h2>Detaljer om produkter<\/h2>\n<table class=\"custom-table\">\n<tbody>\n<tr>\n<td> Navn<\/td>\n<td> Y-profil i aluminium<\/td>\n<\/tr>\n<tr>\n<td> Brand<\/td>\n<td> Sinoextrud<\/td>\n<\/tr>\n<tr>\n<td> Kategori<\/td>\n<td> Aluminiumsprofiler<\/td>\n<\/tr>\n<tr>\n<td> Materiale<\/td>\n<td> 6061 er meget udbredt. 6063, 6463, 6005, 6082 er ogs\u00e5 tilg\u00e6ngelige.<\/td>\n<\/tr>\n<tr>\n<td> Temperament<\/td>\n<td> T5-T8<\/td>\n<\/tr>\n<tr>\n<td> L\u00e6ngde<\/td>\n<td> 1-9m eller tilpasset sk\u00e6ring<\/td>\n<\/tr>\n<tr>\n<td> St\u00f8rrelse (mm)<\/td>\n<td> Tilpasning<\/td>\n<\/tr>\n<tr>\n<td> Form<\/td>\n<td> Y-form\/tilpasning<\/td>\n<\/tr>\n<tr>\n<td> Overfladebehandling<\/td>\n<td> Fr\u00e6sning, anodisering, sandbl\u00e6sning, polering, elektroforese, pulverlakering osv.<\/td>\n<\/tr>\n<tr>\n<td> Farve<\/td>\n<td> Mens, sort, s\u00f8lv, bronze, guld, champagne, m\u00f8rk, kobber osv.<\/td>\n<\/tr>\n<tr>\n<td> Standard<\/td>\n<td> ASTM, GB, DIN<\/td>\n<\/tr>\n<tr>\n<td> Fra<\/td>\n<td> Guangdong, Kina<\/td>\n<\/tr>\n<tr>\n<td> Anvendelse<\/td>\n<td> Bygning, dekoration (s\u00e5som spejlramme, billedramme osv.)<\/td>\n<\/tr>\n<\/tbody>\n<\/table>\n<h2>Vores produktionsbase<\/h2>\n<h3>Panorama over fabrikken<\/h3>\n<p><img decoding=\"async\" src=\"\/wp-content\/uploads\/factory-01.webp\"\/><\/p>\n<h3>V\u00e6rksted til fremstilling af aluminiumst\u00e6nger<\/h3>\n<p><img decoding=\"async\" src=\"\/wp-content\/uploads\/factory-02.webp\"\/><\/p>\n<p><img decoding=\"async\" src=\"\/wp-content\/uploads\/factory-03.webp\"\/><\/p>\n<h3>Lager til opbevaring af skimmelsvampe<\/h3>\n<p><img decoding=\"async\" src=\"\/wp-content\/uploads\/factory-04.webp\"\/><\/p>\n<h3>43 ekstruderingslinjer for aluminium (500-5500 ton)<\/h3>\n<p><img decoding=\"async\" src=\"\/wp-content\/uploads\/factory-05.webp\"\/><\/p>\n<p><img decoding=\"async\" src=\"\/wp-content\/uploads\/factory-06.webp\"\/><\/p>\n<p><img decoding=\"async\" src=\"\/wp-content\/uploads\/factory-07.webp\"\/><\/p>\n<h3>V\u00e6rksted for pulverlakering<\/h3>\n<p><img decoding=\"async\" src=\"\/wp-content\/uploads\/factory-09.webp\"\/><\/p>\n<h3>Anodiseringsv\u00e6rksted<\/h3>\n<p><img decoding=\"async\" src=\"\/wp-content\/uploads\/factory-10.webp\"\/><\/p>\n<h3>Workshop om dyb behandling<\/h3>\n<p><img decoding=\"async\" src=\"\/wp-content\/uploads\/factory-11.webp\"\/><\/p>\n<h3>V\u00e6rksted for CNC-pr\u00e6cisionsbearbejdning<\/h3>\n<p><img decoding=\"async\" src=\"\/wp-content\/uploads\/factory-11.5.webp\"\/><\/p>\n<h3>F\u00e6rdigvare- og eksportlager<\/h3>\n<p><img decoding=\"async\" src=\"\/wp-content\/uploads\/factory-12.webp\"\/><\/p>\n<p><img decoding=\"async\" src=\"\/wp-content\/uploads\/factory-13.webp\"\/><\/p>\n<p><img decoding=\"async\" src=\"\/wp-content\/uploads\/factory-14.webp\"\/><\/p>\n<h2>OFTE STILLEDE SP\u00d8RGSM\u00c5L<\/h2>\n<p><p><b>1. Hvad er en Y-sektion af aluminiumsekstrudering? <\/b><\/p>\n<p> Et Y-profil i aluminium er en specialformet aluminiumsprofil med tre arme, der danner et \"Y\" til strukturel st\u00f8tte og flerpunktsforbindelser.<br \/>\n<\/p><br \/>\n<br \/>\n<p><b>2. Hvad er fordelene ved det Y-formede design? <\/b><\/p>\n<p> Y-profilen giver mulighed for forbindelser i flere retninger, forbedret lastfordeling og \u00f8get designfleksibilitet i komplekse rammer.<br \/>\n<\/p><br \/>\n<br \/>\n<p><b>3. Er Y-sektionens aluminiumekstrudering st\u00e6rk? <\/b><\/p>\n<p> Ja, det har et fremragende forhold mellem styrke og v\u00e6gt, hvilket g\u00f8r det velegnet til strukturelle og industrielle anvendelser.<br \/>\n<\/p><br \/>\n<br \/>\n<p><b>4. Kan Y-ekstruderingen tilpasses? <\/b><\/p>\n<p> Absolut, Y Section Aluminium Extrusions kan skr\u00e6ddersys i dimensioner, tykkelser og finish til at opfylde specifikke anvendelsesbehov.<br \/>\n<\/p><br \/>\n<br \/>\n<p><b>5. Hvilke industrier bruger ofte Y-profiler? <\/b><\/p>\n<p> De bruges i arkitektoniske rammer, automatiseringsudstyr, udstillingsstrukturer og skillev\u00e6gssystemer.<br \/>\n<\/p><br \/>\n<br \/>\n<p><b>6. Er materialet korrosionsbestandigt? <\/b><\/p>\n<p> Ja, aluminiumsoverfladen kan anodiseres eller pulverlakeres for at opn\u00e5 fremragende korrosionsbestandighed i barske milj\u00f8er.<br \/>\n<\/p><br \/>\n<br \/>\n<p><b>7. Hvordan installeres Y-sektionen? <\/b><\/p>\n<p> Det er kompatibelt med standard aluminiumsforbindelser og kan sk\u00e6res, bores og monteres med almindeligt v\u00e6rkt\u00f8j.<br \/>\n<\/p><br \/>\n<br \/>\n<p><b>8. Er denne profil egnet til udend\u00f8rs brug? <\/b><\/p>\n<p> Ja, med den rette efterbehandling fungerer Y-profiler af aluminium godt i udend\u00f8rs og vejrudsatte milj\u00f8er.<br \/>\n<\/p><br \/><\/p>","protected":false},"featured_media":7688,"template":"","categories":[67],"class_list":["post-7689","product","type-product","status-publish","has-post-thumbnail","hentry","category-architectural-aluminium-profile"],"meta_box":{"hilight_text_group":{"product_hilight_text":"<li>Unique Y-shaped design offers structural stability and multi-directional support.<\/li>\r\r\n<li>Lightweight yet high-strength aluminum ensures easy handling and durability.<\/li>\r\r\n<li>Corrosion-resistant finish ideal for both indoor and outdoor environments.<\/li>\r\r\n<li>Customizable dimensions and alloys to meet diverse engineering requirements.<\/li>\r\r\n<li>Compatible with various assembly systems and industrial frameworks.<\/li>\r\r\n<li>Excellent for architectural structures, framing systems, and partition walls.<\/li>","product_chanpin_blog":"<ul>\r\r\n<li><a href=\"https:\/\/sinoextrud.com\/t-slot-v-slot-differences\/\" target=\"_blank\">t slot vs v slot<\/a><\/li>\r\r\n<li><a href=\"https:\/\/sinoextrud.com\/what-is-4040-aluminium-extrud\/\" target=\"_blank\">4040 aluminium extrusion<\/a><\/li>\r\r\n<li><a href=\"https:\/\/sinoextrud.com\/what-is-4040-aluminium-extrud\/\" target=\"_blank\">aluminum extrusions for industrial racks<\/a><\/li>\r\r\n<li><a href=\"https:\/\/sinoextrud.com\/powder-coating-aluminium-process\/\" target=\"_blank\">powder coating aluminium<\/a><\/li>\r\r\n<li><a href=\"https:\/\/sinoextrud.com\/what-is-an-aluminium-strip-ceiling\/\" target=\"_blank\">aluminium strip ceiling<\/a><\/li>\r\r\n<li><a href=\"https:\/\/sinoextrud.com\/what-is-a-heat-sink\/\" target=\"_blank\">what is a heat sink<\/a><\/li>\r\r\n<\/ul>","product_chanpin_chanpin":"<li><a href=\"https:\/\/sinoextrud.com\/product\/three-acid-oxidation-aluminium-u-shaped-channel\/\" target=\"_blank\">Three Acid Oxidation Aluminium U Shaped Channel<\/a><\/li>\r\n<li><a href=\"https:\/\/sinoextrud.com\/product\/extruded-aluminum-sections\/\" target=\"_blank\">Extruded Aluminum Sections<\/a><\/li>\r\n<li><a href=\"https:\/\/sinoextrud.com\/product\/slotted-extruded-aluminum-u-shaped-bending-punching\/\" target=\"_blank\">Slotted Extruded Aluminum U Shaped Bending Punching<\/a><\/li>\r\n<li><a href=\"https:\/\/sinoextrud.com\/product\/extruded-aluminium-channel\/\" target=\"_blank\">Extruded Aluminium Channel<\/a><\/li>\r\n<li><a href=\"https:\/\/sinoextrud.com\/product\/y-section-aluminium-extrusion\/\" target=\"_blank\">Y Section Aluminium Extrusion<\/a><\/li>\r\n<li><a href=\"https:\/\/sinoextrud.com\/product\/round-aluminum-extrusion-architeture-fabrication\/\" target=\"_blank\">Round Aluminum Extrusion Architeture Fabrication<\/a><\/li>\r\n<li><a href=\"https:\/\/sinoextrud.com\/product\/building-materials-aluminium-profile-curtain-rod\/\" target=\"_blank\">Building Materials Aluminium Profile Curtain Rod<\/a><\/li>\r\n<li><a href=\"https:\/\/sinoextrud.com\/product\/factory-offer-extrude-aluminium-track-profile\/\" target=\"_blank\">Factory Offer Extrude Aluminium Track Profile<\/a><\/li>\r\n<li><a href=\"https:\/\/sinoextrud.com\/product\/clip-on-aluminium-profiles\/\" target=\"_blank\">Clip On Aluminium Profiles<\/a><\/li>\r\n<li><a href=\"https:\/\/sinoextrud.com\/product\/aluminium-handrail-profiles\/\" target=\"_blank\">Aluminium Handrail Profiles<\/a><\/li>\r\n<li><a href=\"https:\/\/sinoextrud.com\/product\/triangle-ceiling-system\/\" target=\"_blank\">Triangle Ceiling System (Triangle Ceiling)<\/a><\/li>"},"feature_list":[]},"_links":{"self":[{"href":"https:\/\/sinoextrud.com\/da\/wp-json\/wp\/v2\/product\/7689","targetHints":{"allow":["GET"]}}],"collection":[{"href":"https:\/\/sinoextrud.com\/da\/wp-json\/wp\/v2\/product"}],"about":[{"href":"https:\/\/sinoextrud.com\/da\/wp-json\/wp\/v2\/types\/product"}],"wp:featuredmedia":[{"embeddable":true,"href":"https:\/\/sinoextrud.com\/da\/wp-json\/wp\/v2\/media\/7688"}],"wp:attachment":[{"href":"https:\/\/sinoextrud.com\/da\/wp-json\/wp\/v2\/media?parent=7689"}],"wp:term":[{"taxonomy":"category","embeddable":true,"href":"https:\/\/sinoextrud.com\/da\/wp-json\/wp\/v2\/categories?post=7689"}],"curies":[{"name":"wp","href":"https:\/\/api.w.org\/{rel}","templated":true}]}}