{"id":7685,"date":"2025-06-10T01:39:07","date_gmt":"2025-06-10T01:39:07","guid":{"rendered":"https:\/\/sinoextrud.com\/product\/slotted-extruded-aluminum-u-shaped-bending-punching\/"},"modified":"2025-06-24T06:13:24","modified_gmt":"2025-06-24T06:13:24","slug":"slidset-ekstruderet-aluminium-u-formet-bukning-stansning","status":"publish","type":"product","link":"https:\/\/sinoextrud.com\/da\/product\/slotted-extruded-aluminum-u-shaped-bending-punching\/","title":{"rendered":"Slidset ekstruderet aluminium U-formet b\u00f8jning stansning"},"content":{"rendered":"<h2>Detaljer om produkter<\/h2>\n<table class=\"custom-table\">\n<tbody>\n<tr>\n<td> Vare<\/td>\n<td> Slidset ekstruderet aluminium U-formet b\u00f8jning stansning<\/td>\n<\/tr>\n<tr>\n<td> Aluminiumslegering<\/td>\n<td> 6063-T5, eller tilpasning<\/td>\n<\/tr>\n<tr>\n<td> Overfladebehandling<\/td>\n<td> sandbl\u00e6st, CNC-bearbejdning eller tilpasning<\/td>\n<\/tr>\n<tr>\n<td> Farve<\/td>\n<td> s\u00f8lv eller tilpasning<\/td>\n<\/tr>\n<tr>\n<td> St\u00f8rrelse<\/td>\n<td> CNC-bearbejdning eller tilpasning<\/td>\n<\/tr>\n<tr>\n<td> Anvendelse<\/td>\n<td> Aluminiumsprofil til vinduer og d\u00f8re, aluminiumsprofil til dekoration, aluminiumsprofil til glasv\u00e6gge, aluminiumsprofil til transport<\/td>\n<\/tr>\n<tr>\n<td> Brand<\/td>\n<td> Sinoextrud \/ Sinoextrud \/ Sinoextrud Aluminium<\/td>\n<\/tr>\n<tr>\n<td> Oprindelse<\/td>\n<td> Foshan, Kina<\/td>\n<\/tr>\n<\/tbody>\n<\/table>\n<h2>Vores produktionsbase<\/h2>\n<h3>Panorama over fabrikken<\/h3>\n<p><img decoding=\"async\" src=\"\/wp-content\/uploads\/factory-01.webp\"\/><\/p>\n<h3>V\u00e6rksted til fremstilling af aluminiumst\u00e6nger<\/h3>\n<p><img decoding=\"async\" src=\"\/wp-content\/uploads\/factory-02.webp\"\/><\/p>\n<p><img decoding=\"async\" src=\"\/wp-content\/uploads\/factory-03.webp\"\/><\/p>\n<h3>Lager til opbevaring af skimmelsvampe<\/h3>\n<p><img decoding=\"async\" src=\"\/wp-content\/uploads\/factory-04.webp\"\/><\/p>\n<h3>43 ekstruderingslinjer for aluminium (500-5500 ton)<\/h3>\n<p><img decoding=\"async\" src=\"\/wp-content\/uploads\/factory-05.webp\"\/><\/p>\n<p><img decoding=\"async\" src=\"\/wp-content\/uploads\/factory-06.webp\"\/><\/p>\n<p><img decoding=\"async\" src=\"\/wp-content\/uploads\/factory-07.webp\"\/><\/p>\n<h3>V\u00e6rksted for pulverlakering<\/h3>\n<p><img decoding=\"async\" src=\"\/wp-content\/uploads\/factory-09.webp\"\/><\/p>\n<h3>Anodiseringsv\u00e6rksted<\/h3>\n<p><img decoding=\"async\" src=\"\/wp-content\/uploads\/factory-10.webp\"\/><\/p>\n<h3>Workshop om dyb behandling<\/h3>\n<p><img decoding=\"async\" src=\"\/wp-content\/uploads\/factory-11.webp\"\/><\/p>\n<h3>V\u00e6rksted for CNC-pr\u00e6cisionsbearbejdning<\/h3>\n<p><img decoding=\"async\" src=\"\/wp-content\/uploads\/factory-11.5.webp\"\/><\/p>\n<h3>F\u00e6rdigvare- og eksportlager<\/h3>\n<p><img decoding=\"async\" src=\"\/wp-content\/uploads\/factory-12.webp\"\/><\/p>\n<p><img decoding=\"async\" src=\"\/wp-content\/uploads\/factory-13.webp\"\/><\/p>\n<p><img decoding=\"async\" src=\"\/wp-content\/uploads\/factory-14.webp\"\/><\/p>\n<h2>OFTE STILLEDE SP\u00d8RGSM\u00c5L<\/h2>\n<p><p><b>1. Hvad er slidset ekstruderet aluminium U-formet b\u00f8jning og stansning? <\/b><\/p>\n<p> Det er en U-formet aluminiumsprofil med slidser, designet til specialbukning og stansning, der bruges i forskellige industrielle og strukturelle anvendelser.<br \/>\n<\/p><br \/>\n<br \/>\n<p><b>2. Hvad er fordelene ved det slidsede design? <\/b><\/p>\n<p> \u00c5bningerne giver mulighed for nem montering, kabelf\u00f8ring og modul\u00e6r samling, hvilket \u00f8ger fleksibiliteten i installationen.<br \/>\n<\/p><br \/>\n<br \/>\n<p><b>3. Hvorfor bruge en U-formet aluminiumsprofil? <\/b><\/p>\n<p> U-formen giver st\u00e6rk st\u00f8tte og stivhed, ideel til indramning, afstivning og strukturel forst\u00e6rkning.<br \/>\n<\/p><br \/>\n<br \/>\n<p><b>4. Kan denne profil tilpasses med b\u00f8jning og stansning? <\/b><\/p>\n<p> Ja, aluminiummet kan b\u00f8jes og udstanses pr\u00e6cist, s\u00e5 det passer til brugerdefinerede former og hulm\u00f8nstre til specifikke projektbehov.<br \/>\n<\/p><br \/>\n<br \/>\n<p><b>5. Er denne aluminiumsprofil korrosionsbestandig? <\/b><\/p>\n<p> Den anodiserede eller pulverlakerede overflade beskytter mod rust og oxidering og er velegnet til indend\u00f8rs og udend\u00f8rs brug.<br \/>\n<\/p><br \/>\n<br \/>\n<p><b>6. Hvilke brancher bruger ofte denne profil? <\/b><\/p>\n<p> Det bruges i elektriske kabinetter, automatiseringsudstyr, kontrolpaneler, industriel indramning og kabelbakke-systemer.<br \/>\n<\/p><br \/>\n<br \/>\n<p><b>7. Er materialet let at arbejde med? <\/b><\/p>\n<p> Ja, aluminium er let og nemt at bearbejde, hvilket g\u00f8r det ideelt til sk\u00e6ring, bukning, boring og fremstilling.<br \/>\n<\/p><br \/>\n<br \/>\n<p><b>8. Kan dette produkt b\u00e6re tunge belastninger? <\/b><\/p>\n<p> Ja, den ekstruderede aluminiumsstruktur giver et fremragende forhold mellem styrke og v\u00e6gt til underst\u00f8ttelse af mekaniske og strukturelle komponenter.<br \/>\n<\/p><br \/><\/p>","protected":false},"featured_media":7684,"template":"","categories":[67],"class_list":["post-7685","product","type-product","status-publish","has-post-thumbnail","hentry","category-architectural-aluminium-profile"],"meta_box":{"hilight_text_group":{"product_hilight_text":"<li>Slotted design allows for flexible mounting and cable management.<\/li>\r\r\n<li>U-shaped extruded aluminum offers strong structural integrity and rigidity.<\/li>\r\r\n<li>Supports custom bending and punching for tailored assembly solutions.<\/li>\r\r\n<li>Corrosion-resistant surface ensures long-term durability in harsh environments.<\/li>\r\r\n<li>Lightweight material simplifies transport, handling, and installation.<\/li>\r\r\n<li>Ideal for enclosures, brackets, automation, and control panel systems.<\/li>","product_chanpin_blog":"<ul>\r\r\n<li><a href=\"https:\/\/sinoextrud.com\/t-slot-v-slot-differences\/\" target=\"_blank\">t slot vs v slot<\/a><\/li>\r\r\n<li><a href=\"https:\/\/sinoextrud.com\/what-is-4040-aluminium-extrud\/\" target=\"_blank\">4040 aluminium extrusion<\/a><\/li>\r\r\n<li><a href=\"https:\/\/sinoextrud.com\/what-is-4040-aluminium-extrud\/\" target=\"_blank\">aluminum extrusions for industrial racks<\/a><\/li>\r\r\n<li><a href=\"https:\/\/sinoextrud.com\/powder-coating-aluminium-process\/\" target=\"_blank\">powder coating aluminium<\/a><\/li>\r\r\n<li><a href=\"https:\/\/sinoextrud.com\/what-is-an-aluminium-strip-ceiling\/\" target=\"_blank\">aluminium strip ceiling<\/a><\/li>\r\r\n<li><a href=\"https:\/\/sinoextrud.com\/what-is-a-heat-sink\/\" target=\"_blank\">what is a heat sink<\/a><\/li>\r\r\n<\/ul>","product_chanpin_chanpin":"<li><a href=\"https:\/\/sinoextrud.com\/product\/aluminum-track-extrusion\/\" target=\"_blank\">Aluminum Track Extrusion<\/a><\/li>\r\n<li><a href=\"https:\/\/sinoextrud.com\/product\/aluminum-trailer-decking\/\" target=\"_blank\">Aluminum Trailer Decking<\/a><\/li>\r\n<li><a href=\"https:\/\/sinoextrud.com\/product\/three-acid-oxidation-aluminium-u-shaped-channel\/\" target=\"_blank\">Three Acid Oxidation Aluminium U Shaped Channel<\/a><\/li>\r\n<li><a href=\"https:\/\/sinoextrud.com\/product\/extruded-aluminum-sections\/\" target=\"_blank\">Extruded Aluminum Sections<\/a><\/li>\r\n<li><a href=\"https:\/\/sinoextrud.com\/product\/slotted-extruded-aluminum-u-shaped-bending-punching\/\" target=\"_blank\">Slotted Extruded Aluminum U Shaped Bending Punching<\/a><\/li>\r\n<li><a href=\"https:\/\/sinoextrud.com\/product\/extruded-aluminium-channel\/\" target=\"_blank\">Extruded Aluminium Channel<\/a><\/li>\r\n<li><a href=\"https:\/\/sinoextrud.com\/product\/y-section-aluminium-extrusion\/\" target=\"_blank\">Y Section Aluminium Extrusion<\/a><\/li>\r\n<li><a href=\"https:\/\/sinoextrud.com\/product\/round-aluminum-extrusion-architeture-fabrication\/\" target=\"_blank\">Round Aluminum Extrusion Architeture Fabrication<\/a><\/li>\r\n<li><a href=\"https:\/\/sinoextrud.com\/product\/building-materials-aluminium-profile-curtain-rod\/\" target=\"_blank\">Building Materials Aluminium Profile Curtain Rod<\/a><\/li>\r\n<li><a href=\"https:\/\/sinoextrud.com\/product\/round-aluminum-tube\/\" target=\"_blank\">Round Aluminum Tube<\/a><\/li>\r\n<li><a href=\"https:\/\/sinoextrud.com\/product\/thermal-break-aluminium-profiles\/\" target=\"_blank\">Thermal Break Aluminium Profiles<\/a><\/li>"},"feature_list":[]},"_links":{"self":[{"href":"https:\/\/sinoextrud.com\/da\/wp-json\/wp\/v2\/product\/7685","targetHints":{"allow":["GET"]}}],"collection":[{"href":"https:\/\/sinoextrud.com\/da\/wp-json\/wp\/v2\/product"}],"about":[{"href":"https:\/\/sinoextrud.com\/da\/wp-json\/wp\/v2\/types\/product"}],"wp:featuredmedia":[{"embeddable":true,"href":"https:\/\/sinoextrud.com\/da\/wp-json\/wp\/v2\/media\/7684"}],"wp:attachment":[{"href":"https:\/\/sinoextrud.com\/da\/wp-json\/wp\/v2\/media?parent=7685"}],"wp:term":[{"taxonomy":"category","embeddable":true,"href":"https:\/\/sinoextrud.com\/da\/wp-json\/wp\/v2\/categories?post=7685"}],"curies":[{"name":"wp","href":"https:\/\/api.w.org\/{rel}","templated":true}]}}