{"id":7683,"date":"2025-06-10T01:36:09","date_gmt":"2025-06-10T01:36:09","guid":{"rendered":"https:\/\/sinoextrud.com\/product\/extruded-aluminum-sections\/"},"modified":"2025-06-24T06:13:23","modified_gmt":"2025-06-24T06:13:23","slug":"ekstruderede-aluminiumsprofiler-3","status":"publish","type":"product","link":"https:\/\/sinoextrud.com\/da\/product\/extruded-aluminum-sections\/","title":{"rendered":"Ekstruderede aluminiumsprofiler"},"content":{"rendered":"<h2>Detaljer om produkter<\/h2>\n<table class=\"custom-table\">\n<tbody>\n<tr>\n<td> Produktets navn<\/td>\n<td> Ekstruderede aluminiumsprofiler<\/td>\n<\/tr>\n<tr>\n<td> Ingrediens<\/td>\n<td> 6063,6061,6082,6005,6005A,6463 ect.<\/td>\n<\/tr>\n<tr>\n<td> Temperament<\/td>\n<td> T3-T8<\/td>\n<\/tr>\n<tr>\n<td> Form<\/td>\n<td> Forskellige former for tilpassede former<\/td>\n<\/tr>\n<tr>\n<td> Tykkelse<\/td>\n<td> 0,7 mm-10 mm, anden tykkelse kan forhandles<\/td>\n<\/tr>\n<tr>\n<td> Farve<\/td>\n<td> Som tilpasset<\/td>\n<\/tr>\n<tr>\n<td> L\u00e6ngde<\/td>\n<td> Standardl\u00e6ngde1-9M, eller anden tilpasset l\u00e6ngde<\/td>\n<\/tr>\n<tr>\n<td> Ans\u00f8gninger<\/td>\n<td> Industriel, arkitektonisk, dekoration osv.<\/td>\n<\/tr>\n<tr>\n<td> Brand<\/td>\n<td> Sinoextrud eller OEM<\/td>\n<\/tr>\n<tr>\n<td> CNC-proces<\/td>\n<td> Underst\u00f8tter CNC-fr\u00e6sning, stansning, boring, gevindsk\u00e6ring, b\u00f8jning<\/td>\n<\/tr>\n<tr>\n<td> MOQ<\/td>\n<td> 200 KG<\/td>\n<\/tr>\n<tr>\n<td> Overfladefinish<\/td>\n<td> F\u00e6rdigbehandlet, tr\u00e6korn, anodiseret, pulverlakering, elektroforese, PVDF-bel\u00e6gning, b\u00f8rstet osv.<\/td>\n<\/tr>\n<tr>\n<td> Garanti<\/td>\n<td> ISO9001,ISO4001,CQM,SGS,CE,BV etc.<\/td>\n<\/tr>\n<tr>\n<td> Oprindelse<\/td>\n<td> Guangdong, Kina<\/td>\n<\/tr>\n<\/tbody>\n<\/table>\n<h2>Vores produktionsbase<\/h2>\n<h3>Panorama over fabrikken<\/h3>\n<p><img decoding=\"async\" src=\"\/wp-content\/uploads\/factory-01.webp\"\/><\/p>\n<h3>V\u00e6rksted til fremstilling af aluminiumst\u00e6nger<\/h3>\n<p><img decoding=\"async\" src=\"\/wp-content\/uploads\/factory-02.webp\"\/><\/p>\n<\/p>\n<p><img decoding=\"async\" src=\"\/wp-content\/uploads\/factory-03.webp\"\/><\/p>\n<h3>Lager til opbevaring af skimmelsvampe<\/h3>\n<p><img decoding=\"async\" src=\"\/wp-content\/uploads\/factory-04.webp\"\/><\/p>\n<h3>43 ekstruderingslinjer for aluminium (500-5500 ton)<\/h3>\n<p><img decoding=\"async\" src=\"\/wp-content\/uploads\/factory-05.webp\"\/><\/p>\n<p><img decoding=\"async\" src=\"\/wp-content\/uploads\/factory-06.webp\"\/><\/p>\n<p><img decoding=\"async\" src=\"\/wp-content\/uploads\/factory-07.webp\"\/><\/p>\n<h3>V\u00e6rksted for pulverlakering<\/h3>\n<p><img decoding=\"async\" src=\"\/wp-content\/uploads\/factory-09.webp\"\/><\/p>\n<h3>Anodiseringsv\u00e6rksted<\/h3>\n<p><img decoding=\"async\" src=\"\/wp-content\/uploads\/factory-10.webp\"\/><\/p>\n<h3>Workshop om dyb behandling<\/h3>\n<p><img decoding=\"async\" src=\"\/wp-content\/uploads\/factory-11.webp\"\/><\/p>\n<h3>V\u00e6rksted for CNC-pr\u00e6cisionsbearbejdning<\/h3>\n<p><img decoding=\"async\" src=\"\/wp-content\/uploads\/factory-11.5.webp\"\/><\/p>\n<h3>F\u00e6rdigvare- og eksportlager<\/h3>\n<p><img decoding=\"async\" src=\"\/wp-content\/uploads\/factory-12.webp\"\/><\/p>\n<p><img decoding=\"async\" src=\"\/wp-content\/uploads\/factory-13.webp\"\/><\/p>\n<p><img decoding=\"async\" src=\"\/wp-content\/uploads\/factory-14.webp\"\/><\/p>\n<h2>OFTE STILLEDE SP\u00d8RGSM\u00c5L<\/h2>\n<p><b>1. Hvad er ekstruderede aluminiumsprofiler? <\/b><\/p>\n<p> Ekstruderede aluminiumsprofiler er formede aluminiumsprofiler skabt gennem en ekstruderingsproces, der bruges i strukturelle, arkitektoniske og industrielle applikationer.\n<\/p>\n<p><\/p>\n<p><b>2. Hvad er fordelene ved at bruge ekstruderet aluminium? <\/b><\/p>\n<p> Ekstruderet aluminium giver letv\u00e6gtsstyrke, korrosionsbestandighed, designfleksibilitet og fremragende bearbejdelighed.\n<\/p>\n<p><\/p>\n<p><b>3. Kan aluminiumsprofiler tilpasses? <\/b><\/p>\n<p> Ja, ekstruderede aluminiumsprofiler kan produceres i tilpassede former, st\u00f8rrelser, tykkelser og overflader baseret p\u00e5 projektkrav.\n<\/p>\n<p><\/p>\n<p><b>4. Hvilke industrier bruger almindeligvis ekstruderede aluminiumsprofiler? <\/b><\/p>\n<p> De bruges i vid udstr\u00e6kning inden for byggeri, transport, elektronik, maskiner og renrumssystemer.\n<\/p>\n<p><\/p>\n<p><b>5. Er ekstruderede aluminiumsprofiler nemme at arbejde med? <\/b><\/p>\n<p> De er absolut nemme at sk\u00e6re, bore og samle, hvilket g\u00f8r dem ideelle til modul\u00e6re systemer og hurtig prototyping.\n<\/p>\n<p><\/p>\n<p><b>6. Hvor holdbare er ekstruderede aluminiumsprofiler? <\/b><\/p>\n<p> Med den rette overfladebehandling som anodisering eller pulverlakering giver disse sektioner fremragende modstandsdygtighed over for korrosion, slid og vejrlig.\n<\/p>\n<p><\/p>\n<p><b>7. Er aluminium milj\u00f8venligt? <\/b><\/p>\n<p> Ja, aluminium er 100% genanvendeligt, hvilket g\u00f8r ekstruderede profiler til en b\u00e6redygtig mulighed for gr\u00f8nt byggeri og produktion.\n<\/p>\n<p><\/p>\n<p><b>8. Kan aluminiumsprofiler b\u00e6re tunge belastninger? <\/b><\/p>\n<p> Ja, afh\u00e6ngigt af profildesign og legeringstype kan ekstruderede aluminiumsprofiler h\u00e5ndtere h\u00f8je mekaniske belastninger til industriel brug.\n<\/p>\n<p><\/p>","protected":false},"featured_media":7682,"template":"","categories":[67],"class_list":["post-7683","product","type-product","status-publish","has-post-thumbnail","hentry","category-architectural-aluminium-profile"],"meta_box":{"hilight_text_group":{"product_hilight_text":"<li>High-strength aluminum construction suitable for structural and architectural use.<\/li>\r\r\n<li>Lightweight material reduces overall system weight and transportation costs.<\/li>\r\r\n<li>Corrosion-resistant surface finish for durability in harsh environments.<\/li>\r\r\n<li>Customizable shapes, sizes, and alloy grades to meet specific application needs.<\/li>\r\r\n<li>Excellent machinability for cutting, drilling, and fabrication.<\/li>\r\r\n<li>Suitable for automation, enclosures, framing systems, and transportation industries.<\/li>","product_chanpin_blog":"<ul>\r\r\n<li><a href=\"https:\/\/sinoextrud.com\/t-slot-v-slot-differences\/\" target=\"_blank\">t slot vs v slot<\/a><\/li>\r\r\n<li><a href=\"https:\/\/sinoextrud.com\/what-is-4040-aluminium-extrud\/\" target=\"_blank\">4040 aluminium extrusion<\/a><\/li>\r\r\n<li><a href=\"https:\/\/sinoextrud.com\/what-is-4040-aluminium-extrud\/\" target=\"_blank\">aluminum extrusions for industrial racks<\/a><\/li>\r\r\n<li><a href=\"https:\/\/sinoextrud.com\/powder-coating-aluminium-process\/\" target=\"_blank\">powder coating aluminium<\/a><\/li>\r\r\n<li><a href=\"https:\/\/sinoextrud.com\/what-is-an-aluminium-strip-ceiling\/\" target=\"_blank\">aluminium strip ceiling<\/a><\/li>\r\r\n<li><a href=\"https:\/\/sinoextrud.com\/what-is-a-heat-sink\/\" target=\"_blank\">what is a heat sink<\/a><\/li>\r\r\n<\/ul>","product_chanpin_chanpin":"<li><a href=\"https:\/\/sinoextrud.com\/product\/anodized-aluminium-profile-value-frame-extrusion\/\" target=\"_blank\">Anodized Aluminium Profile Value Frame Extrusion<\/a><\/li>\r\n<li><a href=\"https:\/\/sinoextrud.com\/product\/aluminum-track-extrusion\/\" target=\"_blank\">Aluminum Track Extrusion<\/a><\/li>\r\n<li><a href=\"https:\/\/sinoextrud.com\/product\/aluminum-trailer-decking\/\" target=\"_blank\">Aluminum Trailer Decking<\/a><\/li>\r\n<li><a href=\"https:\/\/sinoextrud.com\/product\/three-acid-oxidation-aluminium-u-shaped-channel\/\" target=\"_blank\">Three Acid Oxidation Aluminium U Shaped Channel<\/a><\/li>\r\n<li><a href=\"https:\/\/sinoextrud.com\/product\/extruded-aluminum-sections\/\" target=\"_blank\">Extruded Aluminum Sections<\/a><\/li>\r\n<li><a href=\"https:\/\/sinoextrud.com\/product\/slotted-extruded-aluminum-u-shaped-bending-punching\/\" target=\"_blank\">Slotted Extruded Aluminum U Shaped Bending Punching<\/a><\/li>\r\n<li><a href=\"https:\/\/sinoextrud.com\/product\/extruded-aluminium-channel\/\" target=\"_blank\">Extruded Aluminium Channel<\/a><\/li>\r\n<li><a href=\"https:\/\/sinoextrud.com\/product\/y-section-aluminium-extrusion\/\" target=\"_blank\">Y Section Aluminium Extrusion<\/a><\/li>\r\n<li><a href=\"https:\/\/sinoextrud.com\/product\/round-aluminum-extrusion-architeture-fabrication\/\" target=\"_blank\">Round Aluminum Extrusion Architeture Fabrication<\/a><\/li>\r\n<li><a href=\"https:\/\/sinoextrud.com\/product\/aluminum-extrusion-1060-2024-3003-5082-6061-6082-7003-7005-7075-aluminum-alloy-profile\/\" target=\"_blank\">Aluminum Extrusion 1060 2024 3003 5082 6061 6082 7003 7005 7075 Aluminum Alloy Profile<\/a><\/li>\r\n<li><a href=\"https:\/\/sinoextrud.com\/product\/aluminium-pipe\/\" target=\"_blank\">Aluminium Pipe<\/a><\/li>"},"feature_list":[]},"_links":{"self":[{"href":"https:\/\/sinoextrud.com\/da\/wp-json\/wp\/v2\/product\/7683","targetHints":{"allow":["GET"]}}],"collection":[{"href":"https:\/\/sinoextrud.com\/da\/wp-json\/wp\/v2\/product"}],"about":[{"href":"https:\/\/sinoextrud.com\/da\/wp-json\/wp\/v2\/types\/product"}],"wp:featuredmedia":[{"embeddable":true,"href":"https:\/\/sinoextrud.com\/da\/wp-json\/wp\/v2\/media\/7682"}],"wp:attachment":[{"href":"https:\/\/sinoextrud.com\/da\/wp-json\/wp\/v2\/media?parent=7683"}],"wp:term":[{"taxonomy":"category","embeddable":true,"href":"https:\/\/sinoextrud.com\/da\/wp-json\/wp\/v2\/categories?post=7683"}],"curies":[{"name":"wp","href":"https:\/\/api.w.org\/{rel}","templated":true}]}}