{"id":7670,"date":"2025-06-09T08:08:36","date_gmt":"2025-06-09T08:08:36","guid":{"rendered":"https:\/\/sinoextrud.com\/product\/aluminum-track-extrusion\/"},"modified":"2025-06-24T06:13:23","modified_gmt":"2025-06-24T06:13:23","slug":"ekstrudering-af-aluminiumsskinner","status":"publish","type":"product","link":"https:\/\/sinoextrud.com\/da\/product\/aluminum-track-extrusion\/","title":{"rendered":"Ekstrudering af aluminiumsskinner"},"content":{"rendered":"<h2>Detaljer om produkter<\/h2>\n<table class=\"custom-table\">\n<tr>\n<td class=\"label\">1. Materiale<\/td>\n<td>Aluminium; 6063, 6061, 6082, 6005, T5, T6,<\/td>\n<\/tr>\n<tr>\n<td class=\"label\">2. Sektionsformer<\/td>\n<td>I, U, T, C, Z, L, H, firkantede, runde, flade, hule, t-not og andre komplicerede former efter specialdesign.<\/td>\n<\/tr>\n<tr>\n<td class=\"label\">3. Overfladebehandling<\/td>\n<td>Mill\/Anodiseret (oxidering)\/Sandbl\u00e6sning\/Pulverlakering\/Elektroforese\/Tr\u00e6korn ...<\/td>\n<\/tr>\n<tr>\n<td class=\"label\">4. Produktionslinjer<\/td>\n<td>1) 5 produktionslinjer til smeltning og st\u00f8bning<br \/>\n2) 25 ekstruderingslinjer (fra 500 ton til 3000 ton og opfylder forskellige kunders krav)<br \/>\n3) 6 produktionslinjer til anodisering og elektroforese<br \/>\n4) 2 produktionslinjer til pulverlakering<br \/>\n5) 4 produktionslinjer til tr\u00e6korn<br \/>\n6) 2 produktionslinjer til varmeisolering af brudte broer<br \/>\n7) 2 produktionslinjer til tr\u00e5dtr\u00e6kning og polering<\/td>\n<\/tr>\n<tr>\n<td class=\"label\">5. Karakteristiske tjenester<\/td>\n<td>1). OEM-service.<br \/>\n2). Design i henhold til kundernes krav.<br \/>\n3). flere \u00e5rs professionel erfaring inden for forskning, produktion<br \/>\n4). Vores moderne dybbearbejdningscenter kan levere bearbejdning som sk\u00e6ring, stansning, boring osv.<\/td>\n<\/tr>\n<tr>\n<td class=\"label\">6. Kvalitetskontrol<\/td>\n<td>Vi har det strengeste kvalitetskontrolsystem, og detekteringen sker fra materialet til produktionsprocessen,<br \/>\ntil slutprodukt, og sikre produktkvalitet og sporbarhed.\n<\/td>\n<\/tr>\n<\/table>\n<h2>Vores produktionsbase<\/h2>\n<h3>Panorama over fabrikken<\/h3>\n<p><img decoding=\"async\" src=\"\/wp-content\/uploads\/factory-01.webp\"\/><\/p>\n<h3>V\u00e6rksted til fremstilling af aluminiumst\u00e6nger<\/h3>\n<p><img decoding=\"async\" src=\"\/wp-content\/uploads\/factory-02.webp\"\/><\/p>\n<p><img decoding=\"async\" src=\"\/wp-content\/uploads\/factory-03.webp\"\/><\/p>\n<h3>Lager til opbevaring af skimmelsvampe<\/h3>\n<p><img decoding=\"async\" src=\"\/wp-content\/uploads\/factory-04.webp\"\/><\/p>\n<h3>43 ekstruderingslinjer for aluminium (500-5500 ton)<\/h3>\n<p><img decoding=\"async\" src=\"\/wp-content\/uploads\/factory-05.webp\"\/><\/p>\n<p><img decoding=\"async\" src=\"\/wp-content\/uploads\/factory-06.webp\"\/><\/p>\n<p><img decoding=\"async\" src=\"\/wp-content\/uploads\/factory-07.webp\"\/><\/p>\n<h3>V\u00e6rksted for pulverlakering<\/h3>\n<p><img decoding=\"async\" src=\"\/wp-content\/uploads\/factory-09.webp\"\/><\/p>\n<h3>Anodiseringsv\u00e6rksted<\/h3>\n<p><img decoding=\"async\" src=\"\/wp-content\/uploads\/factory-10.webp\"\/><\/p>\n<h3>Workshop om dyb behandling<\/h3>\n<p><img decoding=\"async\" src=\"\/wp-content\/uploads\/factory-11.webp\"\/><\/p>\n<h3>V\u00e6rksted for CNC-pr\u00e6cisionsbearbejdning<\/h3>\n<p><img decoding=\"async\" src=\"\/wp-content\/uploads\/factory-11.5.webp\"\/><\/p>\n<h3>F\u00e6rdigvare- og eksportlager<\/h3>\n<p><img decoding=\"async\" src=\"\/wp-content\/uploads\/factory-12.webp\"\/><\/p>\n<p><img decoding=\"async\" src=\"\/wp-content\/uploads\/factory-13.webp\"\/><\/p>\n<p><img decoding=\"async\" src=\"\/wp-content\/uploads\/factory-14.webp\"\/><\/p>\n<h2>OFTE STILLEDE SP\u00d8RGSM\u00c5L<\/h2>\n<p><p><b>1. Hvad er ekstrudering af aluminiumsskinner? <\/b><\/p>\n<p> Aluminiumsskinneekstrudering er en pr\u00e6cisionsformet aluminiumsprofil, der er designet til at styre eller underst\u00f8tte bev\u00e6gelsessystemer som skyded\u00f8re, gardiner og automatiseringskomponenter.<br \/>\n<\/p><br \/>\n<br \/>\n<p><b>2. Hvad er fordelene ved at bruge aluminiumsskinneprofiler? <\/b><\/p>\n<p> Aluminiumsskinner er st\u00e6rke, korrosionsbestandige og lette, og de er ideelle til langvarig brug i b\u00e5de kommercielle og industrielle omgivelser.<br \/>\n<\/p><br \/>\n<br \/>\n<p><b>3. kan aluminiumsskinneprofiler tilpasses? <\/b><\/p>\n<p> Ja, de kan skr\u00e6ddersys i l\u00e6ngde, spaltebredde, monteringsstil og overfladefinish, s\u00e5 de passer til specifikke anvendelseskrav.<br \/>\n<\/p><br \/>\n<br \/>\n<p><b>4. Er disse skinner egnet til udend\u00f8rs brug? <\/b><\/p>\n<p> Absolut, den anodiserede eller pulverlakerede finish giver fremragende modstandsdygtighed over for vejr, korrosion og UV-eksponering.<br \/>\n<\/p><br \/>\n<br \/>\n<p><b>5. Hvilke applikationer bruger aluminiumsskinneprofiler? <\/b><\/p>\n<p> De bruges i vid udstr\u00e6kning i skyded\u00f8rssystemer, industriel automatisering, gardinskinner og overliggende transportb\u00e5nd.<br \/>\n<\/p><br \/>\n<br \/>\n<p><b>6. Er det sv\u00e6rt at montere aluminiumsskinner? <\/b><\/p>\n<p> Nej, de er lette og designet til hurtig montering ved hj\u00e6lp af standardbeslag eller skruer.<br \/>\n<\/p><br \/>\n<br \/>\n<p><b>7. Kan aluminiumsskinner b\u00e6re tunge belastninger? <\/b><\/p>\n<p> Ja, afh\u00e6ngigt af profilen og v\u00e6gtykkelsen kan aluminiumsskinneprofiler klare mellemtunge til tunge belastninger med p\u00e5lidelig ydeevne.<br \/>\n<\/p><br \/>\n<br \/>\n<p><b>8. Er disse skinner kompatible med almindelige ruller eller sv\u00e6vefly? <\/b><\/p>\n<p> Ja, de fleste aluminiumsskinneprofiler er designet til at passe til almindelige rulle- eller glidesystemer for problemfri integration.<br \/>\n<\/p><br \/><\/p>","protected":false},"featured_media":7669,"template":"","categories":[67],"class_list":["post-7670","product","type-product","status-publish","has-post-thumbnail","hentry","category-architectural-aluminium-profile"],"meta_box":{"hilight_text_group":{"product_hilight_text":"<li>Durable aluminum construction ensures high load capacity and long service life.<\/li>\r\r\n<li>Precision-extruded track profiles support smooth and stable motion systems.<\/li>\r\r\n<li>Corrosion-resistant surface suitable for indoor and outdoor applications.<\/li>\r\r\n<li>Customizable lengths, slot designs, and finishes to meet diverse needs.<\/li>\r\r\n<li>Lightweight and easy to install with standard mounting hardware.<\/li>\r\r\n<li>Compatible with a variety of sliding, rolling, or guiding mechanisms.<\/li>","product_chanpin_blog":"<ul>\r\r\n<li><a href=\"https:\/\/sinoextrud.com\/t-slot-v-slot-differences\/\" target=\"_blank\">t slot vs v slot<\/a><\/li>\r\r\n<li><a href=\"https:\/\/sinoextrud.com\/what-is-4040-aluminium-extrud\/\" target=\"_blank\">4040 aluminium extrusion<\/a><\/li>\r\r\n<li><a href=\"https:\/\/sinoextrud.com\/what-is-4040-aluminium-extrud\/\" target=\"_blank\">aluminum extrusions for industrial racks<\/a><\/li>\r\r\n<li><a href=\"https:\/\/sinoextrud.com\/powder-coating-aluminium-process\/\" target=\"_blank\">powder coating aluminium<\/a><\/li>\r\r\n<li><a href=\"https:\/\/sinoextrud.com\/what-is-an-aluminium-strip-ceiling\/\" target=\"_blank\">aluminium strip ceiling<\/a><\/li>\r\r\n<li><a href=\"https:\/\/sinoextrud.com\/what-is-a-heat-sink\/\" target=\"_blank\">what is a heat sink<\/a><\/li>\r\r\n<\/ul>","product_chanpin_chanpin":"<li><a href=\"https:\/\/sinoextrud.com\/product\/aluminum-rail-profile-precision\/\" target=\"_blank\">Aluminum Rail Profile Precision<\/a><\/li>\r\n<li><a href=\"https:\/\/sinoextrud.com\/product\/roller-shutter-profiles-aluminum\/\" target=\"_blank\">Roller Shutter Profiles Aluminum<\/a><\/li>\r\n<li><a href=\"https:\/\/sinoextrud.com\/product\/modular-extruded-aluminum-framing\/\" target=\"_blank\">Modular Extruded Aluminum Framing<\/a><\/li>\r\n<li><a href=\"https:\/\/sinoextrud.com\/product\/anodized-aluminium-profile-value-frame-extrusion\/\" target=\"_blank\">Anodized Aluminium Profile Value Frame Extrusion<\/a><\/li>\r\n<li><a href=\"https:\/\/sinoextrud.com\/product\/aluminum-track-extrusion\/\" target=\"_blank\">Aluminum Track Extrusion<\/a><\/li>\r\n<li><a href=\"https:\/\/sinoextrud.com\/product\/aluminum-trailer-decking\/\" target=\"_blank\">Aluminum Trailer Decking<\/a><\/li>\r\n<li><a href=\"https:\/\/sinoextrud.com\/product\/three-acid-oxidation-aluminium-u-shaped-channel\/\" target=\"_blank\">Three Acid Oxidation Aluminium U Shaped Channel<\/a><\/li>\r\n<li><a href=\"https:\/\/sinoextrud.com\/product\/extruded-aluminum-sections\/\" target=\"_blank\">Extruded Aluminum Sections<\/a><\/li>\r\n<li><a href=\"https:\/\/sinoextrud.com\/product\/slotted-extruded-aluminum-u-shaped-bending-punching\/\" target=\"_blank\">Slotted Extruded Aluminum U Shaped Bending Punching<\/a><\/li>\r\n<li><a href=\"https:\/\/sinoextrud.com\/product\/standard-aluminium-extrusions\/\" target=\"_blank\">Standard Aluminium Extrusions<\/a><\/li>\r\n<li><a href=\"https:\/\/sinoextrud.com\/product\/aluminium-sliding-door-matt-grey\/\" target=\"_blank\">Aluminium Sliding Door Matt Grey<\/a><\/li>"},"feature_list":[]},"_links":{"self":[{"href":"https:\/\/sinoextrud.com\/da\/wp-json\/wp\/v2\/product\/7670","targetHints":{"allow":["GET"]}}],"collection":[{"href":"https:\/\/sinoextrud.com\/da\/wp-json\/wp\/v2\/product"}],"about":[{"href":"https:\/\/sinoextrud.com\/da\/wp-json\/wp\/v2\/types\/product"}],"wp:featuredmedia":[{"embeddable":true,"href":"https:\/\/sinoextrud.com\/da\/wp-json\/wp\/v2\/media\/7669"}],"wp:attachment":[{"href":"https:\/\/sinoextrud.com\/da\/wp-json\/wp\/v2\/media?parent=7670"}],"wp:term":[{"taxonomy":"category","embeddable":true,"href":"https:\/\/sinoextrud.com\/da\/wp-json\/wp\/v2\/categories?post=7670"}],"curies":[{"name":"wp","href":"https:\/\/api.w.org\/{rel}","templated":true}]}}