{"id":7650,"date":"2025-06-09T07:24:33","date_gmt":"2025-06-09T07:24:33","guid":{"rendered":"https:\/\/sinoextrud.com\/product\/aluminum-profile-shutter\/"},"modified":"2025-06-24T06:13:19","modified_gmt":"2025-06-24T06:13:19","slug":"aluminiumsprofil-lukker","status":"publish","type":"product","link":"https:\/\/sinoextrud.com\/da\/product\/aluminum-profile-shutter\/","title":{"rendered":"Aluminiumsprofil-lukker"},"content":{"rendered":"<h2>Detaljer om produkter<\/h2>\n<table class=\"custom-table\">\n<tbody>\n<tr>\n<td> Navn<\/td>\n<td> Skodde af aluminiumsprofil<\/td>\n<\/tr>\n<tr>\n<td> Brand<\/td>\n<td> Sinoextrud\/Sinoextrud<\/td>\n<\/tr>\n<tr>\n<td> Kategori<\/td>\n<td> Sektioner af aluminium<\/td>\n<\/tr>\n<tr>\n<td> Materiale<\/td>\n<td> 6063 er meget udbredt. 6061, 6463, 6005, 6082 er ogs\u00e5 tilg\u00e6ngelige.<\/td>\n<\/tr>\n<tr>\n<td> Temperament<\/td>\n<td> T5-T8<\/td>\n<\/tr>\n<tr>\n<td> L\u00e6ngde<\/td>\n<td> 1-9m eller 5.8M, tilpasset anmodning er vedtaget.<\/td>\n<\/tr>\n<tr>\n<td> St\u00f8rrelse (mm)<\/td>\n<td> Forskellige st\u00f8rrelser, du kan kontakte os for detaljer.<\/td>\n<\/tr>\n<tr>\n<td> Tykkelse<\/td>\n<td> I henhold til din anmodning<\/td>\n<\/tr>\n<tr>\n<td> Form<\/td>\n<td> Tilpasning<\/td>\n<\/tr>\n<tr>\n<td> Overfladebehandling<\/td>\n<td> Fr\u00e6set f\u00e6rdig, anodiseret, sandbl\u00e6sning, elektroforese, power coating osv.<\/td>\n<\/tr>\n<tr>\n<td> Farve<\/td>\n<td> S\u00f8lv, sort, hvid, r\u00f8d, gul, champagne eller tilpasset farve<\/td>\n<\/tr>\n<tr>\n<td> Standard<\/td>\n<td> ASTM, GB, DIN<\/td>\n<\/tr>\n<tr>\n<td> Fra<\/td>\n<td> Guangdong, Kina<\/td>\n<\/tr>\n<tr>\n<td> Anvendelse<\/td>\n<td> Dekoration, vindue og d\u00f8r.<\/td>\n<\/tr>\n<\/tbody>\n<\/table>\n<h2>Vores produktionsbase<\/h2>\n<h3>Panorama over fabrikken<\/h3>\n<p><img decoding=\"async\" src=\"\/wp-content\/uploads\/factory-01.webp\"\/><\/p>\n<h3>V\u00e6rksted til fremstilling af aluminiumst\u00e6nger<\/h3>\n<p><img decoding=\"async\" src=\"\/wp-content\/uploads\/factory-02.webp\"\/><\/p>\n<p><img decoding=\"async\" src=\"\/wp-content\/uploads\/factory-03.webp\"\/><\/p>\n<h3>Lager til opbevaring af skimmelsvampe<\/h3>\n<p><img decoding=\"async\" src=\"\/wp-content\/uploads\/factory-04.webp\"\/><\/p>\n<h3>43 ekstruderingslinjer for aluminium (500-5500 ton)<\/h3>\n<p><img decoding=\"async\" src=\"\/wp-content\/uploads\/factory-05.webp\"\/><\/p>\n<p><img decoding=\"async\" src=\"\/wp-content\/uploads\/factory-06.webp\"\/><\/p>\n<p><img decoding=\"async\" src=\"\/wp-content\/uploads\/factory-07.webp\"\/><\/p>\n<h3>V\u00e6rksted for pulverlakering<\/h3>\n<p><img decoding=\"async\" src=\"\/wp-content\/uploads\/factory-09.webp\"\/><\/p>\n<h3>Anodiseringsv\u00e6rksted<\/h3>\n<p><img decoding=\"async\" src=\"\/wp-content\/uploads\/factory-10.webp\"\/><\/p>\n<h3>Workshop om dyb behandling<\/h3>\n<p><img decoding=\"async\" src=\"\/wp-content\/uploads\/factory-11.webp\"\/><\/p>\n<h3>V\u00e6rksted for CNC-pr\u00e6cisionsbearbejdning<\/h3>\n<p><img decoding=\"async\" src=\"\/wp-content\/uploads\/factory-11.5.webp\"\/><\/p>\n<h3>F\u00e6rdigvare- og eksportlager<\/h3>\n<p><img decoding=\"async\" src=\"\/wp-content\/uploads\/factory-12.webp\"\/><\/p>\n<p><img decoding=\"async\" src=\"\/wp-content\/uploads\/factory-13.webp\"\/><\/p>\n<p><img decoding=\"async\" src=\"\/wp-content\/uploads\/factory-14.webp\"\/><\/p>\n<h2>OFTE STILLEDE SP\u00d8RGSM\u00c5L<\/h2>\n<p><p><b>1. Hvad er en aluminiumsprofil-lukker? <\/b><\/p>\n<p> En aluminiumsprofilskodde er et holdbart og let skoddesystem lavet af ekstruderede aluminiumsprofiler, der er designet til sikre og stilfulde \u00e5bninger.<br \/>\n<\/p><br \/>\n<br \/>\n<p><b>2. Hvorfor v\u00e6lge aluminiumsskodder frem for traditionelle materialer? <\/b><\/p>\n<p> Aluminiumsskodder tilbyder overlegen korrosionsbestandighed, letv\u00e6gtsh\u00e5ndtering og et moderne udseende, der er ideelt til kommercielle og private anvendelser.<br \/>\n<\/p><br \/>\n<br \/>\n<p><b>3. Er skodder af aluminiumsprofiler vejrbestandige? <\/b><\/p>\n<p> Ja, den korrosionsbestandige finish sikrer fremragende ydeevne i udend\u00f8rs milj\u00f8er, herunder omr\u00e5der med h\u00f8j luftfugtighed og nedb\u00f8r.<br \/>\n<\/p><br \/>\n<br \/>\n<p><b>4. kan aluminiumsprofilskodder tilpasses? <\/b><\/p>\n<p> Absolut, de kan skr\u00e6ddersys med hensyn til dimensioner, farver og overfladebehandlinger for at opfylde specifikke projektbehov.<br \/>\n<\/p><br \/>\n<br \/>\n<p><b>5. Hvor let er det at installere skodder af aluminiumsprofiler? <\/b><\/p>\n<p> Det lette design og den modul\u00e6re profilstruktur giver mulighed for hurtig og enkel installation, hvilket reducerer arbejdstid og omkostninger.<br \/>\n<\/p><br \/>\n<br \/>\n<p><b>6. Kr\u00e6ves der vedligeholdelse af aluminiumsskodder? <\/b><\/p>\n<p> Der er behov for minimal vedligeholdelse; lejlighedsvis reng\u00f8ring er tilstr\u00e6kkeligt takket v\u00e6re den anodiserede eller pulverlakerede finish.<br \/>\n<\/p><br \/>\n<br \/>\n<p><b>7. Forbedrer aluminiumsskodder bygningens \u00e6stetik? <\/b><\/p>\n<p> Ja, deres slanke og moderne look supplerer moderne arkitektur og bevarer samtidig funktionaliteten.<br \/>\n<\/p><br \/>\n<br \/>\n<p><b>8. Er disse skodder egnede til sikkerhedsanvendelser? <\/b><\/p>\n<p> Ja, skodder med aluminiumsprofiler giver solid beskyttelse af vinduer og d\u00f8re og hj\u00e6lper med at \u00f8ge sikkerheden i b\u00e5de boliger og erhvervsbygninger.<br \/>\n<\/p><br \/><\/p>","protected":false},"featured_media":7649,"template":"","categories":[67],"class_list":["post-7650","product","type-product","status-publish","has-post-thumbnail","hentry","category-architectural-aluminium-profile"],"meta_box":{"hilight_text_group":{"product_hilight_text":"<li>High-strength aluminum profile offers excellent durability and security.<\/li>\r\r\n<li>Lightweight structure allows for easy installation and smooth operation.<\/li>\r\r\n<li>Corrosion-resistant surface ideal for both indoor and outdoor applications.<\/li>\r\r\n<li>Modern, sleek design enhances building aesthetics.<\/li>\r\r\n<li>Customizable sizes and finishes to fit various architectural requirements.<\/li>\r\r\n<li>Low maintenance and long service life reduce operational costs.<\/li>","product_chanpin_blog":"<ul>\r\r\n<li><a href=\"https:\/\/sinoextrud.com\/t-slot-v-slot-differences\/\" target=\"_blank\">t slot vs v slot<\/a><\/li>\r\r\n<li><a href=\"https:\/\/sinoextrud.com\/what-is-4040-aluminium-extrud\/\" target=\"_blank\">4040 aluminium extrusion<\/a><\/li>\r\r\n<li><a href=\"https:\/\/sinoextrud.com\/what-is-4040-aluminium-extrud\/\" target=\"_blank\">aluminum extrusions for industrial racks<\/a><\/li>\r\r\n<li><a href=\"https:\/\/sinoextrud.com\/powder-coating-aluminium-process\/\" target=\"_blank\">powder coating aluminium<\/a><\/li>\r\r\n<li><a href=\"https:\/\/sinoextrud.com\/what-is-an-aluminium-strip-ceiling\/\" target=\"_blank\">aluminium strip ceiling<\/a><\/li>\r\r\n<li><a href=\"https:\/\/sinoextrud.com\/what-is-a-heat-sink\/\" target=\"_blank\">what is a heat sink<\/a><\/li>\r\r\n<\/ul>","product_chanpin_chanpin":"<li><a href=\"https:\/\/sinoextrud.com\/product\/aluminum-profile-for-shower-enclosure\/\" target=\"_blank\">Aluminum Profile For Shower Enclosure<\/a><\/li>\r\n<li><a href=\"https:\/\/sinoextrud.com\/product\/wall-aluminum-profile-decoration-t-shaped-edge-trim\/\" target=\"_blank\">Wall Aluminum Profile Decoration T Shaped Edge Trim<\/a><\/li>\r\n<li><a href=\"https:\/\/sinoextrud.com\/product\/colorful-brushed-aluminium-photo-frame-manufacturer\/\" target=\"_blank\">Colorful Brushed Aluminium Photo Frame Manufacturer<\/a><\/li>\r\n<li><a href=\"https:\/\/sinoextrud.com\/product\/aluminum-shutter-extrusion-profiles\/\" target=\"_blank\">Aluminum Shutter Extrusion Profiles<\/a><\/li>\r\n<li><a href=\"https:\/\/sinoextrud.com\/product\/aluminum-profile-shutter\/\" target=\"_blank\">Aluminum Profile Shutter<\/a><\/li>\r\n<li><a href=\"https:\/\/sinoextrud.com\/product\/gb-matt-anodized-aluminium\/\" target=\"_blank\">GB Matt Anodized Aluminium<\/a><\/li>\r\n<li><a href=\"https:\/\/sinoextrud.com\/product\/indoor-and-outdoor-aluminium-louver-profile\/\" target=\"_blank\">Indoor and Outdoor Aluminium Louver Profile<\/a><\/li>\r\n<li><a href=\"https:\/\/sinoextrud.com\/product\/aluminum-profiles-anodized-for-cabinet-furniture-protection\/\" target=\"_blank\">Aluminum Profiles Anodized For Cabinet Furniture Protection<\/a><\/li>\r\n<li><a href=\"https:\/\/sinoextrud.com\/product\/extruded-aluminium-track\/\" target=\"_blank\">Extruded Aluminium Track<\/a><\/li>\r\n<li><a href=\"https:\/\/sinoextrud.com\/product\/aluminum-price-per-pound\/\" target=\"_blank\">Aluminum Price Per Pound<\/a><\/li>\r\n<li><a href=\"https:\/\/sinoextrud.com\/product\/elictrophoresis-matte-gold-aluminium-profile-cad\/\" target=\"_blank\">Elictrophoresis matte gold aluminium profile cad download section price per ton extrusions for windows and doors construction<\/a><\/li>"},"feature_list":[]},"_links":{"self":[{"href":"https:\/\/sinoextrud.com\/da\/wp-json\/wp\/v2\/product\/7650","targetHints":{"allow":["GET"]}}],"collection":[{"href":"https:\/\/sinoextrud.com\/da\/wp-json\/wp\/v2\/product"}],"about":[{"href":"https:\/\/sinoextrud.com\/da\/wp-json\/wp\/v2\/types\/product"}],"wp:featuredmedia":[{"embeddable":true,"href":"https:\/\/sinoextrud.com\/da\/wp-json\/wp\/v2\/media\/7649"}],"wp:attachment":[{"href":"https:\/\/sinoextrud.com\/da\/wp-json\/wp\/v2\/media?parent=7650"}],"wp:term":[{"taxonomy":"category","embeddable":true,"href":"https:\/\/sinoextrud.com\/da\/wp-json\/wp\/v2\/categories?post=7650"}],"curies":[{"name":"wp","href":"https:\/\/api.w.org\/{rel}","templated":true}]}}