{"id":7638,"date":"2025-06-09T07:08:01","date_gmt":"2025-06-09T07:08:01","guid":{"rendered":"https:\/\/sinoextrud.com\/product\/newest-stable-extruded-aluminum-u-channel-profile-frameless-glass-railing-system-with-balustrade-handrail-fittings\/"},"modified":"2025-06-24T06:13:18","modified_gmt":"2025-06-24T06:13:18","slug":"nyeste-stabile-ekstruderede-aluminium-u-kanal-profil-rammelose-glas-raekvaerk-system-med-balustrade-gelaender-fittings","status":"publish","type":"product","link":"https:\/\/sinoextrud.com\/da\/product\/newest-stable-extruded-aluminum-u-channel-profile-frameless-glass-railing-system-with-balustrade-handrail-fittings\/","title":{"rendered":"Nyeste stabile ekstruderede aluminium U-kanalprofil Rammel\u00f8st glasgel\u00e6ndersystem med balustradeh\u00e5ndtagsbeslag"},"content":{"rendered":"<h2>Detaljer om produkter<\/h2>\n<table class=\"custom-table\">\n<tbody>\n<tr>\n<td> Vare:<\/td>\n<td> Nyeste stabile ekstruderede aluminium U-kanalprofil Rammel\u00f8st glasgel\u00e6ndersystem med balustradeh\u00e5ndtagsbeslag<\/td>\n<td> Karakter:<\/td>\n<td> 6000-serien<\/td>\n<\/tr>\n<tr>\n<td> Temperament:<\/td>\n<td> T3-T8<\/td>\n<td> Oprindelsessted:<\/td>\n<td> Foshan, Guangdong<\/td>\n<\/tr>\n<tr>\n<td> Form:<\/td>\n<td> Tilpasset<\/td>\n<td> Legering eller ej:<\/td>\n<td> Legering<\/td>\n<\/tr>\n<tr>\n<td> Materiale:<\/td>\n<td> 6063<\/td>\n<td> Brand:<\/td>\n<td> Sinoextrud<\/td>\n<\/tr>\n<tr>\n<td> Farve:<\/td>\n<td> Tilpasset farve<\/td>\n<td> Overfladebehandling:<\/td>\n<td> Anodiseret, pulverlakeret, b\u00f8rstet, sandbl\u00e6st, tr\u00e6korn<\/td>\n<\/tr>\n<tr>\n<td> Leveringstid:<\/td>\n<td> 25-30 dage<\/td>\n<td> MOQ:<\/td>\n<td> 200 KG<\/td>\n<\/tr>\n<tr>\n<td> Betalingsperiode:<\/td>\n<td> 30% depositum, 70% saldo f\u00f8r levering<\/td>\n<td> Behandling af service:<\/td>\n<td> B\u00f8jning, afrulning, svejsning, stansning, sk\u00e6ring<\/td>\n<\/tr>\n<tr>\n<td> Havn:<\/td>\n<td> Guangzhou, Shenzhen, Foshan<\/td>\n<td> Garanti:<\/td>\n<td> Kundecertifikat, som BV, Soncap, ISO<\/td>\n<\/tr>\n<\/tbody>\n<\/table>\n<h2>Vores produktionsbase<\/h2>\n<h3>Panorama over fabrikken<\/h3>\n<p><img decoding=\"async\" src=\"\/wp-content\/uploads\/factory-01.webp\"\/><\/p>\n<h3>V\u00e6rksted til fremstilling af aluminiumst\u00e6nger<\/h3>\n<p><img decoding=\"async\" src=\"\/wp-content\/uploads\/factory-02.webp\"\/><\/p>\n<\/p>\n<p><img decoding=\"async\" src=\"\/wp-content\/uploads\/factory-03.webp\"\/><\/p>\n<h3>Lager til opbevaring af skimmelsvampe<\/h3>\n<p><img decoding=\"async\" src=\"\/wp-content\/uploads\/factory-04.webp\"\/><\/p>\n<h3>43 ekstruderingslinjer for aluminium (500-5500 ton)<\/h3>\n<p><img decoding=\"async\" src=\"\/wp-content\/uploads\/factory-05.webp\"\/><\/p>\n<p><img decoding=\"async\" src=\"\/wp-content\/uploads\/factory-06.webp\"\/><\/p>\n<p><img decoding=\"async\" src=\"\/wp-content\/uploads\/factory-07.webp\"\/><\/p>\n<h3>V\u00e6rksted for pulverlakering<\/h3>\n<p><img decoding=\"async\" src=\"\/wp-content\/uploads\/factory-09.webp\"\/><\/p>\n<h3>Anodiseringsv\u00e6rksted<\/h3>\n<p><img decoding=\"async\" src=\"\/wp-content\/uploads\/factory-10.webp\"\/><\/p>\n<h3>Workshop om dyb behandling<\/h3>\n<p><img decoding=\"async\" src=\"\/wp-content\/uploads\/factory-11.webp\"\/><\/p>\n<h3>V\u00e6rksted for CNC-pr\u00e6cisionsbearbejdning<\/h3>\n<p><img decoding=\"async\" src=\"\/wp-content\/uploads\/factory-11.5.webp\"\/><\/p>\n<h3>F\u00e6rdigvare- og eksportlager<\/h3>\n<p><img decoding=\"async\" src=\"\/wp-content\/uploads\/factory-12.webp\"\/><\/p>\n<p><img decoding=\"async\" src=\"\/wp-content\/uploads\/factory-13.webp\"\/><\/p>\n<p><img decoding=\"async\" src=\"\/wp-content\/uploads\/factory-14.webp\"\/><\/p>\n<h2>OFTE STILLEDE SP\u00d8RGSM\u00c5L<\/h2>\n<p><b>1. hvad er det nyeste stabile ekstruderede aluminium U-kanalprofil rammel\u00f8se glasr\u00e6kv\u00e6rkssystem?<\/b><\/p>\n<p>Det er en komplet r\u00e6kv\u00e6rksl\u00f8sning med en st\u00e6rk U-skinne i aluminium, der holder de rammel\u00f8se glaspaneler sikkert p\u00e5 plads sammen med r\u00e6kv\u00e6rk og h\u00e5ndlistebeslag.\n<\/p>\n<p><\/p>\n<p><b>2. Hvad er fordelene ved at bruge denne U-profil til glasgel\u00e6ndere?<\/b><\/p>\n<p>Det giver overlegen stabilitet, elegant udseende, korrosionsbestandighed og nem installation til moderne r\u00e6kv\u00e6rk.\n<\/p>\n<p><\/p>\n<p><b>3. Er dette system egnet til udend\u00f8rs installationer?<\/b><\/p>\n<p>Ja, det anodiserede eller pulverlakerede aluminium sikrer langvarig ydeevne i udend\u00f8rs milj\u00f8er.\n<\/p>\n<p><\/p>\n<p><b>4. Kan U-kanalen rumme forskellige glastykkelser?<\/b><\/p>\n<p>Ja, profilen er designet til at underst\u00f8tte forskellige glastykkelser, almindeligvis 10 mm til 21,52 mm lamineret eller h\u00e6rdet glas.\n<\/p>\n<p><\/p>\n<p><b>5. F\u00f8lger der gel\u00e6nder- og h\u00e5ndlistebeslag med systemet?<\/b><\/p>\n<p>Ja, systemet omfatter matchende gel\u00e6nder- og h\u00e5ndlistebeslag til en s\u00f8ml\u00f8s og sikker ops\u00e6tning af gel\u00e6nderet.\n<\/p>\n<p><\/p>\n<p><b>6. Hvor bruges dette glasgel\u00e6ndersystem typisk?<\/b><\/p>\n<p>Den er ideel til altaner, trapper, poolafsk\u00e6rmninger, hustage og kommercielt interi\u00f8r, der kr\u00e6ver uhindret udsigt.\n<\/p>\n<p><\/p>\n<p><b>7. Er dette system nemt at installere?<\/b><\/p>\n<p>Ja, komponenterne er konstrueret til hurtig og pr\u00e6cis montering med et minimum af v\u00e6rkt\u00f8j.\n<\/p>\n<p><\/p>\n<p><b>8. Hvad g\u00f8r dette system stabilt og sikkert?<\/b><\/p>\n<p>Den ekstruderede U-skinne i aluminium giver en solid base, mens beslag og pakninger sikrer, at glasset sidder godt fast uden at bev\u00e6ge sig.\n<\/p>\n<p><\/p>","protected":false},"featured_media":7637,"template":"","categories":[67],"class_list":["post-7638","product","type-product","status-publish","has-post-thumbnail","hentry","category-architectural-aluminium-profile"],"meta_box":{"hilight_text_group":{"product_hilight_text":"<li>Stable extruded aluminum U channel provides strong support for frameless glass railings<\/li>\r\r\n<li>Modern design enhances transparency and architectural aesthetics<\/li>\r\r\n<li>Corrosion-resistant finish suitable for indoor and outdoor use<\/li>\r\r\n<li>Integrated with balustrade and handrail fittings for complete system solution<\/li>\r\r\n<li>Easy installation with pre-engineered components and secure glass mounting<\/li>\r\r\n<li>Compatible with various glass thicknesses for flexible design<\/li>\r\r\n<li>Ideal for balconies, staircases, terraces, and commercial rail systems<\/li>","product_chanpin_blog":"<ul>\r\r\n<li><a href=\"https:\/\/sinoextrud.com\/t-slot-v-slot-differences\/\" target=\"_blank\">t slot vs v slot<\/a><\/li>\r\r\n<li><a href=\"https:\/\/sinoextrud.com\/what-is-4040-aluminium-extrud\/\" target=\"_blank\">4040 aluminium extrusion<\/a><\/li>\r\r\n<li><a href=\"https:\/\/sinoextrud.com\/what-is-4040-aluminium-extrud\/\" target=\"_blank\">aluminum extrusions for industrial racks<\/a><\/li>\r\r\n<li><a href=\"https:\/\/sinoextrud.com\/powder-coating-aluminium-process\/\" target=\"_blank\">powder coating aluminium<\/a><\/li>\r\r\n<li><a href=\"https:\/\/sinoextrud.com\/what-is-an-aluminium-strip-ceiling\/\" target=\"_blank\">aluminium strip ceiling<\/a><\/li>\r\r\n<li><a href=\"https:\/\/sinoextrud.com\/what-is-a-heat-sink\/\" target=\"_blank\">what is a heat sink<\/a><\/li>\r\r\n<\/ul>","product_chanpin_chanpin":"<li><a href=\"https:\/\/sinoextrud.com\/product\/anodized-aluminum-frame-profile-brushed-photo-aluminum-frame-modern-decorative-industrial-frame-profile\/\" target=\"_blank\">Anodized Aluminum Frame Profile Brushed Photo Aluminum Frame Modern Decorative Industrial Frame Profile<\/a><\/li>\r\n<li><a href=\"https:\/\/sinoextrud.com\/product\/aluminum-profil-louver-roof\/\" target=\"_blank\">Aluminum Profil Louver Roof<\/a><\/li>\r\n<li><a href=\"https:\/\/sinoextrud.com\/product\/aluminum-profile-connector\/\" target=\"_blank\">Aluminum Profile Connector<\/a><\/li>\r\n<li><a href=\"https:\/\/sinoextrud.com\/product\/anodized-powder-coated-window-louver-extrusion-shutter-aluminum-profiles\/\" target=\"_blank\">Anodized Powder Coated Window Louver Extrusion Shutter Aluminum Profiles<\/a><\/li>\r\n<li><a href=\"https:\/\/sinoextrud.com\/product\/newest-stable-extruded-aluminum-u-channel-profile-frameless-glass-railing-system-with-balustrade-handrail-fittings\/\" target=\"_blank\">Newest Stable Extruded Aluminum U Channel Profile Frameless Glass Railing System With Balustrade Handrail Fittings<\/a><\/li>\r\n<li><a href=\"https:\/\/sinoextrud.com\/product\/powder-coated-wooden-grain-aluminium-shutter-profile\/\" target=\"_blank\">Powder Coated Wooden Grain Aluminium Shutter Profile<\/a><\/li>\r\n<li><a href=\"https:\/\/sinoextrud.com\/product\/aluminum-profile-for-shower-enclosure\/\" target=\"_blank\">Aluminum Profile For Shower Enclosure<\/a><\/li>\r\n<li><a href=\"https:\/\/sinoextrud.com\/product\/wall-aluminum-profile-decoration-t-shaped-edge-trim\/\" target=\"_blank\">Wall Aluminum Profile Decoration T Shaped Edge Trim<\/a><\/li>\r\n<li><a href=\"https:\/\/sinoextrud.com\/product\/colorful-brushed-aluminium-photo-frame-manufacturer\/\" target=\"_blank\">Colorful Brushed Aluminium Photo Frame Manufacturer<\/a><\/li>\r\n<li><a href=\"https:\/\/sinoextrud.com\/product\/wood-look-aluminium-slats\/\" target=\"_blank\">Wood Look Aluminium Slats<\/a><\/li>\r\n<li><a href=\"https:\/\/sinoextrud.com\/product\/quarter-round-aluminum-extrusion\/\" target=\"_blank\">Quarter Round Aluminum Extrusion<\/a><\/li>"},"feature_list":[]},"_links":{"self":[{"href":"https:\/\/sinoextrud.com\/da\/wp-json\/wp\/v2\/product\/7638","targetHints":{"allow":["GET"]}}],"collection":[{"href":"https:\/\/sinoextrud.com\/da\/wp-json\/wp\/v2\/product"}],"about":[{"href":"https:\/\/sinoextrud.com\/da\/wp-json\/wp\/v2\/types\/product"}],"wp:featuredmedia":[{"embeddable":true,"href":"https:\/\/sinoextrud.com\/da\/wp-json\/wp\/v2\/media\/7637"}],"wp:attachment":[{"href":"https:\/\/sinoextrud.com\/da\/wp-json\/wp\/v2\/media?parent=7638"}],"wp:term":[{"taxonomy":"category","embeddable":true,"href":"https:\/\/sinoextrud.com\/da\/wp-json\/wp\/v2\/categories?post=7638"}],"curies":[{"name":"wp","href":"https:\/\/api.w.org\/{rel}","templated":true}]}}