{"id":7634,"date":"2025-06-09T07:03:36","date_gmt":"2025-06-09T07:03:36","guid":{"rendered":"https:\/\/sinoextrud.com\/product\/aluminum-profile-connector\/"},"modified":"2025-06-24T06:13:17","modified_gmt":"2025-06-24T06:13:17","slug":"aluminiumsprofil-stik","status":"publish","type":"product","link":"https:\/\/sinoextrud.com\/da\/product\/aluminum-profile-connector\/","title":{"rendered":"Aluminiumsprofil-stik"},"content":{"rendered":"<h2>Detaljer om produkter<\/h2>\n<table class=\"custom-table\">\n<tbody>\n<tr>\n<td> Produktets navn<\/td>\n<td> Aluminiumsprofil-stik<\/td>\n<\/tr>\n<tr>\n<td> Materiale<\/td>\n<td> 6063 eller 6061<\/td>\n<\/tr>\n<tr>\n<td> Temperament<\/td>\n<td> T3-T8<\/td>\n<\/tr>\n<tr>\n<td> Form<\/td>\n<td> L-form eller som tilpasset<\/td>\n<\/tr>\n<tr>\n<td> L\u00e6ngde<\/td>\n<td> Standardl\u00e6ngde 1-9M, s\u00e6rlig l\u00e6ngde kan forhandles<\/td>\n<\/tr>\n<tr>\n<td> Dyb proces<\/td>\n<td> Underst\u00f8tter CNC-fr\u00e6sning, stansning, boring, gevindsk\u00e6ring, b\u00f8jning<\/td>\n<\/tr>\n<tr>\n<td> MOQ<\/td>\n<td> 200 kg afh\u00e6nger af den f\u00e6rdige overflade<\/td>\n<\/tr>\n<tr>\n<td> Overfladebehandlet<\/td>\n<td> F\u00e6rdigbehandlet, tr\u00e6korn, anodiseret, pulverlakering, elektroforese, PVDF-bel\u00e6gning, b\u00f8rstet osv.<\/td>\n<\/tr>\n<tr>\n<td> Certificeringer<\/td>\n<td> ISO9001,ISO4001,CQM,SGS,CE,BV etc.<\/td>\n<\/tr>\n<tr>\n<td> Oprindelsessted<\/td>\n<td> Guangdong, Kina<\/td>\n<\/tr>\n<\/tbody>\n<\/table>\n<h2>Vores produktionsbase<\/h2>\n<h3>Panorama over fabrikken<\/h3>\n<p><img decoding=\"async\" src=\"\/wp-content\/uploads\/factory-01.webp\"\/><\/p>\n<h3>V\u00e6rksted til fremstilling af aluminiumst\u00e6nger<\/h3>\n<p><img decoding=\"async\" src=\"\/wp-content\/uploads\/factory-02.webp\"\/><\/p>\n<\/p>\n<p><img decoding=\"async\" src=\"\/wp-content\/uploads\/factory-03.webp\"\/><\/p>\n<h3>Lager til opbevaring af skimmelsvampe<\/h3>\n<p><img decoding=\"async\" src=\"\/wp-content\/uploads\/factory-04.webp\"\/><\/p>\n<h3>43 ekstruderingslinjer for aluminium (500-5500 ton)<\/h3>\n<p><img decoding=\"async\" src=\"\/wp-content\/uploads\/factory-05.webp\"\/><\/p>\n<p><img decoding=\"async\" src=\"\/wp-content\/uploads\/factory-06.webp\"\/><\/p>\n<p><img decoding=\"async\" src=\"\/wp-content\/uploads\/factory-07.webp\"\/><\/p>\n<h3>V\u00e6rksted for pulverlakering<\/h3>\n<p><img decoding=\"async\" src=\"\/wp-content\/uploads\/factory-09.webp\"\/><\/p>\n<h3>Anodiseringsv\u00e6rksted<\/h3>\n<p><img decoding=\"async\" src=\"\/wp-content\/uploads\/factory-10.webp\"\/><\/p>\n<h3>Workshop om dyb behandling<\/h3>\n<p><img decoding=\"async\" src=\"\/wp-content\/uploads\/factory-11.webp\"\/><\/p>\n<h3>V\u00e6rksted for CNC-pr\u00e6cisionsbearbejdning<\/h3>\n<p><img decoding=\"async\" src=\"\/wp-content\/uploads\/factory-11.5.webp\"\/><\/p>\n<h3>F\u00e6rdigvare- og eksportlager<\/h3>\n<p><img decoding=\"async\" src=\"\/wp-content\/uploads\/factory-12.webp\"\/><\/p>\n<p><img decoding=\"async\" src=\"\/wp-content\/uploads\/factory-13.webp\"\/><\/p>\n<p><img decoding=\"async\" src=\"\/wp-content\/uploads\/factory-14.webp\"\/><\/p>\n<h2>OFTE STILLEDE SP\u00d8RGSM\u00c5L<\/h2>\n<p><b>1. Hvad er et aluminiumsprofilstik? <\/b><\/p>\n<p> En aluminiumprofilforbinder er en mekanisk komponent, der bruges til at forbinde aluminiumprofiler sikkert i industrielle og strukturelle rammer.\n<\/p>\n<p><\/p>\n<p><b>2. Hvorfor er stik til aluminiumsprofiler vigtige? <\/b><\/p>\n<p> Aluminiumsprofilforbindere sikrer strukturel integritet, stabilitet og fleksibilitet i modul\u00e6re samlingssystemer.\n<\/p>\n<p><\/p>\n<p><b>3. Er aluminiumsprofilforbindelser nemme at installere? <\/b><\/p>\n<p> Ja, de er designet til hurtig montering uden svejsning, hvilket g\u00f8r dem ideelle til effektiv montering og demontering.\n<\/p>\n<p><\/p>\n<p><b>4. Kan disse konnektorer bruges med alle aluminiumsprofiler? <\/b><\/p>\n<p> De fleste konnektorer er designet til at v\u00e6re kompatible med standard T-not eller V-not aluminiumsprofiler.\n<\/p>\n<p><\/p>\n<p><b>5. Hvilke materialer bruges til aluminiumsprofilforbindelser? <\/b><\/p>\n<p> De er typisk lavet af h\u00f8jstyrkealuminium eller zinklegering med korrosionsbeskyttende bel\u00e6gninger for l\u00e6ngere holdbarhed.\n<\/p>\n<p><\/p>\n<p><b>6. Kan disse stik klare store belastninger? <\/b><\/p>\n<p> Ja, aluminiumsprofilforbindelser af h\u00f8j kvalitet er konstrueret til at h\u00e5ndtere betydelige mekaniske belastninger i industrielle applikationer.\n<\/p>\n<p><\/p>\n<p><b>7. Findes der forskellige typer af aluminiumsprofilforbindelser? <\/b><\/p>\n<p> Mulighederne omfatter vinkelbeslag, endeforbindere, indvendige forbindere og specialfremstillede fittings til forskellige samlingstyper.\n<\/p>\n<p><\/p>\n<p><b>8. Kan forbindelsesstykker af aluminiumsprofiler genbruges? <\/b><\/p>\n<p> Ja, de kan genbruges, hvilket g\u00f8r dem ideelle til modul\u00e6re systemer, der kr\u00e6ver justeringer eller omkonfigureringer.\n<\/p>\n<p><\/p>","protected":false},"featured_media":7633,"template":"","categories":[67],"class_list":["post-7634","product","type-product","status-publish","has-post-thumbnail","hentry","category-architectural-aluminium-profile"],"meta_box":{"hilight_text_group":{"product_hilight_text":"<li>High-precision design ensures strong and stable aluminum profile connections.<\/li>\r\r\n<li>Made from durable materials for long-term industrial and structural use.<\/li>\r\r\n<li>Compatible with standard aluminum extrusion systems for easy integration.<\/li>\r\r\n<li>Quick installation without the need for complex tools or welding.<\/li>\r\r\n<li>Corrosion-resistant surface for reliable performance in various environments.<\/li>\r\r\n<li>Available in various shapes and sizes to support diverse connection needs.<\/li>","product_chanpin_blog":"<ul>\r\r\n<li><a href=\"https:\/\/sinoextrud.com\/t-slot-v-slot-differences\/\" target=\"_blank\">t slot vs v slot<\/a><\/li>\r\r\n<li><a href=\"https:\/\/sinoextrud.com\/what-is-4040-aluminium-extrud\/\" target=\"_blank\">4040 aluminium extrusion<\/a><\/li>\r\r\n<li><a href=\"https:\/\/sinoextrud.com\/what-is-4040-aluminium-extrud\/\" target=\"_blank\">aluminum extrusions for industrial racks<\/a><\/li>\r\r\n<li><a href=\"https:\/\/sinoextrud.com\/powder-coating-aluminium-process\/\" target=\"_blank\">powder coating aluminium<\/a><\/li>\r\r\n<li><a href=\"https:\/\/sinoextrud.com\/what-is-an-aluminium-strip-ceiling\/\" target=\"_blank\">aluminium strip ceiling<\/a><\/li>\r\r\n<li><a href=\"https:\/\/sinoextrud.com\/what-is-a-heat-sink\/\" target=\"_blank\">what is a heat sink<\/a><\/li>\r\r\n<\/ul>","product_chanpin_chanpin":"<li><a href=\"https:\/\/sinoextrud.com\/product\/architectural-aluminum-extrusion-profiles\/\" target=\"_blank\">Architectural Aluminum Extrusion Profiles<\/a><\/li>\r\n<li><a href=\"https:\/\/sinoextrud.com\/product\/aluminum-outdoor-louvers\/\" target=\"_blank\">Aluminum Outdoor Louvers<\/a><\/li>\r\n<li><a href=\"https:\/\/sinoextrud.com\/product\/anodized-aluminum-frame-profile-brushed-photo-aluminum-frame-modern-decorative-industrial-frame-profile\/\" target=\"_blank\">Anodized Aluminum Frame Profile Brushed Photo Aluminum Frame Modern Decorative Industrial Frame Profile<\/a><\/li>\r\n<li><a href=\"https:\/\/sinoextrud.com\/product\/aluminum-profil-louver-roof\/\" target=\"_blank\">Aluminum Profil Louver Roof<\/a><\/li>\r\n<li><a href=\"https:\/\/sinoextrud.com\/product\/aluminum-profile-connector\/\" target=\"_blank\">Aluminum Profile Connector<\/a><\/li>\r\n<li><a href=\"https:\/\/sinoextrud.com\/product\/anodized-powder-coated-window-louver-extrusion-shutter-aluminum-profiles\/\" target=\"_blank\">Anodized Powder Coated Window Louver Extrusion Shutter Aluminum Profiles<\/a><\/li>\r\n<li><a href=\"https:\/\/sinoextrud.com\/product\/newest-stable-extruded-aluminum-u-channel-profile-frameless-glass-railing-system-with-balustrade-handrail-fittings\/\" target=\"_blank\">Newest Stable Extruded Aluminum U Channel Profile Frameless Glass Railing System With Balustrade Handrail Fittings<\/a><\/li>\r\n<li><a href=\"https:\/\/sinoextrud.com\/product\/powder-coated-wooden-grain-aluminium-shutter-profile\/\" target=\"_blank\">Powder Coated Wooden Grain Aluminium Shutter Profile<\/a><\/li>\r\n<li><a href=\"https:\/\/sinoextrud.com\/product\/aluminum-profile-for-shower-enclosure\/\" target=\"_blank\">Aluminum Profile For Shower Enclosure<\/a><\/li>\r\n<li><a href=\"https:\/\/sinoextrud.com\/product\/cnc-aluminum-bar-profile-for-instrument\/\" target=\"_blank\">CNC Aluminum Bar Profile For Instrument<\/a><\/li>\r\n<li><a href=\"https:\/\/sinoextrud.com\/product\/roller-shutter-profiles-aluminum\/\" target=\"_blank\">Roller Shutter Profiles Aluminum<\/a><\/li>"},"feature_list":[]},"_links":{"self":[{"href":"https:\/\/sinoextrud.com\/da\/wp-json\/wp\/v2\/product\/7634","targetHints":{"allow":["GET"]}}],"collection":[{"href":"https:\/\/sinoextrud.com\/da\/wp-json\/wp\/v2\/product"}],"about":[{"href":"https:\/\/sinoextrud.com\/da\/wp-json\/wp\/v2\/types\/product"}],"wp:featuredmedia":[{"embeddable":true,"href":"https:\/\/sinoextrud.com\/da\/wp-json\/wp\/v2\/media\/7633"}],"wp:attachment":[{"href":"https:\/\/sinoextrud.com\/da\/wp-json\/wp\/v2\/media?parent=7634"}],"wp:term":[{"taxonomy":"category","embeddable":true,"href":"https:\/\/sinoextrud.com\/da\/wp-json\/wp\/v2\/categories?post=7634"}],"curies":[{"name":"wp","href":"https:\/\/api.w.org\/{rel}","templated":true}]}}