{"id":7628,"date":"2025-06-09T06:56:01","date_gmt":"2025-06-09T06:56:01","guid":{"rendered":"https:\/\/sinoextrud.com\/product\/aluminum-outdoor-louvers\/"},"modified":"2025-06-24T06:13:16","modified_gmt":"2025-06-24T06:13:16","slug":"udendors-lameller-af-aluminium","status":"publish","type":"product","link":"https:\/\/sinoextrud.com\/da\/product\/aluminum-outdoor-louvers\/","title":{"rendered":"Udend\u00f8rs lameller af aluminium"},"content":{"rendered":"<h2>Detaljer om produkter<\/h2>\n<table class=\"custom-table\">\n<tr>\n<td class=\"label\">Vare<\/td>\n<td>Udend\u00f8rs lameller af aluminium<\/td>\n<\/tr>\n<tr>\n<td class=\"label\">Materiale<\/td>\n<td>Aluminium i 6000-serien<\/td>\n<\/tr>\n<tr>\n<td class=\"label\">Temperament<\/td>\n<td>T4, T5, T6<\/td>\n<\/tr>\n<tr>\n<td class=\"label\">St\u00f8rrelse \/ tykkelse<\/td>\n<td>Generel profiltykkelse fra 0,8 til 5,0 mm, l\u00e6ngde fra 1 m til 9 m eller tilpasset; anodiseret beskyttelsesfilmtykkelse fra 8 ~ 25 um, pulverlakering fra 40 ~ 120 um.<\/td>\n<\/tr>\n<tr>\n<td class=\"label\">Form<\/td>\n<td>firkantet, rund, rektangul\u00e6r, tilpasset<\/td>\n<\/tr>\n<tr>\n<td class=\"label\">Anvendelse<\/td>\n<td>I m\u00f8bler, vinduer og d\u00f8re, dekorationer, industri, byggeri og s\u00e5 videre<\/td>\n<\/tr>\n<tr>\n<td class=\"label\">Overfladebehandling<\/td>\n<td>Pulverlakering<\/td>\n<\/tr>\n<tr>\n<td class=\"label\">Dyb proces<\/td>\n<td>CNC, boring, fr\u00e6sning, sk\u00e6ring, svejsning, bukning, samling<\/td>\n<\/tr>\n<tr>\n<td class=\"label\">MOQ<\/td>\n<td>200 kg for hver vare<\/td>\n<\/tr>\n<tr>\n<td class=\"label\">Pakkeoplysninger<\/td>\n<td>(1) Indvendigt: pakket med beskyttende plastfilm til beskyttelse af hvert stykke<\/td>\n<\/tr>\n<tr>\n<td class=\"label\"><\/td>\n<td>(2) Udenfor: Indpakning til bundter af waterproofcraftpaper<\/td>\n<\/tr>\n<tr>\n<td class=\"label\">Leveringstid<\/td>\n<td>(1) Formudvikling og pr\u00f8vetestning: 12-18 dage.<\/td>\n<\/tr>\n<tr>\n<td class=\"label\"><\/td>\n<td>(2) Masseproduktion afsluttet: 20-30 dage efter at pr\u00f8ven er bekr\u00e6ftet af k\u00f8beren.<\/td>\n<\/tr>\n<tr>\n<td class=\"label\">FOB-havn<\/td>\n<td>SHENZHEN \/ GUANGZHOU \/ FOSHAN<\/td>\n<\/tr>\n<tr>\n<td class=\"label\">betalingsbetingelser<\/td>\n<td>T \/ T 30%for depositum, balance f\u00f8r forsendelse.<\/td>\n<\/tr>\n<tr>\n<td class=\"label\">forligsperiode<\/td>\n<td>Opkr\u00e6vning efter endelig faktisk v\u00e6gt eller efter teoretisk v\u00e6gt.<\/td>\n<\/tr>\n<tr>\n<td class=\"label\">produktionskapacitet<\/td>\n<td>15.000 tons om m\u00e5neden, 200.000 tons om \u00e5ret.<\/td>\n<\/tr>\n<tr>\n<td class=\"label\">Certifikat og standard<\/td>\n<td>CQM, SGS, CE, BV, SONCAP \/ GB, ISO, JIS, AS, NZS, QUALICOAT, QUOLANOD tilg\u00e6ngelig<\/td>\n<\/tr>\n<tr>\n<td class=\"label\">Garanti<\/td>\n<td>Overfladefarven kan holde i 10-20 \u00e5r ved indend\u00f8rs brug.<\/td>\n<\/tr>\n<\/table>\n<h2>Vores produktionsbase<\/h2>\n<h3>Panorama over fabrikken<\/h3>\n<p><img decoding=\"async\" src=\"\/wp-content\/uploads\/factory-01.webp\"\/><\/p>\n<h3>V\u00e6rksted til fremstilling af aluminiumst\u00e6nger<\/h3>\n<p><img decoding=\"async\" src=\"\/wp-content\/uploads\/factory-02.webp\"\/><\/p>\n<\/p>\n<p><img decoding=\"async\" src=\"\/wp-content\/uploads\/factory-03.webp\"\/><\/p>\n<h3>Lager til opbevaring af skimmelsvampe<\/h3>\n<p><img decoding=\"async\" src=\"\/wp-content\/uploads\/factory-04.webp\"\/><\/p>\n<h3>43 ekstruderingslinjer for aluminium (500-5500 ton)<\/h3>\n<p><img decoding=\"async\" src=\"\/wp-content\/uploads\/factory-05.webp\"\/><\/p>\n<p><img decoding=\"async\" src=\"\/wp-content\/uploads\/factory-06.webp\"\/><\/p>\n<p><img decoding=\"async\" src=\"\/wp-content\/uploads\/factory-07.webp\"\/><\/p>\n<h3>V\u00e6rksted for pulverlakering<\/h3>\n<p><img decoding=\"async\" src=\"\/wp-content\/uploads\/factory-09.webp\"\/><\/p>\n<h3>Anodiseringsv\u00e6rksted<\/h3>\n<p><img decoding=\"async\" src=\"\/wp-content\/uploads\/factory-10.webp\"\/><\/p>\n<h3>Workshop om dyb behandling<\/h3>\n<p><img decoding=\"async\" src=\"\/wp-content\/uploads\/factory-11.webp\"\/><\/p>\n<h3>V\u00e6rksted for CNC-pr\u00e6cisionsbearbejdning<\/h3>\n<p><img decoding=\"async\" src=\"\/wp-content\/uploads\/factory-11.5.webp\"\/><\/p>\n<h3>F\u00e6rdigvare- og eksportlager<\/h3>\n<p><img decoding=\"async\" src=\"\/wp-content\/uploads\/factory-12.webp\"\/><\/p>\n<p><img decoding=\"async\" src=\"\/wp-content\/uploads\/factory-13.webp\"\/><\/p>\n<p><img decoding=\"async\" src=\"\/wp-content\/uploads\/factory-14.webp\"\/><\/p>\n<h2>OFTE STILLEDE SP\u00d8RGSM\u00c5L<\/h2>\n<p><b>1. Hvad er udend\u00f8rs lameller af aluminium?<\/b><\/p>\n<p>Udend\u00f8rs lameller i aluminium er arkitektoniske komponenter, der er designet til at give skygge, privatliv og ventilation til udend\u00f8rs rum ved hj\u00e6lp af vejrbestandige aluminiumsprofiler.\n<\/p>\n<p><\/p>\n<p><b>2. Hvad er fordelene ved at bruge aluminiumslameller udend\u00f8rs?<\/b><\/p>\n<p>De har h\u00f8j holdbarhed, korrosionsbestandighed, lav vedligeholdelse og forbedrer luftgennemstr\u00f8mningen og energieffektiviteten i bygninger.\n<\/p>\n<p><\/p>\n<p><b>3. Er aluminiumslameller egnet til alle vejrforhold?<\/b><\/p>\n<p>Ja, de er designet til at modst\u00e5 korrosion, UV-eksponering og fugt, hvilket g\u00f8r dem ideelle til alle klimaer.\n<\/p>\n<p><\/p>\n<p><b>4. kan udend\u00f8rs aluminiumslameller tilpasses?<\/b><\/p>\n<p>Ja, vi tilbyder tilpassede st\u00f8rrelser, bladformer, farver og overflader, der passer til forskellige arkitektoniske stilarter og projektkrav.\n<\/p>\n<p><\/p>\n<p><b>5. Forbedrer aluminiumslameller bygningers energieffektivitet?<\/b><\/p>\n<p>Ja, de reducerer solvarmen ved at skygge for vinduer og v\u00e6gge, hvilket f\u00f8rer til lavere k\u00f8leomkostninger.\n<\/p>\n<p><\/p>\n<p><b>6. Er der justerbare muligheder for udend\u00f8rs aluminiumslameller?<\/b><\/p>\n<p>Ja, justerbare lameller giver kontrol over lys, luftstr\u00f8m og privatliv, hvilket forbedrer funktionaliteten.\n<\/p>\n<p><\/p>\n<p><b>7. Hvor bruges udend\u00f8rs lameller af aluminium ofte?<\/b><\/p>\n<p>De bruges i vid udstr\u00e6kning i boliger, erhvervsbygninger, parkeringshuse, facader og ventilationssk\u00e6rme.\n<\/p>\n<p><\/p>\n<p><b>8. Er aluminiumslameller nemme at vedligeholde?<\/b><\/p>\n<p>Ja, de kr\u00e6ver minimal vedligeholdelse og kan reng\u00f8res med vand og et mildt reng\u00f8ringsmiddel for at bevare deres udseende.\n<\/p>\n<p><\/p>","protected":false},"featured_media":7627,"template":"","categories":[67],"class_list":["post-7628","product","type-product","status-publish","has-post-thumbnail","hentry","category-architectural-aluminium-profile"],"meta_box":{"hilight_text_group":{"product_hilight_text":"<li>Durable aluminum construction ideal for long-term outdoor use<\/li>\r\r\n<li>Corrosion-resistant surface withstands harsh weather conditions<\/li>\r\r\n<li>Provides sun shading, privacy, and natural ventilation<\/li>\r\r\n<li>Available in fixed and adjustable louver designs<\/li>\r\r\n<li>Lightweight yet strong for easy installation and structural integrity<\/li>\r\r\n<li>Custom sizes, colors, and finishes available to match building designs<\/li>\r\r\n<li>Low maintenance and energy-efficient solution for facades and screens<\/li>","product_chanpin_blog":"<ul>\r\r\n<li><a href=\"https:\/\/sinoextrud.com\/t-slot-v-slot-differences\/\" target=\"_blank\">t slot vs v slot<\/a><\/li>\r\r\n<li><a href=\"https:\/\/sinoextrud.com\/what-is-4040-aluminium-extrud\/\" target=\"_blank\">4040 aluminium extrusion<\/a><\/li>\r\r\n<li><a href=\"https:\/\/sinoextrud.com\/what-is-4040-aluminium-extrud\/\" target=\"_blank\">aluminum extrusions for industrial racks<\/a><\/li>\r\r\n<li><a href=\"https:\/\/sinoextrud.com\/powder-coating-aluminium-process\/\" target=\"_blank\">powder coating aluminium<\/a><\/li>\r\r\n<li><a href=\"https:\/\/sinoextrud.com\/what-is-an-aluminium-strip-ceiling\/\" target=\"_blank\">aluminium strip ceiling<\/a><\/li>\r\r\n<li><a href=\"https:\/\/sinoextrud.com\/what-is-a-heat-sink\/\" target=\"_blank\">what is a heat sink<\/a><\/li>\r\r\n<\/ul>","product_chanpin_chanpin":"<li><a href=\"https:\/\/sinoextrud.com\/product\/square-aluminum-extrusion\/\" target=\"_blank\">Square Aluminum Extrusion<\/a><\/li>\r\n<li><a href=\"https:\/\/sinoextrud.com\/product\/extruded-aluminum-drawer-pulls\/\" target=\"_blank\">Extruded Aluminum Drawer Pulls<\/a><\/li>\r\n<li><a href=\"https:\/\/sinoextrud.com\/product\/picture-frame-extrusions\/\" target=\"_blank\">Picture Frame Extrusions<\/a><\/li>\r\n<li><a href=\"https:\/\/sinoextrud.com\/product\/architectural-aluminum-extrusion-profiles\/\" target=\"_blank\">Architectural Aluminum Extrusion Profiles<\/a><\/li>\r\n<li><a href=\"https:\/\/sinoextrud.com\/product\/aluminum-outdoor-louvers\/\" target=\"_blank\">Aluminum Outdoor Louvers<\/a><\/li>\r\n<li><a href=\"https:\/\/sinoextrud.com\/product\/anodized-aluminum-frame-profile-brushed-photo-aluminum-frame-modern-decorative-industrial-frame-profile\/\" target=\"_blank\">Anodized Aluminum Frame Profile Brushed Photo Aluminum Frame Modern Decorative Industrial Frame Profile<\/a><\/li>\r\n<li><a href=\"https:\/\/sinoextrud.com\/product\/aluminum-profil-louver-roof\/\" target=\"_blank\">Aluminum Profil Louver Roof<\/a><\/li>\r\n<li><a href=\"https:\/\/sinoextrud.com\/product\/aluminum-profile-connector\/\" target=\"_blank\">Aluminum Profile Connector<\/a><\/li>\r\n<li><a href=\"https:\/\/sinoextrud.com\/product\/anodized-powder-coated-window-louver-extrusion-shutter-aluminum-profiles\/\" target=\"_blank\">Anodized Powder Coated Window Louver Extrusion Shutter Aluminum Profiles<\/a><\/li>\r\n<li><a href=\"https:\/\/sinoextrud.com\/product\/aluminium-hollow-tube\/\" target=\"_blank\">Aluminium Hollow Tube<\/a><\/li>\r\n<li><a href=\"https:\/\/sinoextrud.com\/product\/aluminium-extrusion-enclosure\/\" target=\"_blank\">Aluminium Extrusion Enclosure<\/a><\/li>"},"feature_list":[]},"_links":{"self":[{"href":"https:\/\/sinoextrud.com\/da\/wp-json\/wp\/v2\/product\/7628","targetHints":{"allow":["GET"]}}],"collection":[{"href":"https:\/\/sinoextrud.com\/da\/wp-json\/wp\/v2\/product"}],"about":[{"href":"https:\/\/sinoextrud.com\/da\/wp-json\/wp\/v2\/types\/product"}],"wp:featuredmedia":[{"embeddable":true,"href":"https:\/\/sinoextrud.com\/da\/wp-json\/wp\/v2\/media\/7627"}],"wp:attachment":[{"href":"https:\/\/sinoextrud.com\/da\/wp-json\/wp\/v2\/media?parent=7628"}],"wp:term":[{"taxonomy":"category","embeddable":true,"href":"https:\/\/sinoextrud.com\/da\/wp-json\/wp\/v2\/categories?post=7628"}],"curies":[{"name":"wp","href":"https:\/\/api.w.org\/{rel}","templated":true}]}}