{"id":7618,"date":"2025-06-09T06:31:07","date_gmt":"2025-06-09T06:31:07","guid":{"rendered":"https:\/\/sinoextrud.com\/product\/profile-aluminium-extrusion-used-for-door\/"},"modified":"2025-06-24T06:13:15","modified_gmt":"2025-06-24T06:13:15","slug":"aluminiumsprofil-brugt-til-dore","status":"publish","type":"product","link":"https:\/\/sinoextrud.com\/da\/product\/profile-aluminium-extrusion-used-for-door\/","title":{"rendered":"Profil af aluminiumsekstrudering brugt til d\u00f8re"},"content":{"rendered":"<h2>Detaljer om produkter<\/h2>\n<table class=\"custom-table\">\n<tbody>\n<tr>\n<td> Virksomhedens navn<\/td>\n<td> Sinoextrud <\/td>\n<\/tr>\n<tr>\n<td> Business-stil<\/td>\n<td> Producent, import- og eksportvirksomhed<\/td>\n<\/tr>\n<tr>\n<td> Brand<\/td>\n<td> Sinoextrud \/ Sinoextrud \/ Sinoextrud aluminiumsprofiler<\/td>\n<\/tr>\n<tr>\n<td> Materialekvalitet<\/td>\n<td> 6061, 6063, 6005A, 6005, 6082, 6463, tilg\u00e6ngelig<\/td>\n<\/tr>\n<tr>\n<td> L\u00e6ngde<\/td>\n<td> 1-9 m, eller tilpasning<\/td>\n<\/tr>\n<tr>\n<td> MOQ<\/td>\n<td> 200 kg for hver vare\/farve<\/td>\n<\/tr>\n<tr>\n<td> Overfladebehandling<\/td>\n<td> Fr\u00e6sning, anodisering, pulverlakering, elektroforese, fluorcarbon (PVDF), tr\u00e6korn, poleret, b\u00f8rstet, sandbl\u00e6st osv.<\/td>\n<\/tr>\n<tr>\n<td> CNC-proces<\/td>\n<td> Boring, bukning, svejsning, gevindsk\u00e6ring, sk\u00e6ring, stansning osv.<\/td>\n<\/tr>\n<tr>\n<td> Farve<\/td>\n<td> Mange farver eller individuel tilpasning<\/td>\n<\/tr>\n<tr>\n<td> Pakke<\/td>\n<td> Indvendigt med beskyttelsesfilm, krympeplast eller PE-skum, udvendigt med karton eller tr\u00e6ramme eller specialfremstillet<\/td>\n<\/tr>\n<tr>\n<td> Betalingsperiode<\/td>\n<td> 30% forudbetaling, balance f\u00f8r forsendelse<\/td>\n<\/tr>\n<tr>\n<td> Lastning af port<\/td>\n<td> FOB Shenzhen, Guangzhou, Foshan<\/td>\n<\/tr>\n<tr>\n<td> Leveringstid<\/td>\n<td> 25-30 dage efter modtagelse af depositum fra k\u00f8ber.<\/td>\n<\/tr>\n<\/tbody>\n<\/table>\n<h2>Vores produktionsbase<\/h2>\n<h3>Panorama over fabrikken<\/h3>\n<p><img decoding=\"async\" src=\"\/wp-content\/uploads\/factory-01.webp\"\/><\/p>\n<h3>V\u00e6rksted til fremstilling af aluminiumst\u00e6nger<\/h3>\n<p><img decoding=\"async\" src=\"\/wp-content\/uploads\/factory-02.webp\"\/><\/p>\n<\/p>\n<p><img decoding=\"async\" src=\"\/wp-content\/uploads\/factory-03.webp\"\/><\/p>\n<h3>Lager til opbevaring af skimmelsvampe<\/h3>\n<p><img decoding=\"async\" src=\"\/wp-content\/uploads\/factory-04.webp\"\/><\/p>\n<h3>43 ekstruderingslinjer for aluminium (500-5500 ton)<\/h3>\n<p><img decoding=\"async\" src=\"\/wp-content\/uploads\/factory-05.webp\"\/><\/p>\n<p><img decoding=\"async\" src=\"\/wp-content\/uploads\/factory-06.webp\"\/><\/p>\n<p><img decoding=\"async\" src=\"\/wp-content\/uploads\/factory-07.webp\"\/><\/p>\n<h3>V\u00e6rksted for pulverlakering<\/h3>\n<p><img decoding=\"async\" src=\"\/wp-content\/uploads\/factory-09.webp\"\/><\/p>\n<h3>Anodiseringsv\u00e6rksted<\/h3>\n<p><img decoding=\"async\" src=\"\/wp-content\/uploads\/factory-10.webp\"\/><\/p>\n<h3>Workshop om dyb behandling<\/h3>\n<p><img decoding=\"async\" src=\"\/wp-content\/uploads\/factory-11.webp\"\/><\/p>\n<h3>V\u00e6rksted for CNC-pr\u00e6cisionsbearbejdning<\/h3>\n<p><img decoding=\"async\" src=\"\/wp-content\/uploads\/factory-11.5.webp\"\/><\/p>\n<h3>F\u00e6rdigvare- og eksportlager<\/h3>\n<p><img decoding=\"async\" src=\"\/wp-content\/uploads\/factory-12.webp\"\/><\/p>\n<p><img decoding=\"async\" src=\"\/wp-content\/uploads\/factory-13.webp\"\/><\/p>\n<p><img decoding=\"async\" src=\"\/wp-content\/uploads\/factory-14.webp\"\/><\/p>\n<h2>OFTE STILLEDE SP\u00d8RGSM\u00c5L<\/h2>\n<p><b>1. Hvad er profilaluminiumsekstrudering, der bruges til d\u00f8re?<\/b><\/p>\n<p>Profile Aluminium Extrusion Used For Door henviser til specialdesignede aluminiumsprofiler, der udg\u00f8r den strukturelle ramme for forskellige typer d\u00f8re.\n<\/p>\n<p><\/p>\n<p><b>2. Hvilke fordele er der ved at bruge aluminiumsprofiler til d\u00f8re?<\/b><\/p>\n<p>De giver styrke, korrosionsbestandighed, letv\u00e6gtsstruktur og st\u00f8tte til varmeisolering i moderne d\u00f8rsystemer.\n<\/p>\n<p><\/p>\n<p><b>3. Er d\u00f8rprofiler af aluminium egnede til udend\u00f8rs brug?<\/b><\/p>\n<p>Ja, aluminiumsprofilerne er korrosionsbestandige og designet til at modst\u00e5 barske vejrforhold, hvilket g\u00f8r dem ideelle til udend\u00f8rs d\u00f8re.\n<\/p>\n<p><\/p>\n<p><b>4. Kan Profile Aluminium Extrusion tilpasses til forskellige d\u00f8rdesigns?<\/b><\/p>\n<p>Ja, vi leverer tilpassede st\u00f8rrelser, farver og overflader, der passer til specifikke d\u00f8rtyper og arkitektoniske krav.\n<\/p>\n<p><\/p>\n<p><b>5. Hvilke typer d\u00f8re bruger aluminiumsprofiler?<\/b><\/p>\n<p>Disse profiler bruges til skyded\u00f8re, h\u00e6ngslede d\u00f8re, folded\u00f8re og rammel\u00f8se glasd\u00f8re.\n<\/p>\n<p><\/p>\n<p><b>6. Er profileret aluminiumsekstrudering energieffektivt?<\/b><\/p>\n<p>Ja, der findes termiske brud, som hj\u00e6lper med at reducere varmeoverf\u00f8rslen og forbedre energieffektiviteten i bygninger.\n<\/p>\n<p><\/p>\n<p><b>7. Er d\u00f8rprofiler i aluminium nemme at montere?<\/b><\/p>\n<p>Ja, de er lette og designet til at v\u00e6re kompatible med standardfittings, hvilket g\u00f8r installationen hurtig og effektiv.\n<\/p>\n<p><\/p>\n<p><b>8. Hvor bruges d\u00f8rprofiler af aluminium ofte?<\/b><\/p>\n<p>De bruges i vid udstr\u00e6kning i bolig-, erhvervs- og industribygninger til indgangsd\u00f8re, terrassed\u00f8re og indvendige skillev\u00e6gge.\n<\/p>\n<p><\/p>","protected":false},"featured_media":7617,"template":"","categories":[67],"class_list":["post-7618","product","type-product","status-publish","has-post-thumbnail","hentry","category-architectural-aluminium-profile"],"meta_box":{"hilight_text_group":{"product_hilight_text":"<li>High-strength aluminum profiles provide stable and durable door framing<\/li>\r\r\n<li>Corrosion-resistant finish ensures long service life in all climates<\/li>\r\r\n<li>Lightweight design allows for easier transportation and installation<\/li>\r\r\n<li>Compatible with various door types including sliding, hinged, and folding<\/li>\r\r\n<li>Supports thermal break for improved energy efficiency<\/li>\r\r\n<li>Custom sizes, colors, and finishes available to match architectural styles<\/li>\r\r\n<li>Precision extrusion ensures consistent fit and seamless integration<\/li>","product_chanpin_blog":"<ul>\r\r\n<li><a href=\"https:\/\/sinoextrud.com\/t-slot-v-slot-differences\/\" target=\"_blank\">t slot vs v slot<\/a><\/li>\r\r\n<li><a href=\"https:\/\/sinoextrud.com\/what-is-4040-aluminium-extrud\/\" target=\"_blank\">4040 aluminium extrusion<\/a><\/li>\r\r\n<li><a href=\"https:\/\/sinoextrud.com\/what-is-4040-aluminium-extrud\/\" target=\"_blank\">aluminum extrusions for industrial racks<\/a><\/li>\r\r\n<li><a href=\"https:\/\/sinoextrud.com\/powder-coating-aluminium-process\/\" target=\"_blank\">powder coating aluminium<\/a><\/li>\r\r\n<li><a href=\"https:\/\/sinoextrud.com\/what-is-an-aluminium-strip-ceiling\/\" target=\"_blank\">aluminium strip ceiling<\/a><\/li>\r\r\n<li><a href=\"https:\/\/sinoextrud.com\/what-is-a-heat-sink\/\" target=\"_blank\">what is a heat sink<\/a><\/li>\r\r\n<\/ul>","product_chanpin_chanpin":"<li><a href=\"https:\/\/sinoextrud.com\/product\/aluminium-profiles-for-bedroom-doors\/\" target=\"_blank\">Aluminium Profiles For Bedroom Doors<\/a><\/li>\r\n<li><a href=\"https:\/\/sinoextrud.com\/product\/extruded-aluminum-framing\/\" target=\"_blank\">Extruded Aluminum Framing<\/a><\/li>\r\n<li><a href=\"https:\/\/sinoextrud.com\/product\/aluminum-window-extrusion-profiles\/\" target=\"_blank\">Aluminum Window Extrusion Profiles<\/a><\/li>\r\n<li><a href=\"https:\/\/sinoextrud.com\/product\/extruded-aluminium-window-frames\/\" target=\"_blank\">Extruded Aluminium Window Frames<\/a><\/li>\r\n<li><a href=\"https:\/\/sinoextrud.com\/product\/profile-aluminium-extrusion-used-for-door\/\" target=\"_blank\">Profile Aluminium Extrusion Used For Door<\/a><\/li>\r\n<li><a href=\"https:\/\/sinoextrud.com\/product\/square-aluminum-extrusion\/\" target=\"_blank\">Square Aluminum Extrusion<\/a><\/li>\r\n<li><a href=\"https:\/\/sinoextrud.com\/product\/extruded-aluminum-drawer-pulls\/\" target=\"_blank\">Extruded Aluminum Drawer Pulls<\/a><\/li>\r\n<li><a href=\"https:\/\/sinoextrud.com\/product\/picture-frame-extrusions\/\" target=\"_blank\">Picture Frame Extrusions<\/a><\/li>\r\n<li><a href=\"https:\/\/sinoextrud.com\/product\/architectural-aluminum-extrusion-profiles\/\" target=\"_blank\">Architectural Aluminum Extrusion Profiles<\/a><\/li>\r\n<li><a href=\"https:\/\/sinoextrud.com\/product\/aluminum-extrusion-bathroom-mirror-cabinet-aluminum-profile\/\" target=\"_blank\">Aluminum Extrusion Bathroom Mirror Cabinet Aluminum Profile<\/a><\/li>\r\n<li><a href=\"https:\/\/sinoextrud.com\/product\/aluminum-extrusion-framing-components\/\" target=\"_blank\">Aluminum Extrusion Framing Components<\/a><\/li>"},"feature_list":[]},"_links":{"self":[{"href":"https:\/\/sinoextrud.com\/da\/wp-json\/wp\/v2\/product\/7618","targetHints":{"allow":["GET"]}}],"collection":[{"href":"https:\/\/sinoextrud.com\/da\/wp-json\/wp\/v2\/product"}],"about":[{"href":"https:\/\/sinoextrud.com\/da\/wp-json\/wp\/v2\/types\/product"}],"wp:featuredmedia":[{"embeddable":true,"href":"https:\/\/sinoextrud.com\/da\/wp-json\/wp\/v2\/media\/7617"}],"wp:attachment":[{"href":"https:\/\/sinoextrud.com\/da\/wp-json\/wp\/v2\/media?parent=7618"}],"wp:term":[{"taxonomy":"category","embeddable":true,"href":"https:\/\/sinoextrud.com\/da\/wp-json\/wp\/v2\/categories?post=7618"}],"curies":[{"name":"wp","href":"https:\/\/api.w.org\/{rel}","templated":true}]}}