{"id":7613,"date":"2025-06-09T06:22:41","date_gmt":"2025-06-09T06:22:41","guid":{"rendered":"https:\/\/sinoextrud.com\/product\/aluminum-window-extrusion-profiles\/"},"modified":"2025-06-24T06:13:14","modified_gmt":"2025-06-24T06:13:14","slug":"ekstruderingsprofiler-til-aluminiumsvinduer","status":"publish","type":"product","link":"https:\/\/sinoextrud.com\/da\/product\/aluminum-window-extrusion-profiles\/","title":{"rendered":"Ekstruderede aluminiumsprofiler til vinduer"},"content":{"rendered":"<h2>Detaljer om produkter<\/h2>\n<table class=\"custom-table\">\n<tr>\n<td class=\"label\">Navn<\/td>\n<td>Ekstruderede aluminiumsprofiler til vinduer<\/td>\n<\/tr>\n<tr>\n<td class=\"label\">Brand<\/td>\n<td>Sinoextrud<\/td>\n<\/tr>\n<tr>\n<td class=\"label\">Kategori<\/td>\n<td>Aluminiumsprofil<\/td>\n<\/tr>\n<tr>\n<td class=\"label\">Materiale<\/td>\n<td>Specialiseret i produktion af legering 6061. Vi kan ogs\u00e5 lave legering 6063, 6463, 6005, 6082<\/td>\n<\/tr>\n<tr>\n<td class=\"label\">Temperament<\/td>\n<td>T5-T8<\/td>\n<\/tr>\n<tr>\n<td class=\"label\">L\u00e6ngde<\/td>\n<td>1-9m eller andre er tilg\u00e6ngelige<\/td>\n<\/tr>\n<tr>\n<td class=\"label\">St\u00f8rrelse (mm)<\/td>\n<td>Baseret p\u00e5 tilbudstegning<\/td>\n<\/tr>\n<tr>\n<td class=\"label\">Form<\/td>\n<td>Firkantet\/rektangel\/tilpasning<\/td>\n<\/tr>\n<tr>\n<td class=\"label\">Overfladebehandling<\/td>\n<td>Fr\u00e6sning, anodisering, sandbl\u00e6sning, polering, elektroforese, pulverlakering, tr\u00e6korn osv.<\/td>\n<\/tr>\n<tr>\n<td class=\"label\">Farve<\/td>\n<td>Mens, sort, s\u00f8lv, bronze, guld, champagne, m\u00f8rk, kobber osv.<\/td>\n<\/tr>\n<tr>\n<td class=\"label\">Certifikat<\/td>\n<td>TUV, ASTM, GB<\/td>\n<\/tr>\n<tr>\n<td class=\"label\">Fra<\/td>\n<td>Guangdong, Kina<\/td>\n<\/tr>\n<tr>\n<td class=\"label\">Anvendelse<\/td>\n<td>D\u00f8r og vindue<\/td>\n<\/tr>\n<tr>\n<td class=\"label\">Anodisk oxidationslinje<\/td>\n<td>Kraftoverf\u00f8ringslinje<\/td>\n<\/tr>\n<\/table>\n<h2>Vores produktionsbase<\/h2>\n<h3>Panorama over fabrikken<\/h3>\n<p><img decoding=\"async\" src=\"\/wp-content\/uploads\/factory-01.webp\"\/><\/p>\n<h3>V\u00e6rksted til fremstilling af aluminiumst\u00e6nger<\/h3>\n<p><img decoding=\"async\" src=\"\/wp-content\/uploads\/factory-02.webp\"\/><\/p>\n<\/p>\n<p><img decoding=\"async\" src=\"\/wp-content\/uploads\/factory-03.webp\"\/><\/p>\n<h3>Lager til opbevaring af skimmelsvampe<\/h3>\n<p><img decoding=\"async\" src=\"\/wp-content\/uploads\/factory-04.webp\"\/><\/p>\n<h3>43 ekstruderingslinjer for aluminium (500-5500 ton)<\/h3>\n<p><img decoding=\"async\" src=\"\/wp-content\/uploads\/factory-05.webp\"\/><\/p>\n<p><img decoding=\"async\" src=\"\/wp-content\/uploads\/factory-06.webp\"\/><\/p>\n<p><img decoding=\"async\" src=\"\/wp-content\/uploads\/factory-07.webp\"\/><\/p>\n<h3>V\u00e6rksted for pulverlakering<\/h3>\n<p><img decoding=\"async\" src=\"\/wp-content\/uploads\/factory-09.webp\"\/><\/p>\n<h3>Anodiseringsv\u00e6rksted<\/h3>\n<p><img decoding=\"async\" src=\"\/wp-content\/uploads\/factory-10.webp\"\/><\/p>\n<h3>Workshop om dyb behandling<\/h3>\n<p><img decoding=\"async\" src=\"\/wp-content\/uploads\/factory-11.webp\"\/><\/p>\n<h3>V\u00e6rksted for CNC-pr\u00e6cisionsbearbejdning<\/h3>\n<p><img decoding=\"async\" src=\"\/wp-content\/uploads\/factory-11.5.webp\"\/><\/p>\n<h3>F\u00e6rdigvare- og eksportlager<\/h3>\n<p><img decoding=\"async\" src=\"\/wp-content\/uploads\/factory-12.webp\"\/><\/p>\n<p><img decoding=\"async\" src=\"\/wp-content\/uploads\/factory-13.webp\"\/><\/p>\n<p><img decoding=\"async\" src=\"\/wp-content\/uploads\/factory-14.webp\"\/><\/p>\n<h2>OFTE STILLEDE SP\u00d8RGSM\u00c5L<\/h2>\n<p><b>1. Hvad er aluminiumsvinduesekstruderingsprofiler?<\/b><\/p>\n<p>Ekstruderingsprofiler til aluminiumsvinduer er specialdesignede aluminiumsprofiler, der bruges til at konstruere holdbare og effektive vinduesrammer til bolig- og erhvervsbygninger.\n<\/p>\n<p><\/p>\n<p><b>2. Hvorfor v\u00e6lge ekstruderingsprofiler til aluminiumsvinduer?<\/b><\/p>\n<p>De tilbyder fremragende styrke, korrosionsbestandighed og tilpasningsmuligheder, hvilket g\u00f8r dem ideelle til langtidsholdbare vinduesl\u00f8sninger.\n<\/p>\n<p><\/p>\n<p><b>3. Findes der termiske afbrydelsesmuligheder for ekstruderingsprofiler til aluminiumsvinduer?<\/b><\/p>\n<p>Ja, der findes termoruder, som forbedrer energieffektiviteten og reducerer varmeoverf\u00f8rslen gennem vinduesrammen.\n<\/p>\n<p><\/p>\n<p><b>4. kan ekstruderingsprofiler af aluminiumsvinduer tilpasses?<\/b><\/p>\n<p>Ja, vi leverer tilpassede profiler i forskellige st\u00f8rrelser, former og overflader, s\u00e5 de passer til dine specifikke krav til vinduessystemet.\n<\/p>\n<p><\/p>\n<p><b>5. Hvilke vinduestyper kan bruge ekstruderingsprofiler til aluminiumsvinduer?<\/b><\/p>\n<p>Disse profiler er velegnede til skydevinduer, karmvinduer, markiser og faste vinduer.\n<\/p>\n<p><\/p>\n<p><b>6. Er ekstruderingsprofiler til aluminiumsvinduer vejrbestandige?<\/b><\/p>\n<p>Ja, de er lavet af korrosionsbestandigt aluminium og er bygget til at modst\u00e5 forskellige milj\u00f8forhold.\n<\/p>\n<p><\/p>\n<p><b>7. Underst\u00f8tter ekstruderingsprofiler til aluminiumsvinduer store glasarealer?<\/b><\/p>\n<p>Ja, deres strukturelle styrke g\u00f8r det muligt at underst\u00f8tte st\u00f8rre glasruder og samtidig bevare rammens integritet og ydeevne.\n<\/p>\n<p><\/p>\n<p><b>8. Hvor bruges ekstruderingsprofiler til aluminiumsvinduer ofte?<\/b><\/p>\n<p>De bruges i vid udstr\u00e6kning i boliger, erhvervsbygninger, gardinv\u00e6gssystemer og h\u00f8jhuse.\n<\/p>\n<p><\/p>","protected":false},"featured_media":7612,"template":"","categories":[67],"class_list":["post-7613","product","type-product","status-publish","has-post-thumbnail","hentry","category-architectural-aluminium-profile"],"meta_box":{"hilight_text_group":{"product_hilight_text":"<li>High-strength aluminum profiles ensure window frame durability<\/li>\r\r\n<li>Excellent thermal insulation options available with thermal breaks<\/li>\r\r\n<li>Corrosion-resistant for long-term outdoor performance<\/li>\r\r\n<li>Supports various window styles including sliding, casement, and fixed<\/li>\r\r\n<li>Smooth surface finish enhances aesthetic appeal<\/li>\r\r\n<li>Available in custom sizes, colors, and finishes<\/li>\r\r\n<li>Lightweight material makes installation faster and easier<\/li>","product_chanpin_blog":"<ul>\r\r\n<li><a href=\"https:\/\/sinoextrud.com\/t-slot-v-slot-differences\/\" target=\"_blank\">t slot vs v slot<\/a><\/li>\r\r\n<li><a href=\"https:\/\/sinoextrud.com\/what-is-4040-aluminium-extrud\/\" target=\"_blank\">4040 aluminium extrusion<\/a><\/li>\r\r\n<li><a href=\"https:\/\/sinoextrud.com\/what-is-4040-aluminium-extrud\/\" target=\"_blank\">aluminum extrusions for industrial racks<\/a><\/li>\r\r\n<li><a href=\"https:\/\/sinoextrud.com\/powder-coating-aluminium-process\/\" target=\"_blank\">powder coating aluminium<\/a><\/li>\r\r\n<li><a href=\"https:\/\/sinoextrud.com\/what-is-an-aluminium-strip-ceiling\/\" target=\"_blank\">aluminium strip ceiling<\/a><\/li>\r\r\n<li><a href=\"https:\/\/sinoextrud.com\/what-is-a-heat-sink\/\" target=\"_blank\">what is a heat sink<\/a><\/li>\r\r\n<\/ul>","product_chanpin_chanpin":"<li><a href=\"https:\/\/sinoextrud.com\/product\/aluminum-extrusion-profile-rolling-shutter\/\" target=\"_blank\">Aluminum Extrusion Profile Rolling Shutter<\/a><\/li>\r\n<li><a href=\"https:\/\/sinoextrud.com\/product\/aluminum-fireproof-outdoor-terracce-decking-floor\/\" target=\"_blank\">Aluminum Fireproof Outdoor Terracce Decking Floor<\/a><\/li>\r\n<li><a href=\"https:\/\/sinoextrud.com\/product\/aluminium-profiles-for-bedroom-doors\/\" target=\"_blank\">Aluminium Profiles For Bedroom Doors<\/a><\/li>\r\n<li><a href=\"https:\/\/sinoextrud.com\/product\/extruded-aluminum-framing\/\" target=\"_blank\">Extruded Aluminum Framing<\/a><\/li>\r\n<li><a href=\"https:\/\/sinoextrud.com\/product\/aluminum-window-extrusion-profiles\/\" target=\"_blank\">Aluminum Window Extrusion Profiles<\/a><\/li>\r\n<li><a href=\"https:\/\/sinoextrud.com\/product\/extruded-aluminium-window-frames\/\" target=\"_blank\">Extruded Aluminium Window Frames<\/a><\/li>\r\n<li><a href=\"https:\/\/sinoextrud.com\/product\/profile-aluminium-extrusion-used-for-door\/\" target=\"_blank\">Profile Aluminium Extrusion Used For Door<\/a><\/li>\r\n<li><a href=\"https:\/\/sinoextrud.com\/product\/square-aluminum-extrusion\/\" target=\"_blank\">Square Aluminum Extrusion<\/a><\/li>\r\n<li><a href=\"https:\/\/sinoextrud.com\/product\/extruded-aluminum-drawer-pulls\/\" target=\"_blank\">Extruded Aluminum Drawer Pulls<\/a><\/li>\r\n<li><a href=\"https:\/\/sinoextrud.com\/product\/extruded-aluminium-channel\/\" target=\"_blank\">Extruded Aluminium Channel<\/a><\/li>\r\n<li><a href=\"https:\/\/sinoextrud.com\/product\/aluminium-profiles-doors-windows-wood-imitation\/\" target=\"_blank\">Aluminium Profiles Doors Windows Wood Imitation<\/a><\/li>"},"feature_list":[]},"_links":{"self":[{"href":"https:\/\/sinoextrud.com\/da\/wp-json\/wp\/v2\/product\/7613","targetHints":{"allow":["GET"]}}],"collection":[{"href":"https:\/\/sinoextrud.com\/da\/wp-json\/wp\/v2\/product"}],"about":[{"href":"https:\/\/sinoextrud.com\/da\/wp-json\/wp\/v2\/types\/product"}],"wp:featuredmedia":[{"embeddable":true,"href":"https:\/\/sinoextrud.com\/da\/wp-json\/wp\/v2\/media\/7612"}],"wp:attachment":[{"href":"https:\/\/sinoextrud.com\/da\/wp-json\/wp\/v2\/media?parent=7613"}],"wp:term":[{"taxonomy":"category","embeddable":true,"href":"https:\/\/sinoextrud.com\/da\/wp-json\/wp\/v2\/categories?post=7613"}],"curies":[{"name":"wp","href":"https:\/\/api.w.org\/{rel}","templated":true}]}}