{"id":7606,"date":"2025-06-09T03:01:46","date_gmt":"2025-06-09T03:01:46","guid":{"rendered":"https:\/\/sinoextrud.com\/product\/aluminium-profiles-for-bedroom-doors\/"},"modified":"2025-06-24T06:13:14","modified_gmt":"2025-06-24T06:13:14","slug":"aluminiumsprofiler-til-sovevaerelsesdore","status":"publish","type":"product","link":"https:\/\/sinoextrud.com\/da\/product\/aluminium-profiles-for-bedroom-doors\/","title":{"rendered":"Aluminiumsprofiler til sovev\u00e6relsesd\u00f8re"},"content":{"rendered":"<h2>Detaljer om produkter<\/h2>\n<table class=\"custom-table\">\n<tr>\n<td class=\"label\">Type<\/td>\n<td>aluminiun hj\u00f8rnefuge vindue<\/td>\n<\/tr>\n<tr>\n<td class=\"label\">Aluminiumsprofiler<\/td>\n<td>Materiale: aluminiumslegering 6063-T5<br \/>\nOverfladebehandling: pulverlakering af tr\u00e6korn, elektroforese, anodisering, sandbl\u00e6sning osv.<br \/>\nFarve: gr\u00e5\/champagnefarve, \/tr\u00e6korn\/ hvid\/gr\u00f8n\/sort og tilpasset osv.<br \/>\nTh\n  <\/td>\n<\/tr>\n<tr>\n<td class=\"label\">Pakke<\/td>\n<td>Beskyttelsesskum + varmekontraheret plastfilm. \/ tr\u00e6emballage \/ metalpalle eller<br \/>\nafh\u00e6nger af kundernes s\u00e6rlige krav.<\/td>\n<\/tr>\n<tr>\n<td class=\"label\">Betalingsperiode<\/td>\n<td>1) T \/ T: 30% af den samlede v\u00e6rdi som depositum skal betales med T \/ T inden for 3 dage, n\u00e5r<br \/>\nordrebekr\u00e6ftelse, og det resterende bel\u00f8b skal betales med T\/T, f\u00f8r containeren pakkes.<br \/>\n2) L\/C: 30% af den samlede v\u00e6rdi som depositum skal betales med T \/ T inden for 3 dage efter ordrebekr\u00e6ftelse, og det resterende bel\u00f8b skal betales med L \/ C ved synet.<\/td>\n<\/tr>\n<\/table>\n<h2>Vores produktionsbase<\/h2>\n<h3>Panorama over fabrikken<\/h3>\n<p><img decoding=\"async\" src=\"\/wp-content\/uploads\/factory-01.webp\"\/><\/p>\n<h3>V\u00e6rksted til fremstilling af aluminiumst\u00e6nger<\/h3>\n<p><img decoding=\"async\" src=\"\/wp-content\/uploads\/factory-02.webp\"\/><\/p>\n<\/p>\n<p><img decoding=\"async\" src=\"\/wp-content\/uploads\/factory-03.webp\"\/><\/p>\n<h3>Lager til opbevaring af skimmelsvampe<\/h3>\n<p><img decoding=\"async\" src=\"\/wp-content\/uploads\/factory-04.webp\"\/><\/p>\n<h3>43 ekstruderingslinjer for aluminium (500-5500 ton)<\/h3>\n<p><img decoding=\"async\" src=\"\/wp-content\/uploads\/factory-05.webp\"\/><\/p>\n<p><img decoding=\"async\" src=\"\/wp-content\/uploads\/factory-06.webp\"\/><\/p>\n<p><img decoding=\"async\" src=\"\/wp-content\/uploads\/factory-07.webp\"\/><\/p>\n<h3>V\u00e6rksted for pulverlakering<\/h3>\n<p><img decoding=\"async\" src=\"\/wp-content\/uploads\/factory-09.webp\"\/><\/p>\n<h3>Anodiseringsv\u00e6rksted<\/h3>\n<p><img decoding=\"async\" src=\"\/wp-content\/uploads\/factory-10.webp\"\/><\/p>\n<h3>Workshop om dyb behandling<\/h3>\n<p><img decoding=\"async\" src=\"\/wp-content\/uploads\/factory-11.webp\"\/><\/p>\n<h3>V\u00e6rksted for CNC-pr\u00e6cisionsbearbejdning<\/h3>\n<p><img decoding=\"async\" src=\"\/wp-content\/uploads\/factory-11.5.webp\"\/><\/p>\n<h3>F\u00e6rdigvare- og eksportlager<\/h3>\n<p><img decoding=\"async\" src=\"\/wp-content\/uploads\/factory-12.webp\"\/><\/p>\n<p><img decoding=\"async\" src=\"\/wp-content\/uploads\/factory-13.webp\"\/><\/p>\n<p><img decoding=\"async\" src=\"\/wp-content\/uploads\/factory-14.webp\"\/><\/p>\n<h2>OFTE STILLEDE SP\u00d8RGSM\u00c5L<\/h2>\n<p><b>1. Hvad er aluminiumsprofiler til sovev\u00e6relsesd\u00f8re?<\/b><\/p>\n<p>Aluminiumsprofiler til sovev\u00e6relsesd\u00f8re er strukturelle indramningskomponenter, der bruges til at bygge stilfulde og holdbare d\u00f8rkarme til sovev\u00e6relser.\n<\/p>\n<p><\/p>\n<p><b>2. Er aluminiumsprofiler egnede til indend\u00f8rs brug?<\/b><\/p>\n<p>Ja, aluminiumsprofiler er ideelle til indend\u00f8rs brug p\u00e5 grund af deres korrosionsbestandighed og slanke udseende.\n<\/p>\n<p><\/p>\n<p><b>3. Hvilke fordele er der ved at bruge aluminiumsprofiler til sovev\u00e6relsesd\u00f8re?<\/b><\/p>\n<p>Aluminiumsprofiler er en let, st\u00e6rk og rustbestandig l\u00f8sning, der underst\u00f8tter moderne indretning.\n<\/p>\n<p><\/p>\n<p><b>4. Kan jeg f\u00e5 tilpassede farver eller finish til d\u00f8rprofiler til sovev\u00e6relset?<\/b><\/p>\n<p>Ja, vores aluminiumsprofiler til sovev\u00e6relsesd\u00f8re f\u00e5s i forskellige farver og overflader, der passer til forskellige indretningstemaer.\n<\/p>\n<p><\/p>\n<p><b>5. Er aluminiumsprofilerne nemme at installere?<\/b><\/p>\n<p>Ja, vores aluminiumsprofiler er pr\u00e6cisionssk\u00e5rne og designet til nem montering med et minimum af v\u00e6rkt\u00f8j.\n<\/p>\n<p><\/p>\n<p><b>6. Ruster eller korroderer aluminiumsprofiler med tiden?<\/b><\/p>\n<p>Nej, aluminiumsprofiler er korrosionsbestandige og bevarer deres udseende i fugtige eller indend\u00f8rs milj\u00f8er.\n<\/p>\n<p><\/p>\n<p><b>7. Kan disse profiler bruges til skyde- eller svingd\u00f8re i sovev\u00e6relser?<\/b><\/p>\n<p>Ja, vores aluminiumsprofiler er velegnede til b\u00e5de skyde- og h\u00e6ngslede sovev\u00e6relsesd\u00f8rssystemer.\n<\/p>\n<p><\/p>\n<p><b>8. Tilbyder I tilpassede st\u00f8rrelser til d\u00f8rprofiler i aluminium til sovev\u00e6relser?<\/b><\/p>\n<p>Ja, vi leverer specialfremstillede aluminiumsprofiler, der er skr\u00e6ddersyet til dine specifikke krav til st\u00f8rrelse og design.\n<\/p>\n<p><\/p>","protected":false},"featured_media":7605,"template":"","categories":[67],"class_list":["post-7606","product","type-product","status-publish","has-post-thumbnail","hentry","category-architectural-aluminium-profile"],"meta_box":{"hilight_text_group":{"product_hilight_text":"<li>High-quality aluminum alloy ensures durability and long-lasting performance<\/li>\r\r\n<li>Modern and sleek design enhances bedroom aesthetics<\/li>\r\r\n<li>Lightweight structure allows for easy door operation<\/li>\r\r\n<li>Corrosion-resistant surface suitable for humid indoor environments<\/li>\r\r\n<li>Customizable colors and finishes to match interior styles<\/li>","product_chanpin_blog":"<ul>\r\r\n<li><a href=\"https:\/\/sinoextrud.com\/t-slot-v-slot-differences\/\" target=\"_blank\">t slot vs v slot<\/a><\/li>\r\r\n<li><a href=\"https:\/\/sinoextrud.com\/what-is-4040-aluminium-extrud\/\" target=\"_blank\">4040 aluminium extrusion<\/a><\/li>\r\r\n<li><a href=\"https:\/\/sinoextrud.com\/what-is-4040-aluminium-extrud\/\" target=\"_blank\">aluminum extrusions for industrial racks<\/a><\/li>\r\r\n<li><a href=\"https:\/\/sinoextrud.com\/powder-coating-aluminium-process\/\" target=\"_blank\">powder coating aluminium<\/a><\/li>\r\r\n<li><a href=\"https:\/\/sinoextrud.com\/what-is-an-aluminium-strip-ceiling\/\" target=\"_blank\">aluminium strip ceiling<\/a><\/li>\r\r\n<li><a href=\"https:\/\/sinoextrud.com\/what-is-a-heat-sink\/\" target=\"_blank\">what is a heat sink<\/a><\/li>\r\r\n<\/ul>","product_chanpin_chanpin":"<li><a href=\"https:\/\/sinoextrud.com\/product\/aluminum-mirror-frame-extrusions\/\" target=\"_blank\">Aluminum Mirror Frame Extrusions<\/a><\/li>\r\n<li><a href=\"https:\/\/sinoextrud.com\/product\/aluminum-extrusion-profile-for-clean-room\/\" target=\"_blank\">Aluminum Extrusion Profile For Clean Room<\/a><\/li>\r\n<li><a href=\"https:\/\/sinoextrud.com\/product\/aluminum-extrusion-profile-rolling-shutter\/\" target=\"_blank\">Aluminum Extrusion Profile Rolling Shutter<\/a><\/li>\r\n<li><a href=\"https:\/\/sinoextrud.com\/product\/aluminum-fireproof-outdoor-terracce-decking-floor\/\" target=\"_blank\">Aluminum Fireproof Outdoor Terracce Decking Floor<\/a><\/li>\r\n<li><a href=\"https:\/\/sinoextrud.com\/product\/aluminium-profiles-for-bedroom-doors\/\" target=\"_blank\">Aluminium Profiles For Bedroom Doors<\/a><\/li>\r\n<li><a href=\"https:\/\/sinoextrud.com\/product\/extruded-aluminum-framing\/\" target=\"_blank\">Extruded Aluminum Framing<\/a><\/li>\r\n<li><a href=\"https:\/\/sinoextrud.com\/product\/aluminum-window-extrusion-profiles\/\" target=\"_blank\">Aluminum Window Extrusion Profiles<\/a><\/li>\r\n<li><a href=\"https:\/\/sinoextrud.com\/product\/extruded-aluminium-window-frames\/\" target=\"_blank\">Extruded Aluminium Window Frames<\/a><\/li>\r\n<li><a href=\"https:\/\/sinoextrud.com\/product\/profile-aluminium-extrusion-used-for-door\/\" target=\"_blank\">Profile Aluminium Extrusion Used For Door<\/a><\/li>\r\n<li><a href=\"https:\/\/sinoextrud.com\/product\/aluminum-car-pedal-anodized-silver\/\" target=\"_blank\">Aluminum Car Pedal Anodized Silver<\/a><\/li>\r\n<li><a href=\"https:\/\/sinoextrud.com\/product\/aluminum-extrusion-aluminium-profile-for-surface-oxidized-pipe\/\" target=\"_blank\">Aluminum Extrusion Aluminium Profile for Surface Oxidized Pipe<\/a><\/li>"},"feature_list":[]},"_links":{"self":[{"href":"https:\/\/sinoextrud.com\/da\/wp-json\/wp\/v2\/product\/7606","targetHints":{"allow":["GET"]}}],"collection":[{"href":"https:\/\/sinoextrud.com\/da\/wp-json\/wp\/v2\/product"}],"about":[{"href":"https:\/\/sinoextrud.com\/da\/wp-json\/wp\/v2\/types\/product"}],"wp:featuredmedia":[{"embeddable":true,"href":"https:\/\/sinoextrud.com\/da\/wp-json\/wp\/v2\/media\/7605"}],"wp:attachment":[{"href":"https:\/\/sinoextrud.com\/da\/wp-json\/wp\/v2\/media?parent=7606"}],"wp:term":[{"taxonomy":"category","embeddable":true,"href":"https:\/\/sinoextrud.com\/da\/wp-json\/wp\/v2\/categories?post=7606"}],"curies":[{"name":"wp","href":"https:\/\/api.w.org\/{rel}","templated":true}]}}