{"id":7600,"date":"2025-06-09T02:51:03","date_gmt":"2025-06-09T02:51:03","guid":{"rendered":"https:\/\/sinoextrud.com\/product\/aluminum-extrusion-profile-for-clean-room\/"},"modified":"2025-06-24T06:13:13","modified_gmt":"2025-06-24T06:13:13","slug":"ekstruderingsprofil-af-aluminium-til-renrum","status":"publish","type":"product","link":"https:\/\/sinoextrud.com\/da\/product\/aluminum-extrusion-profile-for-clean-room\/","title":{"rendered":"Ekstruderingsprofil af aluminium til renrum"},"content":{"rendered":"<h2>Detaljer om produkter<\/h2>\n<table class=\"custom-table\">\n<tbody>\n<tr>\n<td> Produktets navn<\/td>\n<td> Ekstruderingsprofil af aluminium til renrum<\/td>\n<\/tr>\n<tr>\n<td> Materiale<\/td>\n<td> 6063-T5 eller andet \u00f8nsket materiale<\/td>\n<\/tr>\n<tr>\n<td> Form<\/td>\n<td> Tilpasning<\/td>\n<\/tr>\n<tr>\n<td> Tykkelse<\/td>\n<td> 0,7 mm-10 mm<\/td>\n<\/tr>\n<tr>\n<td> St\u00f8rrelse<\/td>\n<td> I henhold til kundens tegning eller pr\u00f8ve<\/td>\n<\/tr>\n<tr>\n<td> L\u00e6ngde<\/td>\n<td> Standardl\u00e6ngde 1-9M, speciall\u00e6ngde tilg\u00e6ngelig<\/td>\n<\/tr>\n<tr>\n<td> Typiske anvendelser<\/td>\n<td> Rent rum, st\u00f8vfrit anl\u00e6g osv.<\/td>\n<\/tr>\n<tr>\n<td> Brugerdefineret type<\/td>\n<td> Eksisterende formst\u00f8rrelse\/tegning eller pr\u00f8ve leveret af kunden<\/td>\n<\/tr>\n<tr>\n<td> Dyb proces<\/td>\n<td> CNC-fr\u00e6sning, boring, stansning, boring, gevindsk\u00e6ring, bukning, svejsning osv.<\/td>\n<\/tr>\n<tr>\n<td> Brand<\/td>\n<td> Sinoextrud, Sinoextrud, tilpasset varem\u00e6rke muligt<\/td>\n<\/tr>\n<tr>\n<td> Overfladebehandling<\/td>\n<td> Fr\u00e6set f\u00e6rdig, anodiseret, pulverlakeret osv.<\/td>\n<\/tr>\n<tr>\n<td> Farve<\/td>\n<td> S\u00f8lv eller anden brugerdefineret farve<\/td>\n<\/tr>\n<tr>\n<td> MOQ<\/td>\n<td> 200 kg<\/td>\n<\/tr>\n<tr>\n<td> Kvalitetsstandard<\/td>\n<td> Mellem og h\u00f8jt kvalitetsniveau<\/td>\n<\/tr>\n<tr>\n<td> Certifikater<\/td>\n<td> ISO9001,ISO4001,CQM,SGS,CE,BV etc.<\/td>\n<\/tr>\n<tr>\n<td> Fabrikkens produktionsevne<\/td>\n<td> Mere end 15.000 tons om m\u00e5neden<\/td>\n<\/tr>\n<tr>\n<td> Pakning<\/td>\n<td> Indvendigt med beskyttelsesfilm eller plastpose, PE-skum, udvendigt med karton, tr\u00e6ramme eller anden tilpasset pakkemetode.<\/td>\n<\/tr>\n<\/tbody>\n<\/table>\n<h2>Vores produktionsbase<\/h2>\n<h3>Panorama over fabrikken<\/h3>\n<p><img decoding=\"async\" src=\"\/wp-content\/uploads\/factory-01.webp\"\/><\/p>\n<h3>V\u00e6rksted til fremstilling af aluminiumst\u00e6nger<\/h3>\n<p><img decoding=\"async\" src=\"\/wp-content\/uploads\/factory-02.webp\"\/><\/p>\n<\/p>\n<p><img decoding=\"async\" src=\"\/wp-content\/uploads\/factory-03.webp\"\/><\/p>\n<h3>Lager til opbevaring af skimmelsvampe<\/h3>\n<p><img decoding=\"async\" src=\"\/wp-content\/uploads\/factory-04.webp\"\/><\/p>\n<h3>43 ekstruderingslinjer for aluminium (500-5500 ton)<\/h3>\n<p><img decoding=\"async\" src=\"\/wp-content\/uploads\/factory-05.webp\"\/><\/p>\n<p><img decoding=\"async\" src=\"\/wp-content\/uploads\/factory-06.webp\"\/><\/p>\n<p><img decoding=\"async\" src=\"\/wp-content\/uploads\/factory-07.webp\"\/><\/p>\n<h3>V\u00e6rksted for pulverlakering<\/h3>\n<p><img decoding=\"async\" src=\"\/wp-content\/uploads\/factory-09.webp\"\/><\/p>\n<h3>Anodiseringsv\u00e6rksted<\/h3>\n<p><img decoding=\"async\" src=\"\/wp-content\/uploads\/factory-10.webp\"\/><\/p>\n<h3>Workshop om dyb behandling<\/h3>\n<p><img decoding=\"async\" src=\"\/wp-content\/uploads\/factory-11.webp\"\/><\/p>\n<h3>V\u00e6rksted for CNC-pr\u00e6cisionsbearbejdning<\/h3>\n<p><img decoding=\"async\" src=\"\/wp-content\/uploads\/factory-11.5.webp\"\/><\/p>\n<h3>F\u00e6rdigvare- og eksportlager<\/h3>\n<p><img decoding=\"async\" src=\"\/wp-content\/uploads\/factory-12.webp\"\/><\/p>\n<p><img decoding=\"async\" src=\"\/wp-content\/uploads\/factory-13.webp\"\/><\/p>\n<p><img decoding=\"async\" src=\"\/wp-content\/uploads\/factory-14.webp\"\/><\/p>\n<h2>OFTE STILLEDE SP\u00d8RGSM\u00c5L<\/h2>\n<p><b>1. Hvad er en aluminiumsekstruderingsprofil til renrum?<\/b><\/p>\n<p>Det er en pr\u00e6cisionsfremstillet aluminiumsprofil, der bruges til at bygge rammer, skillev\u00e6gge og udstyrsst\u00f8tter i sterile renrumsmilj\u00f8er.\n<\/p>\n<p><\/p>\n<p><b>2. Hvorfor er aluminiumsprofiler ideelle til renrum?<\/b><\/p>\n<p>Aluminium er let, korrosionsbestandigt og nemt at reng\u00f8re, hvilket g\u00f8r det perfekt til forureningsf\u00f8lsomme milj\u00f8er som renrum.\n<\/p>\n<p><\/p>\n<p><b>3. Kan disse profiler underst\u00f8tte modulopbygning?<\/b><\/p>\n<p>Ja, de fleste aluminiumsprofiler til renrum har T-spor til modul\u00e6r samling, hvilket forenkler design\u00e6ndringer og udvidelser.\n<\/p>\n<p><\/p>\n<p><b>4. Hvilke overfladebehandlinger er tilg\u00e6ngelige for aluminiumsprofiler til renrum?<\/b><\/p>\n<p>Almindelige behandlinger omfatter anodisering og pulverlakering, som forbedrer holdbarheden og den kemiske modstandsdygtighed i sterile milj\u00f8er.\n<\/p>\n<p><\/p>\n<p><b>5. Er disse profiler kompatible med renrumspaneler og -filtre?<\/b><\/p>\n<p>Ja, de er designet til at kunne integreres problemfrit med renrumspaneler, lofter, HEPA-filtre og gennemgangsvinduer.\n<\/p>\n<p><\/p>\n<p><b>6. Tilbyder I tilpassede profildimensioner til specifikke renrumsprojekter?<\/b><\/p>\n<p>Ja, vi kan producere tilpassede st\u00f8rrelser, former og pr\u00e6bearbejdning baseret p\u00e5 dine arkitektoniske og tekniske krav.\n<\/p>\n<p><\/p>\n<p><b>7. Hvor bliver disse aluminiumsprofiler ofte brugt?<\/b><\/p>\n<p>De bruges i vid udstr\u00e6kning i renrum til medicinalindustrien, halvledere, bioteknologi, f\u00f8devareforarbejdning og medicinsk produktion.\n<\/p>\n<p><\/p>\n<p><b>8. Er profilen nem at reng\u00f8re og vedligeholde?<\/b><\/p>\n<p>Ja, den glatte anodiserede overflade modst\u00e5r bakterieopbygning og er nem at desinficere med almindelige reng\u00f8ringsmidler til renrum.\n<\/p>\n<p><\/p>","protected":false},"featured_media":7599,"template":"","categories":[67],"class_list":["post-7600","product","type-product","status-publish","has-post-thumbnail","hentry","category-architectural-aluminium-profile"],"meta_box":{"hilight_text_group":{"product_hilight_text":"<li>High-precision aluminum extrusion ensures cleanroom-grade assembly<\/li>\r\r\n<li>Corrosion-resistant and easy-to-clean surface ideal for sterile environments<\/li>\r\r\n<li>Modular T-slot design allows flexible and tool-free installation<\/li>\r\r\n<li>Lightweight yet strong, reducing structural load while maintaining stability<\/li>\r\r\n<li>Compatible with cleanroom panels, doors, and air filtration systems<\/li>\r\r\n<li>Available in anodized or powder-coated finishes for added protection<\/li>\r\r\n<li>Custom profiles, sizes, and machining available for specific cleanroom layouts<\/li>","product_chanpin_blog":"<ul>\r\r\n<li><a href=\"https:\/\/sinoextrud.com\/t-slot-v-slot-differences\/\" target=\"_blank\">t slot vs v slot<\/a><\/li>\r\r\n<li><a href=\"https:\/\/sinoextrud.com\/what-is-4040-aluminium-extrud\/\" target=\"_blank\">4040 aluminium extrusion<\/a><\/li>\r\r\n<li><a href=\"https:\/\/sinoextrud.com\/what-is-4040-aluminium-extrud\/\" target=\"_blank\">aluminum extrusions for industrial racks<\/a><\/li>\r\r\n<li><a href=\"https:\/\/sinoextrud.com\/powder-coating-aluminium-process\/\" target=\"_blank\">powder coating aluminium<\/a><\/li>\r\r\n<li><a href=\"https:\/\/sinoextrud.com\/what-is-an-aluminium-strip-ceiling\/\" target=\"_blank\">aluminium strip ceiling<\/a><\/li>\r\r\n<li><a href=\"https:\/\/sinoextrud.com\/what-is-a-heat-sink\/\" target=\"_blank\">what is a heat sink<\/a><\/li>\r\r\n<\/ul>","product_chanpin_chanpin":"<li><a href=\"https:\/\/sinoextrud.com\/product\/triangular-aluminium-extrusion\/\" target=\"_blank\">Triangular Aluminium Extrusion<\/a><\/li>\r\n<li><a href=\"https:\/\/sinoextrud.com\/product\/aluminum-extrusion-alloys\/\" target=\"_blank\">Aluminum Extrusion Alloys<\/a><\/li>\r\n<li><a href=\"https:\/\/sinoextrud.com\/product\/aluminum-extrusion-frame\/\" target=\"_blank\">Aluminum Extrusion Frame<\/a><\/li>\r\n<li><a href=\"https:\/\/sinoextrud.com\/product\/aluminum-mirror-frame-extrusions\/\" target=\"_blank\">Aluminum Mirror Frame Extrusions<\/a><\/li>\r\n<li><a href=\"https:\/\/sinoextrud.com\/product\/aluminum-extrusion-profile-for-clean-room\/\" target=\"_blank\">Aluminum Extrusion Profile For Clean Room<\/a><\/li>\r\n<li><a href=\"https:\/\/sinoextrud.com\/product\/aluminum-extrusion-profile-rolling-shutter\/\" target=\"_blank\">Aluminum Extrusion Profile Rolling Shutter<\/a><\/li>\r\n<li><a href=\"https:\/\/sinoextrud.com\/product\/aluminum-fireproof-outdoor-terracce-decking-floor\/\" target=\"_blank\">Aluminum Fireproof Outdoor Terracce Decking Floor<\/a><\/li>\r\n<li><a href=\"https:\/\/sinoextrud.com\/product\/aluminium-profiles-for-bedroom-doors\/\" target=\"_blank\">Aluminium Profiles For Bedroom Doors<\/a><\/li>\r\n<li><a href=\"https:\/\/sinoextrud.com\/product\/extruded-aluminum-framing\/\" target=\"_blank\">Extruded Aluminum Framing<\/a><\/li>\r\n<li><a href=\"https:\/\/sinoextrud.com\/product\/anodized-aluminium-extrusion-profile-for-frame-construction-system\/\" target=\"_blank\">Anodized aluminium extrusion profile for frame construction system<\/a><\/li>\r\n<li><a href=\"https:\/\/sinoextrud.com\/product\/anodizing-aluminium-alloy-wire-slot\/\" target=\"_blank\">Anodizing Aluminium Alloy Wire Slot<\/a><\/li>"},"feature_list":[]},"_links":{"self":[{"href":"https:\/\/sinoextrud.com\/da\/wp-json\/wp\/v2\/product\/7600","targetHints":{"allow":["GET"]}}],"collection":[{"href":"https:\/\/sinoextrud.com\/da\/wp-json\/wp\/v2\/product"}],"about":[{"href":"https:\/\/sinoextrud.com\/da\/wp-json\/wp\/v2\/types\/product"}],"wp:featuredmedia":[{"embeddable":true,"href":"https:\/\/sinoextrud.com\/da\/wp-json\/wp\/v2\/media\/7599"}],"wp:attachment":[{"href":"https:\/\/sinoextrud.com\/da\/wp-json\/wp\/v2\/media?parent=7600"}],"wp:term":[{"taxonomy":"category","embeddable":true,"href":"https:\/\/sinoextrud.com\/da\/wp-json\/wp\/v2\/categories?post=7600"}],"curies":[{"name":"wp","href":"https:\/\/api.w.org\/{rel}","templated":true}]}}