{"id":7598,"date":"2025-06-09T02:50:00","date_gmt":"2025-06-09T02:50:00","guid":{"rendered":"https:\/\/sinoextrud.com\/product\/aluminum-mirror-frame-extrusions\/"},"modified":"2025-06-24T06:13:12","modified_gmt":"2025-06-24T06:13:12","slug":"profiler-til-spejlrammer-i-aluminium","status":"publish","type":"product","link":"https:\/\/sinoextrud.com\/da\/product\/aluminum-mirror-frame-extrusions\/","title":{"rendered":"Ekstruderede spejlrammer af aluminium"},"content":{"rendered":"<h2>Detaljer om produkter<\/h2>\n<table class=\"custom-table\">\n<tbody>\n<tr>\n<td> Navn<\/td>\n<td> Spejlrammeprofiler af aluminium<\/td>\n<\/tr>\n<tr>\n<td> Brand<\/td>\n<td> Sinoextrud\/Sinoextrud<\/td>\n<\/tr>\n<tr>\n<td> Kategori<\/td>\n<td> Sektioner af aluminium<\/td>\n<\/tr>\n<tr>\n<td> Materiale<\/td>\n<td> 6063 er meget udbredt. 6061, 6463, 6005, 6082 er ogs\u00e5 tilg\u00e6ngelige.<\/td>\n<\/tr>\n<tr>\n<td> Temperament<\/td>\n<td> T5-T8<\/td>\n<\/tr>\n<tr>\n<td> L\u00e6ngde<\/td>\n<td> 1-9m eller tilpasning<\/td>\n<\/tr>\n<tr>\n<td> St\u00f8rrelse (mm)<\/td>\n<td> Forskellige st\u00f8rrelser, du kan kontakte os for detaljer.<\/td>\n<\/tr>\n<tr>\n<td> Tykkelse<\/td>\n<td> I henhold til din anmodning<\/td>\n<\/tr>\n<tr>\n<td> Form<\/td>\n<td> Tilpasning<\/td>\n<\/tr>\n<tr>\n<td> Overfladebehandling<\/td>\n<td> Fr\u00e6set f\u00e6rdig, anodiseret, sandbl\u00e6sning, elektroforese, power coating osv.<\/td>\n<\/tr>\n<tr>\n<td> Farve<\/td>\n<td> S\u00f8lv, sort, hvid, r\u00f8d, gul, champagne eller tilpasset farve<\/td>\n<\/tr>\n<tr>\n<td> Standard<\/td>\n<td> ASTM, GB, DIN<\/td>\n<\/tr>\n<tr>\n<td> Fra<\/td>\n<td> Guangdong, Kina<\/td>\n<\/tr>\n<tr>\n<td> Anvendelse<\/td>\n<td> Udsmykning<\/td>\n<\/tr>\n<\/tbody>\n<\/table>\n<h2>Vores produktionsbase<\/h2>\n<h3>Panorama over fabrikken<\/h3>\n<p><img decoding=\"async\" src=\"\/wp-content\/uploads\/factory-01.webp\"\/><\/p>\n<h3>V\u00e6rksted til fremstilling af aluminiumst\u00e6nger<\/h3>\n<p><img decoding=\"async\" src=\"\/wp-content\/uploads\/factory-02.webp\"\/><\/p>\n<p><img decoding=\"async\" src=\"\/wp-content\/uploads\/factory-03.webp\"\/><\/p>\n<h3>Lager til opbevaring af skimmelsvampe<\/h3>\n<p><img decoding=\"async\" src=\"\/wp-content\/uploads\/factory-04.webp\"\/><\/p>\n<h3>43 ekstruderingslinjer for aluminium (500-5500 ton)<\/h3>\n<p><img decoding=\"async\" src=\"\/wp-content\/uploads\/factory-05.webp\"\/><\/p>\n<p><img decoding=\"async\" src=\"\/wp-content\/uploads\/factory-06.webp\"\/><\/p>\n<p><img decoding=\"async\" src=\"\/wp-content\/uploads\/factory-07.webp\"\/><\/p>\n<h3>V\u00e6rksted for pulverlakering<\/h3>\n<p><img decoding=\"async\" src=\"\/wp-content\/uploads\/factory-09.webp\"\/><\/p>\n<h3>Anodiseringsv\u00e6rksted<\/h3>\n<p><img decoding=\"async\" src=\"\/wp-content\/uploads\/factory-10.webp\"\/><\/p>\n<h3>Workshop om dyb behandling<\/h3>\n<p><img decoding=\"async\" src=\"\/wp-content\/uploads\/factory-11.webp\"\/><\/p>\n<h3>V\u00e6rksted for CNC-pr\u00e6cisionsbearbejdning<\/h3>\n<p><img decoding=\"async\" src=\"\/wp-content\/uploads\/factory-11.5.webp\"\/><\/p>\n<h3>F\u00e6rdigvare- og eksportlager<\/h3>\n<p><img decoding=\"async\" src=\"\/wp-content\/uploads\/factory-12.webp\"\/><\/p>\n<p><img decoding=\"async\" src=\"\/wp-content\/uploads\/factory-13.webp\"\/><\/p>\n<p><img decoding=\"async\" src=\"\/wp-content\/uploads\/factory-14.webp\"\/><\/p>\n<h2>OFTE STILLEDE SP\u00d8RGSM\u00c5L<\/h2>\n<p><p><b>1. Hvad er aluminiumsspejlrammeekstruderinger?<\/b><\/p>\n<p>Spejlrammeekstruderinger af aluminium er specialdesignede profiler, der bruges til at indramme spejle og kombinerer holdbarhed med \u00e6stetisk appel.<br \/>\n<\/p><br \/>\n<br \/>\n<p><b>2. Hvorfor bruge aluminium til spejlrammer?<\/b><\/p>\n<p>Aluminium er let, korrosionsbestandigt og giver en elegant finish, hvilket g\u00f8r det ideelt til indramning af spejle til b\u00e5de boliger og erhverv.<br \/>\n<\/p><br \/>\n<br \/>\n<p><b>3. kan aluminiums spejlrammeekstruderinger tilpasses?<\/b><\/p>\n<p>Ja, de kan tilpasses med hensyn til profilform, l\u00e6ngde, overfladefinish og farve, s\u00e5 de passer til specifikke designkrav.<br \/>\n<\/p><br \/>\n<br \/>\n<p><b>4. Er disse rammer egnede til fugtige milj\u00f8er som f.eks. badev\u00e6relser?<\/b><\/p>\n<p>Absolut, aluminiums korrosionsbestandighed g\u00f8r det perfekt til brug i fugtige omr\u00e5der som badev\u00e6relser og spabade.<br \/>\n<\/p><br \/>\n<br \/>\n<p><b>5. Hvilke overflader f\u00e5s til spejlrammer af aluminium?<\/b><\/p>\n<p>Almindelige overflader omfatter anodiseret s\u00f8lv, mat sort, b\u00f8rstet guld og pulverlakerede specialfarver.<br \/>\n<\/p><br \/>\n<br \/>\n<p><b>6. Er ekstruderingen af aluminiumsspejlrammen let at installere?<\/b><\/p>\n<p>Ja, profilerne er designet til hurtig og sikker montering, ofte med forborede huller og glatte kanter.<br \/>\n<\/p><br \/>\n<br \/>\n<p><b>7. Underst\u00f8tter producenterne OEM- og bulkordrer?<\/b><\/p>\n<p>Ja, de fleste leverand\u00f8rer tilbyder OEM-tjenester, specialv\u00e6rkt\u00f8j og masseproduktion til globale m\u00e6rker og distribut\u00f8rer.<br \/>\n<\/p><br \/><\/p>","protected":false},"featured_media":7597,"template":"","categories":[67],"class_list":["post-7598","product","type-product","status-publish","has-post-thumbnail","hentry","category-architectural-aluminium-profile"],"meta_box":{"hilight_text_group":{"product_hilight_text":"<li>Sleek and modern aluminum profile enhances mirror aesthetics<\/li>\r\r\n<li>Lightweight yet sturdy frame structure ensures long-lasting durability<\/li>\r\r\n<li>Corrosion-resistant surface ideal for bathrooms and humid environments<\/li>\r\r\n<li>Available in anodized, powder-coated, and brushed finishes<\/li>\r\r\n<li>Custom shapes, lengths, and finishes available for OEM requirements<\/li>\r\r\n<li>Easy installation and maintenance with precision-fit design<\/li>","product_chanpin_blog":"<ul>\r\r\n<li><a href=\"https:\/\/sinoextrud.com\/t-slot-v-slot-differences\/\" target=\"_blank\">t slot vs v slot<\/a><\/li>\r\r\n<li><a href=\"https:\/\/sinoextrud.com\/what-is-4040-aluminium-extrud\/\" target=\"_blank\">4040 aluminium extrusion<\/a><\/li>\r\r\n<li><a href=\"https:\/\/sinoextrud.com\/what-is-4040-aluminium-extrud\/\" target=\"_blank\">aluminum extrusions for industrial racks<\/a><\/li>\r\r\n<li><a href=\"https:\/\/sinoextrud.com\/powder-coating-aluminium-process\/\" target=\"_blank\">powder coating aluminium<\/a><\/li>\r\r\n<li><a href=\"https:\/\/sinoextrud.com\/what-is-an-aluminium-strip-ceiling\/\" target=\"_blank\">aluminium strip ceiling<\/a><\/li>\r\r\n<li><a href=\"https:\/\/sinoextrud.com\/what-is-a-heat-sink\/\" target=\"_blank\">what is a heat sink<\/a><\/li>\r\r\n<\/ul>","product_chanpin_chanpin":"<li><a href=\"https:\/\/sinoextrud.com\/product\/anodized-aluminum-kitchen-profile-for-handle-price\/\" target=\"_blank\">Anodized Aluminum Kitchen Profile For Handle Price<\/a><\/li>\r\n<li><a href=\"https:\/\/sinoextrud.com\/product\/triangular-aluminium-extrusion\/\" target=\"_blank\">Triangular Aluminium Extrusion<\/a><\/li>\r\n<li><a href=\"https:\/\/sinoextrud.com\/product\/aluminum-extrusion-alloys\/\" target=\"_blank\">Aluminum Extrusion Alloys<\/a><\/li>\r\n<li><a href=\"https:\/\/sinoextrud.com\/product\/aluminum-extrusion-frame\/\" target=\"_blank\">Aluminum Extrusion Frame<\/a><\/li>\r\n<li><a href=\"https:\/\/sinoextrud.com\/product\/aluminum-mirror-frame-extrusions\/\" target=\"_blank\">Aluminum Mirror Frame Extrusions<\/a><\/li>\r\n<li><a href=\"https:\/\/sinoextrud.com\/product\/aluminum-extrusion-profile-for-clean-room\/\" target=\"_blank\">Aluminum Extrusion Profile For Clean Room<\/a><\/li>\r\n<li><a href=\"https:\/\/sinoextrud.com\/product\/aluminum-extrusion-profile-rolling-shutter\/\" target=\"_blank\">Aluminum Extrusion Profile Rolling Shutter<\/a><\/li>\r\n<li><a href=\"https:\/\/sinoextrud.com\/product\/aluminum-fireproof-outdoor-terracce-decking-floor\/\" target=\"_blank\">Aluminum Fireproof Outdoor Terracce Decking Floor<\/a><\/li>\r\n<li><a href=\"https:\/\/sinoextrud.com\/product\/aluminium-profiles-for-bedroom-doors\/\" target=\"_blank\">Aluminium Profiles For Bedroom Doors<\/a><\/li>\r\n<li><a href=\"https:\/\/sinoextrud.com\/product\/aluminium-door-extrusions-profiles\/\" target=\"_blank\">Aluminium Door Extrusions Profiles<\/a><\/li>\r\n<li><a href=\"https:\/\/sinoextrud.com\/product\/aluminium-door-frame-extrusions\/\" target=\"_blank\">Aluminium Door Frame Extrusions<\/a><\/li>"},"feature_list":[]},"_links":{"self":[{"href":"https:\/\/sinoextrud.com\/da\/wp-json\/wp\/v2\/product\/7598","targetHints":{"allow":["GET"]}}],"collection":[{"href":"https:\/\/sinoextrud.com\/da\/wp-json\/wp\/v2\/product"}],"about":[{"href":"https:\/\/sinoextrud.com\/da\/wp-json\/wp\/v2\/types\/product"}],"wp:featuredmedia":[{"embeddable":true,"href":"https:\/\/sinoextrud.com\/da\/wp-json\/wp\/v2\/media\/7597"}],"wp:attachment":[{"href":"https:\/\/sinoextrud.com\/da\/wp-json\/wp\/v2\/media?parent=7598"}],"wp:term":[{"taxonomy":"category","embeddable":true,"href":"https:\/\/sinoextrud.com\/da\/wp-json\/wp\/v2\/categories?post=7598"}],"curies":[{"name":"wp","href":"https:\/\/api.w.org\/{rel}","templated":true}]}}