{"id":7586,"date":"2025-06-09T02:34:49","date_gmt":"2025-06-09T02:34:49","guid":{"rendered":"https:\/\/sinoextrud.com\/product\/customized-extruded-aluminum-flat-bar-profile\/"},"modified":"2025-06-24T06:13:10","modified_gmt":"2025-06-24T06:13:10","slug":"tilpasset-ekstruderet-flad-aluminiumsprofil","status":"publish","type":"product","link":"https:\/\/sinoextrud.com\/da\/product\/customized-extruded-aluminum-flat-bar-profile\/","title":{"rendered":"Tilpasset ekstruderet flad aluminiumsprofil"},"content":{"rendered":"<h2>Detaljer om produkter<\/h2>\n<table class=\"custom-table\">\n<tr>\n<td class=\"label\">Varem\u00e6rke<\/td>\n<td>Tilpasset ekstruderet flad aluminiumsprofil<\/td>\n<\/tr>\n<tr>\n<td class=\"label\">Materiale<\/td>\n<td>Legering 6063 T5<\/td>\n<\/tr>\n<tr>\n<td class=\"label\">Vare<\/td>\n<td>Ekstruderet flad aluminiumsprofil<\/td>\n<\/tr>\n<tr>\n<td class=\"label\">Certifikat<\/td>\n<td>ISO9001, ISO14001<\/td>\n<\/tr>\n<tr>\n<td class=\"label\">Kapacitet<\/td>\n<td>\u00c5rlig produktion p\u00e5 mere end 200.000 tons<\/td>\n<\/tr>\n<tr>\n<td class=\"label\">Farve<\/td>\n<td>Tilpasset til r\u00e5dighed<\/td>\n<\/tr>\n<tr>\n<td class=\"label\">L\u00e6ngde<\/td>\n<td>1-9 meter eller tilpasset<\/td>\n<\/tr>\n<tr>\n<td class=\"label\">Tykkelse<\/td>\n<td>Tilpasset<\/td>\n<\/tr>\n<tr>\n<td class=\"label\">Overfladefinish<\/td>\n<td>fr\u00e6sning, anodisering, pulverlakering, overf\u00f8rsel af tr\u00e6korn, bel\u00e6gning osv.<\/td>\n<\/tr>\n<tr>\n<td class=\"label\">Anvendelse<\/td>\n<td>vindues- og d\u00f8rparti, gel\u00e6nder, forh\u00e6ngsv\u00e6g<br \/>\nLastning, Foshan havn<\/td>\n<\/tr>\n<tr>\n<td class=\"label\">Betaling<\/td>\n<td>T \/ T, 30% udbetaling, mens saldoen skal betales f\u00f8r levering<\/td>\n<\/tr>\n<tr>\n<td class=\"label\">Pakke<\/td>\n<td>1.Inside: pakket med beskyttende plastfilm for at beskytte hver profil<\/td>\n<\/tr>\n<tr>\n<td class=\"label\"><\/td>\n<td>2.Outside: pakket med vandt\u00e6t h\u00e5ndv\u00e6rkspapir<\/td>\n<\/tr>\n<tr>\n<td class=\"label\">Levering<\/td>\n<td>25-30 dage efter udbetaling<\/td>\n<\/tr>\n<tr>\n<td class=\"label\">Bestillingsr\u00e6kkef\u00f8lge<\/td>\n<td>1. Bekr\u00e6ft tegninger, overfladebehandling og pris;<\/td>\n<\/tr>\n<tr>\n<td class=\"label\"><\/td>\n<td>2. Betal formgebyret, og vi begynder at lave forme;<\/td>\n<\/tr>\n<tr>\n<td class=\"label\"><\/td>\n<td>3. Vi sender pr\u00f8ver til dig for at f\u00e5 din bekr\u00e6ftelse;<\/td>\n<\/tr>\n<tr>\n<td class=\"label\"><\/td>\n<td>4. Foretag betaling af 30%-indskud, start produktionen;<\/td>\n<\/tr>\n<\/table>\n<h2>Vores produktionsbase<\/h2>\n<h3>Panorama over fabrikken<\/h3>\n<p><img decoding=\"async\" src=\"\/wp-content\/uploads\/factory-01.webp\"\/><\/p>\n<h3>V\u00e6rksted til fremstilling af aluminiumst\u00e6nger<\/h3>\n<p><img decoding=\"async\" src=\"\/wp-content\/uploads\/factory-02.webp\"\/><\/p>\n<\/p>\n<p><img decoding=\"async\" src=\"\/wp-content\/uploads\/factory-03.webp\"\/><\/p>\n<h3>Lager til opbevaring af skimmelsvampe<\/h3>\n<p><img decoding=\"async\" src=\"\/wp-content\/uploads\/factory-04.webp\"\/><\/p>\n<h3>43 ekstruderingslinjer for aluminium (500-5500 ton)<\/h3>\n<p><img decoding=\"async\" src=\"\/wp-content\/uploads\/factory-05.webp\"\/><\/p>\n<p><img decoding=\"async\" src=\"\/wp-content\/uploads\/factory-06.webp\"\/><\/p>\n<p><img decoding=\"async\" src=\"\/wp-content\/uploads\/factory-07.webp\"\/><\/p>\n<h3>V\u00e6rksted for pulverlakering<\/h3>\n<p><img decoding=\"async\" src=\"\/wp-content\/uploads\/factory-09.webp\"\/><\/p>\n<h3>Anodiseringsv\u00e6rksted<\/h3>\n<p><img decoding=\"async\" src=\"\/wp-content\/uploads\/factory-10.webp\"\/><\/p>\n<h3>Workshop om dyb behandling<\/h3>\n<p><img decoding=\"async\" src=\"\/wp-content\/uploads\/factory-11.webp\"\/><\/p>\n<h3>V\u00e6rksted for CNC-pr\u00e6cisionsbearbejdning<\/h3>\n<p><img decoding=\"async\" src=\"\/wp-content\/uploads\/factory-11.5.webp\"\/><\/p>\n<h3>F\u00e6rdigvare- og eksportlager<\/h3>\n<p><img decoding=\"async\" src=\"\/wp-content\/uploads\/factory-12.webp\"\/><\/p>\n<p><img decoding=\"async\" src=\"\/wp-content\/uploads\/factory-13.webp\"\/><\/p>\n<p><img decoding=\"async\" src=\"\/wp-content\/uploads\/factory-14.webp\"\/><\/p>\n<h2>OFTE STILLEDE SP\u00d8RGSM\u00c5L<\/h2>\n<p><b>1. Hvad er en tilpasset ekstruderet flad aluminiumsprofil?<\/b><\/p>\n<p>Det er en rektangul\u00e6r aluminiumsprofil, der er designet til specifikke dimensioner og finish til brug i byggeri, industri eller til dekorative form\u00e5l.\n<\/p>\n<p><\/p>\n<p><b>2. Hvorfor v\u00e6lge ekstruderede flade aluminiumst\u00e6nger?<\/b><\/p>\n<p>De giver en let, men st\u00e6rk l\u00f8sning, som er korrosionsbestandig og nem at arbejde med i forskellige milj\u00f8er.\n<\/p>\n<p><\/p>\n<p><b>3. Kan flade aluminiumst\u00e6nger tilpasses?<\/b><\/p>\n<p>Ja, de kan skr\u00e6ddersys med hensyn til st\u00f8rrelse, overfladefinish og legeringstype, s\u00e5 de opfylder de n\u00f8jagtige projekt- eller OEM-specifikationer.\n<\/p>\n<p><\/p>\n<p><b>4. Hvad er almindelige anvendelsesomr\u00e5der for flade aluminiumsprofiler?<\/b><\/p>\n<p>De bruges til indramning, strukturelle underst\u00f8tninger, beslag, pyntearbejde, skiltning og m\u00f8belproduktion.\n<\/p>\n<p><\/p>\n<p><b>5. Er fladjern af ekstruderet aluminium korrosionsbestandige?<\/b><\/p>\n<p>Absolut, is\u00e6r n\u00e5r de er anodiserede eller pulverlakerede, fungerer de godt under b\u00e5de indend\u00f8rs og udend\u00f8rs forhold.\n<\/p>\n<p><\/p>\n<p><b>6. Hvilke overfladebehandlinger er tilg\u00e6ngelige for flade aluminiumst\u00e6nger?<\/b><\/p>\n<p>Valgmulighederne omfatter fr\u00e6set finish, anodiseret, pulverlakeret, b\u00f8rstet eller poleret afh\u00e6ngigt af anvendelsesbehovet.\n<\/p>\n<p><\/p>\n<p><b>7. Er der en mindste ordrem\u00e6ngde for tilpassede aluminiumsfladst\u00e6nger?<\/b><\/p>\n<p>De fleste producenter tilbyder fleksible MOQ'er og konkurrencedygtige fabriksdirekte priser for special- eller bulkordrer.\n<\/p>\n<p><\/p>","protected":false},"featured_media":7585,"template":"","categories":[67],"class_list":["post-7586","product","type-product","status-publish","has-post-thumbnail","hentry","category-architectural-aluminium-profile"],"meta_box":{"hilight_text_group":{"product_hilight_text":"<li>Made from high-quality aluminum alloy for strength and durability<\/li>\r\r\n<li>Customizable in width, thickness, length, and alloy grade<\/li>\r\r\n<li>Excellent corrosion resistance for indoor and outdoor use<\/li>\r\r\n<li>Ideal for structural, decorative, and industrial applications<\/li>\r\r\n<li>Smooth surface finish suitable for anodizing, powder coating, or polishing<\/li>\r\r\n<li>Factory-direct pricing and OEM service available for bulk orders<\/li>","product_chanpin_blog":"<ul>\r\r\n<li><a href=\"https:\/\/sinoextrud.com\/t-slot-v-slot-differences\/\" target=\"_blank\">t slot vs v slot<\/a><\/li>\r\r\n<li><a href=\"https:\/\/sinoextrud.com\/what-is-4040-aluminium-extrud\/\" target=\"_blank\">4040 aluminium extrusion<\/a><\/li>\r\r\n<li><a href=\"https:\/\/sinoextrud.com\/what-is-4040-aluminium-extrud\/\" target=\"_blank\">aluminum extrusions for industrial racks<\/a><\/li>\r\r\n<li><a href=\"https:\/\/sinoextrud.com\/powder-coating-aluminium-process\/\" target=\"_blank\">powder coating aluminium<\/a><\/li>\r\r\n<li><a href=\"https:\/\/sinoextrud.com\/what-is-an-aluminium-strip-ceiling\/\" target=\"_blank\">aluminium strip ceiling<\/a><\/li>\r\r\n<li><a href=\"https:\/\/sinoextrud.com\/what-is-a-heat-sink\/\" target=\"_blank\">what is a heat sink<\/a><\/li>\r\r\n<\/ul>","product_chanpin_chanpin":"<li><a href=\"https:\/\/sinoextrud.com\/product\/aluminium-v-slot-extrusion\/\" target=\"_blank\">Aluminium V Slot Extrusion<\/a><\/li>\r\n<li><a href=\"https:\/\/sinoextrud.com\/product\/aluminium-windows-with-mosquito-net-profile-catalog-uses-best-factory-price-per-pound\/\" target=\"_blank\">aluminium windows with mosquito net profile catalog uses best Factory Price per pound<\/a><\/li>\r\n<li><a href=\"https:\/\/sinoextrud.com\/product\/aluminum-alloy-6061-h-beams-aluminum-for-medical-clean-room-aluminum-extrusion-t-slot-i-beams-profile-dust-free-frame\/\" target=\"_blank\">Aluminum Alloy 6061 H Beams Aluminum For Medical Clean Room Aluminum Extrusion T Slot I Beams Profile Dust-free Frame<\/a><\/li>\r\n<li><a href=\"https:\/\/sinoextrud.com\/product\/extruded-profiles-aluminium\/\" target=\"_blank\">Extruded Profiles Aluminium<\/a><\/li>\r\n<li><a href=\"https:\/\/sinoextrud.com\/product\/customized-extruded-aluminum-flat-bar-profile\/\" target=\"_blank\">Customized Extruded Aluminum Flat Bar Profile<\/a><\/li>\r\n<li><a href=\"https:\/\/sinoextrud.com\/product\/aluminum-window-frames-mosquito-netting-suppliers\/\" target=\"_blank\">Aluminum Window Frames Mosquito Netting Suppliers<\/a><\/li>\r\n<li><a href=\"https:\/\/sinoextrud.com\/product\/anodized-aluminum-kitchen-profile-for-handle-price\/\" target=\"_blank\">Anodized Aluminum Kitchen Profile For Handle Price<\/a><\/li>\r\n<li><a href=\"https:\/\/sinoextrud.com\/product\/triangular-aluminium-extrusion\/\" target=\"_blank\">Triangular Aluminium Extrusion<\/a><\/li>\r\n<li><a href=\"https:\/\/sinoextrud.com\/product\/aluminum-extrusion-alloys\/\" target=\"_blank\">Aluminum Extrusion Alloys<\/a><\/li>\r\n<li><a href=\"https:\/\/sinoextrud.com\/product\/bending-aluminium-tube\/\" target=\"_blank\">Bending Aluminium Tube<\/a><\/li>\r\n<li><a href=\"https:\/\/sinoextrud.com\/product\/aluminium-profile-h\/\" target=\"_blank\">Aluminium Profile H<\/a><\/li>"},"feature_list":[]},"_links":{"self":[{"href":"https:\/\/sinoextrud.com\/da\/wp-json\/wp\/v2\/product\/7586","targetHints":{"allow":["GET"]}}],"collection":[{"href":"https:\/\/sinoextrud.com\/da\/wp-json\/wp\/v2\/product"}],"about":[{"href":"https:\/\/sinoextrud.com\/da\/wp-json\/wp\/v2\/types\/product"}],"wp:featuredmedia":[{"embeddable":true,"href":"https:\/\/sinoextrud.com\/da\/wp-json\/wp\/v2\/media\/7585"}],"wp:attachment":[{"href":"https:\/\/sinoextrud.com\/da\/wp-json\/wp\/v2\/media?parent=7586"}],"wp:term":[{"taxonomy":"category","embeddable":true,"href":"https:\/\/sinoextrud.com\/da\/wp-json\/wp\/v2\/categories?post=7586"}],"curies":[{"name":"wp","href":"https:\/\/api.w.org\/{rel}","templated":true}]}}