{"id":7570,"date":"2025-06-09T01:55:09","date_gmt":"2025-06-09T01:55:09","guid":{"rendered":"https:\/\/sinoextrud.com\/product\/sliver-anodized-aluminum-extrusions-kitchen-cabinets-profiles-frame\/"},"modified":"2025-06-24T06:13:08","modified_gmt":"2025-06-24T06:13:08","slug":"solvfarvet-anodiseret-aluminiumsprofiler-kokkenskabe-profiler-ramme","status":"publish","type":"product","link":"https:\/\/sinoextrud.com\/da\/product\/sliver-anodized-aluminum-extrusions-kitchen-cabinets-profiles-frame\/","title":{"rendered":"Sliver Anodized Aluminum Extrusions Kitchen Cabinets Profiles Frame"},"content":{"rendered":"<h2>Detaljer om produkter<\/h2>\n<table class=\"custom-table\">\n<tr>\n<td class=\"label\">Varem\u00e6rke<\/td>\n<td>Sliver Anodized Aluminum Extrusions Kitchen Cabinets Profiles Frame<\/td>\n<\/tr>\n<tr>\n<td class=\"label\">Materiale<\/td>\n<td>Legering 6063 T5<\/td>\n<\/tr>\n<tr>\n<td class=\"label\">Anvendelse<\/td>\n<td>Aluminiumsr\u00f8r med stor diameter<\/td>\n<\/tr>\n<tr>\n<td class=\"label\">Certifikat<\/td>\n<td>ISO9001, ISO14001<\/td>\n<\/tr>\n<tr>\n<td class=\"label\">Kapacitet<\/td>\n<td>\u00c5rlig produktion p\u00e5 mere end 200.000 tons<\/td>\n<\/tr>\n<tr>\n<td class=\"label\">Farve<\/td>\n<td>Tilpasset til r\u00e5dighed<\/td>\n<\/tr>\n<tr>\n<td class=\"label\">L\u00e6ngde<\/td>\n<td>1-9 meter eller tilpasset<\/td>\n<\/tr>\n<tr>\n<td class=\"label\">Tykkelse<\/td>\n<td>Tilpasset<\/td>\n<\/tr>\n<tr>\n<td class=\"label\">Overfladefinish<\/td>\n<td>fr\u00e6sning, anodisering, pulverlakering, overf\u00f8rsel af tr\u00e6korn, bel\u00e6gning osv.<\/td>\n<\/tr>\n<tr>\n<td class=\"label\">Anvendelse<\/td>\n<td>vindues- og d\u00f8rparti, gel\u00e6nder, forh\u00e6ngsv\u00e6g<br \/>\nLastning, Foshan havn<\/td>\n<\/tr>\n<tr>\n<td class=\"label\">Betaling<\/td>\n<td>T \/ T, 30% udbetaling, mens saldoen skal betales f\u00f8r levering<\/td>\n<\/tr>\n<tr>\n<td class=\"label\">Pakke<\/td>\n<td>1.Inside: pakket med beskyttende plastfilm for at beskytte hver profil<\/td>\n<\/tr>\n<tr>\n<td class=\"label\"><\/td>\n<td>2.Outside: pakket med vandt\u00e6t h\u00e5ndv\u00e6rkspapir<\/td>\n<\/tr>\n<tr>\n<td class=\"label\">Levering<\/td>\n<td>25-30 dage efter udbetaling<\/td>\n<\/tr>\n<tr>\n<td class=\"label\">Bestillingsr\u00e6kkef\u00f8lge<\/td>\n<td>1. Bekr\u00e6ft tegninger, overfladebehandling og pris;<\/td>\n<\/tr>\n<tr>\n<td class=\"label\"><\/td>\n<td>2. Betal formgebyret, og vi begynder at lave forme;<\/td>\n<\/tr>\n<tr>\n<td class=\"label\"><\/td>\n<td>3. Vi sender pr\u00f8ver til dig for at f\u00e5 din bekr\u00e6ftelse;<\/td>\n<\/tr>\n<tr>\n<td class=\"label\"><\/td>\n<td>4. Foretag betaling af 30%-indskud, start produktionen;<\/td>\n<\/tr>\n<\/table>\n<h2>Vores produktionsbase<\/h2>\n<h3>Panorama over fabrikken<\/h3>\n<p><img decoding=\"async\" src=\"\/wp-content\/uploads\/factory-01.webp\"\/><\/p>\n<h3>V\u00e6rksted til fremstilling af aluminiumst\u00e6nger<\/h3>\n<p><img decoding=\"async\" src=\"\/wp-content\/uploads\/factory-02.webp\"\/><\/p>\n<\/p>\n<p><img decoding=\"async\" src=\"\/wp-content\/uploads\/factory-03.webp\"\/><\/p>\n<h3>Lager til opbevaring af skimmelsvampe<\/h3>\n<p><img decoding=\"async\" src=\"\/wp-content\/uploads\/factory-04.webp\"\/><\/p>\n<h3>43 ekstruderingslinjer for aluminium (500-5500 ton)<\/h3>\n<p><img decoding=\"async\" src=\"\/wp-content\/uploads\/factory-05.webp\"\/><\/p>\n<p><img decoding=\"async\" src=\"\/wp-content\/uploads\/factory-06.webp\"\/><\/p>\n<p><img decoding=\"async\" src=\"\/wp-content\/uploads\/factory-07.webp\"\/><\/p>\n<h3>V\u00e6rksted for pulverlakering<\/h3>\n<p><img decoding=\"async\" src=\"\/wp-content\/uploads\/factory-09.webp\"\/><\/p>\n<h3>Anodiseringsv\u00e6rksted<\/h3>\n<p><img decoding=\"async\" src=\"\/wp-content\/uploads\/factory-10.webp\"\/><\/p>\n<h3>Workshop om dyb behandling<\/h3>\n<p><img decoding=\"async\" src=\"\/wp-content\/uploads\/factory-11.webp\"\/><\/p>\n<h3>V\u00e6rksted for CNC-pr\u00e6cisionsbearbejdning<\/h3>\n<p><img decoding=\"async\" src=\"\/wp-content\/uploads\/factory-11.5.webp\"\/><\/p>\n<h3>F\u00e6rdigvare- og eksportlager<\/h3>\n<p><img decoding=\"async\" src=\"\/wp-content\/uploads\/factory-12.webp\"\/><\/p>\n<p><img decoding=\"async\" src=\"\/wp-content\/uploads\/factory-13.webp\"\/><\/p>\n<p><img decoding=\"async\" src=\"\/wp-content\/uploads\/factory-14.webp\"\/><\/p>\n<h2>OFTE STILLEDE SP\u00d8RGSM\u00c5L<\/h2>\n<p><b>1. Hvad er s\u00f8lvanodiserede aluminiumsekstruderinger til rammer til k\u00f8kkenskabe?<\/b><\/p>\n<p>Det er aluminiumsprofiler med en s\u00f8lvanodiseret finish, der bruges som strukturelle og dekorative rammer i k\u00f8kkenskabssystemer.\n<\/p>\n<p><\/p>\n<p><b>2. Hvorfor v\u00e6lge s\u00f8lvanodiserede aluminiumsprofiler til k\u00f8kkenskabe?<\/b><\/p>\n<p>S\u00f8lveloxerede profiler giver et moderne udseende, korrosionsbestandighed og langvarig ydeevne - ideelt til k\u00f8kkenmilj\u00f8er.\n<\/p>\n<p><\/p>\n<p><b>3. Er disse kabinetprofiler i aluminium holdbare?<\/b><\/p>\n<p>Ja, den anodiserede overflade beskytter mod ridser, fugt og slitage og sikrer langvarig brug i k\u00f8kkenomr\u00e5der med meget trafik.\n<\/p>\n<p><\/p>\n<p><b>4. Kan ekstruderingsprofiler af aluminium tilpasses til k\u00f8kkenprojekter?<\/b><\/p>\n<p>Absolut, profiler kan skr\u00e6ddersys i st\u00f8rrelse, tv\u00e6rsnit og finish, s\u00e5 de passer til forskellige skabsstilarter og layoutkrav.\n<\/p>\n<p><\/p>\n<p><b>5. Hvilke materialer er kompatible med disse aluminiumsskabe?<\/b><\/p>\n<p>Disse rammer fungerer godt sammen med glas-, tr\u00e6-, akryl- og kompositpaneler, hvilket giver fleksibilitet i skabsdesignet.\n<\/p>\n<p><\/p>\n<p><b>6. Er den anodiserede finish nem at reng\u00f8re og vedligeholde?<\/b><\/p>\n<p>Ja, den glatte anodiserede overflade er nem at t\u00f8rre af og kr\u00e6ver minimal vedligeholdelse - ideel til travle k\u00f8kkener.\n<\/p>\n<p><\/p>\n<p><b>7. Er s\u00f8lvanodiserede profiler velegnede til b\u00e5de bolig- og stork\u00f8kkener?<\/b><\/p>\n<p>Ja, deres slanke design og holdbarhed g\u00f8r dem perfekte til b\u00e5de hjemmebrug og stork\u00f8kkener.\n<\/p>\n<p><\/p>","protected":false},"featured_media":7569,"template":"","categories":[67],"class_list":["post-7570","product","type-product","status-publish","has-post-thumbnail","hentry","category-architectural-aluminium-profile"],"meta_box":{"hilight_text_group":{"product_hilight_text":"<li>Silver anodized finish provides a sleek, modern appearance<\/li>\r\r\n<li>Corrosion-resistant surface ideal for humid kitchen environments<\/li>\r\r\n<li>Lightweight yet durable aluminum for long-term cabinet structure<\/li>\r\r\n<li>Precision extrusions ensure tight fit and easy assembly<\/li>\r\r\n<li>Compatible with various panel materials like glass and wood<\/li>\r\r\n<li>Customizable profiles to match different kitchen design needs<\/li>","product_chanpin_blog":"<ul>\r\r\n<li><a href=\"https:\/\/sinoextrud.com\/t-slot-v-slot-differences\/\" target=\"_blank\">t slot vs v slot<\/a><\/li>\r\r\n<li><a href=\"https:\/\/sinoextrud.com\/what-is-4040-aluminium-extrud\/\" target=\"_blank\">4040 aluminium extrusion<\/a><\/li>\r\r\n<li><a href=\"https:\/\/sinoextrud.com\/what-is-4040-aluminium-extrud\/\" target=\"_blank\">aluminum extrusions for industrial racks<\/a><\/li>\r\r\n<li><a href=\"https:\/\/sinoextrud.com\/powder-coating-aluminium-process\/\" target=\"_blank\">powder coating aluminium<\/a><\/li>\r\r\n<li><a href=\"https:\/\/sinoextrud.com\/what-is-an-aluminium-strip-ceiling\/\" target=\"_blank\">aluminium strip ceiling<\/a><\/li>\r\r\n<li><a href=\"https:\/\/sinoextrud.com\/what-is-a-heat-sink\/\" target=\"_blank\">what is a heat sink<\/a><\/li>\r\r\n<\/ul>","product_chanpin_chanpin":"<li><a href=\"https:\/\/sinoextrud.com\/product\/aluminum-section-window\/\" target=\"_blank\">Aluminum Section Window<\/a><\/li>\r\n<li><a href=\"https:\/\/sinoextrud.com\/product\/aluminum-u-profile-glass-railing\/\" target=\"_blank\">Aluminum U profile Glass Railing<\/a><\/li>\r\n<li><a href=\"https:\/\/sinoextrud.com\/product\/aluminium-screen-door-extrusions\/\" target=\"_blank\">Aluminium Screen Door Extrusions<\/a><\/li>\r\n<li><a href=\"https:\/\/sinoextrud.com\/product\/anodized-colorful-oem-aluminium-profile-for-decoration-furniture-accessory-price\/\" target=\"_blank\">Anodized Colorful OEM Aluminium Profile For Decoration Furniture Accessory price<\/a><\/li>\r\n<li><a href=\"https:\/\/sinoextrud.com\/product\/sliver-anodized-aluminum-extrusions-kitchen-cabinets-profiles-frame\/\" target=\"_blank\">Sliver Anodized Aluminum Extrusions Kitchen Cabinets Profiles Frame<\/a><\/li>\r\n<li><a href=\"https:\/\/sinoextrud.com\/product\/oem-aluminum-manufacturing-processes-cnc-machining\/\" target=\"_blank\">OEM Aluminum Manufacturing Processes CNC Machining<\/a><\/li>\r\n<li><a href=\"https:\/\/sinoextrud.com\/product\/extruded-aluminum-louver-blade-profile\/\" target=\"_blank\">Extruded Aluminum Louver Blade Profile<\/a><\/li>\r\n<li><a href=\"https:\/\/sinoextrud.com\/product\/aluminum-curtain-wall-extrusion\/\" target=\"_blank\">Aluminum Curtain Wall Extrusion<\/a><\/li>\r\n<li><a href=\"https:\/\/sinoextrud.com\/product\/aluminium-v-slot-extrusion\/\" target=\"_blank\">Aluminium V Slot Extrusion<\/a><\/li>\r\n<li><a href=\"https:\/\/sinoextrud.com\/product\/40x40-aluminium-profile\/\" target=\"_blank\">40\u00c3\u201440 Aluminium Profile<\/a><\/li>\r\n<li><a href=\"https:\/\/sinoextrud.com\/product\/indoor-and-outdoor-aluminium-louver-profile\/\" target=\"_blank\">Indoor and Outdoor Aluminium Louver Profile<\/a><\/li>"},"feature_list":[]},"_links":{"self":[{"href":"https:\/\/sinoextrud.com\/da\/wp-json\/wp\/v2\/product\/7570","targetHints":{"allow":["GET"]}}],"collection":[{"href":"https:\/\/sinoextrud.com\/da\/wp-json\/wp\/v2\/product"}],"about":[{"href":"https:\/\/sinoextrud.com\/da\/wp-json\/wp\/v2\/types\/product"}],"wp:featuredmedia":[{"embeddable":true,"href":"https:\/\/sinoextrud.com\/da\/wp-json\/wp\/v2\/media\/7569"}],"wp:attachment":[{"href":"https:\/\/sinoextrud.com\/da\/wp-json\/wp\/v2\/media?parent=7570"}],"wp:term":[{"taxonomy":"category","embeddable":true,"href":"https:\/\/sinoextrud.com\/da\/wp-json\/wp\/v2\/categories?post=7570"}],"curies":[{"name":"wp","href":"https:\/\/api.w.org\/{rel}","templated":true}]}}