{"id":7568,"date":"2025-06-09T01:52:18","date_gmt":"2025-06-09T01:52:18","guid":{"rendered":"https:\/\/sinoextrud.com\/product\/anodized-colorful-oem-aluminium-profile-for-decoration-furniture-accessory-price\/"},"modified":"2025-06-24T06:13:06","modified_gmt":"2025-06-24T06:13:06","slug":"anodiseret-farverig-oem-aluminiumsprofil-til-dekoration-mobeltilbehor-pris","status":"publish","type":"product","link":"https:\/\/sinoextrud.com\/da\/product\/anodized-colorful-oem-aluminium-profile-for-decoration-furniture-accessory-price\/","title":{"rendered":"Anodiseret farverig OEM-aluminiumsprofil til dekoration af m\u00f8beltilbeh\u00f8r pris"},"content":{"rendered":"<h2>Detaljer om produkter<\/h2>\n<table class=\"custom-table\">\n<tbody>\n<tr>\n<td> <strong>Produktets navn<\/strong><\/td>\n<td> M\u00f8belprofil af legeret aluminium i 6000-serien<\/td>\n<\/tr>\n<tr>\n<td> <strong>Materiale<\/strong><\/td>\n<td> aluminiumslegering<\/td>\n<\/tr>\n<tr>\n<td> <strong>Farve<\/strong><\/td>\n<td> naturlig<\/td>\n<\/tr>\n<tr>\n<td> <strong>Standard<\/strong><\/td>\n<td> GB\/5237-2004<\/td>\n<\/tr>\n<tr>\n<td> <strong>Karakter<\/strong><\/td>\n<td> 6005\/6061\/6063<\/td>\n<\/tr>\n<tr>\n<td> <strong>Overflade<\/strong><\/td>\n<td> fr\u00e6sning, anodisering, sandbl\u00e6sning, pulverlakering osv.<\/td>\n<\/tr>\n<tr>\n<td> <strong>Dyb bearbejdning<\/strong><\/td>\n<td> sk\u00e6ring, boring, gevindsk\u00e6ring, bukning osv.<\/td>\n<\/tr>\n<tr>\n<td> <strong>Brugt<\/strong><\/td>\n<td> Maskiner til byggeindustrien<\/td>\n<\/tr>\n<\/tbody>\n<\/table>\n<h2>Vores produktionsbase<\/h2>\n<h3>Panorama over fabrikken<\/h3>\n<p><img decoding=\"async\" src=\"\/wp-content\/uploads\/factory-01.webp\"\/><\/p>\n<h3>V\u00e6rksted til fremstilling af aluminiumst\u00e6nger<\/h3>\n<p><img decoding=\"async\" src=\"\/wp-content\/uploads\/factory-02.webp\"\/><\/p>\n<p><img decoding=\"async\" src=\"\/wp-content\/uploads\/factory-03.webp\"\/><\/p>\n<h3>Lager til opbevaring af skimmelsvampe<\/h3>\n<p><img decoding=\"async\" src=\"\/wp-content\/uploads\/factory-04.webp\"\/><\/p>\n<h3>43 ekstruderingslinjer for aluminium (500-5500 ton)<\/h3>\n<p><img decoding=\"async\" src=\"\/wp-content\/uploads\/factory-05.webp\"\/><\/p>\n<p><img decoding=\"async\" src=\"\/wp-content\/uploads\/factory-06.webp\"\/><\/p>\n<p><img decoding=\"async\" src=\"\/wp-content\/uploads\/factory-07.webp\"\/><\/p>\n<h3>V\u00e6rksted for pulverlakering<\/h3>\n<p><img decoding=\"async\" src=\"\/wp-content\/uploads\/factory-09.webp\"\/><\/p>\n<h3>Anodiseringsv\u00e6rksted<\/h3>\n<p><img decoding=\"async\" src=\"\/wp-content\/uploads\/factory-10.webp\"\/><\/p>\n<h3>Workshop om dyb behandling<\/h3>\n<p><img decoding=\"async\" src=\"\/wp-content\/uploads\/factory-11.webp\"\/><\/p>\n<h3>V\u00e6rksted for CNC-pr\u00e6cisionsbearbejdning<\/h3>\n<p><img decoding=\"async\" src=\"\/wp-content\/uploads\/factory-11.5.webp\"\/><\/p>\n<h3>F\u00e6rdigvare- og eksportlager<\/h3>\n<p><img decoding=\"async\" src=\"\/wp-content\/uploads\/factory-12.webp\"\/><\/p>\n<p><img decoding=\"async\" src=\"\/wp-content\/uploads\/factory-13.webp\"\/><\/p>\n<p><img decoding=\"async\" src=\"\/wp-content\/uploads\/factory-14.webp\"\/><\/p>\n<h2>OFTE STILLEDE SP\u00d8RGSM\u00c5L<\/h2>\n<p><p><b>1. Hvad er en anodiseret farverig OEM-aluminiumsprofil til dekoration af m\u00f8beltilbeh\u00f8r?<\/b><\/p>\n<p>Det er en specialdesignet aluminiumprofil med anodiseret farvefinish, der bruges til dekorativt m\u00f8beltilbeh\u00f8r med et moderne og holdbart look.<br \/>\n<\/p><br \/>\n<br \/>\n<p><b>2. Hvorfor v\u00e6lge anodiserede aluminiumsprofiler til m\u00f8beltilbeh\u00f8r?<\/b><\/p>\n<p>Anodiserede aluminiumsprofiler giver forbedret holdbarhed, korrosionsbestandighed og levende, falmebestandige farver, der er ideelle til dekorative anvendelser.<br \/>\n<\/p><br \/>\n<br \/>\n<p><b>3. Kan OEM-aluminiumsprofiler tilpasses i form og farve?<\/b><\/p>\n<p>Ja, OEM-aluminiumsprofiler kan skr\u00e6ddersys i farve, form og dimensioner, s\u00e5 de passer til specifikke m\u00f8beldesigns og brandingbehov.<br \/>\n<\/p><br \/>\n<br \/>\n<p><b>4. Er den anodiserede finish egnet til langvarig indend\u00f8rs brug?<\/b><\/p>\n<p>Absolut, anodiserede overflader er meget holdbare og perfekte til indend\u00f8rs m\u00f8bler, der bevarer farve og udseende over tid.<br \/>\n<\/p><br \/>\n<br \/>\n<p><b>5. Hvordan er anodiseret aluminium i forhold til malede eller overfladebehandlede profiler?<\/b><\/p>\n<p>Anodiseret aluminium giver en h\u00e5rdere og mere holdbar overflade med bedre farvekonsistens og slidstyrke sammenlignet med malede eller pulverlakerede profiler.<br \/>\n<\/p><br \/>\n<br \/>\n<p><b>6. Kan disse aluminiumsprofiler bruges i milj\u00f8er med h\u00f8j luftfugtighed?<\/b><\/p>\n<p>Ja, den anodiserede overflade \u00f8ger korrosionsbestandigheden, hvilket g\u00f8r dem velegnede til k\u00f8kkener, badev\u00e6relser og andre fugtudsatte omr\u00e5der.<br \/>\n<\/p><br \/>\n<br \/>\n<p><b>7. Hvad er det typiske prisleje for OEM-anodiserede aluminiumsprofiler?<\/b><\/p>\n<p>Priserne varierer afh\u00e6ngigt af designets kompleksitet, antal og finish, men de er konkurrencedygtige for b\u00e5de standard- og specialbestillinger.<br \/>\n<\/p><br \/><\/p>","protected":false},"featured_media":7567,"template":"","categories":[67],"class_list":["post-7568","product","type-product","status-publish","has-post-thumbnail","hentry","category-architectural-aluminium-profile"],"meta_box":{"hilight_text_group":{"product_hilight_text":"<li>High-quality anodized finish offers vibrant, long-lasting color<\/li>\r\r\n<li>Custom OEM designs available for unique furniture applications<\/li>\r\r\n<li>Corrosion-resistant surface ideal for indoor and light-duty outdoor use<\/li>\r\r\n<li>Lightweight and easy to integrate into decorative furniture systems<\/li>\r\r\n<li>Precise extrusion ensures seamless fit and professional appearance<\/li>\r\r\n<li>Competitive pricing for bulk orders and customized specifications<\/li>","product_chanpin_blog":"<ul>\r\r\n<li><a href=\"https:\/\/sinoextrud.com\/t-slot-v-slot-differences\/\" target=\"_blank\">t slot vs v slot<\/a><\/li>\r\r\n<li><a href=\"https:\/\/sinoextrud.com\/what-is-4040-aluminium-extrud\/\" target=\"_blank\">4040 aluminium extrusion<\/a><\/li>\r\r\n<li><a href=\"https:\/\/sinoextrud.com\/what-is-4040-aluminium-extrud\/\" target=\"_blank\">aluminum extrusions for industrial racks<\/a><\/li>\r\r\n<li><a href=\"https:\/\/sinoextrud.com\/powder-coating-aluminium-process\/\" target=\"_blank\">powder coating aluminium<\/a><\/li>\r\r\n<li><a href=\"https:\/\/sinoextrud.com\/what-is-an-aluminium-strip-ceiling\/\" target=\"_blank\">aluminium strip ceiling<\/a><\/li>\r\r\n<li><a href=\"https:\/\/sinoextrud.com\/what-is-a-heat-sink\/\" target=\"_blank\">what is a heat sink<\/a><\/li>\r\r\n<\/ul>","product_chanpin_chanpin":"<li><a href=\"https:\/\/sinoextrud.com\/product\/extruded-aluminium-skirting-aluminium-skirting-board\/\" target=\"_blank\">Extruded Aluminium Skirting Aluminium Skirting Board<\/a><\/li>\r\n<li><a href=\"https:\/\/sinoextrud.com\/product\/aluminum-section-window\/\" target=\"_blank\">Aluminum Section Window<\/a><\/li>\r\n<li><a href=\"https:\/\/sinoextrud.com\/product\/aluminum-u-profile-glass-railing\/\" target=\"_blank\">Aluminum U profile Glass Railing<\/a><\/li>\r\n<li><a href=\"https:\/\/sinoextrud.com\/product\/aluminium-screen-door-extrusions\/\" target=\"_blank\">Aluminium Screen Door Extrusions<\/a><\/li>\r\n<li><a href=\"https:\/\/sinoextrud.com\/product\/anodized-colorful-oem-aluminium-profile-for-decoration-furniture-accessory-price\/\" target=\"_blank\">Anodized Colorful OEM Aluminium Profile For Decoration Furniture Accessory price<\/a><\/li>\r\n<li><a href=\"https:\/\/sinoextrud.com\/product\/sliver-anodized-aluminum-extrusions-kitchen-cabinets-profiles-frame\/\" target=\"_blank\">Sliver Anodized Aluminum Extrusions Kitchen Cabinets Profiles Frame<\/a><\/li>\r\n<li><a href=\"https:\/\/sinoextrud.com\/product\/oem-aluminum-manufacturing-processes-cnc-machining\/\" target=\"_blank\">OEM Aluminum Manufacturing Processes CNC Machining<\/a><\/li>\r\n<li><a href=\"https:\/\/sinoextrud.com\/product\/extruded-aluminum-louver-blade-profile\/\" target=\"_blank\">Extruded Aluminum Louver Blade Profile<\/a><\/li>\r\n<li><a href=\"https:\/\/sinoextrud.com\/product\/aluminum-curtain-wall-extrusion\/\" target=\"_blank\">Aluminum Curtain Wall Extrusion<\/a><\/li>\r\n<li><a href=\"https:\/\/sinoextrud.com\/product\/aluminium-shower-extrusions\/\" target=\"_blank\">Aluminium Shower Extrusions<\/a><\/li>\r\n<li><a href=\"https:\/\/sinoextrud.com\/product\/customized-structural-aluminum-profiles\/\" target=\"_blank\">Customized Structural Aluminum Profiles<\/a><\/li>"},"feature_list":[]},"_links":{"self":[{"href":"https:\/\/sinoextrud.com\/da\/wp-json\/wp\/v2\/product\/7568","targetHints":{"allow":["GET"]}}],"collection":[{"href":"https:\/\/sinoextrud.com\/da\/wp-json\/wp\/v2\/product"}],"about":[{"href":"https:\/\/sinoextrud.com\/da\/wp-json\/wp\/v2\/types\/product"}],"wp:featuredmedia":[{"embeddable":true,"href":"https:\/\/sinoextrud.com\/da\/wp-json\/wp\/v2\/media\/7567"}],"wp:attachment":[{"href":"https:\/\/sinoextrud.com\/da\/wp-json\/wp\/v2\/media?parent=7568"}],"wp:term":[{"taxonomy":"category","embeddable":true,"href":"https:\/\/sinoextrud.com\/da\/wp-json\/wp\/v2\/categories?post=7568"}],"curies":[{"name":"wp","href":"https:\/\/api.w.org\/{rel}","templated":true}]}}