{"id":7566,"date":"2025-06-09T01:51:03","date_gmt":"2025-06-09T01:51:03","guid":{"rendered":"https:\/\/sinoextrud.com\/product\/aluminium-screen-door-extrusions\/"},"modified":"2025-06-24T06:13:06","modified_gmt":"2025-06-24T06:13:06","slug":"ekstruderede-aluminiumsdore","status":"publish","type":"product","link":"https:\/\/sinoextrud.com\/da\/product\/aluminium-screen-door-extrusions\/","title":{"rendered":"Ekstruderede skyded\u00f8re af aluminium"},"content":{"rendered":"<h2>Detaljer om produkter<\/h2>\n<table class=\"custom-table\">\n<tbody>\n<tr>\n<td> Vare:<\/td>\n<td> Ekstruderede skyded\u00f8re af aluminium<\/td>\n<\/tr>\n<tr>\n<td> Materila:<\/td>\n<td> 6063<\/td>\n<\/tr>\n<tr>\n<td> Temperament:<\/td>\n<td> T5<\/td>\n<\/tr>\n<tr>\n<td> Form:<\/td>\n<td> Det samme som p\u00e5 tegningen<\/td>\n<\/tr>\n<tr>\n<td> Profilen bliver tykkere:<\/td>\n<td> 1,4 mm over.<\/td>\n<\/tr>\n<tr>\n<td> Overfladebehandling:<\/td>\n<td> Pulverlakering<\/td>\n<\/tr>\n<tr>\n<td> Farve:<\/td>\n<td> Hvid, farve tilg\u00e6ngelig<\/td>\n<\/tr>\n<tr>\n<td> Bel\u00e6gningsfirma:<\/td>\n<td> 80-120 um<\/td>\n<\/tr>\n<tr>\n<td> Anvendelse:<\/td>\n<td> Profil til vinduesafsk\u00e6rmning<\/td>\n<\/tr>\n<tr>\n<td> MOQ:<\/td>\n<td> 200 kg for hver vare<\/td>\n<\/tr>\n<tr>\n<td> Certifikat og standard:<\/td>\n<td> ISO 9008-2001. CQM, SGS<\/td>\n<\/tr>\n<tr>\n<td> Garanti:<\/td>\n<td> Overfladefarven kan v\u00e6re stabil i 10 \u00e5r ved indend\u00f8rs brug.<\/td>\n<\/tr>\n<tr>\n<td> Dyb bearbejdning<\/td>\n<td> som boring, fr\u00e6sning, sk\u00e6ring, svejsning, bukning til r\u00e5dighed.<\/td>\n<\/tr>\n<tr>\n<td> Oprindelse:<\/td>\n<td> Foshan, Guangdong.<\/td>\n<\/tr>\n<tr>\n<td> HS-kode:<\/td>\n<td> 761699000<\/td>\n<\/tr>\n<\/tbody>\n<\/table>\n<h2>Vores produktionsbase<\/h2>\n<h3>Panorama over fabrikken<\/h3>\n<p><img decoding=\"async\" src=\"\/wp-content\/uploads\/factory-01.webp\"\/><\/p>\n<h3>V\u00e6rksted til fremstilling af aluminiumst\u00e6nger<\/h3>\n<p><img decoding=\"async\" src=\"\/wp-content\/uploads\/factory-02.webp\"\/><\/p>\n<p><img decoding=\"async\" src=\"\/wp-content\/uploads\/factory-03.webp\"\/><\/p>\n<h3>Lager til opbevaring af skimmelsvampe<\/h3>\n<p><img decoding=\"async\" src=\"\/wp-content\/uploads\/factory-04.webp\"\/><\/p>\n<h3>43 ekstruderingslinjer for aluminium (500-5500 ton)<\/h3>\n<p><img decoding=\"async\" src=\"\/wp-content\/uploads\/factory-05.webp\"\/><\/p>\n<p><img decoding=\"async\" src=\"\/wp-content\/uploads\/factory-06.webp\"\/><\/p>\n<p><img decoding=\"async\" src=\"\/wp-content\/uploads\/factory-07.webp\"\/><\/p>\n<h3>V\u00e6rksted for pulverlakering<\/h3>\n<p><img decoding=\"async\" src=\"\/wp-content\/uploads\/factory-09.webp\"\/><\/p>\n<h3>Anodiseringsv\u00e6rksted<\/h3>\n<p><img decoding=\"async\" src=\"\/wp-content\/uploads\/factory-10.webp\"\/><\/p>\n<h3>Workshop om dyb behandling<\/h3>\n<p><img decoding=\"async\" src=\"\/wp-content\/uploads\/factory-11.webp\"\/><\/p>\n<h3>V\u00e6rksted for CNC-pr\u00e6cisionsbearbejdning<\/h3>\n<p><img decoding=\"async\" src=\"\/wp-content\/uploads\/factory-11.5.webp\"\/><\/p>\n<h3>F\u00e6rdigvare- og eksportlager<\/h3>\n<p><img decoding=\"async\" src=\"\/wp-content\/uploads\/factory-12.webp\"\/><\/p>\n<p><img decoding=\"async\" src=\"\/wp-content\/uploads\/factory-13.webp\"\/><\/p>\n<p><img decoding=\"async\" src=\"\/wp-content\/uploads\/factory-14.webp\"\/><\/p>\n<h2>OFTE STILLEDE SP\u00d8RGSM\u00c5L<\/h2>\n<p><p><b>1. Hvad er ekstruderede aluminiumsd\u00f8re?<\/b><\/p>\n<p>Aluminium Screen Door Extrusions er aluminiumsprofiler, der bruges til at bygge holdbare, lette rammer til screen doors.<br \/>\n<\/p><br \/>\n<br \/>\n<p><b>2. Hvorfor v\u00e6lge aluminiumsprofiler til skyded\u00f8re?<\/b><\/p>\n<p>Aluminium er korrosionsbestandigt, let og st\u00e6rkt, hvilket g\u00f8r det ideelt til b\u00e5de indvendige og udvendige sk\u00e6rmd\u00f8re.<br \/>\n<\/p><br \/>\n<br \/>\n<p><b>3. Kan disse sk\u00e6rmd\u00f8rsprofiler tilpasses?<\/b><\/p>\n<p>Ja, de kan tilpasses med hensyn til st\u00f8rrelse, farve, form, v\u00e6gtykkelse og overfladefinish for at opfylde projekt- eller OEM-krav.<br \/>\n<\/p><br \/>\n<br \/>\n<p><b>4. Hvilke typer net er kompatible med d\u00f8rkarme af aluminium?<\/b><\/p>\n<p>De er kompatible med glasfiber-, rustfrit st\u00e5l-, aluminium- og polyesternet til forskellige funktionelle behov.<br \/>\n<\/p><br \/>\n<br \/>\n<p><b>5. Er aluminiumsprofiler til skyded\u00f8re vejrbestandige?<\/b><\/p>\n<p>De t\u00e5ler absolut regn, sol og temperatur\u00e6ndringer p\u00e5 grund af deres korrosionsbestandige bel\u00e6gninger.<br \/>\n<\/p><br \/>\n<br \/>\n<p><b>6. Kr\u00e6ver d\u00f8rprofiler af aluminium meget vedligeholdelse?<\/b><\/p>\n<p>Nej, de kr\u00e6ver ikke megen vedligeholdelse og skal typisk kun reng\u00f8res lejlighedsvis med mild s\u00e6be og vand.<br \/>\n<\/p><br \/>\n<br \/>\n<p><b>7. Kan disse profiler bruges til kommercielle eller industrielle d\u00f8re?<\/b><\/p>\n<p>Ja, de er velegnede til bolig-, erhvervs- og industrid\u00f8rssystemer, der kr\u00e6ver holdbarhed og \u00e6stetik.<br \/>\n<\/p><br \/><\/p>","protected":false},"featured_media":7565,"template":"","categories":[67],"class_list":["post-7566","product","type-product","status-publish","has-post-thumbnail","hentry","category-architectural-aluminium-profile"],"meta_box":{"hilight_text_group":{"product_hilight_text":"<li>Durable aluminum construction provides long-lasting structural support<\/li>\r\r\n<li>Lightweight material ensures easy handling and installation<\/li>\r\r\n<li>Corrosion-resistant finish suitable for all weather conditions<\/li>\r\r\n<li>Compatible with various mesh types for insect protection and ventilation<\/li>\r\r\n<li>Customizable designs, sizes, and colors for OEM and project needs<\/li>\r\r\n<li>Ideal for residential, commercial, and industrial screen door systems<\/li>","product_chanpin_blog":"<ul>\r\r\n<li><a href=\"https:\/\/sinoextrud.com\/t-slot-v-slot-differences\/\" target=\"_blank\">t slot vs v slot<\/a><\/li>\r\r\n<li><a href=\"https:\/\/sinoextrud.com\/what-is-4040-aluminium-extrud\/\" target=\"_blank\">4040 aluminium extrusion<\/a><\/li>\r\r\n<li><a href=\"https:\/\/sinoextrud.com\/what-is-4040-aluminium-extrud\/\" target=\"_blank\">aluminum extrusions for industrial racks<\/a><\/li>\r\r\n<li><a href=\"https:\/\/sinoextrud.com\/powder-coating-aluminium-process\/\" target=\"_blank\">powder coating aluminium<\/a><\/li>\r\r\n<li><a href=\"https:\/\/sinoextrud.com\/what-is-an-aluminium-strip-ceiling\/\" target=\"_blank\">aluminium strip ceiling<\/a><\/li>\r\r\n<li><a href=\"https:\/\/sinoextrud.com\/what-is-a-heat-sink\/\" target=\"_blank\">what is a heat sink<\/a><\/li>\r\r\n<\/ul>","product_chanpin_chanpin":"<li><a href=\"https:\/\/sinoextrud.com\/product\/office-partition-aluminum-profile\/\" target=\"_blank\">Office Partition Aluminum Profile<\/a><\/li>\r\n<li><a href=\"https:\/\/sinoextrud.com\/product\/extruded-aluminium-skirting-aluminium-skirting-board\/\" target=\"_blank\">Extruded Aluminium Skirting Aluminium Skirting Board<\/a><\/li>\r\n<li><a href=\"https:\/\/sinoextrud.com\/product\/aluminum-section-window\/\" target=\"_blank\">Aluminum Section Window<\/a><\/li>\r\n<li><a href=\"https:\/\/sinoextrud.com\/product\/aluminum-u-profile-glass-railing\/\" target=\"_blank\">Aluminum U profile Glass Railing<\/a><\/li>\r\n<li><a href=\"https:\/\/sinoextrud.com\/product\/aluminium-screen-door-extrusions\/\" target=\"_blank\">Aluminium Screen Door Extrusions<\/a><\/li>\r\n<li><a href=\"https:\/\/sinoextrud.com\/product\/anodized-colorful-oem-aluminium-profile-for-decoration-furniture-accessory-price\/\" target=\"_blank\">Anodized Colorful OEM Aluminium Profile For Decoration Furniture Accessory price<\/a><\/li>\r\n<li><a href=\"https:\/\/sinoextrud.com\/product\/sliver-anodized-aluminum-extrusions-kitchen-cabinets-profiles-frame\/\" target=\"_blank\">Sliver Anodized Aluminum Extrusions Kitchen Cabinets Profiles Frame<\/a><\/li>\r\n<li><a href=\"https:\/\/sinoextrud.com\/product\/oem-aluminum-manufacturing-processes-cnc-machining\/\" target=\"_blank\">OEM Aluminum Manufacturing Processes CNC Machining<\/a><\/li>\r\n<li><a href=\"https:\/\/sinoextrud.com\/product\/extruded-aluminum-louver-blade-profile\/\" target=\"_blank\">Extruded Aluminum Louver Blade Profile<\/a><\/li>\r\n<li><a href=\"https:\/\/sinoextrud.com\/product\/bulk-extruded-aluminum\/\" target=\"_blank\">Bulk Extruded Aluminum<\/a><\/li>\r\n<li><a href=\"https:\/\/sinoextrud.com\/product\/aluminium-furniture\/\" target=\"_blank\">Aluminium Furniture<\/a><\/li>"},"feature_list":[]},"_links":{"self":[{"href":"https:\/\/sinoextrud.com\/da\/wp-json\/wp\/v2\/product\/7566","targetHints":{"allow":["GET"]}}],"collection":[{"href":"https:\/\/sinoextrud.com\/da\/wp-json\/wp\/v2\/product"}],"about":[{"href":"https:\/\/sinoextrud.com\/da\/wp-json\/wp\/v2\/types\/product"}],"wp:featuredmedia":[{"embeddable":true,"href":"https:\/\/sinoextrud.com\/da\/wp-json\/wp\/v2\/media\/7565"}],"wp:attachment":[{"href":"https:\/\/sinoextrud.com\/da\/wp-json\/wp\/v2\/media?parent=7566"}],"wp:term":[{"taxonomy":"category","embeddable":true,"href":"https:\/\/sinoextrud.com\/da\/wp-json\/wp\/v2\/categories?post=7566"}],"curies":[{"name":"wp","href":"https:\/\/api.w.org\/{rel}","templated":true}]}}