{"id":7564,"date":"2025-06-09T01:48:19","date_gmt":"2025-06-09T01:48:19","guid":{"rendered":"https:\/\/sinoextrud.com\/product\/aluminum-u-profile-glass-railing\/"},"modified":"2025-06-24T06:13:06","modified_gmt":"2025-06-24T06:13:06","slug":"aluminium-u-profil-glasraekvaerk","status":"publish","type":"product","link":"https:\/\/sinoextrud.com\/da\/product\/aluminum-u-profile-glass-railing\/","title":{"rendered":"U-profil i aluminium Glasgel\u00e6nder"},"content":{"rendered":"<h2>Detaljer om produkter<\/h2>\n<table class=\"custom-table\">\n<tr>\n<td class=\"label\">Model nr.<\/td>\n<td>U-profil i aluminium Glasgel\u00e6nder<\/td>\n<\/tr>\n<tr>\n<td class=\"label\">Materiale<\/td>\n<td>Aluminiumslegering 6063 6061<\/td>\n<\/tr>\n<tr>\n<td class=\"label\">F\u00e6rdigg\u00f8r<\/td>\n<td>Spejlanodiseret tr\u00e6 Gain<\/td>\n<\/tr>\n<tr>\n<td class=\"label\">St\u00f8rrelse<\/td>\n<td>Tilpasset<\/td>\n<\/tr>\n<tr>\n<td class=\"label\">Anvendelse<\/td>\n<td>Glashegn, Trappeh\u00e5ndliste eller Glasgel\u00e6nder<\/td>\n<\/tr>\n<tr>\n<td class=\"label\">Glasets tykkelse<\/td>\n<td>tilpasset<\/td>\n<\/tr>\n<tr>\n<td class=\"label\">MOQ<\/td>\n<td>10 meter<\/td>\n<\/tr>\n<tr>\n<td class=\"label\">Pr\u00f8ve<\/td>\n<td>Tilg\u00e6ngelig<\/td>\n<\/tr>\n<tr>\n<td class=\"label\">Produktionskapacitet<\/td>\n<td>50000 stk\/pr. m\u00e5ned<\/td>\n<\/tr>\n<tr>\n<td class=\"label\">Genneml\u00f8bstid<\/td>\n<td>25-35 dage efter modtagelse af betalingen<\/td>\n<\/tr>\n<tr>\n<td class=\"label\">Forsendelseshavn<\/td>\n<td>Guangdong \/ Foshan\/Shenzhen<\/td>\n<\/tr>\n<tr>\n<td class=\"label\">Prisperiode<\/td>\n<td>EXW.FOB \/ CIF osv.<\/td>\n<\/tr>\n<tr>\n<td class=\"label\">Betalingsperiode<\/td>\n<td>T\/T, L\/C<\/td>\n<\/tr>\n<tr>\n<td class=\"label\">Bem\u00e6rkning<\/td>\n<td>OEM er acceptabelt<\/td>\n<\/tr>\n<\/table>\n<h2>Vores produktionsbase<\/h2>\n<h3>Panorama over fabrikken<\/h3>\n<p><img decoding=\"async\" src=\"\/wp-content\/uploads\/factory-01.webp\"\/><\/p>\n<h3>V\u00e6rksted til fremstilling af aluminiumst\u00e6nger<\/h3>\n<p><img decoding=\"async\" src=\"\/wp-content\/uploads\/factory-02.webp\"\/><\/p>\n<\/p>\n<p><img decoding=\"async\" src=\"\/wp-content\/uploads\/factory-03.webp\"\/><\/p>\n<h3>Lager til opbevaring af skimmelsvampe<\/h3>\n<p><img decoding=\"async\" src=\"\/wp-content\/uploads\/factory-04.webp\"\/><\/p>\n<h3>43 ekstruderingslinjer for aluminium (500-5500 ton)<\/h3>\n<p><img decoding=\"async\" src=\"\/wp-content\/uploads\/factory-05.webp\"\/><\/p>\n<p><img decoding=\"async\" src=\"\/wp-content\/uploads\/factory-06.webp\"\/><\/p>\n<p><img decoding=\"async\" src=\"\/wp-content\/uploads\/factory-07.webp\"\/><\/p>\n<h3>V\u00e6rksted for pulverlakering<\/h3>\n<p><img decoding=\"async\" src=\"\/wp-content\/uploads\/factory-09.webp\"\/><\/p>\n<h3>Anodiseringsv\u00e6rksted<\/h3>\n<p><img decoding=\"async\" src=\"\/wp-content\/uploads\/factory-10.webp\"\/><\/p>\n<h3>Workshop om dyb behandling<\/h3>\n<p><img decoding=\"async\" src=\"\/wp-content\/uploads\/factory-11.webp\"\/><\/p>\n<h3>V\u00e6rksted for CNC-pr\u00e6cisionsbearbejdning<\/h3>\n<p><img decoding=\"async\" src=\"\/wp-content\/uploads\/factory-11.5.webp\"\/><\/p>\n<h3>F\u00e6rdigvare- og eksportlager<\/h3>\n<p><img decoding=\"async\" src=\"\/wp-content\/uploads\/factory-12.webp\"\/><\/p>\n<p><img decoding=\"async\" src=\"\/wp-content\/uploads\/factory-13.webp\"\/><\/p>\n<p><img decoding=\"async\" src=\"\/wp-content\/uploads\/factory-14.webp\"\/><\/p>\n<h2>OFTE STILLEDE SP\u00d8RGSM\u00c5L<\/h2>\n<p><b>1. Hvad er et U-profil-glasgel\u00e6nder i aluminium?<\/b><\/p>\n<p>Et U-profil-glasgel\u00e6nder i aluminium er et rammel\u00f8st glasgel\u00e6ndersystem, der bruger en holdbar bundkanal i aluminium til at holde glaspanelerne sikkert p\u00e5 plads.\n<\/p>\n<p><\/p>\n<p><b>2. Hvorfor v\u00e6lge U-profil glasr\u00e6kv\u00e6rk i aluminium?<\/b><\/p>\n<p>U-profil glasr\u00e6kv\u00e6rk i aluminium giver et minimalistisk, moderne look, samtidig med at det giver st\u00e6rk strukturel st\u00f8tte og korrosionsbestandighed.\n<\/p>\n<p><\/p>\n<p><b>3. Er U-profil-glasgel\u00e6ndere i aluminium nemme at installere?<\/b><\/p>\n<p>Ja, disse r\u00e6kv\u00e6rkssystemer er designet til hurtig installation med minimal hardware, hvilket reducerer arbejdstid og omkostninger.\n<\/p>\n<p><\/p>\n<p><b>4. Hvilke typer glas er kompatible med U-profilgel\u00e6ndere i aluminium?<\/b><\/p>\n<p>Disse profiler underst\u00f8tter forskellige glastyper, herunder h\u00e6rdet og lamineret glas, almindeligvis i tykkelser fra 12 mm til 21,52 mm.\n<\/p>\n<p><\/p>\n<p><b>5. Er U-profilen i aluminium egnet til udend\u00f8rs brug?<\/b><\/p>\n<p>Det korrosionsbestandige aluminiumsmateriale g\u00f8r det ideelt til altaner, terrasser og poolomr\u00e5der.\n<\/p>\n<p><\/p>\n<p><b>6. kr\u00e6ver U-profil-glasgel\u00e6ndere af aluminium meget vedligeholdelse?<\/b><\/p>\n<p>Nej, de kr\u00e6ver meget lidt vedligeholdelse - prim\u00e6rt regelm\u00e6ssig reng\u00f8ring for at bevare klarhed og ydeevne.\n<\/p>\n<p><\/p>\n<p><b>7. kan aluminium U-profil glasr\u00e6kv\u00e6rk tilpasses?<\/b><\/p>\n<p>Ja, U-profilerne kan tilpasses i l\u00e6ngde, farve og finish, s\u00e5 de passer til forskellige designbehov og projektspecifikationer.\n<\/p>\n<p><\/p>","protected":false},"featured_media":7563,"template":"","categories":[67],"class_list":["post-7564","product","type-product","status-publish","has-post-thumbnail","hentry","category-architectural-aluminium-profile"],"meta_box":{"hilight_text_group":{"product_hilight_text":"<li>High-strength aluminum U profile ensures secure glass panel support<\/li>\r\r\n<li>Sleek frameless appearance enhances modern architectural aesthetics<\/li>\r\r\n<li>Corrosion-resistant finish ideal for both indoor and outdoor applications<\/li>\r\r\n<li>Quick and easy installation with minimal hardware<\/li>\r\r\n<li>Compatible with tempered and laminated glass of various thicknesses<\/li>\r\r\n<li>Low maintenance and long-lasting structural integrity<\/li>","product_chanpin_blog":"<ul>\r\r\n<li><a href=\"https:\/\/sinoextrud.com\/t-slot-v-slot-differences\/\" target=\"_blank\">t slot vs v slot<\/a><\/li>\r\r\n<li><a href=\"https:\/\/sinoextrud.com\/what-is-4040-aluminium-extrud\/\" target=\"_blank\">4040 aluminium extrusion<\/a><\/li>\r\r\n<li><a href=\"https:\/\/sinoextrud.com\/what-is-4040-aluminium-extrud\/\" target=\"_blank\">aluminum extrusions for industrial racks<\/a><\/li>\r\r\n<li><a href=\"https:\/\/sinoextrud.com\/powder-coating-aluminium-process\/\" target=\"_blank\">powder coating aluminium<\/a><\/li>\r\r\n<li><a href=\"https:\/\/sinoextrud.com\/what-is-an-aluminium-strip-ceiling\/\" target=\"_blank\">aluminium strip ceiling<\/a><\/li>\r\r\n<li><a href=\"https:\/\/sinoextrud.com\/what-is-a-heat-sink\/\" target=\"_blank\">what is a heat sink<\/a><\/li>\r\r\n<\/ul>","product_chanpin_chanpin":"<li><a href=\"https:\/\/sinoextrud.com\/product\/aluminium-profile-glass-curtain-wall-system\/\" target=\"_blank\">Aluminium Profile Glass Curtain Wall System<\/a><\/li>\r\n<li><a href=\"https:\/\/sinoextrud.com\/product\/office-partition-aluminum-profile\/\" target=\"_blank\">Office Partition Aluminum Profile<\/a><\/li>\r\n<li><a href=\"https:\/\/sinoextrud.com\/product\/extruded-aluminium-skirting-aluminium-skirting-board\/\" target=\"_blank\">Extruded Aluminium Skirting Aluminium Skirting Board<\/a><\/li>\r\n<li><a href=\"https:\/\/sinoextrud.com\/product\/aluminum-section-window\/\" target=\"_blank\">Aluminum Section Window<\/a><\/li>\r\n<li><a href=\"https:\/\/sinoextrud.com\/product\/aluminum-u-profile-glass-railing\/\" target=\"_blank\">Aluminum U profile Glass Railing<\/a><\/li>\r\n<li><a href=\"https:\/\/sinoextrud.com\/product\/aluminium-screen-door-extrusions\/\" target=\"_blank\">Aluminium Screen Door Extrusions<\/a><\/li>\r\n<li><a href=\"https:\/\/sinoextrud.com\/product\/anodized-colorful-oem-aluminium-profile-for-decoration-furniture-accessory-price\/\" target=\"_blank\">Anodized Colorful OEM Aluminium Profile For Decoration Furniture Accessory price<\/a><\/li>\r\n<li><a href=\"https:\/\/sinoextrud.com\/product\/sliver-anodized-aluminum-extrusions-kitchen-cabinets-profiles-frame\/\" target=\"_blank\">Sliver Anodized Aluminum Extrusions Kitchen Cabinets Profiles Frame<\/a><\/li>\r\n<li><a href=\"https:\/\/sinoextrud.com\/product\/oem-aluminum-manufacturing-processes-cnc-machining\/\" target=\"_blank\">OEM Aluminum Manufacturing Processes CNC Machining<\/a><\/li>\r\n<li><a href=\"https:\/\/sinoextrud.com\/product\/aluminum-t-slot-profile\/\" target=\"_blank\">Aluminum T Slot Profile<\/a><\/li>\r\n<li><a href=\"https:\/\/sinoextrud.com\/product\/aluminium-extrusion-profile-for-furniture-aluminum-profile-with-alloy-6063-t5-supplied-by-china-factory\/\" target=\"_blank\">Aluminium Extrusion Profile for Furniture Aluminum Profile With Alloy 6063 T5 Supplied By China Factory<\/a><\/li>"},"feature_list":[]},"_links":{"self":[{"href":"https:\/\/sinoextrud.com\/da\/wp-json\/wp\/v2\/product\/7564","targetHints":{"allow":["GET"]}}],"collection":[{"href":"https:\/\/sinoextrud.com\/da\/wp-json\/wp\/v2\/product"}],"about":[{"href":"https:\/\/sinoextrud.com\/da\/wp-json\/wp\/v2\/types\/product"}],"wp:featuredmedia":[{"embeddable":true,"href":"https:\/\/sinoextrud.com\/da\/wp-json\/wp\/v2\/media\/7563"}],"wp:attachment":[{"href":"https:\/\/sinoextrud.com\/da\/wp-json\/wp\/v2\/media?parent=7564"}],"wp:term":[{"taxonomy":"category","embeddable":true,"href":"https:\/\/sinoextrud.com\/da\/wp-json\/wp\/v2\/categories?post=7564"}],"curies":[{"name":"wp","href":"https:\/\/api.w.org\/{rel}","templated":true}]}}