{"id":7558,"date":"2025-06-09T01:39:03","date_gmt":"2025-06-09T01:39:03","guid":{"rendered":"https:\/\/sinoextrud.com\/product\/office-partition-aluminum-profile\/"},"modified":"2025-06-24T06:13:05","modified_gmt":"2025-06-24T06:13:05","slug":"kontorskillevaeg-aluminiumsprofil","status":"publish","type":"product","link":"https:\/\/sinoextrud.com\/da\/product\/office-partition-aluminum-profile\/","title":{"rendered":"Kontorskillev\u00e6g aluminiumsprofil"},"content":{"rendered":"<h2>Detaljer om produkter<\/h2>\n<table class=\"custom-table\">\n<tr>\n<td class=\"label\">Vare<\/td>\n<td>Aluminiumsprofil til kontorskillev\u00e6gge<\/td>\n<\/tr>\n<tr>\n<td class=\"label\">Materiale<\/td>\n<td>Aluminium i 6000-serien<\/td>\n<\/tr>\n<tr>\n<td class=\"label\">Temperament<\/td>\n<td>T4, T5, T6<\/td>\n<\/tr>\n<tr>\n<td class=\"label\">St\u00f8rrelse \/ tykkelse<\/td>\n<td>Generelle profilers tykkelse fra 0,8 til 5,0 mm, l\u00e6ngde fra 1 m til 9 m eller tilpasset; anodiseringsbeskyttelsesfilmtykkelse fra 8 ~ 25 um, pulverlakering fra 40 ~ 120 um.<\/td>\n<\/tr>\n<tr>\n<td class=\"label\">Form<\/td>\n<td>Tilpasset<\/td>\n<\/tr>\n<tr>\n<td class=\"label\">Anvendelse<\/td>\n<td>I vinduer og d\u00f8re, dekorationer, industri, byggeri og s\u00e5 videre<\/td>\n<\/tr>\n<tr>\n<td class=\"label\">Overfladebehandling<\/td>\n<td>pulverlakering, elektroforese, tr\u00e6korn, anodiseret og s\u00e5 videre<\/td>\n<\/tr>\n<tr>\n<td class=\"label\">Farver<\/td>\n<td>Ref pulverlakering farveark og tilpasset farve tilg\u00e6ngelig<\/td>\n<\/tr>\n<tr>\n<td class=\"label\">Dyb proces<\/td>\n<td>CNC, boring, fr\u00e6sning, sk\u00e6ring, svejsning, bukning, samling<\/td>\n<\/tr>\n<tr>\n<td class=\"label\">MOQ<\/td>\n<td>200 kg for hvert emne<\/td>\n<\/tr>\n<tr>\n<td class=\"label\">Detaljer om emballage<\/td>\n<td>(1) Indvendigt: pakket med beskyttende plastfilm for at beskytte hvert stykke<\/td>\n<\/tr>\n<tr>\n<td class=\"label\"><\/td>\n<td>(2) Udenfor: Indpakning til bundter af vandt\u00e6t h\u00e5ndv\u00e6rkspapir<\/td>\n<\/tr>\n<tr>\n<td class=\"label\">Leveringstid<\/td>\n<td>(1) Formudvikling og pr\u00f8vetestning: 12-18 dage .<\/td>\n<\/tr>\n<tr>\n<td class=\"label\"><\/td>\n<td>(2) Masseproduktion afsluttet: 20-30 dage efter, at pr\u00f8ven er bekr\u00e6ftet af k\u00f8beren.<\/td>\n<\/tr>\n<tr>\n<td class=\"label\">FOB-havn<\/td>\n<td>SHENZHEN \/ GUANGZHOU \/ FOSHAN<\/td>\n<\/tr>\n<tr>\n<td class=\"label\">Betalingsbetingelser<\/td>\n<td>T \/ T 30% for depositum, balance f\u00f8r forsendelse.<\/td>\n<\/tr>\n<tr>\n<td class=\"label\">Forligsperiode<\/td>\n<td>Afregn efter endelig faktisk v\u00e6gt eller efter teoretisk v\u00e6gt.<\/td>\n<\/tr>\n<tr>\n<td class=\"label\">Produktionskapacitet<\/td>\n<td>5000 tons om m\u00e5neden, 60000 tons om \u00e5ret.<\/td>\n<\/tr>\n<tr>\n<td class=\"label\">Certifikat og standard<\/td>\n<td>CQM, SGS, CE, BV, SONCAP \/ GB, ISO, JIS, AS, NZS, QUALICOAT, QUOLANOD tilg\u00e6ngelig<\/td>\n<\/tr>\n<tr>\n<td class=\"label\">Garanti<\/td>\n<td>Overfladefarven kan v\u00e6re stabil i 10~20 \u00e5r ved indend\u00f8rs brug.<\/td>\n<\/tr>\n<\/table>\n<h2>Vores produktionsbase<\/h2>\n<h3>Panorama over fabrikken<\/h3>\n<p><img decoding=\"async\" src=\"\/wp-content\/uploads\/factory-01.webp\"\/><\/p>\n<h3>V\u00e6rksted til fremstilling af aluminiumst\u00e6nger<\/h3>\n<p><img decoding=\"async\" src=\"\/wp-content\/uploads\/factory-02.webp\"\/><\/p>\n<p><img decoding=\"async\" src=\"\/wp-content\/uploads\/factory-03.webp\"\/><\/p>\n<h3>Lager til opbevaring af skimmelsvampe<\/h3>\n<p><img decoding=\"async\" src=\"\/wp-content\/uploads\/factory-04.webp\"\/><\/p>\n<h3>43 ekstruderingslinjer for aluminium (500-5500 ton)<\/h3>\n<p><img decoding=\"async\" src=\"\/wp-content\/uploads\/factory-05.webp\"\/><\/p>\n<p><img decoding=\"async\" src=\"\/wp-content\/uploads\/factory-06.webp\"\/><\/p>\n<p><img decoding=\"async\" src=\"\/wp-content\/uploads\/factory-07.webp\"\/><\/p>\n<h3>V\u00e6rksted for pulverlakering<\/h3>\n<p><img decoding=\"async\" src=\"\/wp-content\/uploads\/factory-09.webp\"\/><\/p>\n<h3>Anodiseringsv\u00e6rksted<\/h3>\n<p><img decoding=\"async\" src=\"\/wp-content\/uploads\/factory-10.webp\"\/><\/p>\n<h3>Workshop om dyb behandling<\/h3>\n<p><img decoding=\"async\" src=\"\/wp-content\/uploads\/factory-11.webp\"\/><\/p>\n<h3>V\u00e6rksted for CNC-pr\u00e6cisionsbearbejdning<\/h3>\n<p><img decoding=\"async\" src=\"\/wp-content\/uploads\/factory-11.5.webp\"\/><\/p>\n<h3>F\u00e6rdigvare- og eksportlager<\/h3>\n<p><img decoding=\"async\" src=\"\/wp-content\/uploads\/factory-12.webp\"\/><\/p>\n<p><img decoding=\"async\" src=\"\/wp-content\/uploads\/factory-13.webp\"\/><\/p>\n<p><img decoding=\"async\" src=\"\/wp-content\/uploads\/factory-14.webp\"\/><\/p>\n<h2>OFTE STILLEDE SP\u00d8RGSM\u00c5L<\/h2>\n<p><p><b>1. Hvad er en aluminiumsprofil til kontoropdeling?<\/b><\/p>\n<p>Det er en ekstruderet aluminiumsramme, der bruges til at bygge modul\u00e6re kontorskillev\u00e6gge, som giver struktur og stil.<br \/>\n<\/p><br \/>\n<br \/>\n<p><b>2. Hvorfor v\u00e6lge aluminiumsprofiler til kontorskillev\u00e6gge?<\/b><\/p>\n<p>De er lette, holdbare og korrosionsbestandige og giver b\u00e5de funktionelle og \u00e6stetiske fordele.<br \/>\n<\/p><br \/>\n<br \/>\n<p><b>3. Er aluminiumsprofiler velegnede til kontorskillev\u00e6gge af glas?<\/b><\/p>\n<p>Ja, de er designet til at holde glasplader og andre materialer som tr\u00e6 eller PVC sikkert p\u00e5 plads.<br \/>\n<\/p><br \/>\n<br \/>\n<p><b>4. Kan disse profiler tilpasses?<\/b><\/p>\n<p>De kan absolut laves i forskellige former, st\u00f8rrelser, overflader og konfigurationer, s\u00e5 de passer til forskellige kontordesigns.<br \/>\n<\/p><br \/>\n<br \/>\n<p><b>5. Er skillev\u00e6gsprofiler til kontorer nemme at installere?<\/b><\/p>\n<p>Ja, de har modul\u00e6re monteringsmuligheder, der giver mulighed for hurtig og fleksibel installation.<br \/>\n<\/p><br \/>\n<br \/>\n<p><b>6. Underst\u00f8tter skillev\u00e6gsprofiler af aluminium lydisolering?<\/b><\/p>\n<p>Ja, n\u00e5r de kombineres med passende glas- eller panelfyldninger, kan de forbedre den akustiske ydeevne i kontorlokaler.<br \/>\n<\/p><br \/>\n<br \/>\n<p><b>7. Hvilke overflader kan man f\u00e5 til kontorets skillev\u00e6gsprofiler?<\/b><\/p>\n<p>Almindelige overflader omfatter anodisering, pulverlakering og b\u00f8rstet aluminium for et professionelt udseende.<br \/>\n<\/p><br \/>\n<br \/>\n<p><b>8. Er aluminium et b\u00e6redygtigt materiale til kontorsystemer?<\/b><\/p>\n<p>Ja, aluminium er 100% genanvendeligt og underst\u00f8tter milj\u00f8venlig byggepraksis.<br \/>\n<\/p><br \/><\/p>","protected":false},"featured_media":7557,"template":"","categories":[67],"class_list":["post-7558","product","type-product","status-publish","has-post-thumbnail","hentry","category-architectural-aluminium-profile"],"meta_box":{"hilight_text_group":{"product_hilight_text":"<li>Sleek and modern aluminum profiles enhance office aesthetics<\/li>\r\r\n<li>Lightweight yet strong for stable partition framing<\/li>\r\r\n<li>Corrosion-resistant surface ideal for long-term indoor use<\/li>\r\r\n<li>Supports glass, wood, or composite panel integration<\/li>\r\r\n<li>Easy installation with modular connection systems<\/li>\r\r\n<li>Customizable sizes, finishes, and configurations available<\/li>\r\r\n<li>Eco-friendly and fully recyclable aluminum material<\/li>","product_chanpin_blog":"<ul>\r\r\n<li><a href=\"https:\/\/sinoextrud.com\/t-slot-v-slot-differences\/\" target=\"_blank\">t slot vs v slot<\/a><\/li>\r\r\n<li><a href=\"https:\/\/sinoextrud.com\/what-is-4040-aluminium-extrud\/\" target=\"_blank\">4040 aluminium extrusion<\/a><\/li>\r\r\n<li><a href=\"https:\/\/sinoextrud.com\/what-is-4040-aluminium-extrud\/\" target=\"_blank\">aluminum extrusions for industrial racks<\/a><\/li>\r\r\n<li><a href=\"https:\/\/sinoextrud.com\/powder-coating-aluminium-process\/\" target=\"_blank\">powder coating aluminium<\/a><\/li>\r\r\n<li><a href=\"https:\/\/sinoextrud.com\/what-is-an-aluminium-strip-ceiling\/\" target=\"_blank\">aluminium strip ceiling<\/a><\/li>\r\r\n<li><a href=\"https:\/\/sinoextrud.com\/what-is-a-heat-sink\/\" target=\"_blank\">what is a heat sink<\/a><\/li>\r\r\n<\/ul>","product_chanpin_chanpin":"<li><a href=\"https:\/\/sinoextrud.com\/product\/greenhouse-aluminum-profile-customized-aluminum-profile-beam-powder-coated\/\" target=\"_blank\">greenhouse aluminum profile customized aluminum profile beam powder coated<\/a><\/li>\r\n<li><a href=\"https:\/\/sinoextrud.com\/product\/aluminium-profile-bracket\/\" target=\"_blank\">Aluminium Profile Bracket<\/a><\/li>\r\n<li><a href=\"https:\/\/sinoextrud.com\/product\/aluminum-u-shape-channel-profile\/\" target=\"_blank\">Aluminum U Shape Channel Profile<\/a><\/li>\r\n<li><a href=\"https:\/\/sinoextrud.com\/product\/aluminium-profile-glass-curtain-wall-system\/\" target=\"_blank\">Aluminium Profile Glass Curtain Wall System<\/a><\/li>\r\n<li><a href=\"https:\/\/sinoextrud.com\/product\/office-partition-aluminum-profile\/\" target=\"_blank\">Office Partition Aluminum Profile<\/a><\/li>\r\n<li><a href=\"https:\/\/sinoextrud.com\/product\/extruded-aluminium-skirting-aluminium-skirting-board\/\" target=\"_blank\">Extruded Aluminium Skirting Aluminium Skirting Board<\/a><\/li>\r\n<li><a href=\"https:\/\/sinoextrud.com\/product\/aluminum-section-window\/\" target=\"_blank\">Aluminum Section Window<\/a><\/li>\r\n<li><a href=\"https:\/\/sinoextrud.com\/product\/aluminum-u-profile-glass-railing\/\" target=\"_blank\">Aluminum U profile Glass Railing<\/a><\/li>\r\n<li><a href=\"https:\/\/sinoextrud.com\/product\/aluminium-screen-door-extrusions\/\" target=\"_blank\">Aluminium Screen Door Extrusions<\/a><\/li>\r\n<li><a href=\"https:\/\/sinoextrud.com\/product\/lay-in-tile-ceiling-system\/\" target=\"_blank\">Lay-in Tile Ceiling System<\/a><\/li>\r\n<li><a href=\"https:\/\/sinoextrud.com\/product\/aluminium-profile-for-window\/\" target=\"_blank\">Aluminium Profile For Window<\/a><\/li>"},"feature_list":[]},"_links":{"self":[{"href":"https:\/\/sinoextrud.com\/da\/wp-json\/wp\/v2\/product\/7558","targetHints":{"allow":["GET"]}}],"collection":[{"href":"https:\/\/sinoextrud.com\/da\/wp-json\/wp\/v2\/product"}],"about":[{"href":"https:\/\/sinoextrud.com\/da\/wp-json\/wp\/v2\/types\/product"}],"wp:featuredmedia":[{"embeddable":true,"href":"https:\/\/sinoextrud.com\/da\/wp-json\/wp\/v2\/media\/7557"}],"wp:attachment":[{"href":"https:\/\/sinoextrud.com\/da\/wp-json\/wp\/v2\/media?parent=7558"}],"wp:term":[{"taxonomy":"category","embeddable":true,"href":"https:\/\/sinoextrud.com\/da\/wp-json\/wp\/v2\/categories?post=7558"}],"curies":[{"name":"wp","href":"https:\/\/api.w.org\/{rel}","templated":true}]}}