{"id":7515,"date":"2025-06-07T09:51:47","date_gmt":"2025-06-07T09:51:47","guid":{"rendered":"https:\/\/sinoextrud.com\/product\/aluminium-sections-for-sliding-doors\/"},"modified":"2025-06-24T06:13:01","modified_gmt":"2025-06-24T06:13:01","slug":"aluminiumsprofiler-til-skydedore","status":"publish","type":"product","link":"https:\/\/sinoextrud.com\/da\/product\/aluminium-sections-for-sliding-doors\/","title":{"rendered":"Aluminiumsprofiler til skyded\u00f8re"},"content":{"rendered":"<h2>Detaljer om produkter<\/h2>\n<table class=\"custom-table\">\n<tbody>\n<tr>\n<td> Model nr:<\/td>\n<td>Aluminiumsprofiler til skyded\u00f8re<\/td>\n<\/tr>\n<tr>\n<td> Anvendelse:<\/td>\n<td> Skyded\u00f8r<\/td>\n<\/tr>\n<tr>\n<td> Karakter:<\/td>\n<td> 6000-serien<\/td>\n<\/tr>\n<tr>\n<td> Teknik:<\/td>\n<td> Ekstruderede aluminiumsprofiler og tilbeh\u00f8r<\/td>\n<\/tr>\n<tr>\n<td> Temperament:<\/td>\n<td> 6063, T3 - T8<\/td>\n<\/tr>\n<tr>\n<td> St\u00f8rrelser:<\/td>\n<td> Det kunne tilpasses som leveret design<\/td>\n<\/tr>\n<tr>\n<td> Varem\u00e6rke:<\/td>\n<td> Sinoextrud<\/td>\n<\/tr>\n<tr>\n<td> Oprindelse:<\/td>\n<td> Guangdong<\/td>\n<\/tr>\n<tr>\n<td> Type:<\/td>\n<td> Portd\u00f8r, k\u00f8kkend\u00f8r, altand\u00f8r osv.<\/td>\n<\/tr>\n<tr>\n<td> Form:<\/td>\n<td> Samme tegning.<\/td>\n<\/tr>\n<tr>\n<td> Overfladebehandling:<\/td>\n<td> B\u00f8rstet anodiseret s\u00f8lv.<\/td>\n<\/tr>\n<tr>\n<td> Legering:<\/td>\n<td> Legering<\/td>\n<\/tr>\n<tr>\n<td> Certificering:<\/td>\n<td> ISO, RoHS<\/td>\n<\/tr>\n<tr>\n<td> L\u00e6ngde:<\/td>\n<td> 1-9 m<\/td>\n<\/tr>\n<tr>\n<td> Farver:<\/td>\n<td> S\u00f8lv, guld, champagne, sort osv.<\/td>\n<\/tr>\n<tr>\n<td> Specifikation:<\/td>\n<td> SGS, Rohs, ISO<\/td>\n<\/tr>\n<tr>\n<td> HS-kode:<\/td>\n<td> 76042990<\/td>\n<\/tr>\n<\/tbody>\n<\/table>\n<h2>Vores produktionsbase<\/h2>\n<h3>Panorama over fabrikken<\/h3>\n<p><img decoding=\"async\" src=\"\/wp-content\/uploads\/factory-01.webp\"\/><\/p>\n<h3>V\u00e6rksted til fremstilling af aluminiumst\u00e6nger<\/h3>\n<p><img decoding=\"async\" src=\"\/wp-content\/uploads\/factory-02.webp\"\/><\/p>\n<\/p>\n<p><img decoding=\"async\" src=\"\/wp-content\/uploads\/factory-03.webp\"\/><\/p>\n<h3>Lager til opbevaring af skimmelsvampe<\/h3>\n<p><img decoding=\"async\" src=\"\/wp-content\/uploads\/factory-04.webp\"\/><\/p>\n<h3>43 ekstruderingslinjer for aluminium (500-5500 ton)<\/h3>\n<p><img decoding=\"async\" src=\"\/wp-content\/uploads\/factory-05.webp\"\/><\/p>\n<p><img decoding=\"async\" src=\"\/wp-content\/uploads\/factory-06.webp\"\/><\/p>\n<p><img decoding=\"async\" src=\"\/wp-content\/uploads\/factory-07.webp\"\/><\/p>\n<h3>V\u00e6rksted for pulverlakering<\/h3>\n<p><img decoding=\"async\" src=\"\/wp-content\/uploads\/factory-09.webp\"\/><\/p>\n<h3>Anodiseringsv\u00e6rksted<\/h3>\n<p><img decoding=\"async\" src=\"\/wp-content\/uploads\/factory-10.webp\"\/><\/p>\n<h3>Workshop om dyb behandling<\/h3>\n<p><img decoding=\"async\" src=\"\/wp-content\/uploads\/factory-11.webp\"\/><\/p>\n<h3>V\u00e6rksted for CNC-pr\u00e6cisionsbearbejdning<\/h3>\n<p><img decoding=\"async\" src=\"\/wp-content\/uploads\/factory-11.5.webp\"\/><\/p>\n<h3>F\u00e6rdigvare- og eksportlager<\/h3>\n<p><img decoding=\"async\" src=\"\/wp-content\/uploads\/factory-12.webp\"\/><\/p>\n<p><img decoding=\"async\" src=\"\/wp-content\/uploads\/factory-13.webp\"\/><\/p>\n<p><img decoding=\"async\" src=\"\/wp-content\/uploads\/factory-14.webp\"\/><\/p>\n<h2>OFTE STILLEDE SP\u00d8RGSM\u00c5L<\/h2>\n<p><b>1. Hvad er aluminiumsprofiler til skyded\u00f8re?<\/b><\/p>\n<p>Aluminiumsprofiler til skyded\u00f8re er specialdesignede profiler, der danner rammen og skinnesystemerne til skyded\u00f8re.\n<\/p>\n<p><\/p>\n<p><b>2. Hvorfor bruge aluminiumsprofiler til skyded\u00f8re?<\/b><\/p>\n<p>Aluminium er let, holdbart og korrosionsbestandigt, hvilket g\u00f8r det ideelt til glatte og langtidsholdbare skyded\u00f8re.\n<\/p>\n<p><\/p>\n<p><b>3. Kan disse aluminiumsprofiler tilpasses?<\/b><\/p>\n<p>Ja, de f\u00e5s i forskellige st\u00f8rrelser, overflader og designs, der passer til specifikke skyded\u00f8rskrav.\n<\/p>\n<p><\/p>\n<p><b>4. Er skyded\u00f8rsprofiler i aluminium egnede til udend\u00f8rs brug?<\/b><\/p>\n<p>Ja, deres korrosionsbestandige overflade g\u00f8r dem ideelle til b\u00e5de indend\u00f8rs og udend\u00f8rs brug.\n<\/p>\n<p><\/p>\n<p><b>5. Underst\u00f8tter aluminiumsprofiler en j\u00e6vn glidebev\u00e6gelse?<\/b><\/p>\n<p>Pr\u00e6cisionsdesignet sikrer absolut minimal friktion og nem bev\u00e6gelse af d\u00f8rpanelerne.\n<\/p>\n<p><\/p>\n<p><b>6. Hvilke typer finish er tilg\u00e6ngelige?<\/b><\/p>\n<p>Finishen omfatter anodiseret, pulverlakeret, b\u00f8rstet og poleret for at matche forskellige \u00e6stetiske pr\u00e6ferencer.\n<\/p>\n<p><\/p>\n<p><b>7. Er disse sektioner nemme at installere?<\/b><\/p>\n<p>Ja, deres lette v\u00e6gt og pr\u00e6cise design g\u00f8r dem hurtige og enkle at installere med standardv\u00e6rkt\u00f8j.\n<\/p>\n<p><\/p>\n<p><b>8. Er aluminium et milj\u00f8venligt materiale til skyded\u00f8rssystemer?<\/b><\/p>\n<p>Ja, aluminium er 100% genanvendeligt og underst\u00f8tter b\u00e6redygtig byggepraksis.\n<\/p>\n<p><\/p>","protected":false},"featured_media":7514,"template":"","categories":[67],"class_list":["post-7515","product","type-product","status-publish","has-post-thumbnail","hentry","category-architectural-aluminium-profile"],"meta_box":{"hilight_text_group":{"product_hilight_text":"<li>High-strength aluminium ensures smooth and stable sliding door operation<\/li>\r\r\n<li>Corrosion-resistant surface ideal for long-term indoor and outdoor use<\/li>\r\r\n<li>Lightweight profile allows for easy assembly and installation<\/li>\r\r\n<li>Available in various shapes and finishes to suit modern door designs<\/li>\r\r\n<li>Customizable sections to fit different sliding door systems<\/li>\r\r\n<li>Low maintenance with long-lasting performance and appearance<\/li>\r\r\n<li>Enhances aesthetics while maintaining structural integrity<\/li>","product_chanpin_blog":"<ul>\r\r\n<li><a href=\"https:\/\/sinoextrud.com\/t-slot-v-slot-differences\/\" target=\"_blank\">t slot vs v slot<\/a><\/li>\r\r\n<li><a href=\"https:\/\/sinoextrud.com\/what-is-4040-aluminium-extrud\/\" target=\"_blank\">4040 aluminium extrusion<\/a><\/li>\r\r\n<li><a href=\"https:\/\/sinoextrud.com\/what-is-4040-aluminium-extrud\/\" target=\"_blank\">aluminum extrusions for industrial racks<\/a><\/li>\r\r\n<li><a href=\"https:\/\/sinoextrud.com\/powder-coating-aluminium-process\/\" target=\"_blank\">powder coating aluminium<\/a><\/li>\r\r\n<li><a href=\"https:\/\/sinoextrud.com\/what-is-an-aluminium-strip-ceiling\/\" target=\"_blank\">aluminium strip ceiling<\/a><\/li>\r\r\n<li><a href=\"https:\/\/sinoextrud.com\/what-is-a-heat-sink\/\" target=\"_blank\">what is a heat sink<\/a><\/li>\r\r\n<\/ul>","product_chanpin_chanpin":"<li><a href=\"https:\/\/sinoextrud.com\/product\/aluminium-structural-framing\/\" target=\"_blank\">Aluminium Structural Framing<\/a><\/li>\r\n<li><a href=\"https:\/\/sinoextrud.com\/product\/aluminium-u-channels\/\" target=\"_blank\">Aluminium U Channels<\/a><\/li>\r\n<li><a href=\"https:\/\/sinoextrud.com\/product\/aluminium-extruded-sections\/\" target=\"_blank\">Aluminium Extruded Sections<\/a><\/li>\r\n<li><a href=\"https:\/\/sinoextrud.com\/product\/wholesale-electrophoresis-aluminium-profile-price\/\" target=\"_blank\">Wholesale Electrophoresis Aluminium Profile Price<\/a><\/li>\r\n<li><a href=\"https:\/\/sinoextrud.com\/product\/aluminium-sections-for-sliding-doors\/\" target=\"_blank\">Aluminium Sections For Sliding Doors<\/a><\/li>\r\n<li><a href=\"https:\/\/sinoextrud.com\/product\/aluminum-profile-manufacturer\/\" target=\"_blank\">Aluminum Profile Manufacturer<\/a><\/li>\r\n<li><a href=\"https:\/\/sinoextrud.com\/product\/aluminium-fence\/\" target=\"_blank\">Aluminium Fence<\/a><\/li>\r\n<li><a href=\"https:\/\/sinoextrud.com\/product\/aluminium-flat-bar\/\" target=\"_blank\">Aluminium Flat Bar<\/a><\/li>\r\n<li><a href=\"https:\/\/sinoextrud.com\/product\/anodizing-aluminium-extrusion-profiles-for-windows-and-door\/\" target=\"_blank\">Anodizing Aluminium Extrusion Profiles for Windows and Door<\/a><\/li>\r\n<li><a href=\"https:\/\/sinoextrud.com\/product\/natural-wood-grain-aluminium-square-tube\/\" target=\"_blank\">Natural Wood Grain Aluminium Square Tube<\/a><\/li>\r\n<li><a href=\"https:\/\/sinoextrud.com\/product\/aluminium-fence-slats-aluminum-strips-aluminium-bean-and-aluminium-channel\/\" target=\"_blank\">Aluminium Fence Slats Aluminum Strips Aluminium Bean and Aluminium Channel<\/a><\/li>"},"feature_list":[]},"_links":{"self":[{"href":"https:\/\/sinoextrud.com\/da\/wp-json\/wp\/v2\/product\/7515","targetHints":{"allow":["GET"]}}],"collection":[{"href":"https:\/\/sinoextrud.com\/da\/wp-json\/wp\/v2\/product"}],"about":[{"href":"https:\/\/sinoextrud.com\/da\/wp-json\/wp\/v2\/types\/product"}],"wp:featuredmedia":[{"embeddable":true,"href":"https:\/\/sinoextrud.com\/da\/wp-json\/wp\/v2\/media\/7514"}],"wp:attachment":[{"href":"https:\/\/sinoextrud.com\/da\/wp-json\/wp\/v2\/media?parent=7515"}],"wp:term":[{"taxonomy":"category","embeddable":true,"href":"https:\/\/sinoextrud.com\/da\/wp-json\/wp\/v2\/categories?post=7515"}],"curies":[{"name":"wp","href":"https:\/\/api.w.org\/{rel}","templated":true}]}}