{"id":7506,"date":"2025-06-07T09:33:55","date_gmt":"2025-06-07T09:33:55","guid":{"rendered":"https:\/\/sinoextrud.com\/product\/aluminium-structural-framing\/"},"modified":"2025-06-24T06:13:00","modified_gmt":"2025-06-24T06:13:00","slug":"strukturelle-rammer-af-aluminium","status":"publish","type":"product","link":"https:\/\/sinoextrud.com\/da\/product\/aluminium-structural-framing\/","title":{"rendered":"Strukturelle rammer af aluminium"},"content":{"rendered":"<h2>Detaljer om produkter<\/h2>\n<table class=\"custom-table\">\n<tr>\n<td class=\"label\">Model nr:<\/td>\n<td> Strukturelle rammer af aluminium<\/td>\n<\/tr>\n<tr>\n<td class=\"label\">Type:<\/td>\n<td> vinduesprofil<\/td>\n<\/tr>\n<tr>\n<td class=\"label\">Oprindelsessted:<\/td>\n<td> Guangdong, Kina (fastlandet)<\/td>\n<\/tr>\n<tr>\n<td class=\"label\">Varem\u00e6rke:<\/td>\n<td> Sinoextrud<\/td>\n<\/tr>\n<tr>\n<td class=\"label\">Oprindelse:<\/td>\n<td> Kina<\/td>\n<\/tr>\n<tr>\n<td class=\"label\">Anvendelse:<\/td>\n<td> Konstruktionsbygning af aluminiumsprofil<\/td>\n<\/tr>\n<tr>\n<td class=\"label\">Materiale:<\/td>\n<td> aluminiumslegering<\/td>\n<\/tr>\n<tr>\n<td class=\"label\">MOQ:<\/td>\n<td> 200 kg<\/td>\n<\/tr>\n<tr>\n<td class=\"label\">Specifikation:<\/td>\n<td> tykkelse 1,0-3,5 (mm)<\/td>\n<\/tr>\n<\/table>\n<h2>Vores produktionsbase<\/h2>\n<h3>Panorama over fabrikken<\/h3>\n<p><img decoding=\"async\" src=\"\/wp-content\/uploads\/factory-01.webp\"\/><\/p>\n<h3>V\u00e6rksted til fremstilling af aluminiumst\u00e6nger<\/h3>\n<p><img decoding=\"async\" src=\"\/wp-content\/uploads\/factory-02.webp\"\/><\/p>\n<\/p>\n<p><img decoding=\"async\" src=\"\/wp-content\/uploads\/factory-03.webp\"\/><\/p>\n<h3>Lager til opbevaring af skimmelsvampe<\/h3>\n<p><img decoding=\"async\" src=\"\/wp-content\/uploads\/factory-04.webp\"\/><\/p>\n<h3>43 ekstruderingslinjer for aluminium (500-5500 ton)<\/h3>\n<p><img decoding=\"async\" src=\"\/wp-content\/uploads\/factory-05.webp\"\/><\/p>\n<p><img decoding=\"async\" src=\"\/wp-content\/uploads\/factory-06.webp\"\/><\/p>\n<p><img decoding=\"async\" src=\"\/wp-content\/uploads\/factory-07.webp\"\/><\/p>\n<h3>V\u00e6rksted for pulverlakering<\/h3>\n<p><img decoding=\"async\" src=\"\/wp-content\/uploads\/factory-09.webp\"\/><\/p>\n<h3>Anodiseringsv\u00e6rksted<\/h3>\n<p><img decoding=\"async\" src=\"\/wp-content\/uploads\/factory-10.webp\"\/><\/p>\n<h3>Workshop om dyb behandling<\/h3>\n<p><img decoding=\"async\" src=\"\/wp-content\/uploads\/factory-11.webp\"\/><\/p>\n<h3>V\u00e6rksted for CNC-pr\u00e6cisionsbearbejdning<\/h3>\n<p><img decoding=\"async\" src=\"\/wp-content\/uploads\/factory-11.5.webp\"\/><\/p>\n<h3>F\u00e6rdigvare- og eksportlager<\/h3>\n<p><img decoding=\"async\" src=\"\/wp-content\/uploads\/factory-12.webp\"\/><\/p>\n<p><img decoding=\"async\" src=\"\/wp-content\/uploads\/factory-13.webp\"\/><\/p>\n<p><img decoding=\"async\" src=\"\/wp-content\/uploads\/factory-14.webp\"\/><\/p>\n<h2>OFTE STILLEDE SP\u00d8RGSM\u00c5L<\/h2>\n<p><b>1. Hvad er strukturelle rammer af aluminium?<\/b><\/p>\n<p>Aluminium Structural Framing henviser til aluminiumsprofiler med h\u00f8j styrke, der bruges til at bygge modul\u00e6re rammer til industrielle og kommercielle strukturer.\n<\/p>\n<p><\/p>\n<p><b>2. Hvorfor bruge konstruktionsrammer af aluminium i byggeriet?<\/b><\/p>\n<p>Konstruktionsrammer i aluminium er en let, holdbar og korrosionsbestandig l\u00f8sning, der er ideel til hurtigt og fleksibelt byggeri.\n<\/p>\n<p><\/p>\n<p><b>3. Er konstruktionsrammer af aluminium st\u00e6rke nok til industriel brug?<\/b><\/p>\n<p>Ja, aluminiumslegeringer af strukturel kvalitet giver fremragende b\u00e6reevne til industrielle anvendelser.\n<\/p>\n<p><\/p>\n<p><b>4. Kan strukturelle rammer i aluminium tilpasses?<\/b><\/p>\n<p>Absolut, aluminiumsrammesystemer er modul\u00e6re og kan tilpasses i st\u00f8rrelse, form og konfiguration, s\u00e5 de opfylder specifikke behov.\n<\/p>\n<p><\/p>\n<p><b>5. Hvilke industrier bruger strukturelt aluminium?<\/b><\/p>\n<p>Brancher som automatisering, produktion, renrum og logistik bruger ofte aluminiumsrammer til maskiner, kabinetter og arbejdsstationer.\n<\/p>\n<p><\/p>\n<p><b>6. Er konstruktionsrammer af aluminium modstandsdygtige over for korrosion?<\/b><\/p>\n<p>Ja, aluminiums naturlige korrosionsbestandighed g\u00f8r det ideelt til barske eller fugtige milj\u00f8er.\n<\/p>\n<p><\/p>\n<p><b>7. Er konstruktionsrammer i aluminium milj\u00f8venlige?<\/b><\/p>\n<p>Ja, aluminium er 100% genanvendeligt og underst\u00f8tter b\u00e6redygtig byggepraksis.\n<\/p>\n<p><\/p>\n<p><b>8. Hvor let er det at montere aluminiumskonstruktioner?<\/b><\/p>\n<p>Det er meget nemt - modul\u00e6re komponenter giver hurtig samling med minimalt v\u00e6rkt\u00f8j og arbejde.\n<\/p>\n<p><\/p>","protected":false},"featured_media":7505,"template":"","categories":[67],"class_list":["post-7506","product","type-product","status-publish","has-post-thumbnail","hentry","category-architectural-aluminium-profile"],"meta_box":{"hilight_text_group":{"product_hilight_text":"<li>High-strength aluminum alloy ensures robust structural support<\/li>\r\r\n<li>Lightweight framing reduces installation time and transportation costs<\/li>\r\r\n<li>Corrosion-resistant for long-term indoor and outdoor use<\/li>\r\r\n<li>Modular design enables flexible customization and scalability<\/li>\r\r\n<li>Compatible with a wide range of industrial connectors and accessories<\/li>\r\r\n<li>Clean, professional appearance suitable for various environments<\/li>\r\r\n<li>Environmentally friendly and fully recyclable material<\/li>","product_chanpin_blog":"<ul>\r\r\n<li><a href=\"https:\/\/sinoextrud.com\/t-slot-v-slot-differences\/\" target=\"_blank\">t slot vs v slot<\/a><\/li>\r\r\n<li><a href=\"https:\/\/sinoextrud.com\/what-is-4040-aluminium-extrud\/\" target=\"_blank\">4040 aluminium extrusion<\/a><\/li>\r\r\n<li><a href=\"https:\/\/sinoextrud.com\/what-is-4040-aluminium-extrud\/\" target=\"_blank\">aluminum extrusions for industrial racks<\/a><\/li>\r\r\n<li><a href=\"https:\/\/sinoextrud.com\/powder-coating-aluminium-process\/\" target=\"_blank\">powder coating aluminium<\/a><\/li>\r\r\n<li><a href=\"https:\/\/sinoextrud.com\/what-is-an-aluminium-strip-ceiling\/\" target=\"_blank\">aluminium strip ceiling<\/a><\/li>\r\r\n<li><a href=\"https:\/\/sinoextrud.com\/what-is-a-heat-sink\/\" target=\"_blank\">what is a heat sink<\/a><\/li>\r\r\n<\/ul>","product_chanpin_chanpin":"<li><a href=\"https:\/\/sinoextrud.com\/product\/aluminium-railings\/\" target=\"_blank\">Aluminium Railings<\/a><\/li>\r\n<li><a href=\"https:\/\/sinoextrud.com\/product\/alloy-extrusion-profiles\/\" target=\"_blank\">Alloy Extrusion Profiles<\/a><\/li>\r\n<li><a href=\"https:\/\/sinoextrud.com\/product\/aluminum-frame\/\" target=\"_blank\">Aluminum Frame<\/a><\/li>\r\n<li><a href=\"https:\/\/sinoextrud.com\/product\/standard-aluminium-extrusions\/\" target=\"_blank\">Standard Aluminium Extrusions<\/a><\/li>\r\n<li><a href=\"https:\/\/sinoextrud.com\/product\/aluminium-structural-framing\/\" target=\"_blank\">Aluminium Structural Framing<\/a><\/li>\r\n<li><a href=\"https:\/\/sinoextrud.com\/product\/aluminium-u-channels\/\" target=\"_blank\">Aluminium U Channels<\/a><\/li>\r\n<li><a href=\"https:\/\/sinoextrud.com\/product\/aluminium-extruded-sections\/\" target=\"_blank\">Aluminium Extruded Sections<\/a><\/li>\r\n<li><a href=\"https:\/\/sinoextrud.com\/product\/wholesale-electrophoresis-aluminium-profile-price\/\" target=\"_blank\">Wholesale Electrophoresis Aluminium Profile Price<\/a><\/li>\r\n<li><a href=\"https:\/\/sinoextrud.com\/product\/aluminium-sections-for-sliding-doors\/\" target=\"_blank\">Aluminium Sections For Sliding Doors<\/a><\/li>\r\n<li><a href=\"https:\/\/sinoextrud.com\/product\/modular-aluminium-extrusions\/\" target=\"_blank\">Modular Aluminium Extrusions<\/a><\/li>\r\n<li><a href=\"https:\/\/sinoextrud.com\/product\/aluminium-powder-coating\/\" target=\"_blank\">Aluminium Powder Coating<\/a><\/li>"},"feature_list":[]},"_links":{"self":[{"href":"https:\/\/sinoextrud.com\/da\/wp-json\/wp\/v2\/product\/7506","targetHints":{"allow":["GET"]}}],"collection":[{"href":"https:\/\/sinoextrud.com\/da\/wp-json\/wp\/v2\/product"}],"about":[{"href":"https:\/\/sinoextrud.com\/da\/wp-json\/wp\/v2\/types\/product"}],"wp:featuredmedia":[{"embeddable":true,"href":"https:\/\/sinoextrud.com\/da\/wp-json\/wp\/v2\/media\/7505"}],"wp:attachment":[{"href":"https:\/\/sinoextrud.com\/da\/wp-json\/wp\/v2\/media?parent=7506"}],"wp:term":[{"taxonomy":"category","embeddable":true,"href":"https:\/\/sinoextrud.com\/da\/wp-json\/wp\/v2\/categories?post=7506"}],"curies":[{"name":"wp","href":"https:\/\/api.w.org\/{rel}","templated":true}]}}