{"id":7494,"date":"2025-06-07T08:54:35","date_gmt":"2025-06-07T08:54:35","guid":{"rendered":"https:\/\/sinoextrud.com\/product\/6063-t5-oem-aluminum-profile-conner-angle-for-window-and-door-or-led-light-display-2\/"},"modified":"2025-06-24T06:12:59","modified_gmt":"2025-06-24T06:12:59","slug":"6063-t5-oem-aluminiumsprofil-conner-vinkel-til-vindue-og-dor-eller-led-lys-display-2","status":"publish","type":"product","link":"https:\/\/sinoextrud.com\/da\/product\/6063-t5-oem-aluminum-profile-conner-angle-for-window-and-door-or-led-light-display-2\/","title":{"rendered":"6063 T5 OEM aluminiumsprofil med konisk vinkel til vindue og d\u00f8r eller led-lysdisplay"},"content":{"rendered":"<h2>Detaljer om produkter<\/h2>\n<table class=\"custom-table\">\n<tr>\n<td class=\"label\">Form:<\/td>\n<td> Firkantet<\/td>\n<\/tr>\n<tr>\n<td class=\"label\">Temperament:<\/td>\n<td> T3-T8<\/td>\n<\/tr>\n<tr>\n<td class=\"label\">Legering:<\/td>\n<td> Legering<\/td>\n<\/tr>\n<tr>\n<td class=\"label\">Legeringsingrediens:<\/td>\n<td> 6063<\/td>\n<\/tr>\n<tr>\n<td class=\"label\">Maks. l\u00e6ngde af profil:<\/td>\n<td> 9 meter<\/td>\n<\/tr>\n<tr>\n<td class=\"label\">Farve:<\/td>\n<td> Klar, bronze, champagne, sort<\/td>\n<\/tr>\n<tr>\n<td class=\"label\">Varem\u00e6rke:<\/td>\n<td> Sinoextrud\/Sinoextrud<\/td>\n<\/tr>\n<tr>\n<td class=\"label\">Specifikation:<\/td>\n<td> i henhold til tegninger<\/td>\n<\/tr>\n<tr>\n<td class=\"label\">HS-kode:<\/td>\n<td> 7604210000<\/td>\n<\/tr>\n<tr>\n<td class=\"label\">Type:<\/td>\n<td> Aluminiumsprofil til vinduer og d\u00f8re, aluminiumsprofil til dekoration, aluminiumsprofil til k\u00f8leplade, aluminiumsprofil til glasv\u00e6g, solcellemontering<\/td>\n<\/tr>\n<tr>\n<td class=\"label\">Karakter:<\/td>\n<td> 6000-serien<\/td>\n<\/tr>\n<tr>\n<td class=\"label\">Aluminiumsprofil til vinduer og d\u00f8re:<\/td>\n<td> Alle serier<\/td>\n<\/tr>\n<tr>\n<td class=\"label\">Overfladebehandling:<\/td>\n<td> Anodisk oxidation<\/td>\n<\/tr>\n<tr>\n<td class=\"label\">Certificering:<\/td>\n<td> CE, ISO, RoHS<\/td>\n<\/tr>\n<tr>\n<td class=\"label\">Min. tykkelse af profil:<\/td>\n<td> 0,8 mm<\/td>\n<\/tr>\n<tr>\n<td class=\"label\">Transportpakke:<\/td>\n<td> 1. Beskyttelsesfilm + Kraft; 2. Beskyttelsesfilm + Skum<\/td>\n<\/tr>\n<tr>\n<td class=\"label\">Oprindelse:<\/td>\n<td> Kina<\/td>\n<\/tr>\n<\/table>\n<h2>Vores produktionsbase<\/h2>\n<h3>Panorama over fabrikken<\/h3>\n<p><img decoding=\"async\" src=\"\/wp-content\/uploads\/factory-01.webp\"\/><\/p>\n<h3>V\u00e6rksted til fremstilling af aluminiumst\u00e6nger<\/h3>\n<p><img decoding=\"async\" src=\"\/wp-content\/uploads\/factory-02.webp\"\/><\/p>\n<\/p>\n<p><img decoding=\"async\" src=\"\/wp-content\/uploads\/factory-03.webp\"\/><\/p>\n<h3>Lager til opbevaring af skimmelsvampe<\/h3>\n<p><img decoding=\"async\" src=\"\/wp-content\/uploads\/factory-04.webp\"\/><\/p>\n<h3>43 ekstruderingslinjer for aluminium (500-5500 ton)<\/h3>\n<p><img decoding=\"async\" src=\"\/wp-content\/uploads\/factory-05.webp\"\/><\/p>\n<p><img decoding=\"async\" src=\"\/wp-content\/uploads\/factory-06.webp\"\/><\/p>\n<p><img decoding=\"async\" src=\"\/wp-content\/uploads\/factory-07.webp\"\/><\/p>\n<h3>V\u00e6rksted for pulverlakering<\/h3>\n<p><img decoding=\"async\" src=\"\/wp-content\/uploads\/factory-09.webp\"\/><\/p>\n<h3>Anodiseringsv\u00e6rksted<\/h3>\n<p><img decoding=\"async\" src=\"\/wp-content\/uploads\/factory-10.webp\"\/><\/p>\n<h3>Workshop om dyb behandling<\/h3>\n<p><img decoding=\"async\" src=\"\/wp-content\/uploads\/factory-11.webp\"\/><\/p>\n<h3>V\u00e6rksted for CNC-pr\u00e6cisionsbearbejdning<\/h3>\n<p><img decoding=\"async\" src=\"\/wp-content\/uploads\/factory-11.5.webp\"\/><\/p>\n<h3>F\u00e6rdigvare- og eksportlager<\/h3>\n<p><img decoding=\"async\" src=\"\/wp-content\/uploads\/factory-12.webp\"\/><\/p>\n<p><img decoding=\"async\" src=\"\/wp-content\/uploads\/factory-13.webp\"\/><\/p>\n<p><img decoding=\"async\" src=\"\/wp-content\/uploads\/factory-14.webp\"\/><\/p>\n<h2>OFTE STILLEDE SP\u00d8RGSM\u00c5L<\/h2>\n<p><b>1. Hvad bruges 6063 T5 aluminiumsprofil til?<\/b><\/p>\n<p>6063 T5-aluminiumprofiler bruges ofte i vindues- og d\u00f8rkarme samt i strukturer til LED-lyssk\u00e6rme p\u00e5 grund af deres styrke, holdbarhed og fremragende overfladefinish.\n<\/p>\n<p><\/p>\n<p><b>2. Hvad g\u00f8r 6063 T5-legeringen velegnet til vindues- og d\u00f8rkarme?<\/b><\/p>\n<p>Aluminiumslegeringen 6063 T5 giver h\u00f8j styrke, god korrosionsbestandighed og glat finish, hvilket g\u00f8r den ideel til arkitektoniske anvendelser som vinduer og d\u00f8re.\n<\/p>\n<p><\/p>\n<p><b>3. kan aluminiumshj\u00f8rnevinklen tilpasses til OEM-ordrer?<\/b><\/p>\n<p>Ja, 6063 T5 aluminiumshj\u00f8rnevinklen kan tilpasses fuldt ud til OEM-krav i st\u00f8rrelse, form og overfladebehandling.\n<\/p>\n<p><\/p>\n<p><b>4. hvorfor v\u00e6lge 6063 T5 aluminiumsprofil til LED lys display rammer?<\/b><\/p>\n<p>6063 T5-aluminium giver letv\u00e6gtsstyrke, varmeafledning og pr\u00e6cise dimensioner, hvilket g\u00f8r det ideelt til integration af rammer til LED-lyssk\u00e6rme.\n<\/p>\n<p><\/p>\n<p><b>5. Kan disse aluminiumsprofiler bruges udend\u00f8rs?<\/b><\/p>\n<p>Ja, 6063 T5 aluminiumsprofiler har en fremragende vejr- og korrosionsbestandighed, hvilket g\u00f8r dem velegnede til b\u00e5de indend\u00f8rs og udend\u00f8rs milj\u00f8er.\n<\/p>\n<p><\/p>\n<p><b>6. Hvilke overfladebehandlinger er tilg\u00e6ngelige for disse aluminiumshj\u00f8rneprofiler?<\/b><\/p>\n<p>6063 T5 aluminiumsprofiler kan anodiseres, pulverlakeres eller poleres for at forbedre udseende og beskyttelse.\n<\/p>\n<p><\/p>\n<p><b>7. Er 6063 T5 aluminium milj\u00f8venligt?<\/b><\/p>\n<p>Ja, 6063 T5 aluminium er 100% genanvendeligt, hvilket g\u00f8r det til et milj\u00f8venligt materialevalg til byggeri og displaysystemer.\n<\/p>\n<p><\/p>","protected":false},"featured_media":7493,"template":"","categories":[67],"class_list":["post-7494","product","type-product","status-publish","has-post-thumbnail","hentry","category-architectural-aluminium-profile"],"meta_box":{"hilight_text_group":{"product_hilight_text":"<li>High strength 6063 T5 aluminum alloy ensures excellent durability and structural integrity<\/li>\r\r\n<li>Custom OEM designs available for window, door, and LED light display applications<\/li>\r\r\n<li>Superior corrosion resistance ideal for both indoor and outdoor use<\/li>\r\r\n<li>Accurate angle design for seamless corner fitting and aesthetic finish<\/li>\r\r\n<li>Lightweight yet strong for easy installation and long-term performance<\/li>\r\r\n<li>Excellent surface finish options including anodizing, powder coating, and polishing<\/li>\r\r\n<li>Environmentally friendly material with recyclable properties<\/li>","product_chanpin_blog":"<ul>\r\r\n<li><a href=\"https:\/\/sinoextrud.com\/t-slot-v-slot-differences\/\" target=\"_blank\">t slot vs v slot<\/a><\/li>\r\r\n<li><a href=\"https:\/\/sinoextrud.com\/what-is-4040-aluminium-extrud\/\" target=\"_blank\">4040 aluminium extrusion<\/a><\/li>\r\r\n<li><a href=\"https:\/\/sinoextrud.com\/what-is-4040-aluminium-extrud\/\" target=\"_blank\">aluminum extrusions for industrial racks<\/a><\/li>\r\r\n<li><a href=\"https:\/\/sinoextrud.com\/powder-coating-aluminium-process\/\" target=\"_blank\">powder coating aluminium<\/a><\/li>\r\r\n<li><a href=\"https:\/\/sinoextrud.com\/what-is-an-aluminium-strip-ceiling\/\" target=\"_blank\">aluminium strip ceiling<\/a><\/li>\r\r\n<li><a href=\"https:\/\/sinoextrud.com\/what-is-a-heat-sink\/\" target=\"_blank\">what is a heat sink<\/a><\/li>\r\r\n<\/ul>","product_chanpin_chanpin":"<li><a href=\"https:\/\/sinoextrud.com\/product\/6063-slotted-aluminum-bar-extrusion-profiles\/\" target=\"_blank\">6063 Slotted Aluminum Bar Extrusion Profiles<\/a><\/li>\r\n<li><a href=\"https:\/\/sinoextrud.com\/product\/6063-t5-aluminum-extrusion-profile-for-windows-and-doors-and-curtain-walls\/\" target=\"_blank\">6063 T5 Aluminum Extrusion Profile for Windows and Doors and Curtain Walls<\/a><\/li>\r\n<li><a href=\"https:\/\/sinoextrud.com\/product\/6063-t5-oem-aluminum-profile-conner-angle-for-window-and-door-or-led-light-display\/\" target=\"_blank\">6063 T5 OEM Aluminum Profile Conner Angle For Window And Door Or Led Light Display<\/a><\/li>\r\n<li><a href=\"https:\/\/sinoextrud.com\/product\/80-x-80-aluminium-extrusion\/\" target=\"_blank\">80 X 80 Aluminium Extrusion<\/a><\/li>\r\n<li><a href=\"https:\/\/sinoextrud.com\/product\/6063-t5-oem-aluminum-profile-conner-angle-for-window-and-door-or-led-light-display-2\/\" target=\"_blank\">6063 T5  OEM  aluminum  profile  conner angle for window and door or led light display<\/a><\/li>\r\n<li><a href=\"https:\/\/sinoextrud.com\/product\/aluminum-beam-extrusion-curtain-wall-profile-hollow-bar-price-by-per-ton\/\" target=\"_blank\">aluminum beam Extrusion Curtain Wall Profile hollow bar price by per ton<\/a><\/li>\r\n<li><a href=\"https:\/\/sinoextrud.com\/product\/aluminium-railings\/\" target=\"_blank\">Aluminium Railings<\/a><\/li>\r\n<li><a href=\"https:\/\/sinoextrud.com\/product\/alloy-extrusion-profiles\/\" target=\"_blank\">Alloy Extrusion Profiles<\/a><\/li>\r\n<li><a href=\"https:\/\/sinoextrud.com\/product\/aluminum-frame\/\" target=\"_blank\">Aluminum Frame<\/a><\/li>\r\n<li><a href=\"https:\/\/sinoextrud.com\/product\/wood-grain-finish-extruded-architectural-use-aluminium-profile\/\" target=\"_blank\">Wood grain finish extruded architectural use aluminium profile<\/a><\/li>\r\n<li><a href=\"https:\/\/sinoextrud.com\/product\/color-anodized-structural-aluminum-extrusions-profile-for-window-frame-extruded-aluminium-alloys-6063\/\" target=\"_blank\">Color Anodized structural aluminum extrusions Profile for Window Frame extruded aluminium alloys 6063<\/a><\/li>"},"feature_list":[]},"_links":{"self":[{"href":"https:\/\/sinoextrud.com\/da\/wp-json\/wp\/v2\/product\/7494","targetHints":{"allow":["GET"]}}],"collection":[{"href":"https:\/\/sinoextrud.com\/da\/wp-json\/wp\/v2\/product"}],"about":[{"href":"https:\/\/sinoextrud.com\/da\/wp-json\/wp\/v2\/types\/product"}],"wp:featuredmedia":[{"embeddable":true,"href":"https:\/\/sinoextrud.com\/da\/wp-json\/wp\/v2\/media\/7493"}],"wp:attachment":[{"href":"https:\/\/sinoextrud.com\/da\/wp-json\/wp\/v2\/media?parent=7494"}],"wp:term":[{"taxonomy":"category","embeddable":true,"href":"https:\/\/sinoextrud.com\/da\/wp-json\/wp\/v2\/categories?post=7494"}],"curies":[{"name":"wp","href":"https:\/\/api.w.org\/{rel}","templated":true}]}}