{"id":7488,"date":"2025-06-07T08:42:47","date_gmt":"2025-06-07T08:42:47","guid":{"rendered":"https:\/\/sinoextrud.com\/product\/6063-t5-aluminum-extrusion-profile-for-windows-and-doors-and-curtain-walls\/"},"modified":"2025-06-24T06:12:57","modified_gmt":"2025-06-24T06:12:57","slug":"6063-t5-aluminiumprofiler-til-vinduer-dore-og-facader","status":"publish","type":"product","link":"https:\/\/sinoextrud.com\/da\/product\/6063-t5-aluminum-extrusion-profile-for-windows-and-doors-and-curtain-walls\/","title":{"rendered":"6063 T5 aluminiumsekstruderingsprofil til vinduer, d\u00f8re og gardinv\u00e6gge"},"content":{"rendered":"<h2>Detaljer om produkter<\/h2>\n<table class=\"custom-table\">\n<tr>\n<td class=\"label\">Anvendelse:<\/td>\n<td>6063 T5 aluminiumsekstruderingsprofil til vinduer, d\u00f8re og gardinv\u00e6gge<\/td>\n<\/tr>\n<tr>\n<td class=\"label\">Karakter:<\/td>\n<td> 6000-serien<\/td>\n<\/tr>\n<tr>\n<td class=\"label\">Legering:<\/td>\n<td> legering<\/td>\n<\/tr>\n<tr>\n<td class=\"label\">St\u00f8rrelse:<\/td>\n<td> tilpasset<\/td>\n<\/tr>\n<tr>\n<td class=\"label\">Teknik:<\/td>\n<td> ekstruderede mere end 1000 medarbejdere<\/td>\n<\/tr>\n<tr>\n<td class=\"label\">Temperament:<\/td>\n<td> T3 - T8<\/td>\n<\/tr>\n<tr>\n<td class=\"label\">Belagt farve:<\/td>\n<td> tilpasset<\/td>\n<\/tr>\n<tr>\n<td class=\"label\">Kvalitetskontrol:<\/td>\n<td> 100%-inspektion f\u00f8r afsendelse<\/td>\n<\/tr>\n<tr>\n<td class=\"label\">(1) Indvendigt:<\/td>\n<td> Pakket med beskyttende plastfilm for at beskytte hver profil<\/td>\n<\/tr>\n<tr>\n<td class=\"label\">(2) Udenfor:<\/td>\n<td> Pakket med vandfast hobbypapir<\/td>\n<\/tr>\n<tr>\n<td class=\"label\">Leveringstid:<\/td>\n<td> 20-30 dage<\/td>\n<\/tr>\n<tr>\n<td class=\"label\">Fabrikkens beliggenhed:<\/td>\n<td> Foshan, Kina<\/td>\n<\/tr>\n<tr>\n<td class=\"label\">Certificering:<\/td>\n<td> ISO 9001<\/td>\n<\/tr>\n<\/table>\n<h2>Vores produktionsbase<\/h2>\n<h3>Panorama over fabrikken<\/h3>\n<p><img decoding=\"async\" src=\"\/wp-content\/uploads\/factory-01.webp\"\/><\/p>\n<h3>V\u00e6rksted til fremstilling af aluminiumst\u00e6nger<\/h3>\n<p><img decoding=\"async\" src=\"\/wp-content\/uploads\/factory-02.webp\"\/><\/p>\n<p><img decoding=\"async\" src=\"\/wp-content\/uploads\/factory-03.webp\"\/><\/p>\n<h3>Lager til opbevaring af skimmelsvampe<\/h3>\n<p><img decoding=\"async\" src=\"\/wp-content\/uploads\/factory-04.webp\"\/><\/p>\n<h3>43 ekstruderingslinjer for aluminium (500-5500 ton)<\/h3>\n<p><img decoding=\"async\" src=\"\/wp-content\/uploads\/factory-05.webp\"\/><\/p>\n<p><img decoding=\"async\" src=\"\/wp-content\/uploads\/factory-06.webp\"\/><\/p>\n<p><img decoding=\"async\" src=\"\/wp-content\/uploads\/factory-07.webp\"\/><\/p>\n<h3>V\u00e6rksted for pulverlakering<\/h3>\n<p><img decoding=\"async\" src=\"\/wp-content\/uploads\/factory-09.webp\"\/><\/p>\n<h3>Anodiseringsv\u00e6rksted<\/h3>\n<p><img decoding=\"async\" src=\"\/wp-content\/uploads\/factory-10.webp\"\/><\/p>\n<h3>Workshop om dyb behandling<\/h3>\n<p><img decoding=\"async\" src=\"\/wp-content\/uploads\/factory-11.webp\"\/><\/p>\n<h3>V\u00e6rksted for CNC-pr\u00e6cisionsbearbejdning<\/h3>\n<p><img decoding=\"async\" src=\"\/wp-content\/uploads\/factory-11.5.webp\"\/><\/p>\n<h3>F\u00e6rdigvare- og eksportlager<\/h3>\n<p><img decoding=\"async\" src=\"\/wp-content\/uploads\/factory-12.webp\"\/><\/p>\n<p><img decoding=\"async\" src=\"\/wp-content\/uploads\/factory-13.webp\"\/><\/p>\n<p><img decoding=\"async\" src=\"\/wp-content\/uploads\/factory-14.webp\"\/><\/p>\n<h2>OFTE STILLEDE SP\u00d8RGSM\u00c5L<\/h2>\n<p><p><b>1. Hvad er 6063 T5 aluminiumsekstruderingsprofil til vinduer og d\u00f8re og gardinv\u00e6gge?<\/b><\/p>\n<p>Det er en aluminiumsprofil af h\u00f8j kvalitet lavet af 6063 T5-legering, der er meget brugt i arkitektoniske anvendelser som vinduer, d\u00f8re og gardinv\u00e6gge p\u00e5 grund af sin styrke og korrosionsbestandighed.<br \/>\n<\/p><br \/>\n<br \/>\n<p><b>2. Hvorfor bruge 6063 T5 aluminium til bygningsprofiler?<\/b><\/p>\n<p>6063 T5-aluminium giver en god balance mellem styrke, bearbejdelighed og korrosionsbestandighed, hvilket g\u00f8r det ideelt til arkitektoniske profiler.<br \/>\n<\/p><br \/>\n<br \/>\n<p><b>3. Er 6063 T5 aluminium egnet til forh\u00e6ng?<\/b><\/p>\n<p>Ja, dets fremragende mekaniske egenskaber og rene overfladefinish g\u00f8r det til et f\u00f8rstevalg til indramningssystemer til gardinv\u00e6gge.<br \/>\n<\/p><br \/>\n<br \/>\n<p><b>4. kan 6063 T5 aluminiumsprofiler tilpasses?<\/b><\/p>\n<p>Absolut, profiler kan skr\u00e6ddersys med hensyn til form, st\u00f8rrelse, overfladebehandling og l\u00e6ngde for at opfylde specifikke projektkrav.<br \/>\n<\/p><br \/>\n<br \/>\n<p><b>5. Hvordan forbedrer 6063 T5 aluminium den termiske ydeevne i bygninger?<\/b><\/p>\n<p>Legeringen underst\u00f8tter termisk brydningsteknologi og energieffektive designs, der reducerer varmeoverf\u00f8rslen i vindues- og gardinv\u00e6gssystemer.<br \/>\n<\/p><br \/>\n<br \/>\n<p><b>6. Hvilke overfladebehandlinger er tilg\u00e6ngelige for 6063 T5 aluminiumsprofiler?<\/b><\/p>\n<p>Almindelige muligheder omfatter anodisering, pulverlakering, elektroforese og PVDF-bel\u00e6gning for forbedret udseende og beskyttelse.<br \/>\n<\/p><br \/>\n<br \/>\n<p><b>7. Er disse aluminiumsprofiler nemme at installere?<\/b><\/p>\n<p>Ja, de pr\u00e6cisionsekstruderede profiler er lette og formstabile, s\u00e5 de kan monteres hurtigt og pr\u00e6cist p\u00e5 stedet.<br \/>\n<\/p><br \/><\/p>","protected":false},"featured_media":7487,"template":"","categories":[67],"class_list":["post-7488","product","type-product","status-publish","has-post-thumbnail","hentry","category-architectural-aluminium-profile"],"meta_box":{"hilight_text_group":{"product_hilight_text":"<li>Made from 6063 T5 aluminum for excellent strength and corrosion resistance<\/li>\r\r\n<li>Precision extrusions ensure a perfect fit for windows, doors, and curtain walls<\/li>\r\r\n<li>Superior surface finish with options like anodizing or powder coating<\/li>\r\r\n<li>Lightweight yet durable, ideal for structural and decorative applications<\/li>\r\r\n<li>Excellent thermal performance for energy-efficient building designs<\/li>\r\r\n<li>Custom shapes, lengths, and finishes available for OEM and architectural needs<\/li>","product_chanpin_blog":"<ul>\r\r\n<li><a href=\"https:\/\/sinoextrud.com\/t-slot-v-slot-differences\/\" target=\"_blank\">t slot vs v slot<\/a><\/li>\r\r\n<li><a href=\"https:\/\/sinoextrud.com\/what-is-4040-aluminium-extrud\/\" target=\"_blank\">4040 aluminium extrusion<\/a><\/li>\r\r\n<li><a href=\"https:\/\/sinoextrud.com\/what-is-4040-aluminium-extrud\/\" target=\"_blank\">aluminum extrusions for industrial racks<\/a><\/li>\r\r\n<li><a href=\"https:\/\/sinoextrud.com\/powder-coating-aluminium-process\/\" target=\"_blank\">powder coating aluminium<\/a><\/li>\r\r\n<li><a href=\"https:\/\/sinoextrud.com\/what-is-an-aluminium-strip-ceiling\/\" target=\"_blank\">aluminium strip ceiling<\/a><\/li>\r\r\n<li><a href=\"https:\/\/sinoextrud.com\/what-is-a-heat-sink\/\" target=\"_blank\">what is a heat sink<\/a><\/li>\r\r\n<\/ul>","product_chanpin_chanpin":"<li><a href=\"https:\/\/sinoextrud.com\/product\/66-mm-aluminum-glass-railing-for-balcony-led-strip-u-channel-stair-railings\/\" target=\"_blank\">6+6 MM Aluminum Glass Railing For Balcony LED Strip U Channel Stair Railings<\/a><\/li>\r\n<li><a href=\"https:\/\/sinoextrud.com\/product\/aluminum-channel-for-plexiglass\/\" target=\"_blank\">Aluminum Channel For Plexiglass<\/a><\/li>\r\n<li><a href=\"https:\/\/sinoextrud.com\/product\/aluminium-handrail-profiles\/\" target=\"_blank\">Aluminium Handrail Profiles<\/a><\/li>\r\n<li><a href=\"https:\/\/sinoextrud.com\/product\/6063-slotted-aluminum-bar-extrusion-profiles\/\" target=\"_blank\">6063 Slotted Aluminum Bar Extrusion Profiles<\/a><\/li>\r\n<li><a href=\"https:\/\/sinoextrud.com\/product\/6063-t5-aluminum-extrusion-profile-for-windows-and-doors-and-curtain-walls\/\" target=\"_blank\">6063 T5 Aluminum Extrusion Profile for Windows and Doors and Curtain Walls<\/a><\/li>\r\n<li><a href=\"https:\/\/sinoextrud.com\/product\/6063-t5-oem-aluminum-profile-conner-angle-for-window-and-door-or-led-light-display\/\" target=\"_blank\">6063 T5 OEM Aluminum Profile Conner Angle For Window And Door Or Led Light Display<\/a><\/li>\r\n<li><a href=\"https:\/\/sinoextrud.com\/product\/80-x-80-aluminium-extrusion\/\" target=\"_blank\">80 X 80 Aluminium Extrusion<\/a><\/li>\r\n<li><a href=\"https:\/\/sinoextrud.com\/product\/6063-t5-oem-aluminum-profile-conner-angle-for-window-and-door-or-led-light-display-2\/\" target=\"_blank\">6063 T5  OEM  aluminum  profile  conner angle for window and door or led light display<\/a><\/li>\r\n<li><a href=\"https:\/\/sinoextrud.com\/product\/aluminum-beam-extrusion-curtain-wall-profile-hollow-bar-price-by-per-ton\/\" target=\"_blank\">aluminum beam Extrusion Curtain Wall Profile hollow bar price by per ton<\/a><\/li>\r\n<li><a href=\"https:\/\/sinoextrud.com\/product\/extruded-aluminum-heatsink\/\" target=\"_blank\">Extruded Aluminum Heatsink<\/a><\/li>\r\n<li><a href=\"https:\/\/sinoextrud.com\/product\/aluminum-profile-for-glass-railings\/\" target=\"_blank\">Aluminum Profile For Glass Railings<\/a><\/li>"},"feature_list":[]},"_links":{"self":[{"href":"https:\/\/sinoextrud.com\/da\/wp-json\/wp\/v2\/product\/7488","targetHints":{"allow":["GET"]}}],"collection":[{"href":"https:\/\/sinoextrud.com\/da\/wp-json\/wp\/v2\/product"}],"about":[{"href":"https:\/\/sinoextrud.com\/da\/wp-json\/wp\/v2\/types\/product"}],"wp:featuredmedia":[{"embeddable":true,"href":"https:\/\/sinoextrud.com\/da\/wp-json\/wp\/v2\/media\/7487"}],"wp:attachment":[{"href":"https:\/\/sinoextrud.com\/da\/wp-json\/wp\/v2\/media?parent=7488"}],"wp:term":[{"taxonomy":"category","embeddable":true,"href":"https:\/\/sinoextrud.com\/da\/wp-json\/wp\/v2\/categories?post=7488"}],"curies":[{"name":"wp","href":"https:\/\/api.w.org\/{rel}","templated":true}]}}