{"id":7454,"date":"2025-06-07T07:45:15","date_gmt":"2025-06-07T07:45:15","guid":{"rendered":"https:\/\/sinoextrud.com\/product\/flat-aluminum-extrusions\/"},"modified":"2025-06-24T06:12:51","modified_gmt":"2025-06-24T06:12:51","slug":"flade-aluminiumsprofiler","status":"publish","type":"product","link":"https:\/\/sinoextrud.com\/da\/product\/flat-aluminum-extrusions\/","title":{"rendered":"Flade aluminiumsekstruderinger"},"content":{"rendered":"<h2>Detaljer om produkter<\/h2>\n<table class=\"custom-table\">\n<tbody>\n<tr>\n<td> Produktets navn<\/td>\n<td> Hurtigt tilbud 1050 1060 1080 1100 1435 flad stang aluminium flad aluminium ekstruderinger<\/td>\n<\/tr>\n<tr>\n<td> Materiale<\/td>\n<td> Aluminiun Legering\/Aluminium<\/td>\n<\/tr>\n<tr>\n<td> L\u00e6ngde<\/td>\n<td> 0-6000 mm<\/td>\n<\/tr>\n<tr>\n<td> Form<\/td>\n<td> Rund, firkantet, rektangul\u00e6r, flad tilpasset<\/td>\n<\/tr>\n<tr>\n<td> Standard<\/td>\n<td> GB\/T3191-2010<\/td>\n<\/tr>\n<tr>\n<td> Karakter<\/td>\n<td> 6061\/6063<\/td>\n<\/tr>\n<tr>\n<td> Overflade<\/td>\n<td> Glat, b\u00f8rstning, m\u00f8lle, spejl, sandbl\u00e6sning<\/td>\n<\/tr>\n<tr>\n<td> Anvendelse<\/td>\n<td> Industriel, konstruktion, dekorativ, omfattende osv ...<\/td>\n<\/tr>\n<\/tbody>\n<\/table>\n<h2>Vores produktionsbase<\/h2>\n<h3>Panorama over fabrikken<\/h3>\n<p><img decoding=\"async\" src=\"\/wp-content\/uploads\/factory-01.webp\"\/><\/p>\n<h3>V\u00e6rksted til fremstilling af aluminiumst\u00e6nger<\/h3>\n<p><img decoding=\"async\" src=\"\/wp-content\/uploads\/factory-02.webp\"\/><\/p>\n<p><img decoding=\"async\" src=\"\/wp-content\/uploads\/factory-03.webp\"\/><\/p>\n<h3>Lager til opbevaring af skimmelsvampe<\/h3>\n<p><img decoding=\"async\" src=\"\/wp-content\/uploads\/factory-04.webp\"\/><\/p>\n<h3>43 ekstruderingslinjer for aluminium (500-5500 ton)<\/h3>\n<p><img decoding=\"async\" src=\"\/wp-content\/uploads\/factory-05.webp\"\/><\/p>\n<p><img decoding=\"async\" src=\"\/wp-content\/uploads\/factory-06.webp\"\/><\/p>\n<p><img decoding=\"async\" src=\"\/wp-content\/uploads\/factory-07.webp\"\/><\/p>\n<h3>V\u00e6rksted for pulverlakering<\/h3>\n<p><img decoding=\"async\" src=\"\/wp-content\/uploads\/factory-09.webp\"\/><\/p>\n<h3>Anodiseringsv\u00e6rksted<\/h3>\n<p><img decoding=\"async\" src=\"\/wp-content\/uploads\/factory-10.webp\"\/><\/p>\n<h3>Workshop om dyb behandling<\/h3>\n<p><img decoding=\"async\" src=\"\/wp-content\/uploads\/factory-11.webp\"\/><\/p>\n<h3>V\u00e6rksted for CNC-pr\u00e6cisionsbearbejdning<\/h3>\n<p><img decoding=\"async\" src=\"\/wp-content\/uploads\/factory-11.5.webp\"\/><\/p>\n<h3>F\u00e6rdigvare- og eksportlager<\/h3>\n<p><img decoding=\"async\" src=\"\/wp-content\/uploads\/factory-12.webp\"\/><\/p>\n<p><img decoding=\"async\" src=\"\/wp-content\/uploads\/factory-13.webp\"\/><\/p>\n<p><img decoding=\"async\" src=\"\/wp-content\/uploads\/factory-14.webp\"\/><\/p>\n<h2>OFTE STILLEDE SP\u00d8RGSM\u00c5L<\/h2>\n<p><p><b>1. Hvad er flade aluminiumsekstruderinger? <\/b><\/p>\n<p> Flade aluminiumsekstruderinger er aluminiumsprofiler med en flad form, der ofte bruges til indramning, st\u00f8ttestrukturer og specialfremstilling til forskellige industrielle og arkitektoniske anvendelser.<br \/>\n<\/p><br \/>\n<br \/>\n<p><b>2. Hvorfor v\u00e6lge flade aluminiumsprofiler? <\/b><\/p>\n<p> Flade aluminiumprofiler er lette, holdbare, korrosionsbestandige og kan i h\u00f8j grad tilpasses, hvilket g\u00f8r dem velegnede til en lang r\u00e6kke anvendelser og industrier.<br \/>\n<\/p><br \/>\n<br \/>\n<p><b>3. Kan flade aluminiumsprofiler tilpasses? <\/b><\/p>\n<p> Ja, flade aluminiumsprofiler kan skr\u00e6ddersys i st\u00f8rrelse, tykkelse, form og finish, s\u00e5 de opfylder specifikke projekt- og designbehov.<br \/>\n<\/p><br \/>\n<br \/>\n<p><b>4. Hvilke overflader er tilg\u00e6ngelige for flade aluminiumsprofiler? <\/b><\/p>\n<p> Almindelige overflader omfatter anodiseret, pulverlakeret, b\u00f8rstet og fr\u00e6set for at forbedre holdbarheden og matche \u00e6stetiske krav.<br \/>\n<\/p><br \/>\n<br \/>\n<p><b>5. Er disse profiler egnede til udend\u00f8rs brug? <\/b><\/p>\n<p> Ja, med den rette finish er flade aluminiumsprofiler meget modstandsdygtige over for vejr og korrosion, hvilket g\u00f8r dem ideelle til udend\u00f8rs brug.<br \/>\n<\/p><br \/>\n<br \/>\n<p><b>6. Hvor let er det at arbejde med flade aluminiumsprofiler? <\/b><\/p>\n<p> Aluminium er let at sk\u00e6re, bore og bearbejde, hvilket giver mulighed for fleksibilitet i tilpasningen og hurtige \u00e6ndringer under fremstillingen.<br \/>\n<\/p><br \/>\n<br \/>\n<p><b>7. Hvilke industrier bruger flade aluminiumsprofiler? <\/b><\/p>\n<p> Disse profiler bruges i vid udstr\u00e6kning inden for byggeri, bilindustri, maskiner, elektronik og produktion til indramning, underst\u00f8tning og strukturelle anvendelser.<br \/>\n<\/p><br \/>\n<br \/>\n<p><b>8. Er flade aluminiumsprofiler omkostningseffektive? <\/b><\/p>\n<p> Ja, de er en omkostningseffektiv l\u00f8sning p\u00e5 grund af deres lette design, holdbarhed og lave vedligeholdelseskrav over tid.<br \/>\n<\/p><br \/><\/p>","protected":false},"featured_media":7453,"template":"","categories":[67],"class_list":["post-7454","product","type-product","status-publish","has-post-thumbnail","hentry","category-architectural-aluminium-profile"],"meta_box":{"hilight_text_group":{"product_hilight_text":"<li>Versatile flat aluminum extrusions ideal for a wide range of applications including framing, support, and construction.<\/li>\r\r\n<li>Lightweight yet durable construction, offering high strength while reducing material weight.<\/li>\r\r\n<li>Corrosion-resistant surface ensures long-lasting performance in various environmental conditions.<\/li>\r\r\n<li>Customizable sizes, thicknesses, and finishes to meet specific project requirements.<\/li>\r\r\n<li>Easy to machine and fabricate, providing flexibility for custom designs.<\/li>\r\r\n<li>Cost-effective and low-maintenance solution for both commercial and industrial uses.<\/li>","product_chanpin_blog":"<ul>\r\r\n<li><a href=\"https:\/\/sinoextrud.com\/t-slot-v-slot-differences\/\" target=\"_blank\">t slot vs v slot<\/a><\/li>\r\r\n<li><a href=\"https:\/\/sinoextrud.com\/what-is-4040-aluminium-extrud\/\" target=\"_blank\">4040 aluminium extrusion<\/a><\/li>\r\r\n<li><a href=\"https:\/\/sinoextrud.com\/what-is-4040-aluminium-extrud\/\" target=\"_blank\">aluminum extrusions for industrial racks<\/a><\/li>\r\r\n<li><a href=\"https:\/\/sinoextrud.com\/powder-coating-aluminium-process\/\" target=\"_blank\">powder coating aluminium<\/a><\/li>\r\r\n<li><a href=\"https:\/\/sinoextrud.com\/what-is-an-aluminium-strip-ceiling\/\" target=\"_blank\">aluminium strip ceiling<\/a><\/li>\r\r\n<li><a href=\"https:\/\/sinoextrud.com\/what-is-a-heat-sink\/\" target=\"_blank\">what is a heat sink<\/a><\/li>\r\r\n<\/ul>","product_chanpin_chanpin":"<li><a href=\"https:\/\/sinoextrud.com\/product\/anodized-aluminum-railing-systems\/\" target=\"_blank\">Anodized Aluminum Railing Systems<\/a><\/li>\r\n<li><a href=\"https:\/\/sinoextrud.com\/product\/customize-extruded-aluminium-shower-profiles\/\" target=\"_blank\">Customize Extruded Aluminium Shower Profiles<\/a><\/li>\r\n<li><a href=\"https:\/\/sinoextrud.com\/product\/customize-extruded-aluminum-channel-profiles\/\" target=\"_blank\">Customize Extruded Aluminum Channel Profiles<\/a><\/li>\r\n<li><a href=\"https:\/\/sinoextrud.com\/product\/extruded-aluminum-enclosure-case\/\" target=\"_blank\">Extruded Aluminum Enclosure Case<\/a><\/li>\r\n<li><a href=\"https:\/\/sinoextrud.com\/product\/flat-aluminum-extrusions\/\" target=\"_blank\">Flat Aluminum Extrusions<\/a><\/li>\r\n<li><a href=\"https:\/\/sinoextrud.com\/product\/factory-offer-6061-aluminum-railing-profiles\/\" target=\"_blank\">Factory Offer 6061 Aluminum Railing Profiles<\/a><\/li>\r\n<li><a href=\"https:\/\/sinoextrud.com\/product\/coated-treatment-aluminium-extrusion\/\" target=\"_blank\">Coated Treatment Aluminium Extrusion<\/a><\/li>\r\n<li><a href=\"https:\/\/sinoextrud.com\/product\/shutter-type-of-aluminum-profiles-for-doors-and-windows\/\" target=\"_blank\">Shutter Type Of Aluminum Profiles For Doors And Windows<\/a><\/li>\r\n<li><a href=\"https:\/\/sinoextrud.com\/product\/wood-grain-aluminum-extrusion-slider\/\" target=\"_blank\">Wood Grain Aluminum Extrusion Slider<\/a><\/li>\r\n<li><a href=\"https:\/\/sinoextrud.com\/product\/aluminum-t-bar-extrusion\/\" target=\"_blank\">Aluminum T Bar Extrusion<\/a><\/li>\r\n<li><a href=\"https:\/\/sinoextrud.com\/product\/aluminum-anodized-gold-ashtray\/\" target=\"_blank\">Aluminum Anodized Gold Ashtray<\/a><\/li>"},"feature_list":[]},"_links":{"self":[{"href":"https:\/\/sinoextrud.com\/da\/wp-json\/wp\/v2\/product\/7454","targetHints":{"allow":["GET"]}}],"collection":[{"href":"https:\/\/sinoextrud.com\/da\/wp-json\/wp\/v2\/product"}],"about":[{"href":"https:\/\/sinoextrud.com\/da\/wp-json\/wp\/v2\/types\/product"}],"wp:featuredmedia":[{"embeddable":true,"href":"https:\/\/sinoextrud.com\/da\/wp-json\/wp\/v2\/media\/7453"}],"wp:attachment":[{"href":"https:\/\/sinoextrud.com\/da\/wp-json\/wp\/v2\/media?parent=7454"}],"wp:term":[{"taxonomy":"category","embeddable":true,"href":"https:\/\/sinoextrud.com\/da\/wp-json\/wp\/v2\/categories?post=7454"}],"curies":[{"name":"wp","href":"https:\/\/api.w.org\/{rel}","templated":true}]}}