{"id":7450,"date":"2025-06-07T07:41:56","date_gmt":"2025-06-07T07:41:56","guid":{"rendered":"https:\/\/sinoextrud.com\/product\/customize-extruded-aluminum-channel-profiles\/"},"modified":"2025-06-24T06:12:51","modified_gmt":"2025-06-24T06:12:51","slug":"tilpas-ekstruderede-kanalprofiler-i-aluminium","status":"publish","type":"product","link":"https:\/\/sinoextrud.com\/da\/product\/customize-extruded-aluminum-channel-profiles\/","title":{"rendered":"Tilpas ekstruderede kanalprofiler i aluminium"},"content":{"rendered":"<h2>Detaljer om produkter<\/h2>\n<table class=\"custom-table\">\n<tbody>\n<tr>\n<td> Karakter:<\/td>\n<td> 6063 -t5<\/td>\n<\/tr>\n<tr>\n<td> Teknik:<\/td>\n<td> Tilpas ekstruderede kanalprofiler i aluminium<\/td>\n<\/tr>\n<tr>\n<td> Temperament:<\/td>\n<td> T3 - T8<\/td>\n<\/tr>\n<tr>\n<td> Bearbejdningstjenester:<\/td>\n<td> Boring, gevindsk\u00e6ring, nitning, montering osv.<\/td>\n<\/tr>\n<tr>\n<td> Varem\u00e6rke:<\/td>\n<td> Sinoextrud Sinoextrud <\/td>\n<\/tr>\n<tr>\n<td> Type:<\/td>\n<td> Tilpas ekstruderede kanalprofiler i aluminium\n<\/td>\n<\/tr>\n<tr>\n<td> Form:<\/td>\n<td> Lavet som kundernes design<\/td>\n<\/tr>\n<tr>\n<td> Overfladebehandling:<\/td>\n<td> Mill Finish Anodiseret B\u00f8rstet<\/td>\n<\/tr>\n<tr>\n<td> L\u00e6ngde:<\/td>\n<td> 1 m til 9 m pr. l\u00e6ngde<\/td>\n<\/tr>\n<tr>\n<td> Farver:<\/td>\n<td> S\u00f8lv Sort<\/td>\n<\/tr>\n<tr>\n<td> HS-kode:<\/td>\n<td> 76042990<\/td>\n<\/tr>\n<\/tbody>\n<\/table>\n<h2>Vores produktionsbase<\/h2>\n<h3>Panorama over fabrikken<\/h3>\n<p><img decoding=\"async\" src=\"\/wp-content\/uploads\/factory-01.webp\"\/><\/p>\n<h3>V\u00e6rksted til fremstilling af aluminiumst\u00e6nger<\/h3>\n<p><img decoding=\"async\" src=\"\/wp-content\/uploads\/factory-02.webp\"\/><\/p>\n<p><img decoding=\"async\" src=\"\/wp-content\/uploads\/factory-03.webp\"\/><\/p>\n<h3>Lager til opbevaring af skimmelsvampe<\/h3>\n<p><img decoding=\"async\" src=\"\/wp-content\/uploads\/factory-04.webp\"\/><\/p>\n<h3>43 ekstruderingslinjer for aluminium (500-5500 ton)<\/h3>\n<p><img decoding=\"async\" src=\"\/wp-content\/uploads\/factory-05.webp\"\/><\/p>\n<p><img decoding=\"async\" src=\"\/wp-content\/uploads\/factory-06.webp\"\/><\/p>\n<p><img decoding=\"async\" src=\"\/wp-content\/uploads\/factory-07.webp\"\/><\/p>\n<h3>V\u00e6rksted for pulverlakering<\/h3>\n<p><img decoding=\"async\" src=\"\/wp-content\/uploads\/factory-09.webp\"\/><\/p>\n<h3>Anodiseringsv\u00e6rksted<\/h3>\n<p><img decoding=\"async\" src=\"\/wp-content\/uploads\/factory-10.webp\"\/><\/p>\n<h3>Workshop om dyb behandling<\/h3>\n<p><img decoding=\"async\" src=\"\/wp-content\/uploads\/factory-11.webp\"\/><\/p>\n<h3>V\u00e6rksted for CNC-pr\u00e6cisionsbearbejdning<\/h3>\n<p><img decoding=\"async\" src=\"\/wp-content\/uploads\/factory-11.5.webp\"\/><\/p>\n<h3>F\u00e6rdigvare- og eksportlager<\/h3>\n<p><img decoding=\"async\" src=\"\/wp-content\/uploads\/factory-12.webp\"\/><\/p>\n<p><img decoding=\"async\" src=\"\/wp-content\/uploads\/factory-13.webp\"\/><\/p>\n<p><img decoding=\"async\" src=\"\/wp-content\/uploads\/factory-14.webp\"\/><\/p>\n<h2>OFTE STILLEDE SP\u00d8RGSM\u00c5L<\/h2>\n<p><p><b>1.Hvad er Customize ekstruderede aluminiumskanalprofiler? <\/b><\/p>\n<p> Det er specialdesignede aluminiumskanaler, der ekstruderes til specifikke st\u00f8rrelser, former og finish, og som egner sig til forskellige industrielle og strukturelle anvendelser.<br \/>\n<\/p><br \/>\n<br \/>\n<p><b>2. Hvorfor v\u00e6lge aluminium til brugerdefinerede kanalprofiler? <\/b><\/p>\n<p> Aluminium tilbyder styrke, letv\u00e6gtsegenskaber, korrosionsbestandighed og alsidighed, hvilket g\u00f8r det ideelt til en lang r\u00e6kke anvendelser.<br \/>\n<\/p><br \/>\n<br \/>\n<p><b>3. Kan disse kanaler tilpasses? <\/b><\/p>\n<p> Ja, de kan skr\u00e6ddersys med hensyn til dimensioner, profilform, finish og legering, s\u00e5 de opfylder pr\u00e6cise projektspecifikationer.<br \/>\n<\/p><br \/>\n<br \/>\n<p><b>4. Hvilke overflader er tilg\u00e6ngelige for aluminiumsskinner? <\/b><\/p>\n<p> Almindelige overflader er anodisering, pulverlakering og fr\u00e6sning, som giver b\u00e5de \u00e6stetisk appel og ekstra korrosionsbestandighed.<br \/>\n<\/p><br \/>\n<br \/>\n<p><b>5. Hvilke brancher bruger brugerdefinerede aluminiumskanaler? <\/b><\/p>\n<p> Tilpassede aluminiumskanaler bruges i brancher som byggeri, bilindustri, elektronik og produktion til indramning, samling og st\u00f8ttesystemer.<br \/>\n<\/p><br \/>\n<br \/>\n<p><b>6. Er aluminiumskanaler modstandsdygtige over for korrosion? <\/b><\/p>\n<p> Ja, aluminium er naturligt korrosionsbestandigt, og overfladebehandlinger som anodisering eller pulverlakering \u00f8ger holdbarheden.<br \/>\n<\/p><br \/>\n<br \/>\n<p><b>7. Hvor nemt er det at installere disse kanaler? <\/b><\/p>\n<p> Brugerdefinerede aluminiumsskinner er lette og nemme at arbejde med, hvilket giver mulighed for hurtigere installation med standardv\u00e6rkt\u00f8j.<br \/>\n<\/p><br \/>\n<br \/>\n<p><b>8. Hvilke applikationer egner sig til disse kanaler? <\/b><\/p>\n<p> Disse skinner er ideelle til kabelstyring, indramningssystemer, maskinunderst\u00f8tninger og enhver anvendelse, der kr\u00e6ver en robust l\u00f8sning, der kan tilpasses.<br \/>\n<\/p><br \/><\/p>","protected":false},"featured_media":7449,"template":"","categories":[67],"class_list":["post-7450","product","type-product","status-publish","has-post-thumbnail","hentry","category-architectural-aluminium-profile"],"meta_box":{"hilight_text_group":{"product_hilight_text":"<li>Customizable aluminum channels designed to fit specific project dimensions and needs.<\/li>\r\r\n<li>Strong, durable construction ideal for industrial, architectural, and structural applications.<\/li>\r\r\n<li>Corrosion-resistant finishes provide long-lasting performance in harsh environments.<\/li>\r\r\n<li>Lightweight and easy to fabricate, reducing installation time and cost.<\/li>\r\r\n<li>Available in various profiles, including U-channel, T-channel, and more.<\/li>\r\r\n<li>Perfect for cable management, framing systems, and assembly applications.<\/li>","product_chanpin_blog":"<ul>\r\r\n<li><a href=\"https:\/\/sinoextrud.com\/t-slot-v-slot-differences\/\" target=\"_blank\">t slot vs v slot<\/a><\/li>\r\r\n<li><a href=\"https:\/\/sinoextrud.com\/what-is-4040-aluminium-extrud\/\" target=\"_blank\">4040 aluminium extrusion<\/a><\/li>\r\r\n<li><a href=\"https:\/\/sinoextrud.com\/what-is-4040-aluminium-extrud\/\" target=\"_blank\">aluminum extrusions for industrial racks<\/a><\/li>\r\r\n<li><a href=\"https:\/\/sinoextrud.com\/powder-coating-aluminium-process\/\" target=\"_blank\">powder coating aluminium<\/a><\/li>\r\r\n<li><a href=\"https:\/\/sinoextrud.com\/what-is-an-aluminium-strip-ceiling\/\" target=\"_blank\">aluminium strip ceiling<\/a><\/li>\r\r\n<li><a href=\"https:\/\/sinoextrud.com\/what-is-a-heat-sink\/\" target=\"_blank\">what is a heat sink<\/a><\/li>\r\r\n<\/ul>","product_chanpin_chanpin":"<li><a href=\"https:\/\/sinoextrud.com\/product\/architectural-aluminium-profiles\/\" target=\"_blank\">Architectural Aluminium Profiles<\/a><\/li>\r\n<li><a href=\"https:\/\/sinoextrud.com\/product\/anodized-aluminum-handrail\/\" target=\"_blank\">Anodized Aluminum Handrail<\/a><\/li>\r\n<li><a href=\"https:\/\/sinoextrud.com\/product\/anodized-aluminum-railing-systems\/\" target=\"_blank\">Anodized Aluminum Railing Systems<\/a><\/li>\r\n<li><a href=\"https:\/\/sinoextrud.com\/product\/customize-extruded-aluminium-shower-profiles\/\" target=\"_blank\">Customize Extruded Aluminium Shower Profiles<\/a><\/li>\r\n<li><a href=\"https:\/\/sinoextrud.com\/product\/customize-extruded-aluminum-channel-profiles\/\" target=\"_blank\">Customize Extruded Aluminum Channel Profiles<\/a><\/li>\r\n<li><a href=\"https:\/\/sinoextrud.com\/product\/extruded-aluminum-enclosure-case\/\" target=\"_blank\">Extruded Aluminum Enclosure Case<\/a><\/li>\r\n<li><a href=\"https:\/\/sinoextrud.com\/product\/flat-aluminum-extrusions\/\" target=\"_blank\">Flat Aluminum Extrusions<\/a><\/li>\r\n<li><a href=\"https:\/\/sinoextrud.com\/product\/factory-offer-6061-aluminum-railing-profiles\/\" target=\"_blank\">Factory Offer 6061 Aluminum Railing Profiles<\/a><\/li>\r\n<li><a href=\"https:\/\/sinoextrud.com\/product\/coated-treatment-aluminium-extrusion\/\" target=\"_blank\">Coated Treatment Aluminium Extrusion<\/a><\/li>\r\n<li><a href=\"https:\/\/sinoextrud.com\/product\/3003-round-aluminum-tube-extrusion-in-stock\/\" target=\"_blank\">3003 Round Aluminum Tube Extrusion In Stock<\/a><\/li>\r\n<li><a href=\"https:\/\/sinoextrud.com\/product\/aluminum-panel-outlet-socket\/\" target=\"_blank\">Aluminum Panel Outlet Socket<\/a><\/li>"},"feature_list":[]},"_links":{"self":[{"href":"https:\/\/sinoextrud.com\/da\/wp-json\/wp\/v2\/product\/7450","targetHints":{"allow":["GET"]}}],"collection":[{"href":"https:\/\/sinoextrud.com\/da\/wp-json\/wp\/v2\/product"}],"about":[{"href":"https:\/\/sinoextrud.com\/da\/wp-json\/wp\/v2\/types\/product"}],"wp:featuredmedia":[{"embeddable":true,"href":"https:\/\/sinoextrud.com\/da\/wp-json\/wp\/v2\/media\/7449"}],"wp:attachment":[{"href":"https:\/\/sinoextrud.com\/da\/wp-json\/wp\/v2\/media?parent=7450"}],"wp:term":[{"taxonomy":"category","embeddable":true,"href":"https:\/\/sinoextrud.com\/da\/wp-json\/wp\/v2\/categories?post=7450"}],"curies":[{"name":"wp","href":"https:\/\/api.w.org\/{rel}","templated":true}]}}