{"id":7440,"date":"2025-06-07T07:24:34","date_gmt":"2025-06-07T07:24:34","guid":{"rendered":"https:\/\/sinoextrud.com\/product\/precision-cnc-machining-industrial-profile\/"},"modified":"2025-06-24T06:12:50","modified_gmt":"2025-06-24T06:12:50","slug":"industriel-profil-for-praecisions-cnc-bearbejdning","status":"publish","type":"product","link":"https:\/\/sinoextrud.com\/da\/product\/precision-cnc-machining-industrial-profile\/","title":{"rendered":"Pr\u00e6cisions-CNC-bearbejdning Industriel profil"},"content":{"rendered":"<h2>Detaljer om produkter<\/h2>\n<table class=\"custom-table\">\n<tbody>\n<tr>\n<td> Karakter:<\/td>\n<td> 6063 -t5<\/td>\n<\/tr>\n<tr>\n<td> Teknik:<\/td>\n<td> Pr\u00e6cisions-CNC-bearbejdning<\/td>\n<\/tr>\n<tr>\n<td> Temperament:<\/td>\n<td> T3 - T8<\/td>\n<\/tr>\n<tr>\n<td> Bearbejdningstjenester:<\/td>\n<td> Boring, gevindsk\u00e6ring, nitning, montering osv.<\/td>\n<\/tr>\n<tr>\n<td> Varem\u00e6rke:<\/td>\n<td> Sinoextrud Sinoextrud <\/td>\n<\/tr>\n<tr>\n<td> Type:<\/td>\n<td> Pr\u00e6cisions-CNC-bearbejdning Industriel profil<\/td>\n<\/tr>\n<tr>\n<td> Form:<\/td>\n<td> Lavet som kundernes design<\/td>\n<\/tr>\n<tr>\n<td> Overfladebehandling:<\/td>\n<td> Mill Finish Anodiseret B\u00f8rstet<\/td>\n<\/tr>\n<tr>\n<td> L\u00e6ngde:<\/td>\n<td> 1 m til 9 m pr. l\u00e6ngde<\/td>\n<\/tr>\n<tr>\n<td> Farver:<\/td>\n<td> S\u00f8lv Sort<\/td>\n<\/tr>\n<tr>\n<td> HS-kode:<\/td>\n<td> 76042990<\/td>\n<\/tr>\n<\/tbody>\n<\/table>\n<h2>Vores produktionsbase<\/h2>\n<h3>Panorama over fabrikken<\/h3>\n<p><img decoding=\"async\" src=\"\/wp-content\/uploads\/factory-01.webp\"\/><\/p>\n<h3>V\u00e6rksted til fremstilling af aluminiumst\u00e6nger<\/h3>\n<p><img decoding=\"async\" src=\"\/wp-content\/uploads\/factory-02.webp\"\/><\/p>\n<p><img decoding=\"async\" src=\"\/wp-content\/uploads\/factory-03.webp\"\/><\/p>\n<h3>Lager til opbevaring af skimmelsvampe<\/h3>\n<p><img decoding=\"async\" src=\"\/wp-content\/uploads\/factory-04.webp\"\/><\/p>\n<h3>43 ekstruderingslinjer for aluminium (500-5500 ton)<\/h3>\n<p><img decoding=\"async\" src=\"\/wp-content\/uploads\/factory-05.webp\"\/><\/p>\n<p><img decoding=\"async\" src=\"\/wp-content\/uploads\/factory-06.webp\"\/><\/p>\n<p><img decoding=\"async\" src=\"\/wp-content\/uploads\/factory-07.webp\"\/><\/p>\n<h3>V\u00e6rksted for pulverlakering<\/h3>\n<p><img decoding=\"async\" src=\"\/wp-content\/uploads\/factory-09.webp\"\/><\/p>\n<h3>Anodiseringsv\u00e6rksted<\/h3>\n<p><img decoding=\"async\" src=\"\/wp-content\/uploads\/factory-10.webp\"\/><\/p>\n<h3>Workshop om dyb behandling<\/h3>\n<p><img decoding=\"async\" src=\"\/wp-content\/uploads\/factory-11.webp\"\/><\/p>\n<h3>V\u00e6rksted for CNC-pr\u00e6cisionsbearbejdning<\/h3>\n<p><img decoding=\"async\" src=\"\/wp-content\/uploads\/factory-11.5.webp\"\/><\/p>\n<h3>F\u00e6rdigvare- og eksportlager<\/h3>\n<p><img decoding=\"async\" src=\"\/wp-content\/uploads\/factory-12.webp\"\/><\/p>\n<p><img decoding=\"async\" src=\"\/wp-content\/uploads\/factory-13.webp\"\/><\/p>\n<p><img decoding=\"async\" src=\"\/wp-content\/uploads\/factory-14.webp\"\/><\/p>\n<h2>OFTE STILLEDE SP\u00d8RGSM\u00c5L<\/h2>\n<p><p><b>1. Hvad er en industriel profil for CNC-pr\u00e6cisionsbearbejdning? <\/b><\/p>\n<p> En industriel profil til pr\u00e6cisions-CNC-bearbejdning er en specialformet metalkomponent, der er fremstillet med CNC-maskiner for at opn\u00e5 h\u00f8j n\u00f8jagtighed og sn\u00e6vre tolerancer til industriel brug.<br \/>\n<\/p><br \/>\n<br \/>\n<p><b>2. Hvorfor v\u00e6lge CNC-bearbejdning til industriprofiler? <\/b><\/p>\n<p> CNC-bearbejdning giver overlegen pr\u00e6cision, gentagelsesn\u00f8jagtighed og mulighed for at fremstille komplekse geometrier, som kr\u00e6ves i h\u00f8jtydende industrielle anvendelser.<br \/>\n<\/p><br \/>\n<br \/>\n<p><b>3. Hvilke materialer bruges til CNC-industriprofiler? <\/b><\/p>\n<p> Almindelige materialer er aluminium, rustfrit st\u00e5l og andre h\u00f8jstyrkelegeringer, der er valgt p\u00e5 grund af deres holdbarhed og bearbejdelighed.<br \/>\n<\/p><br \/>\n<br \/>\n<p><b>4. Kan profilerne tilpasses? <\/b><\/p>\n<p> Ja, industrielle profiler til pr\u00e6cisions-CNC-bearbejdning kan tilpasses fuldt ud i form, st\u00f8rrelse, huller, slidser og overfladefinish, s\u00e5 de opfylder de n\u00f8jagtige projektbehov.<br \/>\n<\/p><br \/>\n<br \/>\n<p><b>5. Hvilke industrier bruger CNC-bearbejdede profiler? <\/b><\/p>\n<p> Disse profiler bruges i vid udstr\u00e6kning inden for automatisering, rumfart, robotteknologi, elektronik, bilindustri og maskinproduktion.<br \/>\n<\/p><br \/>\n<br \/>\n<p><b>6. Er CNC-bearbejdning velegnet til produktion af store m\u00e6ngder? <\/b><\/p>\n<p> Absolut, CNC-bearbejdning giver ensartet kvalitet og n\u00f8jagtighed, hvilket g\u00f8r den ideel til b\u00e5de prototyper og store produktionsserier.<br \/>\n<\/p><br \/>\n<br \/>\n<p><b>7. Hvor pr\u00e6cise er CNC-bearbejdede industriprofiler? <\/b><\/p>\n<p> CNC-bearbejdede profiler kan opn\u00e5 s\u00e5 sn\u00e6vre tolerancer som \u00b10,01 mm, afh\u00e6ngigt af materiale og design.<br \/>\n<\/p><br \/>\n<br \/>\n<p><b>8. Er der mulighed for overfladebehandling af CNC-profiler? <\/b><\/p>\n<p> Ja, overflademuligheder som anodisering, pulverlakering og polering kan forbedre udseende, korrosionsbestandighed og slidstyrke.<br \/>\n<\/p><br \/><\/p>","protected":false},"featured_media":7439,"template":"","categories":[67],"class_list":["post-7440","product","type-product","status-publish","has-post-thumbnail","hentry","category-architectural-aluminium-profile"],"meta_box":{"hilight_text_group":{"product_hilight_text":"<li>High-precision CNC machining ensures tight tolerances and excellent fit.<\/li>\r\r\n<li>Customizable profiles meet diverse industrial and mechanical requirements.<\/li>\r\r\n<li>Made from durable aluminum or alloy materials for long-term performance.<\/li>\r\r\n<li>Ideal for automation, robotics, enclosures, and structural assemblies.<\/li>\r\r\n<li>Supports complex geometries and intricate design features.<\/li>\r\r\n<li>Consistent quality and repeatability for mass production needs.<\/li>","product_chanpin_blog":"<ul>\r\r\n<li><a href=\"https:\/\/sinoextrud.com\/t-slot-v-slot-differences\/\" target=\"_blank\">t slot vs v slot<\/a><\/li>\r\r\n<li><a href=\"https:\/\/sinoextrud.com\/what-is-4040-aluminium-extrud\/\" target=\"_blank\">4040 aluminium extrusion<\/a><\/li>\r\r\n<li><a href=\"https:\/\/sinoextrud.com\/what-is-4040-aluminium-extrud\/\" target=\"_blank\">aluminum extrusions for industrial racks<\/a><\/li>\r\r\n<li><a href=\"https:\/\/sinoextrud.com\/powder-coating-aluminium-process\/\" target=\"_blank\">powder coating aluminium<\/a><\/li>\r\r\n<li><a href=\"https:\/\/sinoextrud.com\/what-is-an-aluminium-strip-ceiling\/\" target=\"_blank\">aluminium strip ceiling<\/a><\/li>\r\r\n<li><a href=\"https:\/\/sinoextrud.com\/what-is-a-heat-sink\/\" target=\"_blank\">what is a heat sink<\/a><\/li>\r\r\n<\/ul>","product_chanpin_chanpin":"<li><a href=\"https:\/\/sinoextrud.com\/product\/bright-anodize-brushed-black-window-profile\/\" target=\"_blank\">Bright Anodize Brushed Black Window Profile<\/a><\/li>\r\n<li><a href=\"https:\/\/sinoextrud.com\/product\/customized-aluminum-alloy-housing-grow-light\/\" target=\"_blank\">Customized Aluminum Alloy Housing Grow Light<\/a><\/li>\r\n<li><a href=\"https:\/\/sinoextrud.com\/product\/extruded-aluminum-interlocking-plank-floor\/\" target=\"_blank\">Extruded Aluminum Interlocking Plank Floor<\/a><\/li>\r\n<li><a href=\"https:\/\/sinoextrud.com\/product\/anodized-brushed-black-extruded-frame-profile\/\" target=\"_blank\">Anodized Brushed Black Extruded Frame Profile<\/a><\/li>\r\n<li><a href=\"https:\/\/sinoextrud.com\/product\/precision-cnc-machining-industrial-profile\/\" target=\"_blank\">Precision CNC Machining Industrial Profile<\/a><\/li>\r\n<li><a href=\"https:\/\/sinoextrud.com\/product\/architectural-aluminium-profiles\/\" target=\"_blank\">Architectural Aluminium Profiles<\/a><\/li>\r\n<li><a href=\"https:\/\/sinoextrud.com\/product\/anodized-aluminum-handrail\/\" target=\"_blank\">Anodized Aluminum Handrail<\/a><\/li>\r\n<li><a href=\"https:\/\/sinoextrud.com\/product\/anodized-aluminum-railing-systems\/\" target=\"_blank\">Anodized Aluminum Railing Systems<\/a><\/li>\r\n<li><a href=\"https:\/\/sinoextrud.com\/product\/customize-extruded-aluminium-shower-profiles\/\" target=\"_blank\">Customize Extruded Aluminium Shower Profiles<\/a><\/li>\r\n<li><a href=\"https:\/\/sinoextrud.com\/product\/extruded-aluminium-curtain-rails-profile-prices\/\" target=\"_blank\">Extruded Aluminium Curtain Rails Profile Prices<\/a><\/li>\r\n<li><a href=\"https:\/\/sinoextrud.com\/product\/aluminum-windows-and-doors\/\" target=\"_blank\">Aluminum Windows And Doors<\/a><\/li>"},"feature_list":[]},"_links":{"self":[{"href":"https:\/\/sinoextrud.com\/da\/wp-json\/wp\/v2\/product\/7440","targetHints":{"allow":["GET"]}}],"collection":[{"href":"https:\/\/sinoextrud.com\/da\/wp-json\/wp\/v2\/product"}],"about":[{"href":"https:\/\/sinoextrud.com\/da\/wp-json\/wp\/v2\/types\/product"}],"wp:featuredmedia":[{"embeddable":true,"href":"https:\/\/sinoextrud.com\/da\/wp-json\/wp\/v2\/media\/7439"}],"wp:attachment":[{"href":"https:\/\/sinoextrud.com\/da\/wp-json\/wp\/v2\/media?parent=7440"}],"wp:term":[{"taxonomy":"category","embeddable":true,"href":"https:\/\/sinoextrud.com\/da\/wp-json\/wp\/v2\/categories?post=7440"}],"curies":[{"name":"wp","href":"https:\/\/api.w.org\/{rel}","templated":true}]}}